{"id":62922,"date":"2023-10-24T11:31:48","date_gmt":"2023-10-24T10:31:48","guid":{"rendered":"https:\/\/abilica.com\/uncategorized\/abilica-latbar\/"},"modified":"2023-12-06T09:41:52","modified_gmt":"2023-12-06T08:41:52","slug":"abilica-latbar","status":"publish","type":"product","link":"https:\/\/abilica.com\/no\/styrke\/multigym\/abilica-latbar\/","title":{"rendered":"Abilica LatBar"},"content":{"rendered":"<p>Abilica LatBar er en solid nedtrekkstang til multigym i st\u00e5l med chrome finish. Stangen er utstyrt med roterende feste slik at du kan holde samme grep igjennom hele \u00f8velsen. Nedtrekkstangen har en lengde p\u00e5 123 cm og er godt egnet for b\u00e5de nedtrekk med smalt og bredt grep. Stangen har 20 cm knurling grep for nedtrekk med smalt grep og et godt gummigrep p\u00e5 15 cm for nedtrekk med bredt grep.<\/p>\n<p>Lengde: 123 cm<span class=\"Apple-converted-space\">\u00a0 <\/span><br \/>\nDiameter grep: 25 mm smalt grep, 29 mm gummigrep<br \/>\nVekt: 5 kg<\/p>\n","protected":false},"excerpt":{"rendered":"<p>Abilica LatBar er en solid nedtrekkstang til multigym i st\u00e5l med chrome finish. Stangen er&#8230;<\/p>\n","protected":false},"featured_media":61832,"template":"","meta":{"_acf_changed":false},"product_brand":[],"product_cat":[434,422],"product_tag":[520],"class_list":{"0":"post-62922","1":"product","2":"type-product","3":"status-publish","4":"has-post-thumbnail","6":"product_cat-multigym","7":"product_cat-styrke","8":"product_tag-styrketrening","10":"first","11":"instock","12":"product-type-simple"},"acf":[],"yoast_head":"<!-- This site is optimized with the Yoast SEO Premium plugin v21.1 (Yoast SEO v25.4) - https:\/\/yoast.com\/wordpress\/plugins\/seo\/ -->\n<title>Abilica LatBar Abilica<\/title>\n<meta name=\"robots\" content=\"index, follow, max-snippet:-1, max-image-preview:large, max-video-preview:-1\" \/>\n<link rel=\"canonical\" href=\"https:\/\/abilica.com\/no\/styrke\/multigym\/abilica-latbar\/\" \/>\n<meta property=\"og:locale\" content=\"nb_NO\" \/>\n<meta property=\"og:type\" content=\"article\" \/>\n<meta property=\"og:title\" content=\"Abilica LatBar\" \/>\n<meta property=\"og:description\" content=\"Abilica LatBar er en solid nedtrekkstang til multigym i st\u00e5l med chrome finish. Stangen er...\" \/>\n<meta property=\"og:url\" content=\"https:\/\/abilica.com\/no\/styrke\/multigym\/abilica-latbar\/\" \/>\n<meta property=\"og:site_name\" content=\"Abilica\" \/>\n<meta property=\"article:publisher\" content=\"https:\/\/www.facebook.com\/abilicahometraining\/\" \/>\n<meta property=\"article:modified_time\" content=\"2023-12-06T08:41:52+00:00\" \/>\n<meta property=\"og:image\" content=\"https:\/\/abilica.com\/wp-content\/uploads\/2023\/10\/nedtrekk2.jpg\" \/>\n\t<meta property=\"og:image:width\" content=\"1200\" \/>\n\t<meta property=\"og:image:height\" content=\"1200\" \/>\n\t<meta property=\"og:image:type\" content=\"image\/jpeg\" \/>\n<meta name=\"twitter:card\" content=\"summary_large_image\" \/>\n<script type=\"application\/ld+json\" class=\"yoast-schema-graph\">{\"@context\":\"https:\/\/schema.org\",\"@graph\":[{\"@type\":\"WebPage\",\"@id\":\"https:\/\/abilica.com\/no\/styrke\/multigym\/abilica-latbar\/\",\"url\":\"https:\/\/abilica.com\/no\/styrke\/multigym\/abilica-latbar\/\",\"name\":\"Abilica LatBar Abilica\",\"isPartOf\":{\"@id\":\"https:\/\/abilica.com\/#website\"},\"primaryImageOfPage\":{\"@id\":\"https:\/\/abilica.com\/no\/styrke\/multigym\/abilica-latbar\/#primaryimage\"},\"image\":{\"@id\":\"https:\/\/abilica.com\/no\/styrke\/multigym\/abilica-latbar\/#primaryimage\"},\"thumbnailUrl\":\"https:\/\/abilica.com\/wp-content\/uploads\/2023\/10\/nedtrekk2.jpg\",\"datePublished\":\"2023-10-24T10:31:48+00:00\",\"dateModified\":\"2023-12-06T08:41:52+00:00\",\"breadcrumb\":{\"@id\":\"https:\/\/abilica.com\/no\/styrke\/multigym\/abilica-latbar\/#breadcrumb\"},\"inLanguage\":\"nb-NO\",\"potentialAction\":[{\"@type\":\"ReadAction\",\"target\":[\"https:\/\/abilica.com\/no\/styrke\/multigym\/abilica-latbar\/\"]}]},{\"@type\":\"ImageObject\",\"inLanguage\":\"nb-NO\",\"@id\":\"https:\/\/abilica.com\/no\/styrke\/multigym\/abilica-latbar\/#primaryimage\",\"url\":\"https:\/\/abilica.com\/wp-content\/uploads\/2023\/10\/nedtrekk2.jpg\",\"contentUrl\":\"https:\/\/abilica.com\/wp-content\/uploads\/2023\/10\/nedtrekk2.jpg\",\"width\":1200,\"height\":1200},{\"@type\":\"BreadcrumbList\",\"@id\":\"https:\/\/abilica.com\/no\/styrke\/multigym\/abilica-latbar\/#breadcrumb\",\"itemListElement\":[{\"@type\":\"ListItem\",\"position\":1,\"name\":\"Hem\",\"item\":\"https:\/\/abilica.com\/no\/\"},{\"@type\":\"ListItem\",\"position\":2,\"name\":\"Produkter\",\"item\":\"https:\/\/abilica.com\/no\/shop-2\/\"},{\"@type\":\"ListItem\",\"position\":3,\"name\":\"Abilica LatBar\"}]},{\"@type\":\"WebSite\",\"@id\":\"https:\/\/abilica.com\/#website\",\"url\":\"https:\/\/abilica.com\/\",\"name\":\"Abilica\",\"description\":\"Abilica Home Training\",\"potentialAction\":[{\"@type\":\"SearchAction\",\"target\":{\"@type\":\"EntryPoint\",\"urlTemplate\":\"https:\/\/abilica.com\/?s={search_term_string}\"},\"query-input\":{\"@type\":\"PropertyValueSpecification\",\"valueRequired\":true,\"valueName\":\"search_term_string\"}}],\"inLanguage\":\"nb-NO\"}]}<\/script>\n<!-- \/ Yoast SEO Premium plugin. -->","yoast_head_json":{"title":"Abilica LatBar Abilica","robots":{"index":"index","follow":"follow","max-snippet":"max-snippet:-1","max-image-preview":"max-image-preview:large","max-video-preview":"max-video-preview:-1"},"canonical":"https:\/\/abilica.com\/no\/styrke\/multigym\/abilica-latbar\/","og_locale":"nb_NO","og_type":"article","og_title":"Abilica LatBar","og_description":"Abilica LatBar er en solid nedtrekkstang til multigym i st\u00e5l med chrome finish. Stangen er...","og_url":"https:\/\/abilica.com\/no\/styrke\/multigym\/abilica-latbar\/","og_site_name":"Abilica","article_publisher":"https:\/\/www.facebook.com\/abilicahometraining\/","article_modified_time":"2023-12-06T08:41:52+00:00","og_image":[{"width":1200,"height":1200,"url":"https:\/\/abilica.com\/wp-content\/uploads\/2023\/10\/nedtrekk2.jpg","type":"image\/jpeg"}],"twitter_card":"summary_large_image","schema":{"@context":"https:\/\/schema.org","@graph":[{"@type":"WebPage","@id":"https:\/\/abilica.com\/no\/styrke\/multigym\/abilica-latbar\/","url":"https:\/\/abilica.com\/no\/styrke\/multigym\/abilica-latbar\/","name":"Abilica LatBar Abilica","isPartOf":{"@id":"https:\/\/abilica.com\/#website"},"primaryImageOfPage":{"@id":"https:\/\/abilica.com\/no\/styrke\/multigym\/abilica-latbar\/#primaryimage"},"image":{"@id":"https:\/\/abilica.com\/no\/styrke\/multigym\/abilica-latbar\/#primaryimage"},"thumbnailUrl":"https:\/\/abilica.com\/wp-content\/uploads\/2023\/10\/nedtrekk2.jpg","datePublished":"2023-10-24T10:31:48+00:00","dateModified":"2023-12-06T08:41:52+00:00","breadcrumb":{"@id":"https:\/\/abilica.com\/no\/styrke\/multigym\/abilica-latbar\/#breadcrumb"},"inLanguage":"nb-NO","potentialAction":[{"@type":"ReadAction","target":["https:\/\/abilica.com\/no\/styrke\/multigym\/abilica-latbar\/"]}]},{"@type":"ImageObject","inLanguage":"nb-NO","@id":"https:\/\/abilica.com\/no\/styrke\/multigym\/abilica-latbar\/#primaryimage","url":"https:\/\/abilica.com\/wp-content\/uploads\/2023\/10\/nedtrekk2.jpg","contentUrl":"https:\/\/abilica.com\/wp-content\/uploads\/2023\/10\/nedtrekk2.jpg","width":1200,"height":1200},{"@type":"BreadcrumbList","@id":"https:\/\/abilica.com\/no\/styrke\/multigym\/abilica-latbar\/#breadcrumb","itemListElement":[{"@type":"ListItem","position":1,"name":"Hem","item":"https:\/\/abilica.com\/no\/"},{"@type":"ListItem","position":2,"name":"Produkter","item":"https:\/\/abilica.com\/no\/shop-2\/"},{"@type":"ListItem","position":3,"name":"Abilica LatBar"}]},{"@type":"WebSite","@id":"https:\/\/abilica.com\/#website","url":"https:\/\/abilica.com\/","name":"Abilica","description":"Abilica Home Training","potentialAction":[{"@type":"SearchAction","target":{"@type":"EntryPoint","urlTemplate":"https:\/\/abilica.com\/?s={search_term_string}"},"query-input":{"@type":"PropertyValueSpecification","valueRequired":true,"valueName":"search_term_string"}}],"inLanguage":"nb-NO"}]}},"_links":{"self":[{"href":"https:\/\/abilica.com\/no\/wp-json\/wp\/v2\/product\/62922","targetHints":{"allow":["GET"]}}],"collection":[{"href":"https:\/\/abilica.com\/no\/wp-json\/wp\/v2\/product"}],"about":[{"href":"https:\/\/abilica.com\/no\/wp-json\/wp\/v2\/types\/product"}],"wp:featuredmedia":[{"embeddable":true,"href":"https:\/\/abilica.com\/no\/wp-json\/wp\/v2\/media\/61832"}],"wp:attachment":[{"href":"https:\/\/abilica.com\/no\/wp-json\/wp\/v2\/media?parent=62922"}],"wp:term":[{"taxonomy":"product_brand","embeddable":true,"href":"https:\/\/abilica.com\/no\/wp-json\/wp\/v2\/product_brand?post=62922"},{"taxonomy":"product_cat","embeddable":true,"href":"https:\/\/abilica.com\/no\/wp-json\/wp\/v2\/product_cat?post=62922"},{"taxonomy":"product_tag","embeddable":true,"href":"https:\/\/abilica.com\/no\/wp-json\/wp\/v2\/product_tag?post=62922"}],"curies":[{"name":"wp","href":"https:\/\/api.w.org\/{rel}","templated":true}]}}