{"id":62934,"date":"2023-10-24T11:32:00","date_gmt":"2023-10-24T10:32:00","guid":{"rendered":"https:\/\/abilica.com\/uncategorized\/abilica-jones\/"},"modified":"2024-04-05T09:49:28","modified_gmt":"2024-04-05T08:49:28","slug":"abilica-jones","status":"publish","type":"product","link":"https:\/\/abilica.com\/no\/styrke\/multigym\/abilica-jones\/","title":{"rendered":"Abilica Jones"},"content":{"rendered":"<div class=\"wpb-content-wrapper\"><p>[vc_row][vc_column][vc_column_text]Abilica presenterer i samarbeid med BodyCraft en komplett studioserie med apparater for styrketrening. Serien er spesielt utviklet for bedriftsmarkedet og deg som \u00f8nsker det aller beste. Samtlige apparater kombinerer meget solid konstruksjon med smarte l\u00f8sninger. Gjennomf\u00f8rt kvalitet i alle detaljer gir s\u00e6rdeles smidige bevegelser. Alle produktene har livstidsgaranti p\u00e5 rammeverk. Med Abilica Jones gir vi deg den sikreste m\u00e5ten \u00e5 utf\u00f8re styrke\u00f8velser med vektstang p\u00e5, selv n\u00e5r du trener alene. Den unike, patenterte glideskinnen langs gulvet lar deg gj\u00f8re \u00f8velser som f.eks. utfall, uten \u00e5 g\u00e5 p\u00e5 bekostning av sikkerheten som en tradisjonell Smith-maskin gir. For hjemmetrening gis livstidsgaranti p\u00e5 alle deler. Passer til 25\/30 mm og 50 mm vektskiver. Instruksjons-DVD (eng.) medf\u00f8lger. Livstidsgaranti ved hjemmebruk.[\/vc_column_text][vc_empty_space height=&raquo;52px&raquo;][\/vc_column][\/vc_row][vc_row][vc_column][vc_btn title=&raquo;Teknisk informasjon&raquo; style=&raquo;flat&raquo; color=&raquo;black&raquo; align=&raquo;center&raquo; i_icon_fontawesome=&raquo;&raquo; add_icon=&raquo;true&raquo; link=&raquo;url:https%3A%2F%2Fabilica.com%2Fno%2Fwp-content%2Fuploads%2F2023%2F02%2FBenker-mulitgym-osv-UK-1.pdf&raquo;][vc_btn title=&raquo;Brukermanual&raquo; style=&raquo;flat&raquo; color=&raquo;black&raquo; align=&raquo;center&raquo; i_icon_fontawesome=&raquo;fa fa-file-pdf-o&raquo; add_icon=&raquo;true&raquo; link=&raquo;url:https%3A%2F%2Fabilica.com%2Fno%2Fwp-content%2Fuploads%2F2020%2F12%2FAbilica-Jones.pdf|||&raquo;][vc_btn title=&raquo;Vedlikeholdstips&raquo; style=&raquo;flat&raquo; color=&raquo;black&raquo; align=&raquo;center&raquo; i_icon_fontawesome=&raquo;fa fa-align-left&raquo; add_icon=&raquo;true&raquo; link=&raquo;url:https%3A%2F%2Fabilica.com%2Fno%2Ftreningsartikler%2Fkondisjon%2Fvedlikehold-av-treningsapparater%2F|||&raquo;][vc_btn title=&raquo;Treningstips&raquo; style=&raquo;flat&raquo; color=&raquo;black&raquo; align=&raquo;center&raquo; i_icon_fontawesome=&raquo;fa fa-align-left&raquo; add_icon=&raquo;true&raquo; link=&raquo;url:https%3A%2F%2Fabilica.com%2Fno%2Ftreningsartikler%2Fstyrke%2Ftren-variert-med-multigym%2F|||&raquo;][\/vc_column][\/vc_row]<\/p>\n<\/div>","protected":false},"excerpt":{"rendered":"<p>[vc_row][vc_column][vc_column_text]Abilica presenterer i samarbeid med BodyCraft en komplett studioserie med apparater for styrketrening. Serien er&#8230;<\/p>\n","protected":false},"featured_media":61840,"template":"","meta":{"_acf_changed":false},"product_brand":[],"product_cat":[434,422],"product_tag":[520],"class_list":{"0":"post-62934","1":"product","2":"type-product","3":"status-publish","4":"has-post-thumbnail","6":"product_cat-multigym","7":"product_cat-styrke","8":"product_tag-styrketrening","10":"first","11":"instock","12":"product-type-simple"},"acf":[],"yoast_head":"<!-- This site is optimized with the Yoast SEO Premium plugin v21.1 (Yoast SEO v25.4) - https:\/\/yoast.com\/wordpress\/plugins\/seo\/ -->\n<title>Abilica Jones Abilica<\/title>\n<meta name=\"robots\" content=\"index, follow, max-snippet:-1, max-image-preview:large, max-video-preview:-1\" \/>\n<link rel=\"canonical\" href=\"https:\/\/abilica.com\/no\/styrke\/multigym\/abilica-jones\/\" \/>\n<meta property=\"og:locale\" content=\"nb_NO\" \/>\n<meta property=\"og:type\" content=\"article\" \/>\n<meta property=\"og:title\" content=\"Abilica Jones\" \/>\n<meta property=\"og:description\" content=\"[vc_row][vc_column][vc_column_text]Abilica presenterer i samarbeid med BodyCraft en komplett studioserie med apparater for styrketrening. Serien er...\" \/>\n<meta property=\"og:url\" content=\"https:\/\/abilica.com\/no\/styrke\/multigym\/abilica-jones\/\" \/>\n<meta property=\"og:site_name\" content=\"Abilica\" \/>\n<meta property=\"article:publisher\" content=\"https:\/\/www.facebook.com\/abilicahometraining\/\" \/>\n<meta property=\"article:modified_time\" content=\"2024-04-05T08:49:28+00:00\" \/>\n<meta property=\"og:image\" content=\"https:\/\/abilica.com\/wp-content\/uploads\/2023\/10\/132702.jpg\" \/>\n\t<meta property=\"og:image:width\" content=\"1200\" \/>\n\t<meta property=\"og:image:height\" content=\"1200\" \/>\n\t<meta property=\"og:image:type\" content=\"image\/jpeg\" \/>\n<meta name=\"twitter:card\" content=\"summary_large_image\" \/>\n<meta name=\"twitter:label1\" content=\"Ansl. lesetid\" \/>\n\t<meta name=\"twitter:data1\" content=\"1 minutt\" \/>\n<script type=\"application\/ld+json\" class=\"yoast-schema-graph\">{\"@context\":\"https:\/\/schema.org\",\"@graph\":[{\"@type\":\"WebPage\",\"@id\":\"https:\/\/abilica.com\/no\/styrke\/multigym\/abilica-jones\/\",\"url\":\"https:\/\/abilica.com\/no\/styrke\/multigym\/abilica-jones\/\",\"name\":\"Abilica Jones Abilica\",\"isPartOf\":{\"@id\":\"https:\/\/abilica.com\/#website\"},\"primaryImageOfPage\":{\"@id\":\"https:\/\/abilica.com\/no\/styrke\/multigym\/abilica-jones\/#primaryimage\"},\"image\":{\"@id\":\"https:\/\/abilica.com\/no\/styrke\/multigym\/abilica-jones\/#primaryimage\"},\"thumbnailUrl\":\"https:\/\/abilica.com\/wp-content\/uploads\/2023\/10\/132702.jpg\",\"datePublished\":\"2023-10-24T10:32:00+00:00\",\"dateModified\":\"2024-04-05T08:49:28+00:00\",\"breadcrumb\":{\"@id\":\"https:\/\/abilica.com\/no\/styrke\/multigym\/abilica-jones\/#breadcrumb\"},\"inLanguage\":\"nb-NO\",\"potentialAction\":[{\"@type\":\"ReadAction\",\"target\":[\"https:\/\/abilica.com\/no\/styrke\/multigym\/abilica-jones\/\"]}]},{\"@type\":\"ImageObject\",\"inLanguage\":\"nb-NO\",\"@id\":\"https:\/\/abilica.com\/no\/styrke\/multigym\/abilica-jones\/#primaryimage\",\"url\":\"https:\/\/abilica.com\/wp-content\/uploads\/2023\/10\/132702.jpg\",\"contentUrl\":\"https:\/\/abilica.com\/wp-content\/uploads\/2023\/10\/132702.jpg\",\"width\":1200,\"height\":1200},{\"@type\":\"BreadcrumbList\",\"@id\":\"https:\/\/abilica.com\/no\/styrke\/multigym\/abilica-jones\/#breadcrumb\",\"itemListElement\":[{\"@type\":\"ListItem\",\"position\":1,\"name\":\"Hem\",\"item\":\"https:\/\/abilica.com\/no\/\"},{\"@type\":\"ListItem\",\"position\":2,\"name\":\"Produkter\",\"item\":\"https:\/\/abilica.com\/no\/shop-2\/\"},{\"@type\":\"ListItem\",\"position\":3,\"name\":\"Abilica Jones\"}]},{\"@type\":\"WebSite\",\"@id\":\"https:\/\/abilica.com\/#website\",\"url\":\"https:\/\/abilica.com\/\",\"name\":\"Abilica\",\"description\":\"Abilica Home Training\",\"potentialAction\":[{\"@type\":\"SearchAction\",\"target\":{\"@type\":\"EntryPoint\",\"urlTemplate\":\"https:\/\/abilica.com\/?s={search_term_string}\"},\"query-input\":{\"@type\":\"PropertyValueSpecification\",\"valueRequired\":true,\"valueName\":\"search_term_string\"}}],\"inLanguage\":\"nb-NO\"}]}<\/script>\n<!-- \/ Yoast SEO Premium plugin. -->","yoast_head_json":{"title":"Abilica Jones Abilica","robots":{"index":"index","follow":"follow","max-snippet":"max-snippet:-1","max-image-preview":"max-image-preview:large","max-video-preview":"max-video-preview:-1"},"canonical":"https:\/\/abilica.com\/no\/styrke\/multigym\/abilica-jones\/","og_locale":"nb_NO","og_type":"article","og_title":"Abilica Jones","og_description":"[vc_row][vc_column][vc_column_text]Abilica presenterer i samarbeid med BodyCraft en komplett studioserie med apparater for styrketrening. Serien er...","og_url":"https:\/\/abilica.com\/no\/styrke\/multigym\/abilica-jones\/","og_site_name":"Abilica","article_publisher":"https:\/\/www.facebook.com\/abilicahometraining\/","article_modified_time":"2024-04-05T08:49:28+00:00","og_image":[{"width":1200,"height":1200,"url":"https:\/\/abilica.com\/wp-content\/uploads\/2023\/10\/132702.jpg","type":"image\/jpeg"}],"twitter_card":"summary_large_image","twitter_misc":{"Ansl. lesetid":"1 minutt"},"schema":{"@context":"https:\/\/schema.org","@graph":[{"@type":"WebPage","@id":"https:\/\/abilica.com\/no\/styrke\/multigym\/abilica-jones\/","url":"https:\/\/abilica.com\/no\/styrke\/multigym\/abilica-jones\/","name":"Abilica Jones Abilica","isPartOf":{"@id":"https:\/\/abilica.com\/#website"},"primaryImageOfPage":{"@id":"https:\/\/abilica.com\/no\/styrke\/multigym\/abilica-jones\/#primaryimage"},"image":{"@id":"https:\/\/abilica.com\/no\/styrke\/multigym\/abilica-jones\/#primaryimage"},"thumbnailUrl":"https:\/\/abilica.com\/wp-content\/uploads\/2023\/10\/132702.jpg","datePublished":"2023-10-24T10:32:00+00:00","dateModified":"2024-04-05T08:49:28+00:00","breadcrumb":{"@id":"https:\/\/abilica.com\/no\/styrke\/multigym\/abilica-jones\/#breadcrumb"},"inLanguage":"nb-NO","potentialAction":[{"@type":"ReadAction","target":["https:\/\/abilica.com\/no\/styrke\/multigym\/abilica-jones\/"]}]},{"@type":"ImageObject","inLanguage":"nb-NO","@id":"https:\/\/abilica.com\/no\/styrke\/multigym\/abilica-jones\/#primaryimage","url":"https:\/\/abilica.com\/wp-content\/uploads\/2023\/10\/132702.jpg","contentUrl":"https:\/\/abilica.com\/wp-content\/uploads\/2023\/10\/132702.jpg","width":1200,"height":1200},{"@type":"BreadcrumbList","@id":"https:\/\/abilica.com\/no\/styrke\/multigym\/abilica-jones\/#breadcrumb","itemListElement":[{"@type":"ListItem","position":1,"name":"Hem","item":"https:\/\/abilica.com\/no\/"},{"@type":"ListItem","position":2,"name":"Produkter","item":"https:\/\/abilica.com\/no\/shop-2\/"},{"@type":"ListItem","position":3,"name":"Abilica Jones"}]},{"@type":"WebSite","@id":"https:\/\/abilica.com\/#website","url":"https:\/\/abilica.com\/","name":"Abilica","description":"Abilica Home Training","potentialAction":[{"@type":"SearchAction","target":{"@type":"EntryPoint","urlTemplate":"https:\/\/abilica.com\/?s={search_term_string}"},"query-input":{"@type":"PropertyValueSpecification","valueRequired":true,"valueName":"search_term_string"}}],"inLanguage":"nb-NO"}]}},"_links":{"self":[{"href":"https:\/\/abilica.com\/no\/wp-json\/wp\/v2\/product\/62934","targetHints":{"allow":["GET"]}}],"collection":[{"href":"https:\/\/abilica.com\/no\/wp-json\/wp\/v2\/product"}],"about":[{"href":"https:\/\/abilica.com\/no\/wp-json\/wp\/v2\/types\/product"}],"wp:featuredmedia":[{"embeddable":true,"href":"https:\/\/abilica.com\/no\/wp-json\/wp\/v2\/media\/61840"}],"wp:attachment":[{"href":"https:\/\/abilica.com\/no\/wp-json\/wp\/v2\/media?parent=62934"}],"wp:term":[{"taxonomy":"product_brand","embeddable":true,"href":"https:\/\/abilica.com\/no\/wp-json\/wp\/v2\/product_brand?post=62934"},{"taxonomy":"product_cat","embeddable":true,"href":"https:\/\/abilica.com\/no\/wp-json\/wp\/v2\/product_cat?post=62934"},{"taxonomy":"product_tag","embeddable":true,"href":"https:\/\/abilica.com\/no\/wp-json\/wp\/v2\/product_tag?post=62934"}],"curies":[{"name":"wp","href":"https:\/\/api.w.org\/{rel}","templated":true}]}}