{"id":62985,"date":"2023-10-24T11:32:00","date_gmt":"2023-10-24T10:32:00","guid":{"rendered":"https:\/\/abilica.com\/uncategorized\/abilica-exertube-eco\/"},"modified":"2025-07-29T12:19:30","modified_gmt":"2025-07-29T11:19:30","slug":"abilica-exertube-eco","status":"publish","type":"product","link":"https:\/\/abilica.com\/no\/styrke\/treningsstrikk\/abilica-exertube-eco\/","title":{"rendered":"Abilica ExerTube ECO"},"content":{"rendered":"<div class=\"wpb-content-wrapper\"><p>[vc_row][vc_column][vc_column_text]<img loading=\"lazy\" decoding=\"async\" class=\"alignnone wp-image-38205\" src=\"https:\/\/abilica.com\/no\/wp-content\/uploads\/2021\/06\/ECO-hvit.png\" alt=\"\" width=\"91\" height=\"91\" \/><\/p>\n<p>Abilica ExerTube treningsstrikk er produsert i naturgummi og finnes i 3 styrkeniv\u00e5er. Er du nybegynner anbefaler vi lett type, er du trent medium styrke og godt trent hard styrke. Treningsstrikkene er godt egnet til styrketrening av b\u00e5de over- og underkroppen. Treningsstrikkene kan ogs\u00e5 brukes til ulike oppvarmings\u00f8velser. Strikkene har solide h\u00e5ndtak og ekstra forsterkning p\u00e5 midten. Lengde: 130 cm.<\/p>\n<p><b>Motstand ExerTube<br \/>\n<\/b>Lett: 3.5 \u2013 14 kg<br \/>\nMedium: 5 \u2013 18 kg<br \/>\nHard: 6 \u2013 23.5 kg[\/vc_column_text][vc_video link=&raquo;https:\/\/vimeo.com\/708133577&#8243; align=&raquo;center&raquo;][vc_empty_space height=&raquo;52px&raquo;][\/vc_column][\/vc_row][vc_row][vc_column width=&raquo;1\/3&#8243;][vc_btn title=&raquo;Treningsprogram&raquo; style=&raquo;flat&raquo; color=&raquo;black&raquo; align=&raquo;center&raquo; i_icon_fontawesome=&raquo;fa fa-align-left&raquo; add_icon=&raquo;true&raquo; link=&raquo;url:https%3A%2F%2Fabilica.com\/no%2Ftreningsprogram%2Ftreningsprogram-abilica-exertube%2F||target:%20_blank|&raquo;][\/vc_column][vc_column width=&raquo;1\/3&#8243;][vc_btn title=&raquo;Treningstips&raquo; style=&raquo;flat&raquo; color=&raquo;black&raquo; align=&raquo;center&raquo; i_icon_fontawesome=&raquo;&raquo; add_icon=&raquo;true&raquo; link=&raquo;url:https%3A%2F%2Fabilica.com%2Fno%2Ftreningsartikler%2Fstyrke%2Ftrening-med-strikk%2F|target:_blank&raquo;][\/vc_column][vc_column width=&raquo;1\/3&#8243;][vc_btn title=&raquo;Treningsfilmer&raquo; style=&raquo;flat&raquo; color=&raquo;black&raquo; align=&raquo;center&raquo; i_icon_fontawesome=&raquo;fa fa-youtube&raquo; add_icon=&raquo;true&raquo; link=&raquo;url:https%3A%2F%2Fwww.youtube.com%2Fwatch%3Fv%3DTmsSN8XvKaI%26list%3DPLQHQh8gb5L2aWRVbVmhFsuAc_fSDJV-9y||target:%20_blank|&raquo;][\/vc_column][\/vc_row]<\/p>\n<\/div>","protected":false},"excerpt":{"rendered":"<p>[vc_row][vc_column][vc_column_text] Abilica ExerTube treningsstrikk er produsert i naturgummi og finnes i 3 styrkeniv\u00e5er. Er du&#8230;<\/p>\n","protected":false},"featured_media":61876,"template":"","meta":{"_acf_changed":false},"product_brand":[],"product_cat":[422,435],"product_tag":[546,561,550,551,177,520,179],"class_list":{"0":"post-62985","1":"product","2":"type-product","3":"status-publish","4":"has-post-thumbnail","6":"product_cat-styrke","7":"product_cat-treningsstrikk","8":"product_tag-abilica-pregnancy-no","9":"product_tag-circle-women-no","10":"product_tag-eco-friendly-no","11":"product_tag-garage-gym-no","12":"product_tag-small-items","13":"product_tag-styrketrening","14":"product_tag-summer-workout","16":"first","17":"outofstock","18":"product-type-variable"},"acf":[],"yoast_head":"<!-- This site is optimized with the Yoast SEO Premium plugin v21.1 (Yoast SEO v25.4) - https:\/\/yoast.com\/wordpress\/plugins\/seo\/ -->\n<title>Abilica ExerTube ECO Abilica<\/title>\n<meta name=\"robots\" content=\"index, follow, max-snippet:-1, max-image-preview:large, max-video-preview:-1\" \/>\n<link rel=\"canonical\" href=\"https:\/\/abilica.com\/no\/styrke\/treningsstrikk\/abilica-exertube-eco\/\" \/>\n<meta property=\"og:locale\" content=\"nb_NO\" \/>\n<meta property=\"og:type\" content=\"article\" \/>\n<meta property=\"og:title\" content=\"Abilica ExerTube ECO\" \/>\n<meta property=\"og:description\" content=\"[vc_row][vc_column][vc_column_text] Abilica ExerTube treningsstrikk er produsert i naturgummi og finnes i 3 styrkeniv\u00e5er. Er du...\" \/>\n<meta property=\"og:url\" content=\"https:\/\/abilica.com\/no\/styrke\/treningsstrikk\/abilica-exertube-eco\/\" \/>\n<meta property=\"og:site_name\" content=\"Abilica\" \/>\n<meta property=\"article:publisher\" content=\"https:\/\/www.facebook.com\/abilicahometraining\/\" \/>\n<meta property=\"article:modified_time\" content=\"2025-07-29T11:19:30+00:00\" \/>\n<meta property=\"og:image\" content=\"https:\/\/abilica.com\/wp-content\/uploads\/2023\/10\/ExerTube-ECO.jpg\" \/>\n\t<meta property=\"og:image:width\" content=\"1200\" \/>\n\t<meta property=\"og:image:height\" content=\"1200\" \/>\n\t<meta property=\"og:image:type\" content=\"image\/jpeg\" \/>\n<meta name=\"twitter:card\" content=\"summary_large_image\" \/>\n<meta name=\"twitter:label1\" content=\"Ansl. lesetid\" \/>\n\t<meta name=\"twitter:data1\" content=\"1 minutt\" \/>\n<script type=\"application\/ld+json\" class=\"yoast-schema-graph\">{\"@context\":\"https:\/\/schema.org\",\"@graph\":[{\"@type\":\"WebPage\",\"@id\":\"https:\/\/abilica.com\/no\/styrke\/treningsstrikk\/abilica-exertube-eco\/\",\"url\":\"https:\/\/abilica.com\/no\/styrke\/treningsstrikk\/abilica-exertube-eco\/\",\"name\":\"Abilica ExerTube ECO Abilica\",\"isPartOf\":{\"@id\":\"https:\/\/abilica.com\/#website\"},\"primaryImageOfPage\":{\"@id\":\"https:\/\/abilica.com\/no\/styrke\/treningsstrikk\/abilica-exertube-eco\/#primaryimage\"},\"image\":{\"@id\":\"https:\/\/abilica.com\/no\/styrke\/treningsstrikk\/abilica-exertube-eco\/#primaryimage\"},\"thumbnailUrl\":\"https:\/\/abilica.com\/wp-content\/uploads\/2023\/10\/ExerTube-ECO.jpg\",\"datePublished\":\"2023-10-24T10:32:00+00:00\",\"dateModified\":\"2025-07-29T11:19:30+00:00\",\"breadcrumb\":{\"@id\":\"https:\/\/abilica.com\/no\/styrke\/treningsstrikk\/abilica-exertube-eco\/#breadcrumb\"},\"inLanguage\":\"nb-NO\",\"potentialAction\":[{\"@type\":\"ReadAction\",\"target\":[\"https:\/\/abilica.com\/no\/styrke\/treningsstrikk\/abilica-exertube-eco\/\"]}]},{\"@type\":\"ImageObject\",\"inLanguage\":\"nb-NO\",\"@id\":\"https:\/\/abilica.com\/no\/styrke\/treningsstrikk\/abilica-exertube-eco\/#primaryimage\",\"url\":\"https:\/\/abilica.com\/wp-content\/uploads\/2023\/10\/ExerTube-ECO.jpg\",\"contentUrl\":\"https:\/\/abilica.com\/wp-content\/uploads\/2023\/10\/ExerTube-ECO.jpg\",\"width\":1200,\"height\":1200},{\"@type\":\"BreadcrumbList\",\"@id\":\"https:\/\/abilica.com\/no\/styrke\/treningsstrikk\/abilica-exertube-eco\/#breadcrumb\",\"itemListElement\":[{\"@type\":\"ListItem\",\"position\":1,\"name\":\"Hem\",\"item\":\"https:\/\/abilica.com\/no\/\"},{\"@type\":\"ListItem\",\"position\":2,\"name\":\"Produkter\",\"item\":\"https:\/\/abilica.com\/no\/shop-2\/\"},{\"@type\":\"ListItem\",\"position\":3,\"name\":\"Abilica ExerTube ECO\"}]},{\"@type\":\"WebSite\",\"@id\":\"https:\/\/abilica.com\/#website\",\"url\":\"https:\/\/abilica.com\/\",\"name\":\"Abilica\",\"description\":\"Abilica Home Training\",\"potentialAction\":[{\"@type\":\"SearchAction\",\"target\":{\"@type\":\"EntryPoint\",\"urlTemplate\":\"https:\/\/abilica.com\/?s={search_term_string}\"},\"query-input\":{\"@type\":\"PropertyValueSpecification\",\"valueRequired\":true,\"valueName\":\"search_term_string\"}}],\"inLanguage\":\"nb-NO\"}]}<\/script>\n<!-- \/ Yoast SEO Premium plugin. -->","yoast_head_json":{"title":"Abilica ExerTube ECO Abilica","robots":{"index":"index","follow":"follow","max-snippet":"max-snippet:-1","max-image-preview":"max-image-preview:large","max-video-preview":"max-video-preview:-1"},"canonical":"https:\/\/abilica.com\/no\/styrke\/treningsstrikk\/abilica-exertube-eco\/","og_locale":"nb_NO","og_type":"article","og_title":"Abilica ExerTube ECO","og_description":"[vc_row][vc_column][vc_column_text] Abilica ExerTube treningsstrikk er produsert i naturgummi og finnes i 3 styrkeniv\u00e5er. Er du...","og_url":"https:\/\/abilica.com\/no\/styrke\/treningsstrikk\/abilica-exertube-eco\/","og_site_name":"Abilica","article_publisher":"https:\/\/www.facebook.com\/abilicahometraining\/","article_modified_time":"2025-07-29T11:19:30+00:00","og_image":[{"width":1200,"height":1200,"url":"https:\/\/abilica.com\/wp-content\/uploads\/2023\/10\/ExerTube-ECO.jpg","type":"image\/jpeg"}],"twitter_card":"summary_large_image","twitter_misc":{"Ansl. lesetid":"1 minutt"},"schema":{"@context":"https:\/\/schema.org","@graph":[{"@type":"WebPage","@id":"https:\/\/abilica.com\/no\/styrke\/treningsstrikk\/abilica-exertube-eco\/","url":"https:\/\/abilica.com\/no\/styrke\/treningsstrikk\/abilica-exertube-eco\/","name":"Abilica ExerTube ECO Abilica","isPartOf":{"@id":"https:\/\/abilica.com\/#website"},"primaryImageOfPage":{"@id":"https:\/\/abilica.com\/no\/styrke\/treningsstrikk\/abilica-exertube-eco\/#primaryimage"},"image":{"@id":"https:\/\/abilica.com\/no\/styrke\/treningsstrikk\/abilica-exertube-eco\/#primaryimage"},"thumbnailUrl":"https:\/\/abilica.com\/wp-content\/uploads\/2023\/10\/ExerTube-ECO.jpg","datePublished":"2023-10-24T10:32:00+00:00","dateModified":"2025-07-29T11:19:30+00:00","breadcrumb":{"@id":"https:\/\/abilica.com\/no\/styrke\/treningsstrikk\/abilica-exertube-eco\/#breadcrumb"},"inLanguage":"nb-NO","potentialAction":[{"@type":"ReadAction","target":["https:\/\/abilica.com\/no\/styrke\/treningsstrikk\/abilica-exertube-eco\/"]}]},{"@type":"ImageObject","inLanguage":"nb-NO","@id":"https:\/\/abilica.com\/no\/styrke\/treningsstrikk\/abilica-exertube-eco\/#primaryimage","url":"https:\/\/abilica.com\/wp-content\/uploads\/2023\/10\/ExerTube-ECO.jpg","contentUrl":"https:\/\/abilica.com\/wp-content\/uploads\/2023\/10\/ExerTube-ECO.jpg","width":1200,"height":1200},{"@type":"BreadcrumbList","@id":"https:\/\/abilica.com\/no\/styrke\/treningsstrikk\/abilica-exertube-eco\/#breadcrumb","itemListElement":[{"@type":"ListItem","position":1,"name":"Hem","item":"https:\/\/abilica.com\/no\/"},{"@type":"ListItem","position":2,"name":"Produkter","item":"https:\/\/abilica.com\/no\/shop-2\/"},{"@type":"ListItem","position":3,"name":"Abilica ExerTube ECO"}]},{"@type":"WebSite","@id":"https:\/\/abilica.com\/#website","url":"https:\/\/abilica.com\/","name":"Abilica","description":"Abilica Home Training","potentialAction":[{"@type":"SearchAction","target":{"@type":"EntryPoint","urlTemplate":"https:\/\/abilica.com\/?s={search_term_string}"},"query-input":{"@type":"PropertyValueSpecification","valueRequired":true,"valueName":"search_term_string"}}],"inLanguage":"nb-NO"}]}},"_links":{"self":[{"href":"https:\/\/abilica.com\/no\/wp-json\/wp\/v2\/product\/62985","targetHints":{"allow":["GET"]}}],"collection":[{"href":"https:\/\/abilica.com\/no\/wp-json\/wp\/v2\/product"}],"about":[{"href":"https:\/\/abilica.com\/no\/wp-json\/wp\/v2\/types\/product"}],"wp:featuredmedia":[{"embeddable":true,"href":"https:\/\/abilica.com\/no\/wp-json\/wp\/v2\/media\/61876"}],"wp:attachment":[{"href":"https:\/\/abilica.com\/no\/wp-json\/wp\/v2\/media?parent=62985"}],"wp:term":[{"taxonomy":"product_brand","embeddable":true,"href":"https:\/\/abilica.com\/no\/wp-json\/wp\/v2\/product_brand?post=62985"},{"taxonomy":"product_cat","embeddable":true,"href":"https:\/\/abilica.com\/no\/wp-json\/wp\/v2\/product_cat?post=62985"},{"taxonomy":"product_tag","embeddable":true,"href":"https:\/\/abilica.com\/no\/wp-json\/wp\/v2\/product_tag?post=62985"}],"curies":[{"name":"wp","href":"https:\/\/api.w.org\/{rel}","templated":true}]}}