{"id":62988,"date":"2023-10-24T11:32:00","date_gmt":"2023-10-24T10:32:00","guid":{"rendered":"https:\/\/abilica.com\/uncategorized\/abilica-hexdumbbells\/"},"modified":"2025-10-20T11:48:36","modified_gmt":"2025-10-20T10:48:36","slug":"abilica-hexdumbbells","status":"publish","type":"product","link":"https:\/\/abilica.com\/no\/styrke\/manualer\/abilica-hexdumbbells\/","title":{"rendered":"Abilica HexDumbbells"},"content":{"rendered":"<div class=\"wpb-content-wrapper\"><p>[vc_row][vc_column][vc_column_text css=&raquo;&raquo;]Abilica HexDumbbells er sekskantede gummierte manualer meget godt egnet for b\u00e5de hjemmetrening og bedriftsmarkedet. De er perfekt til \u00f8velser som krever at manualene ikke triller, som f.eks. Renegade Row, eller til bruk i treningsrommet p\u00e5 b\u00e5ter. Gummiert for lengre levetid p\u00e5 b\u00e5de manualen, gulvet og stativet.<br \/>\nGrepsvidde: 13 cm. Finnes fra 1 til 60 kg. Selges i stykk.<\/p>\n<p>&nbsp;<\/p>\n<p><strong>Det er store kvalitetsforskjeller p\u00e5 HexDumbBells.<br \/>\nHvorfor velge Abilica HexDumbBells? <\/strong><\/p>\n<ul>\n<li>Produsert etter REACH* standard og inneholder ingen farlige stoffer<\/li>\n<li>Hodene p\u00e5 manualene er produsert i jern og behandlet for ikke \u00e5 ruste<br \/>\n&#8211; Gir solide manualer med lang levetid og n\u00f8yaktig vekt<\/li>\n<li>H\u00f8ykvalitets gummi med 50% virgin rubber<br \/>\n&#8211; Gir manualene lang levetid, lite lukt og gummien vil beholde fargen og glansen ogs\u00e5 over tid (ikke bli spr\u00f8 og sprekke opp)<\/li>\n<li>H\u00e5ndtak i st\u00e5l med chrome finnish i h\u00f8y kvalitet<br \/>\n&#8211; Gj\u00f8r at h\u00e5ndtaket ikke ruster og flasser<\/li>\n<li>H\u00e5ndtak med diameter 28 mm fra 1-5 kg og 33 mm fra 6 kg til 60 kg.<br \/>\n&#8211; Tykkere h\u00e5ndtak p\u00e5 tunge manualer med sterke sveisinger s\u00f8rger for sikker bruk<\/li>\n<li>Ergonomisk h\u00e5ndtak med trippel knurling<br \/>\n&#8211; Gir et godt sikkert grep, selv for svette hender<\/li>\n<li>Vekt toleranse +\/- 2%<br \/>\n&#8211; Manualer som avviker fra dette lukes ut i kvalitetskontroll p\u00e5 fabrikken<\/li>\n<li>Sterk sveisinger<\/li>\n<li>Gir sikker trening<\/li>\n<li>N\u00f8ye kvalitetskontroll etter produksjon<\/li>\n<\/ul>\n<p><em><strong><br \/>\n*<\/strong>REACH er EUs kjemikalieregelverk. Det skal sikre at produksjon, omsetning og bruk av kjemikalier ikke utgj\u00f8r fare for mennesker og milj\u00f8. <\/em><em>REACH st\u00e5r for Registration, Evaluation, Authorisation and restriction of Chemicals.<\/em>[\/vc_column_text][vc_raw_html]JTNDaWZyYW1lJTIwc3JjJTNEJTIyaHR0cHMlM0ElMkYlMkZwbGF5ZXIudmltZW8uY29tJTJGdmlkZW8lMkY2Njc3MDcxMDYlM0ZoJTNEOTU1ZjIyY2YxNSUyMiUyMHdpZHRoJTNEJTIyNjQwJTIyJTIwaGVpZ2h0JTNEJTIyMzYwJTIyJTIwZnJhbWVib3JkZXIlM0QlMjIwJTIyJTIwYWxsb3clM0QlMjJhdXRvcGxheSUzQiUyMGZ1bGxzY3JlZW4lM0IlMjBwaWN0dXJlLWluLXBpY3R1cmUlMjIlMjBhbGxvd2Z1bGxzY3JlZW4lM0UlM0MlMkZpZnJhbWUlM0U=[\/vc_raw_html][vc_empty_space height=&raquo;52px&raquo;][\/vc_column][\/vc_row][vc_row][vc_column][vc_btn title=&raquo;Treningstips&raquo; style=&raquo;flat&raquo; color=&raquo;black&raquo; align=&raquo;center&raquo; i_icon_fontawesome=&raquo;&raquo; add_icon=&raquo;true&raquo; link=&raquo;url:https%3A%2F%2Fabilica.com%2Fno%2Ftreningsartikler%2Fstyrke%2Fovelser-med-manualer%2F|target:_blank&raquo;][\/vc_column][\/vc_row]<\/p>\n<\/div>","protected":false},"excerpt":{"rendered":"<p>[vc_row][vc_column][vc_column_text css=&raquo;&raquo;]Abilica HexDumbbells er sekskantede gummierte manualer meget godt egnet for b\u00e5de hjemmetrening og bedriftsmarkedet&#8230;.<\/p>\n","protected":false},"featured_media":61878,"template":"","meta":{"_acf_changed":false},"product_brand":[],"product_cat":[430,422],"product_tag":[546,551,526,366,520],"class_list":{"0":"post-62988","1":"product","2":"type-product","3":"status-publish","4":"has-post-thumbnail","6":"product_cat-manualer","7":"product_cat-styrke","8":"product_tag-abilica-pregnancy-no","9":"product_tag-garage-gym-no","10":"product_tag-ida-wulff","11":"product_tag-premium-no","12":"product_tag-styrketrening","14":"first","15":"outofstock","16":"product-type-variable"},"acf":[],"yoast_head":"<!-- This site is optimized with the Yoast SEO Premium plugin v21.1 (Yoast SEO v25.4) - https:\/\/yoast.com\/wordpress\/plugins\/seo\/ -->\n<title>Abilica HexDumbbells Abilica<\/title>\n<meta name=\"robots\" content=\"index, follow, max-snippet:-1, max-image-preview:large, max-video-preview:-1\" \/>\n<link rel=\"canonical\" href=\"https:\/\/abilica.com\/no\/styrke\/manualer\/abilica-hexdumbbells\/\" \/>\n<meta property=\"og:locale\" content=\"nb_NO\" \/>\n<meta property=\"og:type\" content=\"article\" \/>\n<meta property=\"og:title\" content=\"Abilica HexDumbbells\" \/>\n<meta property=\"og:description\" content=\"[vc_row][vc_column][vc_column_text css=&raquo;&raquo;]Abilica HexDumbbells er sekskantede gummierte manualer meget godt egnet for b\u00e5de hjemmetrening og bedriftsmarkedet....\" \/>\n<meta property=\"og:url\" content=\"https:\/\/abilica.com\/no\/styrke\/manualer\/abilica-hexdumbbells\/\" \/>\n<meta property=\"og:site_name\" content=\"Abilica\" \/>\n<meta property=\"article:publisher\" content=\"https:\/\/www.facebook.com\/abilicahometraining\/\" \/>\n<meta property=\"article:modified_time\" content=\"2025-10-20T10:48:36+00:00\" \/>\n<meta property=\"og:image\" content=\"https:\/\/abilica.com\/wp-content\/uploads\/2023\/10\/Hex-DumbBells-enkeltvis.jpg\" \/>\n\t<meta property=\"og:image:width\" content=\"1200\" \/>\n\t<meta property=\"og:image:height\" content=\"1200\" \/>\n\t<meta property=\"og:image:type\" content=\"image\/jpeg\" \/>\n<meta name=\"twitter:card\" content=\"summary_large_image\" \/>\n<meta name=\"twitter:label1\" content=\"Ansl. lesetid\" \/>\n\t<meta name=\"twitter:data1\" content=\"2 minutter\" \/>\n<script type=\"application\/ld+json\" class=\"yoast-schema-graph\">{\"@context\":\"https:\/\/schema.org\",\"@graph\":[{\"@type\":\"WebPage\",\"@id\":\"https:\/\/abilica.com\/no\/styrke\/manualer\/abilica-hexdumbbells\/\",\"url\":\"https:\/\/abilica.com\/no\/styrke\/manualer\/abilica-hexdumbbells\/\",\"name\":\"Abilica HexDumbbells Abilica\",\"isPartOf\":{\"@id\":\"https:\/\/abilica.com\/#website\"},\"primaryImageOfPage\":{\"@id\":\"https:\/\/abilica.com\/no\/styrke\/manualer\/abilica-hexdumbbells\/#primaryimage\"},\"image\":{\"@id\":\"https:\/\/abilica.com\/no\/styrke\/manualer\/abilica-hexdumbbells\/#primaryimage\"},\"thumbnailUrl\":\"https:\/\/abilica.com\/wp-content\/uploads\/2023\/10\/Hex-DumbBells-enkeltvis.jpg\",\"datePublished\":\"2023-10-24T10:32:00+00:00\",\"dateModified\":\"2025-10-20T10:48:36+00:00\",\"breadcrumb\":{\"@id\":\"https:\/\/abilica.com\/no\/styrke\/manualer\/abilica-hexdumbbells\/#breadcrumb\"},\"inLanguage\":\"nb-NO\",\"potentialAction\":[{\"@type\":\"ReadAction\",\"target\":[\"https:\/\/abilica.com\/no\/styrke\/manualer\/abilica-hexdumbbells\/\"]}]},{\"@type\":\"ImageObject\",\"inLanguage\":\"nb-NO\",\"@id\":\"https:\/\/abilica.com\/no\/styrke\/manualer\/abilica-hexdumbbells\/#primaryimage\",\"url\":\"https:\/\/abilica.com\/wp-content\/uploads\/2023\/10\/Hex-DumbBells-enkeltvis.jpg\",\"contentUrl\":\"https:\/\/abilica.com\/wp-content\/uploads\/2023\/10\/Hex-DumbBells-enkeltvis.jpg\",\"width\":1200,\"height\":1200},{\"@type\":\"BreadcrumbList\",\"@id\":\"https:\/\/abilica.com\/no\/styrke\/manualer\/abilica-hexdumbbells\/#breadcrumb\",\"itemListElement\":[{\"@type\":\"ListItem\",\"position\":1,\"name\":\"Hem\",\"item\":\"https:\/\/abilica.com\/no\/\"},{\"@type\":\"ListItem\",\"position\":2,\"name\":\"Produkter\",\"item\":\"https:\/\/abilica.com\/no\/shop-2\/\"},{\"@type\":\"ListItem\",\"position\":3,\"name\":\"Abilica HexDumbbells\"}]},{\"@type\":\"WebSite\",\"@id\":\"https:\/\/abilica.com\/#website\",\"url\":\"https:\/\/abilica.com\/\",\"name\":\"Abilica\",\"description\":\"Abilica Home Training\",\"potentialAction\":[{\"@type\":\"SearchAction\",\"target\":{\"@type\":\"EntryPoint\",\"urlTemplate\":\"https:\/\/abilica.com\/?s={search_term_string}\"},\"query-input\":{\"@type\":\"PropertyValueSpecification\",\"valueRequired\":true,\"valueName\":\"search_term_string\"}}],\"inLanguage\":\"nb-NO\"}]}<\/script>\n<!-- \/ Yoast SEO Premium plugin. -->","yoast_head_json":{"title":"Abilica HexDumbbells Abilica","robots":{"index":"index","follow":"follow","max-snippet":"max-snippet:-1","max-image-preview":"max-image-preview:large","max-video-preview":"max-video-preview:-1"},"canonical":"https:\/\/abilica.com\/no\/styrke\/manualer\/abilica-hexdumbbells\/","og_locale":"nb_NO","og_type":"article","og_title":"Abilica HexDumbbells","og_description":"[vc_row][vc_column][vc_column_text css=&raquo;&raquo;]Abilica HexDumbbells er sekskantede gummierte manualer meget godt egnet for b\u00e5de hjemmetrening og bedriftsmarkedet....","og_url":"https:\/\/abilica.com\/no\/styrke\/manualer\/abilica-hexdumbbells\/","og_site_name":"Abilica","article_publisher":"https:\/\/www.facebook.com\/abilicahometraining\/","article_modified_time":"2025-10-20T10:48:36+00:00","og_image":[{"width":1200,"height":1200,"url":"https:\/\/abilica.com\/wp-content\/uploads\/2023\/10\/Hex-DumbBells-enkeltvis.jpg","type":"image\/jpeg"}],"twitter_card":"summary_large_image","twitter_misc":{"Ansl. lesetid":"2 minutter"},"schema":{"@context":"https:\/\/schema.org","@graph":[{"@type":"WebPage","@id":"https:\/\/abilica.com\/no\/styrke\/manualer\/abilica-hexdumbbells\/","url":"https:\/\/abilica.com\/no\/styrke\/manualer\/abilica-hexdumbbells\/","name":"Abilica HexDumbbells Abilica","isPartOf":{"@id":"https:\/\/abilica.com\/#website"},"primaryImageOfPage":{"@id":"https:\/\/abilica.com\/no\/styrke\/manualer\/abilica-hexdumbbells\/#primaryimage"},"image":{"@id":"https:\/\/abilica.com\/no\/styrke\/manualer\/abilica-hexdumbbells\/#primaryimage"},"thumbnailUrl":"https:\/\/abilica.com\/wp-content\/uploads\/2023\/10\/Hex-DumbBells-enkeltvis.jpg","datePublished":"2023-10-24T10:32:00+00:00","dateModified":"2025-10-20T10:48:36+00:00","breadcrumb":{"@id":"https:\/\/abilica.com\/no\/styrke\/manualer\/abilica-hexdumbbells\/#breadcrumb"},"inLanguage":"nb-NO","potentialAction":[{"@type":"ReadAction","target":["https:\/\/abilica.com\/no\/styrke\/manualer\/abilica-hexdumbbells\/"]}]},{"@type":"ImageObject","inLanguage":"nb-NO","@id":"https:\/\/abilica.com\/no\/styrke\/manualer\/abilica-hexdumbbells\/#primaryimage","url":"https:\/\/abilica.com\/wp-content\/uploads\/2023\/10\/Hex-DumbBells-enkeltvis.jpg","contentUrl":"https:\/\/abilica.com\/wp-content\/uploads\/2023\/10\/Hex-DumbBells-enkeltvis.jpg","width":1200,"height":1200},{"@type":"BreadcrumbList","@id":"https:\/\/abilica.com\/no\/styrke\/manualer\/abilica-hexdumbbells\/#breadcrumb","itemListElement":[{"@type":"ListItem","position":1,"name":"Hem","item":"https:\/\/abilica.com\/no\/"},{"@type":"ListItem","position":2,"name":"Produkter","item":"https:\/\/abilica.com\/no\/shop-2\/"},{"@type":"ListItem","position":3,"name":"Abilica HexDumbbells"}]},{"@type":"WebSite","@id":"https:\/\/abilica.com\/#website","url":"https:\/\/abilica.com\/","name":"Abilica","description":"Abilica Home Training","potentialAction":[{"@type":"SearchAction","target":{"@type":"EntryPoint","urlTemplate":"https:\/\/abilica.com\/?s={search_term_string}"},"query-input":{"@type":"PropertyValueSpecification","valueRequired":true,"valueName":"search_term_string"}}],"inLanguage":"nb-NO"}]}},"_links":{"self":[{"href":"https:\/\/abilica.com\/no\/wp-json\/wp\/v2\/product\/62988","targetHints":{"allow":["GET"]}}],"collection":[{"href":"https:\/\/abilica.com\/no\/wp-json\/wp\/v2\/product"}],"about":[{"href":"https:\/\/abilica.com\/no\/wp-json\/wp\/v2\/types\/product"}],"wp:featuredmedia":[{"embeddable":true,"href":"https:\/\/abilica.com\/no\/wp-json\/wp\/v2\/media\/61878"}],"wp:attachment":[{"href":"https:\/\/abilica.com\/no\/wp-json\/wp\/v2\/media?parent=62988"}],"wp:term":[{"taxonomy":"product_brand","embeddable":true,"href":"https:\/\/abilica.com\/no\/wp-json\/wp\/v2\/product_brand?post=62988"},{"taxonomy":"product_cat","embeddable":true,"href":"https:\/\/abilica.com\/no\/wp-json\/wp\/v2\/product_cat?post=62988"},{"taxonomy":"product_tag","embeddable":true,"href":"https:\/\/abilica.com\/no\/wp-json\/wp\/v2\/product_tag?post=62988"}],"curies":[{"name":"wp","href":"https:\/\/api.w.org\/{rel}","templated":true}]}}