{"id":62997,"date":"2023-10-24T11:32:15","date_gmt":"2023-10-24T10:32:15","guid":{"rendered":"https:\/\/abilica.com\/uncategorized\/abilica-baggloves\/"},"modified":"2025-03-14T09:02:04","modified_gmt":"2025-03-14T08:02:04","slug":"abilica-baggloves","status":"publish","type":"product","link":"https:\/\/abilica.com\/no\/bokseutstyr\/boksehansker\/abilica-baggloves\/","title":{"rendered":"Abilica BagGloves"},"content":{"rendered":"<div class=\"wpb-content-wrapper\"><p>[vc_row][vc_column][vc_column_text]<\/p>\n<p style=\"font-weight: 400;\">Abilica Slaghansker i mykt skinn og borrel\u00e5s for stramming ved h\u00e5ndleddet. Leveres med ventilasjon i h\u00e5ndflaten og \u00e5pen tommel. Perfekt for deg som skal trene p\u00e5 sekk, punchingball eller puter. Finnes i S, M, L og XL.<\/p>\n<p>[\/vc_column_text][vc_empty_space height=&raquo;52px&raquo;][\/vc_column][\/vc_row][vc_row][vc_column][vc_btn title=&raquo;Treningstips&raquo; style=&raquo;flat&raquo; color=&raquo;black&raquo; align=&raquo;center&raquo; i_icon_fontawesome=&raquo;fa fa-align-left&raquo; add_icon=&raquo;true&raquo; link=&raquo;url:https%3A%2F%2Fabilica.com%2Fno%2Ftreningsartikler%2Fboksetrening%2F||target:%20_blank|&raquo;][\/vc_column][\/vc_row]<\/p>\n<\/div>","protected":false},"excerpt":{"rendered":"<p>[vc_row][vc_column][vc_column_text] Abilica Slaghansker i mykt skinn og borrel\u00e5s for stramming ved h\u00e5ndleddet. Leveres med ventilasjon&#8230;<\/p>\n","protected":false},"featured_media":61884,"template":"","meta":{"_acf_changed":false},"product_brand":[],"product_cat":[450,424],"product_tag":[559],"class_list":{"0":"post-62997","1":"product","2":"type-product","3":"status-publish","4":"has-post-thumbnail","6":"product_cat-boksehansker","7":"product_cat-bokseutstyr","8":"product_tag-boxning-no","10":"first","11":"outofstock","12":"product-type-simple"},"acf":[],"yoast_head":"<!-- This site is optimized with the Yoast SEO Premium plugin v21.1 (Yoast SEO v25.4) - https:\/\/yoast.com\/wordpress\/plugins\/seo\/ -->\n<title>Abilica BagGloves Abilica<\/title>\n<meta name=\"robots\" content=\"index, follow, max-snippet:-1, max-image-preview:large, max-video-preview:-1\" \/>\n<link rel=\"canonical\" href=\"https:\/\/abilica.com\/no\/bokseutstyr\/boksehansker\/abilica-baggloves\/\" \/>\n<meta property=\"og:locale\" content=\"nb_NO\" \/>\n<meta property=\"og:type\" content=\"article\" \/>\n<meta property=\"og:title\" content=\"Abilica BagGloves\" \/>\n<meta property=\"og:description\" content=\"[vc_row][vc_column][vc_column_text] Abilica Slaghansker i mykt skinn og borrel\u00e5s for stramming ved h\u00e5ndleddet. Leveres med ventilasjon...\" \/>\n<meta property=\"og:url\" content=\"https:\/\/abilica.com\/no\/bokseutstyr\/boksehansker\/abilica-baggloves\/\" \/>\n<meta property=\"og:site_name\" content=\"Abilica\" \/>\n<meta property=\"article:publisher\" content=\"https:\/\/www.facebook.com\/abilicahometraining\/\" \/>\n<meta property=\"article:modified_time\" content=\"2025-03-14T08:02:04+00:00\" \/>\n<meta property=\"og:image\" content=\"https:\/\/abilica.com\/wp-content\/uploads\/2023\/10\/Baggloves.jpg\" \/>\n\t<meta property=\"og:image:width\" content=\"1200\" \/>\n\t<meta property=\"og:image:height\" content=\"1200\" \/>\n\t<meta property=\"og:image:type\" content=\"image\/jpeg\" \/>\n<meta name=\"twitter:card\" content=\"summary_large_image\" \/>\n<script type=\"application\/ld+json\" class=\"yoast-schema-graph\">{\"@context\":\"https:\/\/schema.org\",\"@graph\":[{\"@type\":\"WebPage\",\"@id\":\"https:\/\/abilica.com\/no\/bokseutstyr\/boksehansker\/abilica-baggloves\/\",\"url\":\"https:\/\/abilica.com\/no\/bokseutstyr\/boksehansker\/abilica-baggloves\/\",\"name\":\"Abilica BagGloves Abilica\",\"isPartOf\":{\"@id\":\"https:\/\/abilica.com\/#website\"},\"primaryImageOfPage\":{\"@id\":\"https:\/\/abilica.com\/no\/bokseutstyr\/boksehansker\/abilica-baggloves\/#primaryimage\"},\"image\":{\"@id\":\"https:\/\/abilica.com\/no\/bokseutstyr\/boksehansker\/abilica-baggloves\/#primaryimage\"},\"thumbnailUrl\":\"https:\/\/abilica.com\/wp-content\/uploads\/2023\/10\/Baggloves.jpg\",\"datePublished\":\"2023-10-24T10:32:15+00:00\",\"dateModified\":\"2025-03-14T08:02:04+00:00\",\"breadcrumb\":{\"@id\":\"https:\/\/abilica.com\/no\/bokseutstyr\/boksehansker\/abilica-baggloves\/#breadcrumb\"},\"inLanguage\":\"nb-NO\",\"potentialAction\":[{\"@type\":\"ReadAction\",\"target\":[\"https:\/\/abilica.com\/no\/bokseutstyr\/boksehansker\/abilica-baggloves\/\"]}]},{\"@type\":\"ImageObject\",\"inLanguage\":\"nb-NO\",\"@id\":\"https:\/\/abilica.com\/no\/bokseutstyr\/boksehansker\/abilica-baggloves\/#primaryimage\",\"url\":\"https:\/\/abilica.com\/wp-content\/uploads\/2023\/10\/Baggloves.jpg\",\"contentUrl\":\"https:\/\/abilica.com\/wp-content\/uploads\/2023\/10\/Baggloves.jpg\",\"width\":1200,\"height\":1200},{\"@type\":\"BreadcrumbList\",\"@id\":\"https:\/\/abilica.com\/no\/bokseutstyr\/boksehansker\/abilica-baggloves\/#breadcrumb\",\"itemListElement\":[{\"@type\":\"ListItem\",\"position\":1,\"name\":\"Hem\",\"item\":\"https:\/\/abilica.com\/no\/\"},{\"@type\":\"ListItem\",\"position\":2,\"name\":\"Produkter\",\"item\":\"https:\/\/abilica.com\/no\/shop-2\/\"},{\"@type\":\"ListItem\",\"position\":3,\"name\":\"Abilica BagGloves\"}]},{\"@type\":\"WebSite\",\"@id\":\"https:\/\/abilica.com\/#website\",\"url\":\"https:\/\/abilica.com\/\",\"name\":\"Abilica\",\"description\":\"Abilica Home Training\",\"potentialAction\":[{\"@type\":\"SearchAction\",\"target\":{\"@type\":\"EntryPoint\",\"urlTemplate\":\"https:\/\/abilica.com\/?s={search_term_string}\"},\"query-input\":{\"@type\":\"PropertyValueSpecification\",\"valueRequired\":true,\"valueName\":\"search_term_string\"}}],\"inLanguage\":\"nb-NO\"}]}<\/script>\n<!-- \/ Yoast SEO Premium plugin. -->","yoast_head_json":{"title":"Abilica BagGloves Abilica","robots":{"index":"index","follow":"follow","max-snippet":"max-snippet:-1","max-image-preview":"max-image-preview:large","max-video-preview":"max-video-preview:-1"},"canonical":"https:\/\/abilica.com\/no\/bokseutstyr\/boksehansker\/abilica-baggloves\/","og_locale":"nb_NO","og_type":"article","og_title":"Abilica BagGloves","og_description":"[vc_row][vc_column][vc_column_text] Abilica Slaghansker i mykt skinn og borrel\u00e5s for stramming ved h\u00e5ndleddet. Leveres med ventilasjon...","og_url":"https:\/\/abilica.com\/no\/bokseutstyr\/boksehansker\/abilica-baggloves\/","og_site_name":"Abilica","article_publisher":"https:\/\/www.facebook.com\/abilicahometraining\/","article_modified_time":"2025-03-14T08:02:04+00:00","og_image":[{"width":1200,"height":1200,"url":"https:\/\/abilica.com\/wp-content\/uploads\/2023\/10\/Baggloves.jpg","type":"image\/jpeg"}],"twitter_card":"summary_large_image","schema":{"@context":"https:\/\/schema.org","@graph":[{"@type":"WebPage","@id":"https:\/\/abilica.com\/no\/bokseutstyr\/boksehansker\/abilica-baggloves\/","url":"https:\/\/abilica.com\/no\/bokseutstyr\/boksehansker\/abilica-baggloves\/","name":"Abilica BagGloves Abilica","isPartOf":{"@id":"https:\/\/abilica.com\/#website"},"primaryImageOfPage":{"@id":"https:\/\/abilica.com\/no\/bokseutstyr\/boksehansker\/abilica-baggloves\/#primaryimage"},"image":{"@id":"https:\/\/abilica.com\/no\/bokseutstyr\/boksehansker\/abilica-baggloves\/#primaryimage"},"thumbnailUrl":"https:\/\/abilica.com\/wp-content\/uploads\/2023\/10\/Baggloves.jpg","datePublished":"2023-10-24T10:32:15+00:00","dateModified":"2025-03-14T08:02:04+00:00","breadcrumb":{"@id":"https:\/\/abilica.com\/no\/bokseutstyr\/boksehansker\/abilica-baggloves\/#breadcrumb"},"inLanguage":"nb-NO","potentialAction":[{"@type":"ReadAction","target":["https:\/\/abilica.com\/no\/bokseutstyr\/boksehansker\/abilica-baggloves\/"]}]},{"@type":"ImageObject","inLanguage":"nb-NO","@id":"https:\/\/abilica.com\/no\/bokseutstyr\/boksehansker\/abilica-baggloves\/#primaryimage","url":"https:\/\/abilica.com\/wp-content\/uploads\/2023\/10\/Baggloves.jpg","contentUrl":"https:\/\/abilica.com\/wp-content\/uploads\/2023\/10\/Baggloves.jpg","width":1200,"height":1200},{"@type":"BreadcrumbList","@id":"https:\/\/abilica.com\/no\/bokseutstyr\/boksehansker\/abilica-baggloves\/#breadcrumb","itemListElement":[{"@type":"ListItem","position":1,"name":"Hem","item":"https:\/\/abilica.com\/no\/"},{"@type":"ListItem","position":2,"name":"Produkter","item":"https:\/\/abilica.com\/no\/shop-2\/"},{"@type":"ListItem","position":3,"name":"Abilica BagGloves"}]},{"@type":"WebSite","@id":"https:\/\/abilica.com\/#website","url":"https:\/\/abilica.com\/","name":"Abilica","description":"Abilica Home Training","potentialAction":[{"@type":"SearchAction","target":{"@type":"EntryPoint","urlTemplate":"https:\/\/abilica.com\/?s={search_term_string}"},"query-input":{"@type":"PropertyValueSpecification","valueRequired":true,"valueName":"search_term_string"}}],"inLanguage":"nb-NO"}]}},"_links":{"self":[{"href":"https:\/\/abilica.com\/no\/wp-json\/wp\/v2\/product\/62997","targetHints":{"allow":["GET"]}}],"collection":[{"href":"https:\/\/abilica.com\/no\/wp-json\/wp\/v2\/product"}],"about":[{"href":"https:\/\/abilica.com\/no\/wp-json\/wp\/v2\/types\/product"}],"wp:featuredmedia":[{"embeddable":true,"href":"https:\/\/abilica.com\/no\/wp-json\/wp\/v2\/media\/61884"}],"wp:attachment":[{"href":"https:\/\/abilica.com\/no\/wp-json\/wp\/v2\/media?parent=62997"}],"wp:term":[{"taxonomy":"product_brand","embeddable":true,"href":"https:\/\/abilica.com\/no\/wp-json\/wp\/v2\/product_brand?post=62997"},{"taxonomy":"product_cat","embeddable":true,"href":"https:\/\/abilica.com\/no\/wp-json\/wp\/v2\/product_cat?post=62997"},{"taxonomy":"product_tag","embeddable":true,"href":"https:\/\/abilica.com\/no\/wp-json\/wp\/v2\/product_tag?post=62997"}],"curies":[{"name":"wp","href":"https:\/\/api.w.org\/{rel}","templated":true}]}}