{"id":63024,"date":"2023-10-24T11:32:15","date_gmt":"2023-10-24T10:32:15","guid":{"rendered":"https:\/\/abilica.com\/uncategorized\/abilica-powerband-eco\/"},"modified":"2025-10-20T15:32:20","modified_gmt":"2025-10-20T14:32:20","slug":"abilica-powerband-eco","status":"publish","type":"product","link":"https:\/\/abilica.com\/no\/styrke\/treningsstrikk\/abilica-powerband-eco\/","title":{"rendered":"Abilica PowerBand ECO"},"content":{"rendered":"<div class=\"wpb-content-wrapper\"><p>[vc_row][vc_column][vc_column_text el_class=&raquo;product-video&raquo;]<img loading=\"lazy\" decoding=\"async\" class=\"alignnone wp-image-38205\" src=\"https:\/\/abilica.com\/no\/wp-content\/uploads\/2021\/06\/ECO-hvit.png\" alt=\"\" width=\"91\" height=\"91\" \/><img loading=\"lazy\" decoding=\"async\" class=\"alignnone wp-image-66544\" src=\"https:\/\/abilica.com\/wp-content\/uploads\/2023\/10\/Som-vist-pa-TV-150x150.png\" alt=\"\" width=\"83\" height=\"83\" srcset=\"https:\/\/abilica.com\/wp-content\/uploads\/2023\/10\/Som-vist-pa-TV-150x150.png 150w, https:\/\/abilica.com\/wp-content\/uploads\/2023\/10\/Som-vist-pa-TV-300x300.png 300w, https:\/\/abilica.com\/wp-content\/uploads\/2023\/10\/Som-vist-pa-TV-768x768.png 768w, https:\/\/abilica.com\/wp-content\/uploads\/2023\/10\/Som-vist-pa-TV-500x500.png 500w, https:\/\/abilica.com\/wp-content\/uploads\/2023\/10\/Som-vist-pa-TV-960x960.png 960w, https:\/\/abilica.com\/wp-content\/uploads\/2023\/10\/Som-vist-pa-TV-320x320.png 320w, https:\/\/abilica.com\/wp-content\/uploads\/2023\/10\/Som-vist-pa-TV.png 1304w\" sizes=\"auto, (max-width: 83px) 100vw, 83px\" \/><\/p>\n<p>Abilica PowerBand er 3 i 1 produktet! Perfekt n\u00e5r du trenger hjelp til pull ups, supert om du har en venn \u00e5 trene med, og glimrende som ekstra belastning til base\u00f8velser n\u00e5r du trener alene. Perfekt ogs\u00e5 til bruk sammen med Abilica pullups- og chinsprodukter. Lengde 1 m. og diameter 64 cm.<\/p>\n<p><b>Motstand PowerBands<br \/>\n<\/b>1 cm: 7\u00a0\u2013 28 kg<br \/>\n2 cm: 14.5 \u2013 56 kg<br \/>\n3 cm: 21.5 \u2013 84 kg<\/p>\n<div style=\"width: 640px;\" class=\"wp-video\"><!--[if lt IE 9]><script>document.createElement('video');<\/script><![endif]-->\n<video class=\"wp-video-shortcode\" id=\"video-63024-1\" width=\"640\" height=\"360\" poster=\"https:\/\/abilica.com\/wp-content\/uploads\/2023\/10\/CleanShot-2024-05-23-at-09.26.41@2x.jpg\" preload=\"metadata\" controls=\"controls\"><source type=\"video\/mp4\" src=\"https:\/\/abilica.com\/wp-content\/uploads\/2024\/05\/Abilica-PowerBands-ECO-bredde.mp4?_=1\" \/><a href=\"https:\/\/abilica.com\/wp-content\/uploads\/2024\/05\/Abilica-PowerBands-ECO-bredde.mp4\">https:\/\/abilica.com\/wp-content\/uploads\/2024\/05\/Abilica-PowerBands-ECO-bredde.mp4<\/a><\/video><\/div>\n<p>[\/vc_column_text][vc_video link=&raquo;https:\/\/vimeo.com\/736070608&#8243; align=&raquo;center&raquo;][vc_empty_space height=&raquo;52px&raquo;][\/vc_column][\/vc_row][vc_row][vc_column width=&raquo;1\/2&#8243;][vc_btn title=&raquo;Treningsprogram&raquo; style=&raquo;flat&raquo; color=&raquo;black&raquo; align=&raquo;center&raquo; i_icon_fontawesome=&raquo;fa fa-align-left&raquo; add_icon=&raquo;true&raquo; link=&raquo;url:https%3A%2F%2Fabilica.com\/no%2Ftreningsprogram%2Ftreningsprogram-abilica-powerband%2F||target:%20_blank|&raquo;][\/vc_column][vc_column width=&raquo;1\/2&#8243;][vc_btn title=&raquo;Treningstips&raquo; style=&raquo;flat&raquo; color=&raquo;black&raquo; align=&raquo;center&raquo; i_icon_fontawesome=&raquo;fa fa-align-left&raquo; add_icon=&raquo;true&raquo; link=&raquo;url:https%3A%2F%2Fabilica.com%2Fno%2Ftreningsartikler%2Fstyrke%2Ftren-hele-kroppen-med-strikk%2F||target:%20_blank|&raquo;][\/vc_column][\/vc_row]<\/p>\n<\/div>","protected":false},"excerpt":{"rendered":"<p>[vc_row][vc_column][vc_column_text el_class=&raquo;product-video&raquo;] Abilica PowerBand er 3 i 1 produktet! Perfekt n\u00e5r du trenger hjelp til&#8230;<\/p>\n","protected":false},"featured_media":61902,"template":"","meta":{"_acf_changed":false},"product_brand":[],"product_cat":[422,435],"product_tag":[546,560,562,550,551,177,520,179],"class_list":{"0":"post-63024","1":"product","2":"type-product","3":"status-publish","4":"has-post-thumbnail","6":"product_cat-styrke","7":"product_cat-treningsstrikk","8":"product_tag-abilica-pregnancy-no","9":"product_tag-circle-no","10":"product_tag-crossfit-no","11":"product_tag-eco-friendly-no","12":"product_tag-garage-gym-no","13":"product_tag-small-items","14":"product_tag-styrketrening","15":"product_tag-summer-workout","17":"first","18":"outofstock","19":"product-type-variable"},"acf":[],"yoast_head":"<!-- This site is optimized with the Yoast SEO Premium plugin v21.1 (Yoast SEO v25.4) - https:\/\/yoast.com\/wordpress\/plugins\/seo\/ -->\n<title>Abilica PowerBand ECO Abilica<\/title>\n<meta name=\"robots\" content=\"index, follow, max-snippet:-1, max-image-preview:large, max-video-preview:-1\" \/>\n<link rel=\"canonical\" href=\"https:\/\/abilica.com\/no\/styrke\/treningsstrikk\/abilica-powerband-eco\/\" \/>\n<meta property=\"og:locale\" content=\"nb_NO\" \/>\n<meta property=\"og:type\" content=\"article\" \/>\n<meta property=\"og:title\" content=\"Abilica PowerBand ECO\" \/>\n<meta property=\"og:description\" content=\"[vc_row][vc_column][vc_column_text el_class=&raquo;product-video&raquo;] Abilica PowerBand er 3 i 1 produktet! Perfekt n\u00e5r du trenger hjelp til...\" \/>\n<meta property=\"og:url\" content=\"https:\/\/abilica.com\/no\/styrke\/treningsstrikk\/abilica-powerband-eco\/\" \/>\n<meta property=\"og:site_name\" content=\"Abilica\" \/>\n<meta property=\"article:publisher\" content=\"https:\/\/www.facebook.com\/abilicahometraining\/\" \/>\n<meta property=\"article:modified_time\" content=\"2025-10-20T14:32:20+00:00\" \/>\n<meta property=\"og:image\" content=\"https:\/\/abilica.com\/wp-content\/uploads\/2023\/10\/Powerband-ECO.jpg\" \/>\n\t<meta property=\"og:image:width\" content=\"1200\" \/>\n\t<meta property=\"og:image:height\" content=\"1200\" \/>\n\t<meta property=\"og:image:type\" content=\"image\/jpeg\" \/>\n<meta name=\"twitter:card\" content=\"summary_large_image\" \/>\n<meta name=\"twitter:label1\" content=\"Ansl. lesetid\" \/>\n\t<meta name=\"twitter:data1\" content=\"1 minutt\" \/>\n<script type=\"application\/ld+json\" class=\"yoast-schema-graph\">{\"@context\":\"https:\/\/schema.org\",\"@graph\":[{\"@type\":\"WebPage\",\"@id\":\"https:\/\/abilica.com\/no\/styrke\/treningsstrikk\/abilica-powerband-eco\/\",\"url\":\"https:\/\/abilica.com\/no\/styrke\/treningsstrikk\/abilica-powerband-eco\/\",\"name\":\"Abilica PowerBand ECO Abilica\",\"isPartOf\":{\"@id\":\"https:\/\/abilica.com\/#website\"},\"primaryImageOfPage\":{\"@id\":\"https:\/\/abilica.com\/no\/styrke\/treningsstrikk\/abilica-powerband-eco\/#primaryimage\"},\"image\":{\"@id\":\"https:\/\/abilica.com\/no\/styrke\/treningsstrikk\/abilica-powerband-eco\/#primaryimage\"},\"thumbnailUrl\":\"https:\/\/abilica.com\/wp-content\/uploads\/2023\/10\/Powerband-ECO.jpg\",\"datePublished\":\"2023-10-24T10:32:15+00:00\",\"dateModified\":\"2025-10-20T14:32:20+00:00\",\"breadcrumb\":{\"@id\":\"https:\/\/abilica.com\/no\/styrke\/treningsstrikk\/abilica-powerband-eco\/#breadcrumb\"},\"inLanguage\":\"nb-NO\",\"potentialAction\":[{\"@type\":\"ReadAction\",\"target\":[\"https:\/\/abilica.com\/no\/styrke\/treningsstrikk\/abilica-powerband-eco\/\"]}]},{\"@type\":\"ImageObject\",\"inLanguage\":\"nb-NO\",\"@id\":\"https:\/\/abilica.com\/no\/styrke\/treningsstrikk\/abilica-powerband-eco\/#primaryimage\",\"url\":\"https:\/\/abilica.com\/wp-content\/uploads\/2023\/10\/Powerband-ECO.jpg\",\"contentUrl\":\"https:\/\/abilica.com\/wp-content\/uploads\/2023\/10\/Powerband-ECO.jpg\",\"width\":1200,\"height\":1200},{\"@type\":\"BreadcrumbList\",\"@id\":\"https:\/\/abilica.com\/no\/styrke\/treningsstrikk\/abilica-powerband-eco\/#breadcrumb\",\"itemListElement\":[{\"@type\":\"ListItem\",\"position\":1,\"name\":\"Hem\",\"item\":\"https:\/\/abilica.com\/no\/\"},{\"@type\":\"ListItem\",\"position\":2,\"name\":\"Produkter\",\"item\":\"https:\/\/abilica.com\/no\/shop-2\/\"},{\"@type\":\"ListItem\",\"position\":3,\"name\":\"Abilica PowerBand ECO\"}]},{\"@type\":\"WebSite\",\"@id\":\"https:\/\/abilica.com\/#website\",\"url\":\"https:\/\/abilica.com\/\",\"name\":\"Abilica\",\"description\":\"Abilica Home Training\",\"potentialAction\":[{\"@type\":\"SearchAction\",\"target\":{\"@type\":\"EntryPoint\",\"urlTemplate\":\"https:\/\/abilica.com\/?s={search_term_string}\"},\"query-input\":{\"@type\":\"PropertyValueSpecification\",\"valueRequired\":true,\"valueName\":\"search_term_string\"}}],\"inLanguage\":\"nb-NO\"}]}<\/script>\n<!-- \/ Yoast SEO Premium plugin. -->","yoast_head_json":{"title":"Abilica PowerBand ECO Abilica","robots":{"index":"index","follow":"follow","max-snippet":"max-snippet:-1","max-image-preview":"max-image-preview:large","max-video-preview":"max-video-preview:-1"},"canonical":"https:\/\/abilica.com\/no\/styrke\/treningsstrikk\/abilica-powerband-eco\/","og_locale":"nb_NO","og_type":"article","og_title":"Abilica PowerBand ECO","og_description":"[vc_row][vc_column][vc_column_text el_class=&raquo;product-video&raquo;] Abilica PowerBand er 3 i 1 produktet! Perfekt n\u00e5r du trenger hjelp til...","og_url":"https:\/\/abilica.com\/no\/styrke\/treningsstrikk\/abilica-powerband-eco\/","og_site_name":"Abilica","article_publisher":"https:\/\/www.facebook.com\/abilicahometraining\/","article_modified_time":"2025-10-20T14:32:20+00:00","og_image":[{"width":1200,"height":1200,"url":"https:\/\/abilica.com\/wp-content\/uploads\/2023\/10\/Powerband-ECO.jpg","type":"image\/jpeg"}],"twitter_card":"summary_large_image","twitter_misc":{"Ansl. lesetid":"1 minutt"},"schema":{"@context":"https:\/\/schema.org","@graph":[{"@type":"WebPage","@id":"https:\/\/abilica.com\/no\/styrke\/treningsstrikk\/abilica-powerband-eco\/","url":"https:\/\/abilica.com\/no\/styrke\/treningsstrikk\/abilica-powerband-eco\/","name":"Abilica PowerBand ECO Abilica","isPartOf":{"@id":"https:\/\/abilica.com\/#website"},"primaryImageOfPage":{"@id":"https:\/\/abilica.com\/no\/styrke\/treningsstrikk\/abilica-powerband-eco\/#primaryimage"},"image":{"@id":"https:\/\/abilica.com\/no\/styrke\/treningsstrikk\/abilica-powerband-eco\/#primaryimage"},"thumbnailUrl":"https:\/\/abilica.com\/wp-content\/uploads\/2023\/10\/Powerband-ECO.jpg","datePublished":"2023-10-24T10:32:15+00:00","dateModified":"2025-10-20T14:32:20+00:00","breadcrumb":{"@id":"https:\/\/abilica.com\/no\/styrke\/treningsstrikk\/abilica-powerband-eco\/#breadcrumb"},"inLanguage":"nb-NO","potentialAction":[{"@type":"ReadAction","target":["https:\/\/abilica.com\/no\/styrke\/treningsstrikk\/abilica-powerband-eco\/"]}]},{"@type":"ImageObject","inLanguage":"nb-NO","@id":"https:\/\/abilica.com\/no\/styrke\/treningsstrikk\/abilica-powerband-eco\/#primaryimage","url":"https:\/\/abilica.com\/wp-content\/uploads\/2023\/10\/Powerband-ECO.jpg","contentUrl":"https:\/\/abilica.com\/wp-content\/uploads\/2023\/10\/Powerband-ECO.jpg","width":1200,"height":1200},{"@type":"BreadcrumbList","@id":"https:\/\/abilica.com\/no\/styrke\/treningsstrikk\/abilica-powerband-eco\/#breadcrumb","itemListElement":[{"@type":"ListItem","position":1,"name":"Hem","item":"https:\/\/abilica.com\/no\/"},{"@type":"ListItem","position":2,"name":"Produkter","item":"https:\/\/abilica.com\/no\/shop-2\/"},{"@type":"ListItem","position":3,"name":"Abilica PowerBand ECO"}]},{"@type":"WebSite","@id":"https:\/\/abilica.com\/#website","url":"https:\/\/abilica.com\/","name":"Abilica","description":"Abilica Home Training","potentialAction":[{"@type":"SearchAction","target":{"@type":"EntryPoint","urlTemplate":"https:\/\/abilica.com\/?s={search_term_string}"},"query-input":{"@type":"PropertyValueSpecification","valueRequired":true,"valueName":"search_term_string"}}],"inLanguage":"nb-NO"}]}},"_links":{"self":[{"href":"https:\/\/abilica.com\/no\/wp-json\/wp\/v2\/product\/63024","targetHints":{"allow":["GET"]}}],"collection":[{"href":"https:\/\/abilica.com\/no\/wp-json\/wp\/v2\/product"}],"about":[{"href":"https:\/\/abilica.com\/no\/wp-json\/wp\/v2\/types\/product"}],"wp:featuredmedia":[{"embeddable":true,"href":"https:\/\/abilica.com\/no\/wp-json\/wp\/v2\/media\/61902"}],"wp:attachment":[{"href":"https:\/\/abilica.com\/no\/wp-json\/wp\/v2\/media?parent=63024"}],"wp:term":[{"taxonomy":"product_brand","embeddable":true,"href":"https:\/\/abilica.com\/no\/wp-json\/wp\/v2\/product_brand?post=63024"},{"taxonomy":"product_cat","embeddable":true,"href":"https:\/\/abilica.com\/no\/wp-json\/wp\/v2\/product_cat?post=63024"},{"taxonomy":"product_tag","embeddable":true,"href":"https:\/\/abilica.com\/no\/wp-json\/wp\/v2\/product_tag?post=63024"}],"curies":[{"name":"wp","href":"https:\/\/api.w.org\/{rel}","templated":true}]}}