{"id":63087,"date":"2023-10-24T11:32:28","date_gmt":"2023-10-24T10:32:28","guid":{"rendered":"https:\/\/abilica.com\/uncategorized\/abilica-premium-weightbench\/"},"modified":"2025-09-12T14:09:50","modified_gmt":"2025-09-12T13:09:50","slug":"abilica-premium-weightbench","status":"publish","type":"product","link":"https:\/\/abilica.com\/no\/styrke\/treningsbenk\/abilica-premium-weightbench\/","title":{"rendered":"Abilica Premium WeightBench"},"content":{"rendered":"<div class=\"wpb-content-wrapper\"><p>[vc_row][vc_column][vc_column_text]Kraftig treningsbenk som t\u00e5ler mye og tung bruk. En treningsbenk gj\u00f8r det mulig \u00e5 gjennomf\u00f8re en rekke standard styrke\u00f8velser p\u00e5 en riktig og effektiv m\u00e5te. T\u00e5ler belastning helt opp til 750 kg.\u00a0Bredde p\u00e5 puta: 26 cm Lengde p\u00e5 puta: 110 cm H\u00f8yde: 48 cm Bredde total: 56 cm[\/vc_column_text][vc_empty_space height=&raquo;52px&raquo;][vc_btn title=&raquo;Teknisk informasjon&raquo; style=&raquo;flat&raquo; color=&raquo;black&raquo; i_icon_fontawesome=&raquo;&raquo; add_icon=&raquo;true&raquo; link=&raquo;url:https%3A%2F%2Fabilica.com%2Fno%2Fwp-content%2Fuploads%2F2021%2F06%2FBenker-mulitgym-osv-UK-1.pdf&raquo;][vc_btn title=&raquo;Brukermanual&raquo; style=&raquo;flat&raquo; color=&raquo;black&raquo; i_icon_fontawesome=&raquo;fa fa-file-pdf-o&raquo; add_icon=&raquo;true&raquo; link=&raquo;url:https%3A%2F%2Fabilica.com%2Fno%2Fwp-content%2Fuploads%2F2020%2F12%2FAbilica-Premium-WeightBench.pdf|||&raquo;][vc_btn title=&raquo;Vedlikeholdstips&raquo; style=&raquo;flat&raquo; color=&raquo;black&raquo; i_icon_fontawesome=&raquo;fa fa-align-left&raquo; add_icon=&raquo;true&raquo; link=&raquo;url:https%3A%2F%2Fabilica.com%2Fno%2Ftreningsartikler%2Fkondisjon%2Fvedlikehold-av-treningsapparater%2F|||&raquo;][\/vc_column][\/vc_row]<\/p>\n<\/div>","protected":false},"excerpt":{"rendered":"<p>[vc_row][vc_column][vc_column_text]Kraftig treningsbenk som t\u00e5ler mye og tung bruk. En treningsbenk gj\u00f8r det mulig \u00e5 gjennomf\u00f8re&#8230;<\/p>\n","protected":false},"featured_media":61944,"template":"","meta":{"_acf_changed":false},"product_brand":[],"product_cat":[422,431],"product_tag":[520],"class_list":{"0":"post-63087","1":"product","2":"type-product","3":"status-publish","4":"has-post-thumbnail","6":"product_cat-styrke","7":"product_cat-treningsbenk","8":"product_tag-styrketrening","10":"first","11":"instock","12":"product-type-simple"},"acf":[],"yoast_head":"<!-- This site is optimized with the Yoast SEO Premium plugin v21.1 (Yoast SEO v25.4) - https:\/\/yoast.com\/wordpress\/plugins\/seo\/ -->\n<title>Abilica Premium WeightBench Abilica<\/title>\n<meta name=\"robots\" content=\"index, follow, max-snippet:-1, max-image-preview:large, max-video-preview:-1\" \/>\n<link rel=\"canonical\" href=\"https:\/\/abilica.com\/no\/styrke\/treningsbenk\/abilica-premium-weightbench\/\" \/>\n<meta property=\"og:locale\" content=\"nb_NO\" \/>\n<meta property=\"og:type\" content=\"article\" \/>\n<meta property=\"og:title\" content=\"Abilica Premium WeightBench\" \/>\n<meta property=\"og:description\" content=\"[vc_row][vc_column][vc_column_text]Kraftig treningsbenk som t\u00e5ler mye og tung bruk. En treningsbenk gj\u00f8r det mulig \u00e5 gjennomf\u00f8re...\" \/>\n<meta property=\"og:url\" content=\"https:\/\/abilica.com\/no\/styrke\/treningsbenk\/abilica-premium-weightbench\/\" \/>\n<meta property=\"og:site_name\" content=\"Abilica\" \/>\n<meta property=\"article:publisher\" content=\"https:\/\/www.facebook.com\/abilicahometraining\/\" \/>\n<meta property=\"article:modified_time\" content=\"2025-09-12T13:09:50+00:00\" \/>\n<meta property=\"og:image\" content=\"https:\/\/abilica.com\/wp-content\/uploads\/2023\/10\/300307.jpg\" \/>\n\t<meta property=\"og:image:width\" content=\"1200\" \/>\n\t<meta property=\"og:image:height\" content=\"1200\" \/>\n\t<meta property=\"og:image:type\" content=\"image\/jpeg\" \/>\n<meta name=\"twitter:card\" content=\"summary_large_image\" \/>\n<meta name=\"twitter:label1\" content=\"Ansl. lesetid\" \/>\n\t<meta name=\"twitter:data1\" content=\"1 minutt\" \/>\n<script type=\"application\/ld+json\" class=\"yoast-schema-graph\">{\"@context\":\"https:\/\/schema.org\",\"@graph\":[{\"@type\":\"WebPage\",\"@id\":\"https:\/\/abilica.com\/no\/styrke\/treningsbenk\/abilica-premium-weightbench\/\",\"url\":\"https:\/\/abilica.com\/no\/styrke\/treningsbenk\/abilica-premium-weightbench\/\",\"name\":\"Abilica Premium WeightBench Abilica\",\"isPartOf\":{\"@id\":\"https:\/\/abilica.com\/#website\"},\"primaryImageOfPage\":{\"@id\":\"https:\/\/abilica.com\/no\/styrke\/treningsbenk\/abilica-premium-weightbench\/#primaryimage\"},\"image\":{\"@id\":\"https:\/\/abilica.com\/no\/styrke\/treningsbenk\/abilica-premium-weightbench\/#primaryimage\"},\"thumbnailUrl\":\"https:\/\/abilica.com\/wp-content\/uploads\/2023\/10\/300307.jpg\",\"datePublished\":\"2023-10-24T10:32:28+00:00\",\"dateModified\":\"2025-09-12T13:09:50+00:00\",\"breadcrumb\":{\"@id\":\"https:\/\/abilica.com\/no\/styrke\/treningsbenk\/abilica-premium-weightbench\/#breadcrumb\"},\"inLanguage\":\"nb-NO\",\"potentialAction\":[{\"@type\":\"ReadAction\",\"target\":[\"https:\/\/abilica.com\/no\/styrke\/treningsbenk\/abilica-premium-weightbench\/\"]}]},{\"@type\":\"ImageObject\",\"inLanguage\":\"nb-NO\",\"@id\":\"https:\/\/abilica.com\/no\/styrke\/treningsbenk\/abilica-premium-weightbench\/#primaryimage\",\"url\":\"https:\/\/abilica.com\/wp-content\/uploads\/2023\/10\/300307.jpg\",\"contentUrl\":\"https:\/\/abilica.com\/wp-content\/uploads\/2023\/10\/300307.jpg\",\"width\":1200,\"height\":1200},{\"@type\":\"BreadcrumbList\",\"@id\":\"https:\/\/abilica.com\/no\/styrke\/treningsbenk\/abilica-premium-weightbench\/#breadcrumb\",\"itemListElement\":[{\"@type\":\"ListItem\",\"position\":1,\"name\":\"Hem\",\"item\":\"https:\/\/abilica.com\/no\/\"},{\"@type\":\"ListItem\",\"position\":2,\"name\":\"Produkter\",\"item\":\"https:\/\/abilica.com\/no\/shop-2\/\"},{\"@type\":\"ListItem\",\"position\":3,\"name\":\"Abilica Premium WeightBench\"}]},{\"@type\":\"WebSite\",\"@id\":\"https:\/\/abilica.com\/#website\",\"url\":\"https:\/\/abilica.com\/\",\"name\":\"Abilica\",\"description\":\"Abilica Home Training\",\"potentialAction\":[{\"@type\":\"SearchAction\",\"target\":{\"@type\":\"EntryPoint\",\"urlTemplate\":\"https:\/\/abilica.com\/?s={search_term_string}\"},\"query-input\":{\"@type\":\"PropertyValueSpecification\",\"valueRequired\":true,\"valueName\":\"search_term_string\"}}],\"inLanguage\":\"nb-NO\"}]}<\/script>\n<!-- \/ Yoast SEO Premium plugin. -->","yoast_head_json":{"title":"Abilica Premium WeightBench Abilica","robots":{"index":"index","follow":"follow","max-snippet":"max-snippet:-1","max-image-preview":"max-image-preview:large","max-video-preview":"max-video-preview:-1"},"canonical":"https:\/\/abilica.com\/no\/styrke\/treningsbenk\/abilica-premium-weightbench\/","og_locale":"nb_NO","og_type":"article","og_title":"Abilica Premium WeightBench","og_description":"[vc_row][vc_column][vc_column_text]Kraftig treningsbenk som t\u00e5ler mye og tung bruk. En treningsbenk gj\u00f8r det mulig \u00e5 gjennomf\u00f8re...","og_url":"https:\/\/abilica.com\/no\/styrke\/treningsbenk\/abilica-premium-weightbench\/","og_site_name":"Abilica","article_publisher":"https:\/\/www.facebook.com\/abilicahometraining\/","article_modified_time":"2025-09-12T13:09:50+00:00","og_image":[{"width":1200,"height":1200,"url":"https:\/\/abilica.com\/wp-content\/uploads\/2023\/10\/300307.jpg","type":"image\/jpeg"}],"twitter_card":"summary_large_image","twitter_misc":{"Ansl. lesetid":"1 minutt"},"schema":{"@context":"https:\/\/schema.org","@graph":[{"@type":"WebPage","@id":"https:\/\/abilica.com\/no\/styrke\/treningsbenk\/abilica-premium-weightbench\/","url":"https:\/\/abilica.com\/no\/styrke\/treningsbenk\/abilica-premium-weightbench\/","name":"Abilica Premium WeightBench Abilica","isPartOf":{"@id":"https:\/\/abilica.com\/#website"},"primaryImageOfPage":{"@id":"https:\/\/abilica.com\/no\/styrke\/treningsbenk\/abilica-premium-weightbench\/#primaryimage"},"image":{"@id":"https:\/\/abilica.com\/no\/styrke\/treningsbenk\/abilica-premium-weightbench\/#primaryimage"},"thumbnailUrl":"https:\/\/abilica.com\/wp-content\/uploads\/2023\/10\/300307.jpg","datePublished":"2023-10-24T10:32:28+00:00","dateModified":"2025-09-12T13:09:50+00:00","breadcrumb":{"@id":"https:\/\/abilica.com\/no\/styrke\/treningsbenk\/abilica-premium-weightbench\/#breadcrumb"},"inLanguage":"nb-NO","potentialAction":[{"@type":"ReadAction","target":["https:\/\/abilica.com\/no\/styrke\/treningsbenk\/abilica-premium-weightbench\/"]}]},{"@type":"ImageObject","inLanguage":"nb-NO","@id":"https:\/\/abilica.com\/no\/styrke\/treningsbenk\/abilica-premium-weightbench\/#primaryimage","url":"https:\/\/abilica.com\/wp-content\/uploads\/2023\/10\/300307.jpg","contentUrl":"https:\/\/abilica.com\/wp-content\/uploads\/2023\/10\/300307.jpg","width":1200,"height":1200},{"@type":"BreadcrumbList","@id":"https:\/\/abilica.com\/no\/styrke\/treningsbenk\/abilica-premium-weightbench\/#breadcrumb","itemListElement":[{"@type":"ListItem","position":1,"name":"Hem","item":"https:\/\/abilica.com\/no\/"},{"@type":"ListItem","position":2,"name":"Produkter","item":"https:\/\/abilica.com\/no\/shop-2\/"},{"@type":"ListItem","position":3,"name":"Abilica Premium WeightBench"}]},{"@type":"WebSite","@id":"https:\/\/abilica.com\/#website","url":"https:\/\/abilica.com\/","name":"Abilica","description":"Abilica Home Training","potentialAction":[{"@type":"SearchAction","target":{"@type":"EntryPoint","urlTemplate":"https:\/\/abilica.com\/?s={search_term_string}"},"query-input":{"@type":"PropertyValueSpecification","valueRequired":true,"valueName":"search_term_string"}}],"inLanguage":"nb-NO"}]}},"_links":{"self":[{"href":"https:\/\/abilica.com\/no\/wp-json\/wp\/v2\/product\/63087","targetHints":{"allow":["GET"]}}],"collection":[{"href":"https:\/\/abilica.com\/no\/wp-json\/wp\/v2\/product"}],"about":[{"href":"https:\/\/abilica.com\/no\/wp-json\/wp\/v2\/types\/product"}],"wp:featuredmedia":[{"embeddable":true,"href":"https:\/\/abilica.com\/no\/wp-json\/wp\/v2\/media\/61944"}],"wp:attachment":[{"href":"https:\/\/abilica.com\/no\/wp-json\/wp\/v2\/media?parent=63087"}],"wp:term":[{"taxonomy":"product_brand","embeddable":true,"href":"https:\/\/abilica.com\/no\/wp-json\/wp\/v2\/product_brand?post=63087"},{"taxonomy":"product_cat","embeddable":true,"href":"https:\/\/abilica.com\/no\/wp-json\/wp\/v2\/product_cat?post=63087"},{"taxonomy":"product_tag","embeddable":true,"href":"https:\/\/abilica.com\/no\/wp-json\/wp\/v2\/product_tag?post=63087"}],"curies":[{"name":"wp","href":"https:\/\/api.w.org\/{rel}","templated":true}]}}