{"id":63111,"date":"2023-10-24T11:32:28","date_gmt":"2023-10-24T10:32:28","guid":{"rendered":"https:\/\/abilica.com\/uncategorized\/abilica-kippingbar\/"},"modified":"2024-04-05T13:06:03","modified_gmt":"2024-04-05T12:06:03","slug":"abilica-kippingbar","status":"publish","type":"product","link":"https:\/\/abilica.com\/no\/styrke\/abilica-kippingbar\/","title":{"rendered":"Abilica KippingBar"},"content":{"rendered":"<p>Kipping Bar f\u00f6r att montera p\u00e5 Abilica Cage Trainer. Tillverkad av kraftigt galvaniserat st\u00e5l precis som huvudstativet, och t\u00e5l samma typ av anv\u00e4ndning och lagring utomhus i allt v\u00e4der. L\u00e4tt att ansluta till Abilica Cage Trainer utan anv\u00e4ndning av skruvar eller bultar genom ett system som sitter v\u00e4l till alla typer av \u00f6vningar. Monterad utv\u00e4ndig f\u00f6r att uppn\u00e5 det n\u00f6dv\u00e4ndiga utrymme som kr\u00e4vs f\u00f6r att ut\u00f6va den ikoniska \u00f6vningen &laquo;muscle-up&raquo;, som p\u00e5 m\u00e5nga s\u00e4tt definierar vilken niv\u00e5 du \u00e4r p\u00e5 inom crossfit tr\u00e4ning.<\/p>\n","protected":false},"excerpt":{"rendered":"<p>Tilleggsutstyr for de aller t\u00f8ffeste.<\/p>\n","protected":false},"featured_media":61960,"template":"","meta":{"_acf_changed":false},"product_brand":[],"product_cat":[422],"product_tag":[562,557],"class_list":{"0":"post-63111","1":"product","2":"type-product","3":"status-publish","4":"has-post-thumbnail","6":"product_cat-styrke","7":"product_tag-crossfit-no","8":"product_tag-nyheter-no","10":"first","11":"outofstock","12":"product-type-simple"},"acf":[],"yoast_head":"<!-- This site is optimized with the Yoast SEO Premium plugin v21.1 (Yoast SEO v25.4) - https:\/\/yoast.com\/wordpress\/plugins\/seo\/ -->\n<title>Abilica KippingBar Abilica<\/title>\n<meta name=\"robots\" content=\"index, follow, max-snippet:-1, max-image-preview:large, max-video-preview:-1\" \/>\n<link rel=\"canonical\" href=\"https:\/\/abilica.com\/no\/styrke\/abilica-kippingbar\/\" \/>\n<meta property=\"og:locale\" content=\"nb_NO\" \/>\n<meta property=\"og:type\" content=\"article\" \/>\n<meta property=\"og:title\" content=\"Abilica KippingBar\" \/>\n<meta property=\"og:description\" content=\"Tilleggsutstyr for de aller t\u00f8ffeste.\" \/>\n<meta property=\"og:url\" content=\"https:\/\/abilica.com\/no\/styrke\/abilica-kippingbar\/\" \/>\n<meta property=\"og:site_name\" content=\"Abilica\" \/>\n<meta property=\"article:publisher\" content=\"https:\/\/www.facebook.com\/abilicahometraining\/\" \/>\n<meta property=\"article:modified_time\" content=\"2024-04-05T12:06:03+00:00\" \/>\n<meta property=\"og:image\" content=\"https:\/\/abilica.com\/wp-content\/uploads\/2023\/10\/300582.jpg\" \/>\n\t<meta property=\"og:image:width\" content=\"1200\" \/>\n\t<meta property=\"og:image:height\" content=\"1200\" \/>\n\t<meta property=\"og:image:type\" content=\"image\/jpeg\" \/>\n<meta name=\"twitter:card\" content=\"summary_large_image\" \/>\n<meta name=\"twitter:label1\" content=\"Ansl. lesetid\" \/>\n\t<meta name=\"twitter:data1\" content=\"1 minutt\" \/>\n<script type=\"application\/ld+json\" class=\"yoast-schema-graph\">{\"@context\":\"https:\/\/schema.org\",\"@graph\":[{\"@type\":\"WebPage\",\"@id\":\"https:\/\/abilica.com\/no\/styrke\/abilica-kippingbar\/\",\"url\":\"https:\/\/abilica.com\/no\/styrke\/abilica-kippingbar\/\",\"name\":\"Abilica KippingBar Abilica\",\"isPartOf\":{\"@id\":\"https:\/\/abilica.com\/#website\"},\"primaryImageOfPage\":{\"@id\":\"https:\/\/abilica.com\/no\/styrke\/abilica-kippingbar\/#primaryimage\"},\"image\":{\"@id\":\"https:\/\/abilica.com\/no\/styrke\/abilica-kippingbar\/#primaryimage\"},\"thumbnailUrl\":\"https:\/\/abilica.com\/wp-content\/uploads\/2023\/10\/300582.jpg\",\"datePublished\":\"2023-10-24T10:32:28+00:00\",\"dateModified\":\"2024-04-05T12:06:03+00:00\",\"breadcrumb\":{\"@id\":\"https:\/\/abilica.com\/no\/styrke\/abilica-kippingbar\/#breadcrumb\"},\"inLanguage\":\"nb-NO\",\"potentialAction\":[{\"@type\":\"ReadAction\",\"target\":[\"https:\/\/abilica.com\/no\/styrke\/abilica-kippingbar\/\"]}]},{\"@type\":\"ImageObject\",\"inLanguage\":\"nb-NO\",\"@id\":\"https:\/\/abilica.com\/no\/styrke\/abilica-kippingbar\/#primaryimage\",\"url\":\"https:\/\/abilica.com\/wp-content\/uploads\/2023\/10\/300582.jpg\",\"contentUrl\":\"https:\/\/abilica.com\/wp-content\/uploads\/2023\/10\/300582.jpg\",\"width\":1200,\"height\":1200},{\"@type\":\"BreadcrumbList\",\"@id\":\"https:\/\/abilica.com\/no\/styrke\/abilica-kippingbar\/#breadcrumb\",\"itemListElement\":[{\"@type\":\"ListItem\",\"position\":1,\"name\":\"Hem\",\"item\":\"https:\/\/abilica.com\/no\/\"},{\"@type\":\"ListItem\",\"position\":2,\"name\":\"Produkter\",\"item\":\"https:\/\/abilica.com\/no\/shop-2\/\"},{\"@type\":\"ListItem\",\"position\":3,\"name\":\"Abilica KippingBar\"}]},{\"@type\":\"WebSite\",\"@id\":\"https:\/\/abilica.com\/#website\",\"url\":\"https:\/\/abilica.com\/\",\"name\":\"Abilica\",\"description\":\"Abilica Home Training\",\"potentialAction\":[{\"@type\":\"SearchAction\",\"target\":{\"@type\":\"EntryPoint\",\"urlTemplate\":\"https:\/\/abilica.com\/?s={search_term_string}\"},\"query-input\":{\"@type\":\"PropertyValueSpecification\",\"valueRequired\":true,\"valueName\":\"search_term_string\"}}],\"inLanguage\":\"nb-NO\"}]}<\/script>\n<!-- \/ Yoast SEO Premium plugin. -->","yoast_head_json":{"title":"Abilica KippingBar Abilica","robots":{"index":"index","follow":"follow","max-snippet":"max-snippet:-1","max-image-preview":"max-image-preview:large","max-video-preview":"max-video-preview:-1"},"canonical":"https:\/\/abilica.com\/no\/styrke\/abilica-kippingbar\/","og_locale":"nb_NO","og_type":"article","og_title":"Abilica KippingBar","og_description":"Tilleggsutstyr for de aller t\u00f8ffeste.","og_url":"https:\/\/abilica.com\/no\/styrke\/abilica-kippingbar\/","og_site_name":"Abilica","article_publisher":"https:\/\/www.facebook.com\/abilicahometraining\/","article_modified_time":"2024-04-05T12:06:03+00:00","og_image":[{"width":1200,"height":1200,"url":"https:\/\/abilica.com\/wp-content\/uploads\/2023\/10\/300582.jpg","type":"image\/jpeg"}],"twitter_card":"summary_large_image","twitter_misc":{"Ansl. lesetid":"1 minutt"},"schema":{"@context":"https:\/\/schema.org","@graph":[{"@type":"WebPage","@id":"https:\/\/abilica.com\/no\/styrke\/abilica-kippingbar\/","url":"https:\/\/abilica.com\/no\/styrke\/abilica-kippingbar\/","name":"Abilica KippingBar Abilica","isPartOf":{"@id":"https:\/\/abilica.com\/#website"},"primaryImageOfPage":{"@id":"https:\/\/abilica.com\/no\/styrke\/abilica-kippingbar\/#primaryimage"},"image":{"@id":"https:\/\/abilica.com\/no\/styrke\/abilica-kippingbar\/#primaryimage"},"thumbnailUrl":"https:\/\/abilica.com\/wp-content\/uploads\/2023\/10\/300582.jpg","datePublished":"2023-10-24T10:32:28+00:00","dateModified":"2024-04-05T12:06:03+00:00","breadcrumb":{"@id":"https:\/\/abilica.com\/no\/styrke\/abilica-kippingbar\/#breadcrumb"},"inLanguage":"nb-NO","potentialAction":[{"@type":"ReadAction","target":["https:\/\/abilica.com\/no\/styrke\/abilica-kippingbar\/"]}]},{"@type":"ImageObject","inLanguage":"nb-NO","@id":"https:\/\/abilica.com\/no\/styrke\/abilica-kippingbar\/#primaryimage","url":"https:\/\/abilica.com\/wp-content\/uploads\/2023\/10\/300582.jpg","contentUrl":"https:\/\/abilica.com\/wp-content\/uploads\/2023\/10\/300582.jpg","width":1200,"height":1200},{"@type":"BreadcrumbList","@id":"https:\/\/abilica.com\/no\/styrke\/abilica-kippingbar\/#breadcrumb","itemListElement":[{"@type":"ListItem","position":1,"name":"Hem","item":"https:\/\/abilica.com\/no\/"},{"@type":"ListItem","position":2,"name":"Produkter","item":"https:\/\/abilica.com\/no\/shop-2\/"},{"@type":"ListItem","position":3,"name":"Abilica KippingBar"}]},{"@type":"WebSite","@id":"https:\/\/abilica.com\/#website","url":"https:\/\/abilica.com\/","name":"Abilica","description":"Abilica Home Training","potentialAction":[{"@type":"SearchAction","target":{"@type":"EntryPoint","urlTemplate":"https:\/\/abilica.com\/?s={search_term_string}"},"query-input":{"@type":"PropertyValueSpecification","valueRequired":true,"valueName":"search_term_string"}}],"inLanguage":"nb-NO"}]}},"_links":{"self":[{"href":"https:\/\/abilica.com\/no\/wp-json\/wp\/v2\/product\/63111","targetHints":{"allow":["GET"]}}],"collection":[{"href":"https:\/\/abilica.com\/no\/wp-json\/wp\/v2\/product"}],"about":[{"href":"https:\/\/abilica.com\/no\/wp-json\/wp\/v2\/types\/product"}],"wp:featuredmedia":[{"embeddable":true,"href":"https:\/\/abilica.com\/no\/wp-json\/wp\/v2\/media\/61960"}],"wp:attachment":[{"href":"https:\/\/abilica.com\/no\/wp-json\/wp\/v2\/media?parent=63111"}],"wp:term":[{"taxonomy":"product_brand","embeddable":true,"href":"https:\/\/abilica.com\/no\/wp-json\/wp\/v2\/product_brand?post=63111"},{"taxonomy":"product_cat","embeddable":true,"href":"https:\/\/abilica.com\/no\/wp-json\/wp\/v2\/product_cat?post=63111"},{"taxonomy":"product_tag","embeddable":true,"href":"https:\/\/abilica.com\/no\/wp-json\/wp\/v2\/product_tag?post=63111"}],"curies":[{"name":"wp","href":"https:\/\/api.w.org\/{rel}","templated":true}]}}