{"id":63120,"date":"2023-10-24T11:32:42","date_gmt":"2023-10-24T10:32:42","guid":{"rendered":"https:\/\/abilica.com\/uncategorized\/abilica-weightvest-flexi\/"},"modified":"2025-11-20T08:54:34","modified_gmt":"2025-11-20T07:54:34","slug":"abilica-weightvest-flexi","status":"publish","type":"product","link":"https:\/\/abilica.com\/no\/styrke\/vektvest\/abilica-weightvest-flexi\/","title":{"rendered":"Abilica WeightVest Flexi"},"content":{"rendered":"<div class=\"wpb-content-wrapper\"><p>[vc_row][vc_column][vc_column_text css=&raquo;&raquo; el_class=&raquo;product-video&raquo;]<img loading=\"lazy\" decoding=\"async\" class=\"alignnone wp-image-66544\" src=\"https:\/\/abilica.com\/wp-content\/uploads\/2023\/10\/Som-vist-pa-TV-150x150.png\" alt=\"\" width=\"83\" height=\"83\" srcset=\"https:\/\/abilica.com\/wp-content\/uploads\/2023\/10\/Som-vist-pa-TV-150x150.png 150w, https:\/\/abilica.com\/wp-content\/uploads\/2023\/10\/Som-vist-pa-TV-300x300.png 300w, https:\/\/abilica.com\/wp-content\/uploads\/2023\/10\/Som-vist-pa-TV-768x768.png 768w, https:\/\/abilica.com\/wp-content\/uploads\/2023\/10\/Som-vist-pa-TV-500x500.png 500w, https:\/\/abilica.com\/wp-content\/uploads\/2023\/10\/Som-vist-pa-TV-960x960.png 960w, https:\/\/abilica.com\/wp-content\/uploads\/2023\/10\/Som-vist-pa-TV-320x320.png 320w, https:\/\/abilica.com\/wp-content\/uploads\/2023\/10\/Som-vist-pa-TV.png 1304w\" sizes=\"auto, (max-width: 83px) 100vw, 83px\" \/><\/p>\n<p><strong>Justerbar vektvest fra 1,25 til 10 kg \u2013 perfekt for b\u00e5de styrketrening, kondisjon og g\u00e5turer.<\/strong><\/p>\n<p>Vesten har 2 praktiske lommer \u00f8verst for oppbevaring av sm\u00e5ting som n\u00f8kler, penger osv. <span class=\"Apple-converted-space\">\u00a0<\/span>De 2 kraftige, 5 cm brede spennene gir meget gode justeringsmuligheter og s\u00f8rger for at vesten sitter tett og stabilt inn mot kroppen. Materialene er slitesterke, men samtidig myke og komfortable, med bla. luftig nettingstoff som gir god ventilasjon gjennom hele trenings\u00f8kten. Ekstra polstring p\u00e5 skuldrene gir \u00f8kt komfort, selv under st\u00f8rre bevegelser eller lengre \u00f8kter. Vesten er designet med gjennomtenkte detaljer og refleks b\u00e5de foran og bak, noe som gj\u00f8r den trygg \u00e5 bruke ogs\u00e5 utend\u00f8rs i m\u00f8rket.<\/p>\n<p>Abilica WeightVest Flexi har totalt 8 vektposer i nylon, fylt med jernsand. Vektposene (1,15 kg hver) kan enkelt tas inn og ut gjennom glidel\u00e5slommene, og er jevnt fordelt med 4 i front og 4 p\u00e5 ryggen.<\/p>\n<p>Vesten kan vaskes for h\u00e5nd n\u00e5r vektposene er fjernet. Maks livvidde ca. 130 cm gj\u00f8r at den passer til de fleste.<span class=\"Apple-converted-space\">\u00a0<\/span><\/p>\n<p><b>Hvorfor vektposer med jernsand?<br \/>\n<\/b><b><\/b>Myke og fleksible poser som former seg etter kroppen for bedre komfort.Gir st\u00f8rre bevegelighet under dynamiske \u00f8velser som l\u00f8ping, kneb\u00f8y og push-ups.Begrenser ikke bevegelsesbanen slik stive vekter kan gj\u00f8re.<\/p>\n<p><b>Spesifikasjoner<\/b>:<span class=\"Apple-converted-space\"><br \/>\n<\/span>M\u00e5l: 54 x 42 cm (L x B), m\u00e5lt flatt<br \/>\n2 stk. brede justerbare stamme stropper<span class=\"Apple-converted-space\"><br \/>\n<\/span>Glidel\u00e5s i front gj\u00f8r den enkel \u00e5 ta av og p\u00e5<br \/>\nEkstra polstring og forsterkning p\u00e5 skuldrene for bedre komfort<br \/>\n8 vektposer \u00e0 1,15 kg<br \/>\nVektposer fylt med jernsand<span class=\"Apple-converted-space\"><br \/>\n<\/span>Myke og behagelige materialer<span class=\"Apple-converted-space\"><br \/>\n<\/span>Sitter tett og stabilt mot kroppen<span class=\"Apple-converted-space\"><br \/>\n<\/span>Med refleks foran og bak \u2013 kan brukes ute i m\u00f8rket<span class=\"Apple-converted-space\"><br \/>\n<\/span>2 stk. praktiske lomme med glidel\u00e5s i front<\/p>\n<div style=\"width: 640px;\" class=\"wp-video\"><!--[if lt IE 9]><script>document.createElement('video');<\/script><![endif]-->\n<video class=\"wp-video-shortcode\" id=\"video-63120-1\" width=\"640\" height=\"360\" poster=\"https:\/\/abilica.com\/no\/wp-content\/uploads\/2016\/07\/Screenshot-2021-01-25-at-13.20.14.png\" preload=\"metadata\" controls=\"controls\"><source type=\"video\/mp4\" src=\"https:\/\/abilica.com\/no\/wp-content\/uploads\/2021\/01\/WeightVest.mp4?_=1\" \/><a href=\"https:\/\/abilica.com\/no\/wp-content\/uploads\/2021\/01\/WeightVest.mp4\">https:\/\/abilica.com\/no\/wp-content\/uploads\/2021\/01\/WeightVest.mp4<\/a><\/video><\/div>\n<p>[\/vc_column_text][vc_empty_space height=&raquo;52px&raquo;][\/vc_column][\/vc_row][vc_row][vc_column][vc_column_text]<\/p>\n<p>[\/vc_column_text][\/vc_column][\/vc_row][vc_row][vc_column width=&raquo;1\/3&#8243;][vc_btn title=&raquo;Treningsprogram&raquo; style=&raquo;flat&raquo; color=&raquo;black&raquo; align=&raquo;center&raquo; i_icon_fontawesome=&raquo;fa fa-file-pdf-o&raquo; add_icon=&raquo;true&raquo; link=&raquo;url:https%3A%2F%2Fabilica.com\/no%2Fwp-content%2Fuploads%2F2017%2F02%2F160412-HSH-WeightVest-Flexi_yellow_Nett.pdf||target:%20_blank|&raquo;][\/vc_column][vc_column width=&raquo;1\/3&#8243;][vc_btn title=&raquo;Treningstips&raquo; style=&raquo;flat&raquo; color=&raquo;black&raquo; align=&raquo;center&raquo; i_icon_fontawesome=&raquo;fa fa-align-left&raquo; add_icon=&raquo;true&raquo; link=&raquo;url:http%3A%2F%2Fhjemmetreningsbloggen.no%2Fstyrke%2Fovelser-med-vektvest%2F||target:%20_blank|&raquo;][\/vc_column][vc_column width=&raquo;1\/3&#8243;][vc_btn title=&raquo;Treningsfilmer&raquo; style=&raquo;flat&raquo; color=&raquo;black&raquo; align=&raquo;center&raquo; i_icon_fontawesome=&raquo;fa fa-youtube&raquo; add_icon=&raquo;true&raquo; link=&raquo;url:https%3A%2F%2Fwww.youtube.com%2Fwatch%3Fv%3DH_dBjmjNxKc%26list%3DPLQHQh8gb5L2Z6RtshD1b6P70-FMYpC9ba||target:%20_blank|&raquo;][\/vc_column][\/vc_row]<\/p>\n<\/div>","protected":false},"excerpt":{"rendered":"<p><img loading=\"lazy\" decoding=\"async\" class=\"alignnone wp-image-41890\" src=\"https:\/\/abilica.com\/no\/wp-content\/uploads\/2017\/03\/Untitled-150x150.png\" alt=\"\" width=\"75\" height=\"75\" \/><\/p>\n","protected":false},"featured_media":70412,"template":"","meta":{"_acf_changed":false},"product_brand":[],"product_cat":[422,446],"product_tag":[549,560,562,551,557,520,179],"class_list":{"0":"post-63120","1":"product","2":"type-product","3":"status-publish","4":"has-post-thumbnail","6":"product_cat-styrke","7":"product_cat-vektvest","8":"product_tag-athlete-no","9":"product_tag-circle-no","10":"product_tag-crossfit-no","11":"product_tag-garage-gym-no","12":"product_tag-nyheter-no","13":"product_tag-styrketrening","14":"product_tag-summer-workout","16":"first","17":"instock","18":"product-type-simple"},"acf":[],"yoast_head":"<!-- This site is optimized with the Yoast SEO Premium plugin v21.1 (Yoast SEO v25.4) - https:\/\/yoast.com\/wordpress\/plugins\/seo\/ -->\n<title>Abilica WeightVest Flexi Abilica<\/title>\n<meta name=\"robots\" content=\"index, follow, max-snippet:-1, max-image-preview:large, max-video-preview:-1\" \/>\n<link rel=\"canonical\" href=\"https:\/\/abilica.com\/no\/styrke\/vektvest\/abilica-weightvest-flexi\/\" \/>\n<meta property=\"og:locale\" content=\"nb_NO\" \/>\n<meta property=\"og:type\" content=\"article\" \/>\n<meta property=\"og:title\" content=\"Abilica WeightVest Flexi\" \/>\n<meta property=\"og:url\" content=\"https:\/\/abilica.com\/no\/styrke\/vektvest\/abilica-weightvest-flexi\/\" \/>\n<meta property=\"og:site_name\" content=\"Abilica\" \/>\n<meta property=\"article:publisher\" content=\"https:\/\/www.facebook.com\/abilicahometraining\/\" \/>\n<meta property=\"article:modified_time\" content=\"2025-11-20T07:54:34+00:00\" \/>\n<meta property=\"og:image\" content=\"https:\/\/abilica.com\/wp-content\/uploads\/2023\/10\/3005210_1-1.jpg\" \/>\n\t<meta property=\"og:image:width\" content=\"1200\" \/>\n\t<meta property=\"og:image:height\" content=\"1200\" \/>\n\t<meta property=\"og:image:type\" content=\"image\/jpeg\" \/>\n<meta name=\"twitter:card\" content=\"summary_large_image\" \/>\n<meta name=\"twitter:label1\" content=\"Ansl. lesetid\" \/>\n\t<meta name=\"twitter:data1\" content=\"2 minutter\" \/>\n<script type=\"application\/ld+json\" class=\"yoast-schema-graph\">{\"@context\":\"https:\/\/schema.org\",\"@graph\":[{\"@type\":\"WebPage\",\"@id\":\"https:\/\/abilica.com\/no\/styrke\/vektvest\/abilica-weightvest-flexi\/\",\"url\":\"https:\/\/abilica.com\/no\/styrke\/vektvest\/abilica-weightvest-flexi\/\",\"name\":\"Abilica WeightVest Flexi Abilica\",\"isPartOf\":{\"@id\":\"https:\/\/abilica.com\/#website\"},\"primaryImageOfPage\":{\"@id\":\"https:\/\/abilica.com\/no\/styrke\/vektvest\/abilica-weightvest-flexi\/#primaryimage\"},\"image\":{\"@id\":\"https:\/\/abilica.com\/no\/styrke\/vektvest\/abilica-weightvest-flexi\/#primaryimage\"},\"thumbnailUrl\":\"https:\/\/abilica.com\/wp-content\/uploads\/2023\/10\/3005210_1-1.jpg\",\"datePublished\":\"2023-10-24T10:32:42+00:00\",\"dateModified\":\"2025-11-20T07:54:34+00:00\",\"breadcrumb\":{\"@id\":\"https:\/\/abilica.com\/no\/styrke\/vektvest\/abilica-weightvest-flexi\/#breadcrumb\"},\"inLanguage\":\"nb-NO\",\"potentialAction\":[{\"@type\":\"ReadAction\",\"target\":[\"https:\/\/abilica.com\/no\/styrke\/vektvest\/abilica-weightvest-flexi\/\"]}]},{\"@type\":\"ImageObject\",\"inLanguage\":\"nb-NO\",\"@id\":\"https:\/\/abilica.com\/no\/styrke\/vektvest\/abilica-weightvest-flexi\/#primaryimage\",\"url\":\"https:\/\/abilica.com\/wp-content\/uploads\/2023\/10\/3005210_1-1.jpg\",\"contentUrl\":\"https:\/\/abilica.com\/wp-content\/uploads\/2023\/10\/3005210_1-1.jpg\",\"width\":1200,\"height\":1200},{\"@type\":\"BreadcrumbList\",\"@id\":\"https:\/\/abilica.com\/no\/styrke\/vektvest\/abilica-weightvest-flexi\/#breadcrumb\",\"itemListElement\":[{\"@type\":\"ListItem\",\"position\":1,\"name\":\"Hem\",\"item\":\"https:\/\/abilica.com\/no\/\"},{\"@type\":\"ListItem\",\"position\":2,\"name\":\"Produkter\",\"item\":\"https:\/\/abilica.com\/no\/shop-2\/\"},{\"@type\":\"ListItem\",\"position\":3,\"name\":\"Abilica WeightVest Flexi\"}]},{\"@type\":\"WebSite\",\"@id\":\"https:\/\/abilica.com\/#website\",\"url\":\"https:\/\/abilica.com\/\",\"name\":\"Abilica\",\"description\":\"Abilica Home Training\",\"potentialAction\":[{\"@type\":\"SearchAction\",\"target\":{\"@type\":\"EntryPoint\",\"urlTemplate\":\"https:\/\/abilica.com\/?s={search_term_string}\"},\"query-input\":{\"@type\":\"PropertyValueSpecification\",\"valueRequired\":true,\"valueName\":\"search_term_string\"}}],\"inLanguage\":\"nb-NO\"}]}<\/script>\n<!-- \/ Yoast SEO Premium plugin. -->","yoast_head_json":{"title":"Abilica WeightVest Flexi Abilica","robots":{"index":"index","follow":"follow","max-snippet":"max-snippet:-1","max-image-preview":"max-image-preview:large","max-video-preview":"max-video-preview:-1"},"canonical":"https:\/\/abilica.com\/no\/styrke\/vektvest\/abilica-weightvest-flexi\/","og_locale":"nb_NO","og_type":"article","og_title":"Abilica WeightVest Flexi","og_url":"https:\/\/abilica.com\/no\/styrke\/vektvest\/abilica-weightvest-flexi\/","og_site_name":"Abilica","article_publisher":"https:\/\/www.facebook.com\/abilicahometraining\/","article_modified_time":"2025-11-20T07:54:34+00:00","og_image":[{"width":1200,"height":1200,"url":"https:\/\/abilica.com\/wp-content\/uploads\/2023\/10\/3005210_1-1.jpg","type":"image\/jpeg"}],"twitter_card":"summary_large_image","twitter_misc":{"Ansl. lesetid":"2 minutter"},"schema":{"@context":"https:\/\/schema.org","@graph":[{"@type":"WebPage","@id":"https:\/\/abilica.com\/no\/styrke\/vektvest\/abilica-weightvest-flexi\/","url":"https:\/\/abilica.com\/no\/styrke\/vektvest\/abilica-weightvest-flexi\/","name":"Abilica WeightVest Flexi Abilica","isPartOf":{"@id":"https:\/\/abilica.com\/#website"},"primaryImageOfPage":{"@id":"https:\/\/abilica.com\/no\/styrke\/vektvest\/abilica-weightvest-flexi\/#primaryimage"},"image":{"@id":"https:\/\/abilica.com\/no\/styrke\/vektvest\/abilica-weightvest-flexi\/#primaryimage"},"thumbnailUrl":"https:\/\/abilica.com\/wp-content\/uploads\/2023\/10\/3005210_1-1.jpg","datePublished":"2023-10-24T10:32:42+00:00","dateModified":"2025-11-20T07:54:34+00:00","breadcrumb":{"@id":"https:\/\/abilica.com\/no\/styrke\/vektvest\/abilica-weightvest-flexi\/#breadcrumb"},"inLanguage":"nb-NO","potentialAction":[{"@type":"ReadAction","target":["https:\/\/abilica.com\/no\/styrke\/vektvest\/abilica-weightvest-flexi\/"]}]},{"@type":"ImageObject","inLanguage":"nb-NO","@id":"https:\/\/abilica.com\/no\/styrke\/vektvest\/abilica-weightvest-flexi\/#primaryimage","url":"https:\/\/abilica.com\/wp-content\/uploads\/2023\/10\/3005210_1-1.jpg","contentUrl":"https:\/\/abilica.com\/wp-content\/uploads\/2023\/10\/3005210_1-1.jpg","width":1200,"height":1200},{"@type":"BreadcrumbList","@id":"https:\/\/abilica.com\/no\/styrke\/vektvest\/abilica-weightvest-flexi\/#breadcrumb","itemListElement":[{"@type":"ListItem","position":1,"name":"Hem","item":"https:\/\/abilica.com\/no\/"},{"@type":"ListItem","position":2,"name":"Produkter","item":"https:\/\/abilica.com\/no\/shop-2\/"},{"@type":"ListItem","position":3,"name":"Abilica WeightVest Flexi"}]},{"@type":"WebSite","@id":"https:\/\/abilica.com\/#website","url":"https:\/\/abilica.com\/","name":"Abilica","description":"Abilica Home Training","potentialAction":[{"@type":"SearchAction","target":{"@type":"EntryPoint","urlTemplate":"https:\/\/abilica.com\/?s={search_term_string}"},"query-input":{"@type":"PropertyValueSpecification","valueRequired":true,"valueName":"search_term_string"}}],"inLanguage":"nb-NO"}]}},"_links":{"self":[{"href":"https:\/\/abilica.com\/no\/wp-json\/wp\/v2\/product\/63120","targetHints":{"allow":["GET"]}}],"collection":[{"href":"https:\/\/abilica.com\/no\/wp-json\/wp\/v2\/product"}],"about":[{"href":"https:\/\/abilica.com\/no\/wp-json\/wp\/v2\/types\/product"}],"wp:featuredmedia":[{"embeddable":true,"href":"https:\/\/abilica.com\/no\/wp-json\/wp\/v2\/media\/70412"}],"wp:attachment":[{"href":"https:\/\/abilica.com\/no\/wp-json\/wp\/v2\/media?parent=63120"}],"wp:term":[{"taxonomy":"product_brand","embeddable":true,"href":"https:\/\/abilica.com\/no\/wp-json\/wp\/v2\/product_brand?post=63120"},{"taxonomy":"product_cat","embeddable":true,"href":"https:\/\/abilica.com\/no\/wp-json\/wp\/v2\/product_cat?post=63120"},{"taxonomy":"product_tag","embeddable":true,"href":"https:\/\/abilica.com\/no\/wp-json\/wp\/v2\/product_tag?post=63120"}],"curies":[{"name":"wp","href":"https:\/\/api.w.org\/{rel}","templated":true}]}}