{"id":63123,"date":"2023-10-24T11:32:42","date_gmt":"2023-10-24T10:32:42","guid":{"rendered":"https:\/\/abilica.com\/uncategorized\/abilica-weightvest-3kg\/"},"modified":"2023-12-13T11:21:51","modified_gmt":"2023-12-13T10:21:51","slug":"abilica-weightvest-3kg","status":"publish","type":"product","link":"https:\/\/abilica.com\/no\/styrke\/vektvest\/abilica-weightvest-3kg\/","title":{"rendered":"Abilica WeightVest 3kg"},"content":{"rendered":"<div class=\"wpb-content-wrapper\"><p>[vc_row][vc_column][vc_column_text el_class=&raquo;product-video&raquo;]3 kg. vektvest der to av de halvkilos vektposene kan tas ut om du vil ha en lettere vektvest. Leveres med to justerbare spenner og refleks. Nettinglomme p\u00e5 baksiden. En nett og fin vest som sitter godt og er behagelig \u00e5 ha p\u00e5 seg. Produsert i myk neopren. Fylt med jernsand. For deg som \u00f8nsker \u00e5 f\u00e5 det lille ekstra ut av treningen. Kan brukes i alle typer trening, for eksempel n\u00e5r du g\u00e5r, jogger eller under styrke\u00f8velser.<\/p>\n<div style=\"width: 640px;\" class=\"wp-video\"><!--[if lt IE 9]><script>document.createElement('video');<\/script><![endif]-->\n<video class=\"wp-video-shortcode\" id=\"video-63123-1\" width=\"640\" height=\"360\" poster=\"https:\/\/abilica.com\/no\/wp-content\/uploads\/2016\/07\/Screenshot-2021-01-25-at-13.20.14.png\" preload=\"metadata\" controls=\"controls\"><source type=\"video\/mp4\" src=\"https:\/\/abilica.com\/no\/wp-content\/uploads\/2021\/01\/WeightVest.mp4?_=1\" \/><a href=\"https:\/\/abilica.com\/no\/wp-content\/uploads\/2021\/01\/WeightVest.mp4\">https:\/\/abilica.com\/no\/wp-content\/uploads\/2021\/01\/WeightVest.mp4<\/a><\/video><\/div>\n<p>[\/vc_column_text][vc_empty_space height=&raquo;52px&raquo;][\/vc_column][\/vc_row]<\/p>\n<p>[vc_row][vc_column width=&raquo;1\/3&#8243;][vc_btn title=&raquo;Treningsprogram&raquo; style=&raquo;flat&raquo; color=&raquo;black&raquo; align=&raquo;center&raquo; i_icon_fontawesome=&raquo;fa fa-file-pdf-o&raquo; add_icon=&raquo;true&raquo; link=&raquo;url:https%3A%2F%2Fabilica.com\/no%2Fwp-content%2Fuploads%2F2017%2F02%2F160412-HSH-WeightVest-Flexi_yellow_Nett.pdf||target:%20_blank|&raquo;][\/vc_column][vc_column width=&raquo;1\/3&#8243;][vc_btn title=&raquo;Treningstips&raquo; style=&raquo;flat&raquo; color=&raquo;black&raquo; align=&raquo;center&raquo; i_icon_fontawesome=&raquo;fa fa-align-left&raquo; add_icon=&raquo;true&raquo; link=&raquo;url:http%3A%2F%2Fhjemmetreningsbloggen.no%2Fstyrke%2Fhjemmetrening-med-vektvest%2F||target:%20_blank|&raquo;][\/vc_column][vc_column width=&raquo;1\/3&#8243;][vc_btn title=&raquo;Treningsfilmer&raquo; style=&raquo;flat&raquo; color=&raquo;black&raquo; align=&raquo;center&raquo; i_icon_fontawesome=&raquo;fa fa-youtube&raquo; add_icon=&raquo;true&raquo; link=&raquo;url:http%3A%2F%2Fwww.hemmatraningsbloggen.se%2Fkondition%2Fintervall-pa-crosstrainer%2F||target:%20_blank|&raquo;][\/vc_column][\/vc_row]<\/p>\n<\/div>","protected":false},"excerpt":{"rendered":"<p>[vc_row][vc_column][vc_column_text el_class=&raquo;product-video&raquo;]3 kg. vektvest der to av de halvkilos vektposene kan tas ut om du&#8230;<\/p>\n","protected":false},"featured_media":61968,"template":"","meta":{"_acf_changed":false},"product_brand":[],"product_cat":[422,446],"product_tag":[560,562,557,520,179],"class_list":{"0":"post-63123","1":"product","2":"type-product","3":"status-publish","4":"has-post-thumbnail","6":"product_cat-styrke","7":"product_cat-vektvest","8":"product_tag-circle-no","9":"product_tag-crossfit-no","10":"product_tag-nyheter-no","11":"product_tag-styrketrening","12":"product_tag-summer-workout","14":"first","15":"instock","16":"product-type-simple"},"acf":[],"yoast_head":"<!-- This site is optimized with the Yoast SEO Premium plugin v21.1 (Yoast SEO v25.4) - https:\/\/yoast.com\/wordpress\/plugins\/seo\/ -->\n<title>Abilica WeightVest 3kg Abilica<\/title>\n<meta name=\"robots\" content=\"index, follow, max-snippet:-1, max-image-preview:large, max-video-preview:-1\" \/>\n<link rel=\"canonical\" href=\"https:\/\/abilica.com\/no\/styrke\/vektvest\/abilica-weightvest-3kg\/\" \/>\n<meta property=\"og:locale\" content=\"nb_NO\" \/>\n<meta property=\"og:type\" content=\"article\" \/>\n<meta property=\"og:title\" content=\"Abilica WeightVest 3kg\" \/>\n<meta property=\"og:description\" content=\"[vc_row][vc_column][vc_column_text el_class=&raquo;product-video&raquo;]3 kg. vektvest der to av de halvkilos vektposene kan tas ut om du...\" \/>\n<meta property=\"og:url\" content=\"https:\/\/abilica.com\/no\/styrke\/vektvest\/abilica-weightvest-3kg\/\" \/>\n<meta property=\"og:site_name\" content=\"Abilica\" \/>\n<meta property=\"article:publisher\" content=\"https:\/\/www.facebook.com\/abilicahometraining\/\" \/>\n<meta property=\"article:modified_time\" content=\"2023-12-13T10:21:51+00:00\" \/>\n<meta property=\"og:image\" content=\"https:\/\/abilica.com\/wp-content\/uploads\/2023\/10\/3kg-abilica.jpg\" \/>\n\t<meta property=\"og:image:width\" content=\"1200\" \/>\n\t<meta property=\"og:image:height\" content=\"1200\" \/>\n\t<meta property=\"og:image:type\" content=\"image\/jpeg\" \/>\n<meta name=\"twitter:card\" content=\"summary_large_image\" \/>\n<meta name=\"twitter:label1\" content=\"Ansl. lesetid\" \/>\n\t<meta name=\"twitter:data1\" content=\"1 minutt\" \/>\n<script type=\"application\/ld+json\" class=\"yoast-schema-graph\">{\"@context\":\"https:\/\/schema.org\",\"@graph\":[{\"@type\":\"WebPage\",\"@id\":\"https:\/\/abilica.com\/no\/styrke\/vektvest\/abilica-weightvest-3kg\/\",\"url\":\"https:\/\/abilica.com\/no\/styrke\/vektvest\/abilica-weightvest-3kg\/\",\"name\":\"Abilica WeightVest 3kg Abilica\",\"isPartOf\":{\"@id\":\"https:\/\/abilica.com\/#website\"},\"primaryImageOfPage\":{\"@id\":\"https:\/\/abilica.com\/no\/styrke\/vektvest\/abilica-weightvest-3kg\/#primaryimage\"},\"image\":{\"@id\":\"https:\/\/abilica.com\/no\/styrke\/vektvest\/abilica-weightvest-3kg\/#primaryimage\"},\"thumbnailUrl\":\"https:\/\/abilica.com\/wp-content\/uploads\/2023\/10\/3kg-abilica.jpg\",\"datePublished\":\"2023-10-24T10:32:42+00:00\",\"dateModified\":\"2023-12-13T10:21:51+00:00\",\"breadcrumb\":{\"@id\":\"https:\/\/abilica.com\/no\/styrke\/vektvest\/abilica-weightvest-3kg\/#breadcrumb\"},\"inLanguage\":\"nb-NO\",\"potentialAction\":[{\"@type\":\"ReadAction\",\"target\":[\"https:\/\/abilica.com\/no\/styrke\/vektvest\/abilica-weightvest-3kg\/\"]}]},{\"@type\":\"ImageObject\",\"inLanguage\":\"nb-NO\",\"@id\":\"https:\/\/abilica.com\/no\/styrke\/vektvest\/abilica-weightvest-3kg\/#primaryimage\",\"url\":\"https:\/\/abilica.com\/wp-content\/uploads\/2023\/10\/3kg-abilica.jpg\",\"contentUrl\":\"https:\/\/abilica.com\/wp-content\/uploads\/2023\/10\/3kg-abilica.jpg\",\"width\":1200,\"height\":1200},{\"@type\":\"BreadcrumbList\",\"@id\":\"https:\/\/abilica.com\/no\/styrke\/vektvest\/abilica-weightvest-3kg\/#breadcrumb\",\"itemListElement\":[{\"@type\":\"ListItem\",\"position\":1,\"name\":\"Hem\",\"item\":\"https:\/\/abilica.com\/no\/\"},{\"@type\":\"ListItem\",\"position\":2,\"name\":\"Produkter\",\"item\":\"https:\/\/abilica.com\/no\/shop-2\/\"},{\"@type\":\"ListItem\",\"position\":3,\"name\":\"Abilica WeightVest 3kg\"}]},{\"@type\":\"WebSite\",\"@id\":\"https:\/\/abilica.com\/#website\",\"url\":\"https:\/\/abilica.com\/\",\"name\":\"Abilica\",\"description\":\"Abilica Home Training\",\"potentialAction\":[{\"@type\":\"SearchAction\",\"target\":{\"@type\":\"EntryPoint\",\"urlTemplate\":\"https:\/\/abilica.com\/?s={search_term_string}\"},\"query-input\":{\"@type\":\"PropertyValueSpecification\",\"valueRequired\":true,\"valueName\":\"search_term_string\"}}],\"inLanguage\":\"nb-NO\"}]}<\/script>\n<!-- \/ Yoast SEO Premium plugin. -->","yoast_head_json":{"title":"Abilica WeightVest 3kg Abilica","robots":{"index":"index","follow":"follow","max-snippet":"max-snippet:-1","max-image-preview":"max-image-preview:large","max-video-preview":"max-video-preview:-1"},"canonical":"https:\/\/abilica.com\/no\/styrke\/vektvest\/abilica-weightvest-3kg\/","og_locale":"nb_NO","og_type":"article","og_title":"Abilica WeightVest 3kg","og_description":"[vc_row][vc_column][vc_column_text el_class=&raquo;product-video&raquo;]3 kg. vektvest der to av de halvkilos vektposene kan tas ut om du...","og_url":"https:\/\/abilica.com\/no\/styrke\/vektvest\/abilica-weightvest-3kg\/","og_site_name":"Abilica","article_publisher":"https:\/\/www.facebook.com\/abilicahometraining\/","article_modified_time":"2023-12-13T10:21:51+00:00","og_image":[{"width":1200,"height":1200,"url":"https:\/\/abilica.com\/wp-content\/uploads\/2023\/10\/3kg-abilica.jpg","type":"image\/jpeg"}],"twitter_card":"summary_large_image","twitter_misc":{"Ansl. lesetid":"1 minutt"},"schema":{"@context":"https:\/\/schema.org","@graph":[{"@type":"WebPage","@id":"https:\/\/abilica.com\/no\/styrke\/vektvest\/abilica-weightvest-3kg\/","url":"https:\/\/abilica.com\/no\/styrke\/vektvest\/abilica-weightvest-3kg\/","name":"Abilica WeightVest 3kg Abilica","isPartOf":{"@id":"https:\/\/abilica.com\/#website"},"primaryImageOfPage":{"@id":"https:\/\/abilica.com\/no\/styrke\/vektvest\/abilica-weightvest-3kg\/#primaryimage"},"image":{"@id":"https:\/\/abilica.com\/no\/styrke\/vektvest\/abilica-weightvest-3kg\/#primaryimage"},"thumbnailUrl":"https:\/\/abilica.com\/wp-content\/uploads\/2023\/10\/3kg-abilica.jpg","datePublished":"2023-10-24T10:32:42+00:00","dateModified":"2023-12-13T10:21:51+00:00","breadcrumb":{"@id":"https:\/\/abilica.com\/no\/styrke\/vektvest\/abilica-weightvest-3kg\/#breadcrumb"},"inLanguage":"nb-NO","potentialAction":[{"@type":"ReadAction","target":["https:\/\/abilica.com\/no\/styrke\/vektvest\/abilica-weightvest-3kg\/"]}]},{"@type":"ImageObject","inLanguage":"nb-NO","@id":"https:\/\/abilica.com\/no\/styrke\/vektvest\/abilica-weightvest-3kg\/#primaryimage","url":"https:\/\/abilica.com\/wp-content\/uploads\/2023\/10\/3kg-abilica.jpg","contentUrl":"https:\/\/abilica.com\/wp-content\/uploads\/2023\/10\/3kg-abilica.jpg","width":1200,"height":1200},{"@type":"BreadcrumbList","@id":"https:\/\/abilica.com\/no\/styrke\/vektvest\/abilica-weightvest-3kg\/#breadcrumb","itemListElement":[{"@type":"ListItem","position":1,"name":"Hem","item":"https:\/\/abilica.com\/no\/"},{"@type":"ListItem","position":2,"name":"Produkter","item":"https:\/\/abilica.com\/no\/shop-2\/"},{"@type":"ListItem","position":3,"name":"Abilica WeightVest 3kg"}]},{"@type":"WebSite","@id":"https:\/\/abilica.com\/#website","url":"https:\/\/abilica.com\/","name":"Abilica","description":"Abilica Home Training","potentialAction":[{"@type":"SearchAction","target":{"@type":"EntryPoint","urlTemplate":"https:\/\/abilica.com\/?s={search_term_string}"},"query-input":{"@type":"PropertyValueSpecification","valueRequired":true,"valueName":"search_term_string"}}],"inLanguage":"nb-NO"}]}},"_links":{"self":[{"href":"https:\/\/abilica.com\/no\/wp-json\/wp\/v2\/product\/63123","targetHints":{"allow":["GET"]}}],"collection":[{"href":"https:\/\/abilica.com\/no\/wp-json\/wp\/v2\/product"}],"about":[{"href":"https:\/\/abilica.com\/no\/wp-json\/wp\/v2\/types\/product"}],"wp:featuredmedia":[{"embeddable":true,"href":"https:\/\/abilica.com\/no\/wp-json\/wp\/v2\/media\/61968"}],"wp:attachment":[{"href":"https:\/\/abilica.com\/no\/wp-json\/wp\/v2\/media?parent=63123"}],"wp:term":[{"taxonomy":"product_brand","embeddable":true,"href":"https:\/\/abilica.com\/no\/wp-json\/wp\/v2\/product_brand?post=63123"},{"taxonomy":"product_cat","embeddable":true,"href":"https:\/\/abilica.com\/no\/wp-json\/wp\/v2\/product_cat?post=63123"},{"taxonomy":"product_tag","embeddable":true,"href":"https:\/\/abilica.com\/no\/wp-json\/wp\/v2\/product_tag?post=63123"}],"curies":[{"name":"wp","href":"https:\/\/api.w.org\/{rel}","templated":true}]}}