{"id":63138,"date":"2023-10-24T11:32:42","date_gmt":"2023-10-24T10:32:42","guid":{"rendered":"https:\/\/abilica.com\/uncategorized\/abilica-outdoor-dips-handle\/"},"modified":"2024-04-05T13:07:10","modified_gmt":"2024-04-05T12:07:10","slug":"abilica-outdoor-dips-handle","status":"publish","type":"product","link":"https:\/\/abilica.com\/no\/styrke\/smaprodukter\/abilica-outdoor-dips-handle\/","title":{"rendered":"Abilica Outdoor Dips Handle"},"content":{"rendered":"<p>Kraftige dips-h\u00e5ndtak til montering p\u00e5 utend\u00f8rs vegg. Samme galvaniserte overflate som Abilica CageTrainer gj\u00f8r at de t\u00e5ler \u00e5 henge ute permanent i all slags v\u00e6r og vind. 50mm. tykke h\u00e5ndtak gj\u00f8r treningen komfortabel for hendene, og riller i overflaten gj\u00f8r grepet fast og sikkert. Skruehull med 60 cm. avstand gj\u00f8r at den festes trygt og enkelt i alle standard reisverk. Vinklede h\u00e5ndtak gir valgfri avstand fra 45 til 75 cm., noe som sikrer god tilpasning for ulike grep, \u00f8velser og personer. Maks brukervekt med forskriftsmessig sikring til vegg er 150 kg.<\/p>\n","protected":false},"excerpt":{"rendered":"<p>Kraftige dips-h\u00e5ndtak til montering p\u00e5 utend\u00f8rs vegg. Samme galvaniserte overflate som Abilica CageTrainer gj\u00f8r at&#8230;<\/p>\n","protected":false},"featured_media":61978,"template":"","meta":{"_acf_changed":false},"product_brand":[],"product_cat":[423,422],"product_tag":[557,520],"class_list":{"0":"post-63138","1":"product","2":"type-product","3":"status-publish","4":"has-post-thumbnail","6":"product_cat-smaprodukter","7":"product_cat-styrke","8":"product_tag-nyheter-no","9":"product_tag-styrketrening","11":"first","12":"outofstock","13":"product-type-simple"},"acf":[],"yoast_head":"<!-- This site is optimized with the Yoast SEO Premium plugin v21.1 (Yoast SEO v25.4) - https:\/\/yoast.com\/wordpress\/plugins\/seo\/ -->\n<title>Abilica Outdoor Dips Handle Abilica<\/title>\n<meta name=\"robots\" content=\"index, follow, max-snippet:-1, max-image-preview:large, max-video-preview:-1\" \/>\n<link rel=\"canonical\" href=\"https:\/\/abilica.com\/no\/styrke\/smaprodukter\/abilica-outdoor-dips-handle\/\" \/>\n<meta property=\"og:locale\" content=\"nb_NO\" \/>\n<meta property=\"og:type\" content=\"article\" \/>\n<meta property=\"og:title\" content=\"Abilica Outdoor Dips Handle\" \/>\n<meta property=\"og:description\" content=\"Kraftige dips-h\u00e5ndtak til montering p\u00e5 utend\u00f8rs vegg. Samme galvaniserte overflate som Abilica CageTrainer gj\u00f8r at...\" \/>\n<meta property=\"og:url\" content=\"https:\/\/abilica.com\/no\/styrke\/smaprodukter\/abilica-outdoor-dips-handle\/\" \/>\n<meta property=\"og:site_name\" content=\"Abilica\" \/>\n<meta property=\"article:publisher\" content=\"https:\/\/www.facebook.com\/abilicahometraining\/\" \/>\n<meta property=\"article:modified_time\" content=\"2024-04-05T12:07:10+00:00\" \/>\n<meta property=\"og:image\" content=\"https:\/\/abilica.com\/wp-content\/uploads\/2023\/10\/300592.jpg\" \/>\n\t<meta property=\"og:image:width\" content=\"1200\" \/>\n\t<meta property=\"og:image:height\" content=\"1200\" \/>\n\t<meta property=\"og:image:type\" content=\"image\/jpeg\" \/>\n<meta name=\"twitter:card\" content=\"summary_large_image\" \/>\n<script type=\"application\/ld+json\" class=\"yoast-schema-graph\">{\"@context\":\"https:\/\/schema.org\",\"@graph\":[{\"@type\":\"WebPage\",\"@id\":\"https:\/\/abilica.com\/no\/styrke\/smaprodukter\/abilica-outdoor-dips-handle\/\",\"url\":\"https:\/\/abilica.com\/no\/styrke\/smaprodukter\/abilica-outdoor-dips-handle\/\",\"name\":\"Abilica Outdoor Dips Handle Abilica\",\"isPartOf\":{\"@id\":\"https:\/\/abilica.com\/#website\"},\"primaryImageOfPage\":{\"@id\":\"https:\/\/abilica.com\/no\/styrke\/smaprodukter\/abilica-outdoor-dips-handle\/#primaryimage\"},\"image\":{\"@id\":\"https:\/\/abilica.com\/no\/styrke\/smaprodukter\/abilica-outdoor-dips-handle\/#primaryimage\"},\"thumbnailUrl\":\"https:\/\/abilica.com\/wp-content\/uploads\/2023\/10\/300592.jpg\",\"datePublished\":\"2023-10-24T10:32:42+00:00\",\"dateModified\":\"2024-04-05T12:07:10+00:00\",\"breadcrumb\":{\"@id\":\"https:\/\/abilica.com\/no\/styrke\/smaprodukter\/abilica-outdoor-dips-handle\/#breadcrumb\"},\"inLanguage\":\"nb-NO\",\"potentialAction\":[{\"@type\":\"ReadAction\",\"target\":[\"https:\/\/abilica.com\/no\/styrke\/smaprodukter\/abilica-outdoor-dips-handle\/\"]}]},{\"@type\":\"ImageObject\",\"inLanguage\":\"nb-NO\",\"@id\":\"https:\/\/abilica.com\/no\/styrke\/smaprodukter\/abilica-outdoor-dips-handle\/#primaryimage\",\"url\":\"https:\/\/abilica.com\/wp-content\/uploads\/2023\/10\/300592.jpg\",\"contentUrl\":\"https:\/\/abilica.com\/wp-content\/uploads\/2023\/10\/300592.jpg\",\"width\":1200,\"height\":1200},{\"@type\":\"BreadcrumbList\",\"@id\":\"https:\/\/abilica.com\/no\/styrke\/smaprodukter\/abilica-outdoor-dips-handle\/#breadcrumb\",\"itemListElement\":[{\"@type\":\"ListItem\",\"position\":1,\"name\":\"Hem\",\"item\":\"https:\/\/abilica.com\/no\/\"},{\"@type\":\"ListItem\",\"position\":2,\"name\":\"Produkter\",\"item\":\"https:\/\/abilica.com\/no\/shop-2\/\"},{\"@type\":\"ListItem\",\"position\":3,\"name\":\"Abilica Outdoor Dips Handle\"}]},{\"@type\":\"WebSite\",\"@id\":\"https:\/\/abilica.com\/#website\",\"url\":\"https:\/\/abilica.com\/\",\"name\":\"Abilica\",\"description\":\"Abilica Home Training\",\"potentialAction\":[{\"@type\":\"SearchAction\",\"target\":{\"@type\":\"EntryPoint\",\"urlTemplate\":\"https:\/\/abilica.com\/?s={search_term_string}\"},\"query-input\":{\"@type\":\"PropertyValueSpecification\",\"valueRequired\":true,\"valueName\":\"search_term_string\"}}],\"inLanguage\":\"nb-NO\"}]}<\/script>\n<!-- \/ Yoast SEO Premium plugin. -->","yoast_head_json":{"title":"Abilica Outdoor Dips Handle Abilica","robots":{"index":"index","follow":"follow","max-snippet":"max-snippet:-1","max-image-preview":"max-image-preview:large","max-video-preview":"max-video-preview:-1"},"canonical":"https:\/\/abilica.com\/no\/styrke\/smaprodukter\/abilica-outdoor-dips-handle\/","og_locale":"nb_NO","og_type":"article","og_title":"Abilica Outdoor Dips Handle","og_description":"Kraftige dips-h\u00e5ndtak til montering p\u00e5 utend\u00f8rs vegg. Samme galvaniserte overflate som Abilica CageTrainer gj\u00f8r at...","og_url":"https:\/\/abilica.com\/no\/styrke\/smaprodukter\/abilica-outdoor-dips-handle\/","og_site_name":"Abilica","article_publisher":"https:\/\/www.facebook.com\/abilicahometraining\/","article_modified_time":"2024-04-05T12:07:10+00:00","og_image":[{"width":1200,"height":1200,"url":"https:\/\/abilica.com\/wp-content\/uploads\/2023\/10\/300592.jpg","type":"image\/jpeg"}],"twitter_card":"summary_large_image","schema":{"@context":"https:\/\/schema.org","@graph":[{"@type":"WebPage","@id":"https:\/\/abilica.com\/no\/styrke\/smaprodukter\/abilica-outdoor-dips-handle\/","url":"https:\/\/abilica.com\/no\/styrke\/smaprodukter\/abilica-outdoor-dips-handle\/","name":"Abilica Outdoor Dips Handle Abilica","isPartOf":{"@id":"https:\/\/abilica.com\/#website"},"primaryImageOfPage":{"@id":"https:\/\/abilica.com\/no\/styrke\/smaprodukter\/abilica-outdoor-dips-handle\/#primaryimage"},"image":{"@id":"https:\/\/abilica.com\/no\/styrke\/smaprodukter\/abilica-outdoor-dips-handle\/#primaryimage"},"thumbnailUrl":"https:\/\/abilica.com\/wp-content\/uploads\/2023\/10\/300592.jpg","datePublished":"2023-10-24T10:32:42+00:00","dateModified":"2024-04-05T12:07:10+00:00","breadcrumb":{"@id":"https:\/\/abilica.com\/no\/styrke\/smaprodukter\/abilica-outdoor-dips-handle\/#breadcrumb"},"inLanguage":"nb-NO","potentialAction":[{"@type":"ReadAction","target":["https:\/\/abilica.com\/no\/styrke\/smaprodukter\/abilica-outdoor-dips-handle\/"]}]},{"@type":"ImageObject","inLanguage":"nb-NO","@id":"https:\/\/abilica.com\/no\/styrke\/smaprodukter\/abilica-outdoor-dips-handle\/#primaryimage","url":"https:\/\/abilica.com\/wp-content\/uploads\/2023\/10\/300592.jpg","contentUrl":"https:\/\/abilica.com\/wp-content\/uploads\/2023\/10\/300592.jpg","width":1200,"height":1200},{"@type":"BreadcrumbList","@id":"https:\/\/abilica.com\/no\/styrke\/smaprodukter\/abilica-outdoor-dips-handle\/#breadcrumb","itemListElement":[{"@type":"ListItem","position":1,"name":"Hem","item":"https:\/\/abilica.com\/no\/"},{"@type":"ListItem","position":2,"name":"Produkter","item":"https:\/\/abilica.com\/no\/shop-2\/"},{"@type":"ListItem","position":3,"name":"Abilica Outdoor Dips Handle"}]},{"@type":"WebSite","@id":"https:\/\/abilica.com\/#website","url":"https:\/\/abilica.com\/","name":"Abilica","description":"Abilica Home Training","potentialAction":[{"@type":"SearchAction","target":{"@type":"EntryPoint","urlTemplate":"https:\/\/abilica.com\/?s={search_term_string}"},"query-input":{"@type":"PropertyValueSpecification","valueRequired":true,"valueName":"search_term_string"}}],"inLanguage":"nb-NO"}]}},"_links":{"self":[{"href":"https:\/\/abilica.com\/no\/wp-json\/wp\/v2\/product\/63138","targetHints":{"allow":["GET"]}}],"collection":[{"href":"https:\/\/abilica.com\/no\/wp-json\/wp\/v2\/product"}],"about":[{"href":"https:\/\/abilica.com\/no\/wp-json\/wp\/v2\/types\/product"}],"wp:featuredmedia":[{"embeddable":true,"href":"https:\/\/abilica.com\/no\/wp-json\/wp\/v2\/media\/61978"}],"wp:attachment":[{"href":"https:\/\/abilica.com\/no\/wp-json\/wp\/v2\/media?parent=63138"}],"wp:term":[{"taxonomy":"product_brand","embeddable":true,"href":"https:\/\/abilica.com\/no\/wp-json\/wp\/v2\/product_brand?post=63138"},{"taxonomy":"product_cat","embeddable":true,"href":"https:\/\/abilica.com\/no\/wp-json\/wp\/v2\/product_cat?post=63138"},{"taxonomy":"product_tag","embeddable":true,"href":"https:\/\/abilica.com\/no\/wp-json\/wp\/v2\/product_tag?post=63138"}],"curies":[{"name":"wp","href":"https:\/\/api.w.org\/{rel}","templated":true}]}}