{"id":63153,"date":"2023-10-24T11:32:42","date_gmt":"2023-10-24T10:32:42","guid":{"rendered":"https:\/\/abilica.com\/uncategorized\/abilica-powerbox\/"},"modified":"2024-07-11T12:37:36","modified_gmt":"2024-07-11T11:37:36","slug":"abilica-powerbox","status":"publish","type":"product","link":"https:\/\/abilica.com\/no\/styrke\/manualer\/abilica-powerbox\/","title":{"rendered":"Abilica PowerBox"},"content":{"rendered":"<div class=\"wpb-content-wrapper\"><p>[vc_row][vc_column][vc_column_text]<img loading=\"lazy\" decoding=\"async\" class=\"alignnone wp-image-66544\" src=\"https:\/\/abilica.com\/wp-content\/uploads\/2023\/10\/Som-vist-pa-TV-150x150.png\" alt=\"\" width=\"83\" height=\"83\" srcset=\"https:\/\/abilica.com\/wp-content\/uploads\/2023\/10\/Som-vist-pa-TV-150x150.png 150w, https:\/\/abilica.com\/wp-content\/uploads\/2023\/10\/Som-vist-pa-TV-300x300.png 300w, https:\/\/abilica.com\/wp-content\/uploads\/2023\/10\/Som-vist-pa-TV-768x768.png 768w, https:\/\/abilica.com\/wp-content\/uploads\/2023\/10\/Som-vist-pa-TV-500x500.png 500w, https:\/\/abilica.com\/wp-content\/uploads\/2023\/10\/Som-vist-pa-TV-960x960.png 960w, https:\/\/abilica.com\/wp-content\/uploads\/2023\/10\/Som-vist-pa-TV-320x320.png 320w, https:\/\/abilica.com\/wp-content\/uploads\/2023\/10\/Som-vist-pa-TV.png 1304w\" sizes=\"auto, (max-width: 83px) 100vw, 83px\" \/><\/p>\n<p>Abilica PowerBox er en komplett vektkoffert p\u00e5 totalt 15 kg. Inneholder vektskiver 25 mm, stenger &amp; l\u00e5ser. 2 stk forkrommede stenger p\u00e5 35 cm hver med 4 stk gjengel\u00e5ser. Forkrommede vektskiver (4 stk 0,5 kg og 8 stk 1,25 kg) som kan brukes p\u00e5 Abilica vektstenger. Alt i 25 mm. Skj\u00f8testykke p\u00e5 10 cm f\u00f8lger med slik at man kan koble stengene sammen til en lang vektstang (totalt 70 cm) til bruk ved for eksempel bicepscurl.[\/vc_column_text][vc_empty_space height=&raquo;52px&raquo;][\/vc_column][\/vc_row][vc_row][vc_column][vc_btn title=&raquo;Treningstips&raquo; style=&raquo;flat&raquo; color=&raquo;black&raquo; align=&raquo;center&raquo; i_icon_fontawesome=&raquo;fa fa-align-left&raquo; add_icon=&raquo;true&raquo; link=&raquo;url:http%3A%2F%2Fhjemmetreningsbloggen.no%2Fstyrke%2Fovelser-med-manualer%2F||target:%20_blank|&raquo;][\/vc_column][\/vc_row]<\/p>\n<\/div>","protected":false},"excerpt":{"rendered":"<p>[vc_row][vc_column][vc_column_text] Abilica PowerBox er en komplett vektkoffert p\u00e5 totalt 15 kg. Inneholder vektskiver 25 mm,&#8230;<\/p>\n","protected":false},"featured_media":61988,"template":"","meta":{"_acf_changed":false},"product_brand":[],"product_cat":[430,425,422],"product_tag":[557,520],"class_list":{"0":"post-63153","1":"product","2":"type-product","3":"status-publish","4":"has-post-thumbnail","6":"product_cat-manualer","7":"product_cat-skiver-og-stenger","8":"product_cat-styrke","9":"product_tag-nyheter-no","10":"product_tag-styrketrening","12":"first","13":"instock","14":"product-type-simple"},"acf":[],"yoast_head":"<!-- This site is optimized with the Yoast SEO Premium plugin v21.1 (Yoast SEO v25.4) - https:\/\/yoast.com\/wordpress\/plugins\/seo\/ -->\n<title>Abilica PowerBox Abilica<\/title>\n<meta name=\"robots\" content=\"index, follow, max-snippet:-1, max-image-preview:large, max-video-preview:-1\" \/>\n<link rel=\"canonical\" href=\"https:\/\/abilica.com\/no\/styrke\/manualer\/abilica-powerbox\/\" \/>\n<meta property=\"og:locale\" content=\"nb_NO\" \/>\n<meta property=\"og:type\" content=\"article\" \/>\n<meta property=\"og:title\" content=\"Abilica PowerBox\" \/>\n<meta property=\"og:description\" content=\"[vc_row][vc_column][vc_column_text] Abilica PowerBox er en komplett vektkoffert p\u00e5 totalt 15 kg. Inneholder vektskiver 25 mm,...\" \/>\n<meta property=\"og:url\" content=\"https:\/\/abilica.com\/no\/styrke\/manualer\/abilica-powerbox\/\" \/>\n<meta property=\"og:site_name\" content=\"Abilica\" \/>\n<meta property=\"article:publisher\" content=\"https:\/\/www.facebook.com\/abilicahometraining\/\" \/>\n<meta property=\"article:modified_time\" content=\"2024-07-11T11:37:36+00:00\" \/>\n<meta property=\"og:image\" content=\"https:\/\/abilica.com\/wp-content\/uploads\/2023\/10\/300513.jpg\" \/>\n\t<meta property=\"og:image:width\" content=\"1200\" \/>\n\t<meta property=\"og:image:height\" content=\"1200\" \/>\n\t<meta property=\"og:image:type\" content=\"image\/jpeg\" \/>\n<meta name=\"twitter:card\" content=\"summary_large_image\" \/>\n<meta name=\"twitter:label1\" content=\"Ansl. lesetid\" \/>\n\t<meta name=\"twitter:data1\" content=\"1 minutt\" \/>\n<script type=\"application\/ld+json\" class=\"yoast-schema-graph\">{\"@context\":\"https:\/\/schema.org\",\"@graph\":[{\"@type\":\"WebPage\",\"@id\":\"https:\/\/abilica.com\/no\/styrke\/manualer\/abilica-powerbox\/\",\"url\":\"https:\/\/abilica.com\/no\/styrke\/manualer\/abilica-powerbox\/\",\"name\":\"Abilica PowerBox Abilica\",\"isPartOf\":{\"@id\":\"https:\/\/abilica.com\/#website\"},\"primaryImageOfPage\":{\"@id\":\"https:\/\/abilica.com\/no\/styrke\/manualer\/abilica-powerbox\/#primaryimage\"},\"image\":{\"@id\":\"https:\/\/abilica.com\/no\/styrke\/manualer\/abilica-powerbox\/#primaryimage\"},\"thumbnailUrl\":\"https:\/\/abilica.com\/wp-content\/uploads\/2023\/10\/300513.jpg\",\"datePublished\":\"2023-10-24T10:32:42+00:00\",\"dateModified\":\"2024-07-11T11:37:36+00:00\",\"breadcrumb\":{\"@id\":\"https:\/\/abilica.com\/no\/styrke\/manualer\/abilica-powerbox\/#breadcrumb\"},\"inLanguage\":\"nb-NO\",\"potentialAction\":[{\"@type\":\"ReadAction\",\"target\":[\"https:\/\/abilica.com\/no\/styrke\/manualer\/abilica-powerbox\/\"]}]},{\"@type\":\"ImageObject\",\"inLanguage\":\"nb-NO\",\"@id\":\"https:\/\/abilica.com\/no\/styrke\/manualer\/abilica-powerbox\/#primaryimage\",\"url\":\"https:\/\/abilica.com\/wp-content\/uploads\/2023\/10\/300513.jpg\",\"contentUrl\":\"https:\/\/abilica.com\/wp-content\/uploads\/2023\/10\/300513.jpg\",\"width\":1200,\"height\":1200},{\"@type\":\"BreadcrumbList\",\"@id\":\"https:\/\/abilica.com\/no\/styrke\/manualer\/abilica-powerbox\/#breadcrumb\",\"itemListElement\":[{\"@type\":\"ListItem\",\"position\":1,\"name\":\"Hem\",\"item\":\"https:\/\/abilica.com\/no\/\"},{\"@type\":\"ListItem\",\"position\":2,\"name\":\"Produkter\",\"item\":\"https:\/\/abilica.com\/no\/shop-2\/\"},{\"@type\":\"ListItem\",\"position\":3,\"name\":\"Abilica PowerBox\"}]},{\"@type\":\"WebSite\",\"@id\":\"https:\/\/abilica.com\/#website\",\"url\":\"https:\/\/abilica.com\/\",\"name\":\"Abilica\",\"description\":\"Abilica Home Training\",\"potentialAction\":[{\"@type\":\"SearchAction\",\"target\":{\"@type\":\"EntryPoint\",\"urlTemplate\":\"https:\/\/abilica.com\/?s={search_term_string}\"},\"query-input\":{\"@type\":\"PropertyValueSpecification\",\"valueRequired\":true,\"valueName\":\"search_term_string\"}}],\"inLanguage\":\"nb-NO\"}]}<\/script>\n<!-- \/ Yoast SEO Premium plugin. -->","yoast_head_json":{"title":"Abilica PowerBox Abilica","robots":{"index":"index","follow":"follow","max-snippet":"max-snippet:-1","max-image-preview":"max-image-preview:large","max-video-preview":"max-video-preview:-1"},"canonical":"https:\/\/abilica.com\/no\/styrke\/manualer\/abilica-powerbox\/","og_locale":"nb_NO","og_type":"article","og_title":"Abilica PowerBox","og_description":"[vc_row][vc_column][vc_column_text] Abilica PowerBox er en komplett vektkoffert p\u00e5 totalt 15 kg. Inneholder vektskiver 25 mm,...","og_url":"https:\/\/abilica.com\/no\/styrke\/manualer\/abilica-powerbox\/","og_site_name":"Abilica","article_publisher":"https:\/\/www.facebook.com\/abilicahometraining\/","article_modified_time":"2024-07-11T11:37:36+00:00","og_image":[{"width":1200,"height":1200,"url":"https:\/\/abilica.com\/wp-content\/uploads\/2023\/10\/300513.jpg","type":"image\/jpeg"}],"twitter_card":"summary_large_image","twitter_misc":{"Ansl. lesetid":"1 minutt"},"schema":{"@context":"https:\/\/schema.org","@graph":[{"@type":"WebPage","@id":"https:\/\/abilica.com\/no\/styrke\/manualer\/abilica-powerbox\/","url":"https:\/\/abilica.com\/no\/styrke\/manualer\/abilica-powerbox\/","name":"Abilica PowerBox Abilica","isPartOf":{"@id":"https:\/\/abilica.com\/#website"},"primaryImageOfPage":{"@id":"https:\/\/abilica.com\/no\/styrke\/manualer\/abilica-powerbox\/#primaryimage"},"image":{"@id":"https:\/\/abilica.com\/no\/styrke\/manualer\/abilica-powerbox\/#primaryimage"},"thumbnailUrl":"https:\/\/abilica.com\/wp-content\/uploads\/2023\/10\/300513.jpg","datePublished":"2023-10-24T10:32:42+00:00","dateModified":"2024-07-11T11:37:36+00:00","breadcrumb":{"@id":"https:\/\/abilica.com\/no\/styrke\/manualer\/abilica-powerbox\/#breadcrumb"},"inLanguage":"nb-NO","potentialAction":[{"@type":"ReadAction","target":["https:\/\/abilica.com\/no\/styrke\/manualer\/abilica-powerbox\/"]}]},{"@type":"ImageObject","inLanguage":"nb-NO","@id":"https:\/\/abilica.com\/no\/styrke\/manualer\/abilica-powerbox\/#primaryimage","url":"https:\/\/abilica.com\/wp-content\/uploads\/2023\/10\/300513.jpg","contentUrl":"https:\/\/abilica.com\/wp-content\/uploads\/2023\/10\/300513.jpg","width":1200,"height":1200},{"@type":"BreadcrumbList","@id":"https:\/\/abilica.com\/no\/styrke\/manualer\/abilica-powerbox\/#breadcrumb","itemListElement":[{"@type":"ListItem","position":1,"name":"Hem","item":"https:\/\/abilica.com\/no\/"},{"@type":"ListItem","position":2,"name":"Produkter","item":"https:\/\/abilica.com\/no\/shop-2\/"},{"@type":"ListItem","position":3,"name":"Abilica PowerBox"}]},{"@type":"WebSite","@id":"https:\/\/abilica.com\/#website","url":"https:\/\/abilica.com\/","name":"Abilica","description":"Abilica Home Training","potentialAction":[{"@type":"SearchAction","target":{"@type":"EntryPoint","urlTemplate":"https:\/\/abilica.com\/?s={search_term_string}"},"query-input":{"@type":"PropertyValueSpecification","valueRequired":true,"valueName":"search_term_string"}}],"inLanguage":"nb-NO"}]}},"_links":{"self":[{"href":"https:\/\/abilica.com\/no\/wp-json\/wp\/v2\/product\/63153","targetHints":{"allow":["GET"]}}],"collection":[{"href":"https:\/\/abilica.com\/no\/wp-json\/wp\/v2\/product"}],"about":[{"href":"https:\/\/abilica.com\/no\/wp-json\/wp\/v2\/types\/product"}],"wp:featuredmedia":[{"embeddable":true,"href":"https:\/\/abilica.com\/no\/wp-json\/wp\/v2\/media\/61988"}],"wp:attachment":[{"href":"https:\/\/abilica.com\/no\/wp-json\/wp\/v2\/media?parent=63153"}],"wp:term":[{"taxonomy":"product_brand","embeddable":true,"href":"https:\/\/abilica.com\/no\/wp-json\/wp\/v2\/product_brand?post=63153"},{"taxonomy":"product_cat","embeddable":true,"href":"https:\/\/abilica.com\/no\/wp-json\/wp\/v2\/product_cat?post=63153"},{"taxonomy":"product_tag","embeddable":true,"href":"https:\/\/abilica.com\/no\/wp-json\/wp\/v2\/product_tag?post=63153"}],"curies":[{"name":"wp","href":"https:\/\/api.w.org\/{rel}","templated":true}]}}