{"id":63171,"date":"2023-10-24T11:32:42","date_gmt":"2023-10-24T10:32:42","guid":{"rendered":"https:\/\/abilica.com\/uncategorized\/abilica-multigripbar-50-mm\/"},"modified":"2023-12-08T12:49:34","modified_gmt":"2023-12-08T11:49:34","slug":"abilica-multigripbar-50-mm","status":"publish","type":"product","link":"https:\/\/abilica.com\/no\/styrke\/skiver-og-stenger\/abilica-multigripbar-50-mm\/","title":{"rendered":"Abilica MultigripBar 50 mm"},"content":{"rendered":"<div class=\"wpb-content-wrapper\"><p>[vc_row][vc_column][vc_column_text]Abilica MultigripBar er en vektstang med olympisk standard 50 mm med forsterket kulelager i messing. Vektstangen er spesielt godt egnet til \u00f8velser som inneb\u00e6rer raske vendinger, som for eksempel rykk og st\u00f8t. Den er designet og testet for dropping fra 260 cm, og t\u00e5ler maksimal vektbelastning 500 kg. Abilica MultigripBar er tilpasset 50 mm vektskiver og med 4 forskjellige grepsmuligheter gir den muligheter for stor variasjon i treningen.[\/vc_column_text][vc_empty_space height=&raquo;52px&raquo;][vc_btn title=&raquo;Treningstips&raquo; style=&raquo;flat&raquo; color=&raquo;black&raquo; i_icon_fontawesome=&raquo;fas fa-align-left&raquo; add_icon=&raquo;true&raquo; link=&raquo;url:https%3A%2F%2Fabilica.com%2Fno%2Ftreningsartikler%2Fstyrke%2Ftren-bedre-med-frivekter%2F&raquo;][\/vc_column][\/vc_row]<\/p>\n<\/div>","protected":false},"excerpt":{"rendered":"<p>[vc_row][vc_column][vc_column_text]Abilica MultigripBar er en vektstang med olympisk standard 50 mm med forsterket kulelager i messing&#8230;.<\/p>\n","protected":false},"featured_media":62000,"template":"","meta":{"_acf_changed":false},"product_brand":[],"product_cat":[425,422],"product_tag":[],"class_list":{"0":"post-63171","1":"product","2":"type-product","3":"status-publish","4":"has-post-thumbnail","6":"product_cat-skiver-og-stenger","7":"product_cat-styrke","9":"first","10":"instock","11":"product-type-simple"},"acf":[],"yoast_head":"<!-- This site is optimized with the Yoast SEO Premium plugin v21.1 (Yoast SEO v25.4) - https:\/\/yoast.com\/wordpress\/plugins\/seo\/ -->\n<title>Abilica MultigripBar 50 mm Abilica<\/title>\n<meta name=\"robots\" content=\"index, follow, max-snippet:-1, max-image-preview:large, max-video-preview:-1\" \/>\n<link rel=\"canonical\" href=\"https:\/\/abilica.com\/no\/styrke\/skiver-og-stenger\/abilica-multigripbar-50-mm\/\" \/>\n<meta property=\"og:locale\" content=\"nb_NO\" \/>\n<meta property=\"og:type\" content=\"article\" \/>\n<meta property=\"og:title\" content=\"Abilica MultigripBar 50 mm\" \/>\n<meta property=\"og:description\" content=\"[vc_row][vc_column][vc_column_text]Abilica MultigripBar er en vektstang med olympisk standard 50 mm med forsterket kulelager i messing....\" \/>\n<meta property=\"og:url\" content=\"https:\/\/abilica.com\/no\/styrke\/skiver-og-stenger\/abilica-multigripbar-50-mm\/\" \/>\n<meta property=\"og:site_name\" content=\"Abilica\" \/>\n<meta property=\"article:publisher\" content=\"https:\/\/www.facebook.com\/abilicahometraining\/\" \/>\n<meta property=\"article:modified_time\" content=\"2023-12-08T11:49:34+00:00\" \/>\n<meta property=\"og:image\" content=\"https:\/\/abilica.com\/wp-content\/uploads\/2023\/10\/300931.jpg\" \/>\n\t<meta property=\"og:image:width\" content=\"1200\" \/>\n\t<meta property=\"og:image:height\" content=\"1200\" \/>\n\t<meta property=\"og:image:type\" content=\"image\/jpeg\" \/>\n<meta name=\"twitter:card\" content=\"summary_large_image\" \/>\n<meta name=\"twitter:label1\" content=\"Ansl. lesetid\" \/>\n\t<meta name=\"twitter:data1\" content=\"1 minutt\" \/>\n<script type=\"application\/ld+json\" class=\"yoast-schema-graph\">{\"@context\":\"https:\/\/schema.org\",\"@graph\":[{\"@type\":\"WebPage\",\"@id\":\"https:\/\/abilica.com\/no\/styrke\/skiver-og-stenger\/abilica-multigripbar-50-mm\/\",\"url\":\"https:\/\/abilica.com\/no\/styrke\/skiver-og-stenger\/abilica-multigripbar-50-mm\/\",\"name\":\"Abilica MultigripBar 50 mm Abilica\",\"isPartOf\":{\"@id\":\"https:\/\/abilica.com\/#website\"},\"primaryImageOfPage\":{\"@id\":\"https:\/\/abilica.com\/no\/styrke\/skiver-og-stenger\/abilica-multigripbar-50-mm\/#primaryimage\"},\"image\":{\"@id\":\"https:\/\/abilica.com\/no\/styrke\/skiver-og-stenger\/abilica-multigripbar-50-mm\/#primaryimage\"},\"thumbnailUrl\":\"https:\/\/abilica.com\/wp-content\/uploads\/2023\/10\/300931.jpg\",\"datePublished\":\"2023-10-24T10:32:42+00:00\",\"dateModified\":\"2023-12-08T11:49:34+00:00\",\"breadcrumb\":{\"@id\":\"https:\/\/abilica.com\/no\/styrke\/skiver-og-stenger\/abilica-multigripbar-50-mm\/#breadcrumb\"},\"inLanguage\":\"nb-NO\",\"potentialAction\":[{\"@type\":\"ReadAction\",\"target\":[\"https:\/\/abilica.com\/no\/styrke\/skiver-og-stenger\/abilica-multigripbar-50-mm\/\"]}]},{\"@type\":\"ImageObject\",\"inLanguage\":\"nb-NO\",\"@id\":\"https:\/\/abilica.com\/no\/styrke\/skiver-og-stenger\/abilica-multigripbar-50-mm\/#primaryimage\",\"url\":\"https:\/\/abilica.com\/wp-content\/uploads\/2023\/10\/300931.jpg\",\"contentUrl\":\"https:\/\/abilica.com\/wp-content\/uploads\/2023\/10\/300931.jpg\",\"width\":1200,\"height\":1200},{\"@type\":\"BreadcrumbList\",\"@id\":\"https:\/\/abilica.com\/no\/styrke\/skiver-og-stenger\/abilica-multigripbar-50-mm\/#breadcrumb\",\"itemListElement\":[{\"@type\":\"ListItem\",\"position\":1,\"name\":\"Hem\",\"item\":\"https:\/\/abilica.com\/no\/\"},{\"@type\":\"ListItem\",\"position\":2,\"name\":\"Produkter\",\"item\":\"https:\/\/abilica.com\/no\/shop-2\/\"},{\"@type\":\"ListItem\",\"position\":3,\"name\":\"Abilica MultigripBar 50 mm\"}]},{\"@type\":\"WebSite\",\"@id\":\"https:\/\/abilica.com\/#website\",\"url\":\"https:\/\/abilica.com\/\",\"name\":\"Abilica\",\"description\":\"Abilica Home Training\",\"potentialAction\":[{\"@type\":\"SearchAction\",\"target\":{\"@type\":\"EntryPoint\",\"urlTemplate\":\"https:\/\/abilica.com\/?s={search_term_string}\"},\"query-input\":{\"@type\":\"PropertyValueSpecification\",\"valueRequired\":true,\"valueName\":\"search_term_string\"}}],\"inLanguage\":\"nb-NO\"}]}<\/script>\n<!-- \/ Yoast SEO Premium plugin. -->","yoast_head_json":{"title":"Abilica MultigripBar 50 mm Abilica","robots":{"index":"index","follow":"follow","max-snippet":"max-snippet:-1","max-image-preview":"max-image-preview:large","max-video-preview":"max-video-preview:-1"},"canonical":"https:\/\/abilica.com\/no\/styrke\/skiver-og-stenger\/abilica-multigripbar-50-mm\/","og_locale":"nb_NO","og_type":"article","og_title":"Abilica MultigripBar 50 mm","og_description":"[vc_row][vc_column][vc_column_text]Abilica MultigripBar er en vektstang med olympisk standard 50 mm med forsterket kulelager i messing....","og_url":"https:\/\/abilica.com\/no\/styrke\/skiver-og-stenger\/abilica-multigripbar-50-mm\/","og_site_name":"Abilica","article_publisher":"https:\/\/www.facebook.com\/abilicahometraining\/","article_modified_time":"2023-12-08T11:49:34+00:00","og_image":[{"width":1200,"height":1200,"url":"https:\/\/abilica.com\/wp-content\/uploads\/2023\/10\/300931.jpg","type":"image\/jpeg"}],"twitter_card":"summary_large_image","twitter_misc":{"Ansl. lesetid":"1 minutt"},"schema":{"@context":"https:\/\/schema.org","@graph":[{"@type":"WebPage","@id":"https:\/\/abilica.com\/no\/styrke\/skiver-og-stenger\/abilica-multigripbar-50-mm\/","url":"https:\/\/abilica.com\/no\/styrke\/skiver-og-stenger\/abilica-multigripbar-50-mm\/","name":"Abilica MultigripBar 50 mm Abilica","isPartOf":{"@id":"https:\/\/abilica.com\/#website"},"primaryImageOfPage":{"@id":"https:\/\/abilica.com\/no\/styrke\/skiver-og-stenger\/abilica-multigripbar-50-mm\/#primaryimage"},"image":{"@id":"https:\/\/abilica.com\/no\/styrke\/skiver-og-stenger\/abilica-multigripbar-50-mm\/#primaryimage"},"thumbnailUrl":"https:\/\/abilica.com\/wp-content\/uploads\/2023\/10\/300931.jpg","datePublished":"2023-10-24T10:32:42+00:00","dateModified":"2023-12-08T11:49:34+00:00","breadcrumb":{"@id":"https:\/\/abilica.com\/no\/styrke\/skiver-og-stenger\/abilica-multigripbar-50-mm\/#breadcrumb"},"inLanguage":"nb-NO","potentialAction":[{"@type":"ReadAction","target":["https:\/\/abilica.com\/no\/styrke\/skiver-og-stenger\/abilica-multigripbar-50-mm\/"]}]},{"@type":"ImageObject","inLanguage":"nb-NO","@id":"https:\/\/abilica.com\/no\/styrke\/skiver-og-stenger\/abilica-multigripbar-50-mm\/#primaryimage","url":"https:\/\/abilica.com\/wp-content\/uploads\/2023\/10\/300931.jpg","contentUrl":"https:\/\/abilica.com\/wp-content\/uploads\/2023\/10\/300931.jpg","width":1200,"height":1200},{"@type":"BreadcrumbList","@id":"https:\/\/abilica.com\/no\/styrke\/skiver-og-stenger\/abilica-multigripbar-50-mm\/#breadcrumb","itemListElement":[{"@type":"ListItem","position":1,"name":"Hem","item":"https:\/\/abilica.com\/no\/"},{"@type":"ListItem","position":2,"name":"Produkter","item":"https:\/\/abilica.com\/no\/shop-2\/"},{"@type":"ListItem","position":3,"name":"Abilica MultigripBar 50 mm"}]},{"@type":"WebSite","@id":"https:\/\/abilica.com\/#website","url":"https:\/\/abilica.com\/","name":"Abilica","description":"Abilica Home Training","potentialAction":[{"@type":"SearchAction","target":{"@type":"EntryPoint","urlTemplate":"https:\/\/abilica.com\/?s={search_term_string}"},"query-input":{"@type":"PropertyValueSpecification","valueRequired":true,"valueName":"search_term_string"}}],"inLanguage":"nb-NO"}]}},"_links":{"self":[{"href":"https:\/\/abilica.com\/no\/wp-json\/wp\/v2\/product\/63171","targetHints":{"allow":["GET"]}}],"collection":[{"href":"https:\/\/abilica.com\/no\/wp-json\/wp\/v2\/product"}],"about":[{"href":"https:\/\/abilica.com\/no\/wp-json\/wp\/v2\/types\/product"}],"wp:featuredmedia":[{"embeddable":true,"href":"https:\/\/abilica.com\/no\/wp-json\/wp\/v2\/media\/62000"}],"wp:attachment":[{"href":"https:\/\/abilica.com\/no\/wp-json\/wp\/v2\/media?parent=63171"}],"wp:term":[{"taxonomy":"product_brand","embeddable":true,"href":"https:\/\/abilica.com\/no\/wp-json\/wp\/v2\/product_brand?post=63171"},{"taxonomy":"product_cat","embeddable":true,"href":"https:\/\/abilica.com\/no\/wp-json\/wp\/v2\/product_cat?post=63171"},{"taxonomy":"product_tag","embeddable":true,"href":"https:\/\/abilica.com\/no\/wp-json\/wp\/v2\/product_tag?post=63171"}],"curies":[{"name":"wp","href":"https:\/\/api.w.org\/{rel}","templated":true}]}}