{"id":63195,"date":"2023-10-24T11:32:54","date_gmt":"2023-10-24T10:32:54","guid":{"rendered":"https:\/\/abilica.com\/uncategorized\/abilica-waistpack\/"},"modified":"2025-02-05T15:35:50","modified_gmt":"2025-02-05T14:35:50","slug":"abilica-waistpack","status":"publish","type":"product","link":"https:\/\/abilica.com\/no\/styrke\/tilbehor\/abilica-waistpack\/","title":{"rendered":"Abilica WaistPack"},"content":{"rendered":"<p>Abilica WaistPack er perfekt til oppbevaring av f.eks telefon, kort og n\u00f8kler under trening. Like fin til bruk inne som ute. Dobbeltlag med lommer beskytter de ulike enhetene. Produsert i ultra tynn Lycra gj\u00f8r den meget lett og behagelig \u00e5 ha p\u00e5 seg. Sensitivt vindu gj\u00f8r at de fleste mobiltelefoner kan betjenes uten \u00e5 ta den ut. Vannavst\u00f8tende materiale og med refleks. Silicon \u00f8ye for uttak til \u00f8retelefon. Justerbart elastisk belte fra 65-110 cm. Passer til de fleste telefonene. Str. L 24,5\/16,5 x B 11 cm p\u00e5 baggen.<\/p>\n","protected":false},"excerpt":{"rendered":"<p>Abilica WaistPack er perfekt til oppbevaring av f.eks telefon, kort og n\u00f8kler under trening. Like&#8230;<\/p>\n","protected":false},"featured_media":62016,"template":"","meta":{"_acf_changed":false},"product_brand":[],"product_cat":[426,429],"product_tag":[177],"class_list":{"0":"post-63195","1":"product","2":"type-product","3":"status-publish","4":"has-post-thumbnail","6":"product_cat-kondisjon","7":"product_cat-tilbehor","8":"product_tag-small-items","10":"first","11":"outofstock","12":"product-type-variable"},"acf":[],"yoast_head":"<!-- This site is optimized with the Yoast SEO Premium plugin v21.1 (Yoast SEO v25.4) - https:\/\/yoast.com\/wordpress\/plugins\/seo\/ -->\n<title>Abilica WaistPack Abilica<\/title>\n<meta name=\"robots\" content=\"index, follow, max-snippet:-1, max-image-preview:large, max-video-preview:-1\" \/>\n<link rel=\"canonical\" href=\"https:\/\/abilica.com\/no\/styrke\/tilbehor\/abilica-waistpack\/\" \/>\n<meta property=\"og:locale\" content=\"nb_NO\" \/>\n<meta property=\"og:type\" content=\"article\" \/>\n<meta property=\"og:title\" content=\"Abilica WaistPack\" \/>\n<meta property=\"og:description\" content=\"Abilica WaistPack er perfekt til oppbevaring av f.eks telefon, kort og n\u00f8kler under trening. Like...\" \/>\n<meta property=\"og:url\" content=\"https:\/\/abilica.com\/no\/styrke\/tilbehor\/abilica-waistpack\/\" \/>\n<meta property=\"og:site_name\" content=\"Abilica\" \/>\n<meta property=\"article:publisher\" content=\"https:\/\/www.facebook.com\/abilicahometraining\/\" \/>\n<meta property=\"article:modified_time\" content=\"2025-02-05T14:35:50+00:00\" \/>\n<meta property=\"og:image\" content=\"https:\/\/abilica.com\/wp-content\/uploads\/2023\/10\/300917.jpg\" \/>\n\t<meta property=\"og:image:width\" content=\"1200\" \/>\n\t<meta property=\"og:image:height\" content=\"1200\" \/>\n\t<meta property=\"og:image:type\" content=\"image\/jpeg\" \/>\n<meta name=\"twitter:card\" content=\"summary_large_image\" \/>\n<script type=\"application\/ld+json\" class=\"yoast-schema-graph\">{\"@context\":\"https:\/\/schema.org\",\"@graph\":[{\"@type\":\"WebPage\",\"@id\":\"https:\/\/abilica.com\/no\/styrke\/tilbehor\/abilica-waistpack\/\",\"url\":\"https:\/\/abilica.com\/no\/styrke\/tilbehor\/abilica-waistpack\/\",\"name\":\"Abilica WaistPack Abilica\",\"isPartOf\":{\"@id\":\"https:\/\/abilica.com\/#website\"},\"primaryImageOfPage\":{\"@id\":\"https:\/\/abilica.com\/no\/styrke\/tilbehor\/abilica-waistpack\/#primaryimage\"},\"image\":{\"@id\":\"https:\/\/abilica.com\/no\/styrke\/tilbehor\/abilica-waistpack\/#primaryimage\"},\"thumbnailUrl\":\"https:\/\/abilica.com\/wp-content\/uploads\/2023\/10\/300917.jpg\",\"datePublished\":\"2023-10-24T10:32:54+00:00\",\"dateModified\":\"2025-02-05T14:35:50+00:00\",\"breadcrumb\":{\"@id\":\"https:\/\/abilica.com\/no\/styrke\/tilbehor\/abilica-waistpack\/#breadcrumb\"},\"inLanguage\":\"nb-NO\",\"potentialAction\":[{\"@type\":\"ReadAction\",\"target\":[\"https:\/\/abilica.com\/no\/styrke\/tilbehor\/abilica-waistpack\/\"]}]},{\"@type\":\"ImageObject\",\"inLanguage\":\"nb-NO\",\"@id\":\"https:\/\/abilica.com\/no\/styrke\/tilbehor\/abilica-waistpack\/#primaryimage\",\"url\":\"https:\/\/abilica.com\/wp-content\/uploads\/2023\/10\/300917.jpg\",\"contentUrl\":\"https:\/\/abilica.com\/wp-content\/uploads\/2023\/10\/300917.jpg\",\"width\":1200,\"height\":1200},{\"@type\":\"BreadcrumbList\",\"@id\":\"https:\/\/abilica.com\/no\/styrke\/tilbehor\/abilica-waistpack\/#breadcrumb\",\"itemListElement\":[{\"@type\":\"ListItem\",\"position\":1,\"name\":\"Hem\",\"item\":\"https:\/\/abilica.com\/no\/\"},{\"@type\":\"ListItem\",\"position\":2,\"name\":\"Produkter\",\"item\":\"https:\/\/abilica.com\/no\/shop-2\/\"},{\"@type\":\"ListItem\",\"position\":3,\"name\":\"Abilica WaistPack\"}]},{\"@type\":\"WebSite\",\"@id\":\"https:\/\/abilica.com\/#website\",\"url\":\"https:\/\/abilica.com\/\",\"name\":\"Abilica\",\"description\":\"Abilica Home Training\",\"potentialAction\":[{\"@type\":\"SearchAction\",\"target\":{\"@type\":\"EntryPoint\",\"urlTemplate\":\"https:\/\/abilica.com\/?s={search_term_string}\"},\"query-input\":{\"@type\":\"PropertyValueSpecification\",\"valueRequired\":true,\"valueName\":\"search_term_string\"}}],\"inLanguage\":\"nb-NO\"}]}<\/script>\n<!-- \/ Yoast SEO Premium plugin. -->","yoast_head_json":{"title":"Abilica WaistPack Abilica","robots":{"index":"index","follow":"follow","max-snippet":"max-snippet:-1","max-image-preview":"max-image-preview:large","max-video-preview":"max-video-preview:-1"},"canonical":"https:\/\/abilica.com\/no\/styrke\/tilbehor\/abilica-waistpack\/","og_locale":"nb_NO","og_type":"article","og_title":"Abilica WaistPack","og_description":"Abilica WaistPack er perfekt til oppbevaring av f.eks telefon, kort og n\u00f8kler under trening. Like...","og_url":"https:\/\/abilica.com\/no\/styrke\/tilbehor\/abilica-waistpack\/","og_site_name":"Abilica","article_publisher":"https:\/\/www.facebook.com\/abilicahometraining\/","article_modified_time":"2025-02-05T14:35:50+00:00","og_image":[{"width":1200,"height":1200,"url":"https:\/\/abilica.com\/wp-content\/uploads\/2023\/10\/300917.jpg","type":"image\/jpeg"}],"twitter_card":"summary_large_image","schema":{"@context":"https:\/\/schema.org","@graph":[{"@type":"WebPage","@id":"https:\/\/abilica.com\/no\/styrke\/tilbehor\/abilica-waistpack\/","url":"https:\/\/abilica.com\/no\/styrke\/tilbehor\/abilica-waistpack\/","name":"Abilica WaistPack Abilica","isPartOf":{"@id":"https:\/\/abilica.com\/#website"},"primaryImageOfPage":{"@id":"https:\/\/abilica.com\/no\/styrke\/tilbehor\/abilica-waistpack\/#primaryimage"},"image":{"@id":"https:\/\/abilica.com\/no\/styrke\/tilbehor\/abilica-waistpack\/#primaryimage"},"thumbnailUrl":"https:\/\/abilica.com\/wp-content\/uploads\/2023\/10\/300917.jpg","datePublished":"2023-10-24T10:32:54+00:00","dateModified":"2025-02-05T14:35:50+00:00","breadcrumb":{"@id":"https:\/\/abilica.com\/no\/styrke\/tilbehor\/abilica-waistpack\/#breadcrumb"},"inLanguage":"nb-NO","potentialAction":[{"@type":"ReadAction","target":["https:\/\/abilica.com\/no\/styrke\/tilbehor\/abilica-waistpack\/"]}]},{"@type":"ImageObject","inLanguage":"nb-NO","@id":"https:\/\/abilica.com\/no\/styrke\/tilbehor\/abilica-waistpack\/#primaryimage","url":"https:\/\/abilica.com\/wp-content\/uploads\/2023\/10\/300917.jpg","contentUrl":"https:\/\/abilica.com\/wp-content\/uploads\/2023\/10\/300917.jpg","width":1200,"height":1200},{"@type":"BreadcrumbList","@id":"https:\/\/abilica.com\/no\/styrke\/tilbehor\/abilica-waistpack\/#breadcrumb","itemListElement":[{"@type":"ListItem","position":1,"name":"Hem","item":"https:\/\/abilica.com\/no\/"},{"@type":"ListItem","position":2,"name":"Produkter","item":"https:\/\/abilica.com\/no\/shop-2\/"},{"@type":"ListItem","position":3,"name":"Abilica WaistPack"}]},{"@type":"WebSite","@id":"https:\/\/abilica.com\/#website","url":"https:\/\/abilica.com\/","name":"Abilica","description":"Abilica Home Training","potentialAction":[{"@type":"SearchAction","target":{"@type":"EntryPoint","urlTemplate":"https:\/\/abilica.com\/?s={search_term_string}"},"query-input":{"@type":"PropertyValueSpecification","valueRequired":true,"valueName":"search_term_string"}}],"inLanguage":"nb-NO"}]}},"_links":{"self":[{"href":"https:\/\/abilica.com\/no\/wp-json\/wp\/v2\/product\/63195","targetHints":{"allow":["GET"]}}],"collection":[{"href":"https:\/\/abilica.com\/no\/wp-json\/wp\/v2\/product"}],"about":[{"href":"https:\/\/abilica.com\/no\/wp-json\/wp\/v2\/types\/product"}],"wp:featuredmedia":[{"embeddable":true,"href":"https:\/\/abilica.com\/no\/wp-json\/wp\/v2\/media\/62016"}],"wp:attachment":[{"href":"https:\/\/abilica.com\/no\/wp-json\/wp\/v2\/media?parent=63195"}],"wp:term":[{"taxonomy":"product_brand","embeddable":true,"href":"https:\/\/abilica.com\/no\/wp-json\/wp\/v2\/product_brand?post=63195"},{"taxonomy":"product_cat","embeddable":true,"href":"https:\/\/abilica.com\/no\/wp-json\/wp\/v2\/product_cat?post=63195"},{"taxonomy":"product_tag","embeddable":true,"href":"https:\/\/abilica.com\/no\/wp-json\/wp\/v2\/product_tag?post=63195"}],"curies":[{"name":"wp","href":"https:\/\/api.w.org\/{rel}","templated":true}]}}