{"id":63206,"date":"2023-10-24T11:32:54","date_gmt":"2023-10-24T10:32:54","guid":{"rendered":"https:\/\/abilica.com\/uncategorized\/abilica-bounceup\/"},"modified":"2025-11-11T15:06:04","modified_gmt":"2025-11-11T14:06:04","slug":"abilica-bounceup","status":"publish","type":"product","link":"https:\/\/abilica.com\/no\/kondisjon\/trampoline\/abilica-bounceup\/","title":{"rendered":"Abilica BounceUp"},"content":{"rendered":"<div class=\"wpb-content-wrapper\"><p>[vc_row][vc_column][vc_column_text css=&raquo;&raquo;]Med Abilica BounceUp kan du trene p\u00e5 en morsom og effektiv m\u00e5te! Sett p\u00e5 musikken og hopp-hopp-hopp med ulike kombinasjoner. P\u00e5 BounceUp er hovedfokus kondisjonstrening, gjerne med h\u00f8y puls. Men avslutt gjerne trenings\u00f8kten med balanse\u00f8velser p\u00e5 trampolinen, det myke og ustabile underlaget gir deg en ekstra utfordring. Trening p\u00e5 Abilica BounceUp er ogs\u00e5 sk\u00e5nsom forleddene. Trampoline med 36 stk. separate strikker, som gir meget god sprett og lang holdbarhet. En og en strikk kan byttes ut ved behov. 6 stk. vinklede ben med gummifot gir ekstra god stabilitet. Justerbart h\u00e5ndtak som ogs\u00e5 kan tas helt av. Rammen monteres raskt og enkelt, uten verkt\u00f8y, ved hjelp av \u00abklikk l\u00e5ser\u00bb. Maks brukervekt 120 kg.[\/vc_column_text][vc_empty_space height=&raquo;42px&raquo;][vc_video link=&raquo;https:\/\/www.youtube.com\/watch?v=_JlmvKd5WM8&#8243; align=&raquo;center&raquo;][vc_video link=&raquo;https:\/\/www.youtube.com\/watch?v=tRf7vQ9On9c&raquo; align=&raquo;center&raquo;][\/vc_column][\/vc_row]<\/p>\n<\/div>","protected":false},"excerpt":{"rendered":"<p>[vc_row][vc_column][vc_column_text css=&raquo;&raquo;]Med Abilica BounceUp kan du trene p\u00e5 en morsom og effektiv m\u00e5te! Sett p\u00e5&#8230;<\/p>\n","protected":false},"featured_media":62024,"template":"","meta":{"_acf_changed":false},"product_brand":[],"product_cat":[426,467],"product_tag":[],"class_list":{"0":"post-63206","1":"product","2":"type-product","3":"status-publish","4":"has-post-thumbnail","6":"product_cat-kondisjon","7":"product_cat-trampoline","9":"first","10":"instock","11":"product-type-simple"},"acf":[],"yoast_head":"<!-- This site is optimized with the Yoast SEO Premium plugin v21.1 (Yoast SEO v25.4) - https:\/\/yoast.com\/wordpress\/plugins\/seo\/ -->\n<title>Abilica BounceUp Abilica<\/title>\n<meta name=\"robots\" content=\"index, follow, max-snippet:-1, max-image-preview:large, max-video-preview:-1\" \/>\n<link rel=\"canonical\" href=\"https:\/\/abilica.com\/no\/kondisjon\/trampoline\/abilica-bounceup\/\" \/>\n<meta property=\"og:locale\" content=\"nb_NO\" \/>\n<meta property=\"og:type\" content=\"article\" \/>\n<meta property=\"og:title\" content=\"Abilica BounceUp\" \/>\n<meta property=\"og:description\" content=\"[vc_row][vc_column][vc_column_text css=&raquo;&raquo;]Med Abilica BounceUp kan du trene p\u00e5 en morsom og effektiv m\u00e5te! Sett p\u00e5...\" \/>\n<meta property=\"og:url\" content=\"https:\/\/abilica.com\/no\/kondisjon\/trampoline\/abilica-bounceup\/\" \/>\n<meta property=\"og:site_name\" content=\"Abilica\" \/>\n<meta property=\"article:publisher\" content=\"https:\/\/www.facebook.com\/abilicahometraining\/\" \/>\n<meta property=\"article:modified_time\" content=\"2025-11-11T14:06:04+00:00\" \/>\n<meta property=\"og:image\" content=\"https:\/\/abilica.com\/wp-content\/uploads\/2023\/10\/372700.jpg\" \/>\n\t<meta property=\"og:image:width\" content=\"1200\" \/>\n\t<meta property=\"og:image:height\" content=\"1200\" \/>\n\t<meta property=\"og:image:type\" content=\"image\/jpeg\" \/>\n<meta name=\"twitter:card\" content=\"summary_large_image\" \/>\n<meta name=\"twitter:label1\" content=\"Ansl. lesetid\" \/>\n\t<meta name=\"twitter:data1\" content=\"1 minutt\" \/>\n<script type=\"application\/ld+json\" class=\"yoast-schema-graph\">{\"@context\":\"https:\/\/schema.org\",\"@graph\":[{\"@type\":\"WebPage\",\"@id\":\"https:\/\/abilica.com\/no\/kondisjon\/trampoline\/abilica-bounceup\/\",\"url\":\"https:\/\/abilica.com\/no\/kondisjon\/trampoline\/abilica-bounceup\/\",\"name\":\"Abilica BounceUp Abilica\",\"isPartOf\":{\"@id\":\"https:\/\/abilica.com\/#website\"},\"primaryImageOfPage\":{\"@id\":\"https:\/\/abilica.com\/no\/kondisjon\/trampoline\/abilica-bounceup\/#primaryimage\"},\"image\":{\"@id\":\"https:\/\/abilica.com\/no\/kondisjon\/trampoline\/abilica-bounceup\/#primaryimage\"},\"thumbnailUrl\":\"https:\/\/abilica.com\/wp-content\/uploads\/2023\/10\/372700.jpg\",\"datePublished\":\"2023-10-24T10:32:54+00:00\",\"dateModified\":\"2025-11-11T14:06:04+00:00\",\"breadcrumb\":{\"@id\":\"https:\/\/abilica.com\/no\/kondisjon\/trampoline\/abilica-bounceup\/#breadcrumb\"},\"inLanguage\":\"nb-NO\",\"potentialAction\":[{\"@type\":\"ReadAction\",\"target\":[\"https:\/\/abilica.com\/no\/kondisjon\/trampoline\/abilica-bounceup\/\"]}]},{\"@type\":\"ImageObject\",\"inLanguage\":\"nb-NO\",\"@id\":\"https:\/\/abilica.com\/no\/kondisjon\/trampoline\/abilica-bounceup\/#primaryimage\",\"url\":\"https:\/\/abilica.com\/wp-content\/uploads\/2023\/10\/372700.jpg\",\"contentUrl\":\"https:\/\/abilica.com\/wp-content\/uploads\/2023\/10\/372700.jpg\",\"width\":1200,\"height\":1200},{\"@type\":\"BreadcrumbList\",\"@id\":\"https:\/\/abilica.com\/no\/kondisjon\/trampoline\/abilica-bounceup\/#breadcrumb\",\"itemListElement\":[{\"@type\":\"ListItem\",\"position\":1,\"name\":\"Hem\",\"item\":\"https:\/\/abilica.com\/no\/\"},{\"@type\":\"ListItem\",\"position\":2,\"name\":\"Produkter\",\"item\":\"https:\/\/abilica.com\/no\/shop-2\/\"},{\"@type\":\"ListItem\",\"position\":3,\"name\":\"Abilica BounceUp\"}]},{\"@type\":\"WebSite\",\"@id\":\"https:\/\/abilica.com\/#website\",\"url\":\"https:\/\/abilica.com\/\",\"name\":\"Abilica\",\"description\":\"Abilica Home Training\",\"potentialAction\":[{\"@type\":\"SearchAction\",\"target\":{\"@type\":\"EntryPoint\",\"urlTemplate\":\"https:\/\/abilica.com\/?s={search_term_string}\"},\"query-input\":{\"@type\":\"PropertyValueSpecification\",\"valueRequired\":true,\"valueName\":\"search_term_string\"}}],\"inLanguage\":\"nb-NO\"}]}<\/script>\n<!-- \/ Yoast SEO Premium plugin. -->","yoast_head_json":{"title":"Abilica BounceUp Abilica","robots":{"index":"index","follow":"follow","max-snippet":"max-snippet:-1","max-image-preview":"max-image-preview:large","max-video-preview":"max-video-preview:-1"},"canonical":"https:\/\/abilica.com\/no\/kondisjon\/trampoline\/abilica-bounceup\/","og_locale":"nb_NO","og_type":"article","og_title":"Abilica BounceUp","og_description":"[vc_row][vc_column][vc_column_text css=&raquo;&raquo;]Med Abilica BounceUp kan du trene p\u00e5 en morsom og effektiv m\u00e5te! Sett p\u00e5...","og_url":"https:\/\/abilica.com\/no\/kondisjon\/trampoline\/abilica-bounceup\/","og_site_name":"Abilica","article_publisher":"https:\/\/www.facebook.com\/abilicahometraining\/","article_modified_time":"2025-11-11T14:06:04+00:00","og_image":[{"width":1200,"height":1200,"url":"https:\/\/abilica.com\/wp-content\/uploads\/2023\/10\/372700.jpg","type":"image\/jpeg"}],"twitter_card":"summary_large_image","twitter_misc":{"Ansl. lesetid":"1 minutt"},"schema":{"@context":"https:\/\/schema.org","@graph":[{"@type":"WebPage","@id":"https:\/\/abilica.com\/no\/kondisjon\/trampoline\/abilica-bounceup\/","url":"https:\/\/abilica.com\/no\/kondisjon\/trampoline\/abilica-bounceup\/","name":"Abilica BounceUp Abilica","isPartOf":{"@id":"https:\/\/abilica.com\/#website"},"primaryImageOfPage":{"@id":"https:\/\/abilica.com\/no\/kondisjon\/trampoline\/abilica-bounceup\/#primaryimage"},"image":{"@id":"https:\/\/abilica.com\/no\/kondisjon\/trampoline\/abilica-bounceup\/#primaryimage"},"thumbnailUrl":"https:\/\/abilica.com\/wp-content\/uploads\/2023\/10\/372700.jpg","datePublished":"2023-10-24T10:32:54+00:00","dateModified":"2025-11-11T14:06:04+00:00","breadcrumb":{"@id":"https:\/\/abilica.com\/no\/kondisjon\/trampoline\/abilica-bounceup\/#breadcrumb"},"inLanguage":"nb-NO","potentialAction":[{"@type":"ReadAction","target":["https:\/\/abilica.com\/no\/kondisjon\/trampoline\/abilica-bounceup\/"]}]},{"@type":"ImageObject","inLanguage":"nb-NO","@id":"https:\/\/abilica.com\/no\/kondisjon\/trampoline\/abilica-bounceup\/#primaryimage","url":"https:\/\/abilica.com\/wp-content\/uploads\/2023\/10\/372700.jpg","contentUrl":"https:\/\/abilica.com\/wp-content\/uploads\/2023\/10\/372700.jpg","width":1200,"height":1200},{"@type":"BreadcrumbList","@id":"https:\/\/abilica.com\/no\/kondisjon\/trampoline\/abilica-bounceup\/#breadcrumb","itemListElement":[{"@type":"ListItem","position":1,"name":"Hem","item":"https:\/\/abilica.com\/no\/"},{"@type":"ListItem","position":2,"name":"Produkter","item":"https:\/\/abilica.com\/no\/shop-2\/"},{"@type":"ListItem","position":3,"name":"Abilica BounceUp"}]},{"@type":"WebSite","@id":"https:\/\/abilica.com\/#website","url":"https:\/\/abilica.com\/","name":"Abilica","description":"Abilica Home Training","potentialAction":[{"@type":"SearchAction","target":{"@type":"EntryPoint","urlTemplate":"https:\/\/abilica.com\/?s={search_term_string}"},"query-input":{"@type":"PropertyValueSpecification","valueRequired":true,"valueName":"search_term_string"}}],"inLanguage":"nb-NO"}]}},"_links":{"self":[{"href":"https:\/\/abilica.com\/no\/wp-json\/wp\/v2\/product\/63206","targetHints":{"allow":["GET"]}}],"collection":[{"href":"https:\/\/abilica.com\/no\/wp-json\/wp\/v2\/product"}],"about":[{"href":"https:\/\/abilica.com\/no\/wp-json\/wp\/v2\/types\/product"}],"wp:featuredmedia":[{"embeddable":true,"href":"https:\/\/abilica.com\/no\/wp-json\/wp\/v2\/media\/62024"}],"wp:attachment":[{"href":"https:\/\/abilica.com\/no\/wp-json\/wp\/v2\/media?parent=63206"}],"wp:term":[{"taxonomy":"product_brand","embeddable":true,"href":"https:\/\/abilica.com\/no\/wp-json\/wp\/v2\/product_brand?post=63206"},{"taxonomy":"product_cat","embeddable":true,"href":"https:\/\/abilica.com\/no\/wp-json\/wp\/v2\/product_cat?post=63206"},{"taxonomy":"product_tag","embeddable":true,"href":"https:\/\/abilica.com\/no\/wp-json\/wp\/v2\/product_tag?post=63206"}],"curies":[{"name":"wp","href":"https:\/\/api.w.org\/{rel}","templated":true}]}}