{"id":63227,"date":"2023-10-24T11:32:54","date_gmt":"2023-10-24T10:32:54","guid":{"rendered":"https:\/\/abilica.com\/uncategorized\/abilica-3150-bench\/"},"modified":"2025-10-23T11:32:54","modified_gmt":"2025-10-23T10:32:54","slug":"abilica-3150-bench","status":"publish","type":"product","link":"https:\/\/abilica.com\/no\/styrke\/treningsbenk\/abilica-3150-bench\/","title":{"rendered":"Abilica 3150 Bench"},"content":{"rendered":"<div class=\"wpb-content-wrapper\"><p>[vc_row][vc_column][vc_column_text css=&raquo;&raquo;]Abilica 3150 er en solid treningsbenk med kraftig konstruksjon for deg som \u00f8nsker \u00e5 bygge muskler og ta treningen din til neste niv\u00e5.<span class=\"Apple-converted-space\">\u00a0<\/span>Benken har en rekke justeringsmuligheter for individuelle tilpasninger og en skreddersydd treningsopplevelse. Abilica 3150 Bench har god polstring p\u00e5 b\u00e5de sete og rygg, noe som gj\u00f8r den behagelig \u00e5 trene p\u00e5. Ryggen kan justeres i 5 niv\u00e5er og kan ogs\u00e5 legges flat og i decline. Setet kan justeres i 3 niv\u00e5er. Vektstolpene har sikkerhetsl\u00e5ser og kan justeres i h\u00f8yden etter behov. Abilica 3150 Bench leveres med benvippe som har 4 justerbare puter for en enda mer allsidig trening. Med en total bredde p\u00e5 110 cm mellom vekstangholderne kan du bruke b\u00e5de <a href=\"https:\/\/abilica.com\/no\/styrke\/skiver-og-stenger\/\"><strong>Abilica WeightBar 200 cm og 180 cm (25 mm)<\/strong><\/a>\u00a0og <a href=\"https:\/\/abilica.com\/no\/styrke\/skiver-og-stenger\/\"><strong>Abilica WeightBar 220, 200 og 150 cm (50 mm) <\/strong><\/a>p\u00e5 denne benken. P\u00e5 Abilica 3150 Bench kan du utf\u00f8re et bredt utvalg av \u00f8velser. For en enda mer allsidig trening kan du ogs\u00e5 kj\u00f8pe <strong><a href=\"https:\/\/abilica.com\/no\/abilica-3150-pulldown-attachment\/\">Abilica 3150 PullDown<\/a><\/strong> som tilleggsutstyr, slik at du kan trene hele kroppen p\u00e5 ett og samme treningsapparat.<\/p>\n<p>Vektstenger og vektskiver selges separat.<\/p>\n<p><b>TEKNISK INFO<br \/>\n<\/b><\/p>\n<p><strong>M\u00e5l oppmontert<\/strong><br \/>\n172 x 110 x 123 cm (L x B x H)<\/p>\n<p><strong>Rammest\u00f8rrelse<\/strong><br \/>\n50 x 50 mm<\/p>\n<p><strong>St\u00e5ltykkelse<\/strong><br \/>\n1.5 mm<\/p>\n<p><strong>Maks belastning inkludert bruker<\/strong><br \/>\n250 kg<\/p>\n<p><strong>Produktvekt<\/strong><br \/>\n28 kg<b><br \/>\n<\/b><\/p>\n<p><strong>Justeringsniv\u00e5er vektstolper<\/strong><br \/>\n3 niv\u00e5er<\/p>\n<p><strong>Justeringsniv\u00e5er rygg<\/strong><br \/>\n5 niv\u00e5er<\/p>\n<p><strong>Justeringsgrader rygg<\/strong><br \/>\n-15\u00b0,0\u00b0, 20\u00b0, 30\u00b0, 40\u00b0<\/p>\n<p><strong>Justeringsniv\u00e5er sete<\/strong><br \/>\n3 niv\u00e5er<\/p>\n<p><strong>Justeringsgrader sete<\/strong><br \/>\n0\u00b0, 15\u00b0, 25\u00b0<\/p>\n<p><strong>Bredde mellom vekstangholdere<\/strong><br \/>\n110 cm<\/p>\n<p><strong>Maks belastning benvippe<\/strong><br \/>\n60 kg<\/p>\n<p><strong>Maks belastning rack<\/strong><br \/>\n150 kg<\/p>\n<p><strong>H\u00f8yde fra gulv til sete<\/strong><br \/>\n50 cm<\/p>\n<p><strong>M\u00e5l ryggpute<\/strong><br \/>\n77 x 24 cm (L x B)<\/p>\n<p><strong>M\u00e5l sittepute<\/strong><br \/>\n30 x 30 cm (L x B)[\/vc_column_text][vc_empty_space height=&raquo;52px&raquo;][\/vc_column][\/vc_row][vc_row][vc_column][vc_btn title=&raquo;Teknisk informasjon&raquo; style=&raquo;flat&raquo; color=&raquo;black&raquo; i_icon_fontawesome=&raquo;&raquo; add_icon=&raquo;true&raquo; link=&raquo;url:https%3A%2F%2Fabilica.com%2Fno%2Fwp-content%2Fuploads%2F2021%2F06%2FBenker-mulitgym-osv-UK-1.pdf&raquo;][vc_btn title=&raquo;Brukermanual&raquo; style=&raquo;flat&raquo; color=&raquo;black&raquo; i_icon_fontawesome=&raquo;fa fa-file-pdf-o&raquo; add_icon=&raquo;true&raquo; link=&raquo;url:https%3A%2F%2Fabilica.com%2Fno%2Fwp-content%2Fuploads%2F2020%2F12%2FAbilica-3150-Bench.pdf|||&raquo;][vc_btn title=&raquo;Vedlikeholdstips&raquo; style=&raquo;flat&raquo; color=&raquo;black&raquo; i_icon_fontawesome=&raquo;fa fa-align-left&raquo; add_icon=&raquo;true&raquo; link=&raquo;url:https%3A%2F%2Fabilica.com%2Fno%2Ftreningsartikler%2Fkondisjon%2Fvedlikehold-av-treningsapparater%2F|||&raquo;][\/vc_column][\/vc_row]<\/p>\n<\/div>","protected":false},"excerpt":{"rendered":"<p>[vc_row][vc_column][vc_column_text css=&raquo;&raquo;]Abilica 3150 er en solid treningsbenk med kraftig konstruksjon for deg som \u00f8nsker \u00e5&#8230;<\/p>\n","protected":false},"featured_media":62038,"template":"","meta":{"_acf_changed":false},"product_brand":[],"product_cat":[422,431],"product_tag":[],"class_list":{"0":"post-63227","1":"product","2":"type-product","3":"status-publish","4":"has-post-thumbnail","6":"product_cat-styrke","7":"product_cat-treningsbenk","9":"first","10":"instock","11":"product-type-simple"},"acf":[],"yoast_head":"<!-- This site is optimized with the Yoast SEO Premium plugin v21.1 (Yoast SEO v25.4) - https:\/\/yoast.com\/wordpress\/plugins\/seo\/ -->\n<title>Abilica 3150 Bench Abilica<\/title>\n<meta name=\"robots\" content=\"index, follow, max-snippet:-1, max-image-preview:large, max-video-preview:-1\" \/>\n<link rel=\"canonical\" href=\"https:\/\/abilica.com\/no\/styrke\/treningsbenk\/abilica-3150-bench\/\" \/>\n<meta property=\"og:locale\" content=\"nb_NO\" \/>\n<meta property=\"og:type\" content=\"article\" \/>\n<meta property=\"og:title\" content=\"Abilica 3150 Bench\" \/>\n<meta property=\"og:description\" content=\"[vc_row][vc_column][vc_column_text css=&raquo;&raquo;]Abilica 3150 er en solid treningsbenk med kraftig konstruksjon for deg som \u00f8nsker \u00e5...\" \/>\n<meta property=\"og:url\" content=\"https:\/\/abilica.com\/no\/styrke\/treningsbenk\/abilica-3150-bench\/\" \/>\n<meta property=\"og:site_name\" content=\"Abilica\" \/>\n<meta property=\"article:publisher\" content=\"https:\/\/www.facebook.com\/abilicahometraining\/\" \/>\n<meta property=\"article:modified_time\" content=\"2025-10-23T10:32:54+00:00\" \/>\n<meta property=\"og:image\" content=\"https:\/\/abilica.com\/wp-content\/uploads\/2023\/10\/3150-1.jpg\" \/>\n\t<meta property=\"og:image:width\" content=\"1200\" \/>\n\t<meta property=\"og:image:height\" content=\"1200\" \/>\n\t<meta property=\"og:image:type\" content=\"image\/jpeg\" \/>\n<meta name=\"twitter:card\" content=\"summary_large_image\" \/>\n<meta name=\"twitter:label1\" content=\"Ansl. lesetid\" \/>\n\t<meta name=\"twitter:data1\" content=\"2 minutter\" \/>\n<script type=\"application\/ld+json\" class=\"yoast-schema-graph\">{\"@context\":\"https:\/\/schema.org\",\"@graph\":[{\"@type\":\"WebPage\",\"@id\":\"https:\/\/abilica.com\/no\/styrke\/treningsbenk\/abilica-3150-bench\/\",\"url\":\"https:\/\/abilica.com\/no\/styrke\/treningsbenk\/abilica-3150-bench\/\",\"name\":\"Abilica 3150 Bench Abilica\",\"isPartOf\":{\"@id\":\"https:\/\/abilica.com\/#website\"},\"primaryImageOfPage\":{\"@id\":\"https:\/\/abilica.com\/no\/styrke\/treningsbenk\/abilica-3150-bench\/#primaryimage\"},\"image\":{\"@id\":\"https:\/\/abilica.com\/no\/styrke\/treningsbenk\/abilica-3150-bench\/#primaryimage\"},\"thumbnailUrl\":\"https:\/\/abilica.com\/wp-content\/uploads\/2023\/10\/3150-1.jpg\",\"datePublished\":\"2023-10-24T10:32:54+00:00\",\"dateModified\":\"2025-10-23T10:32:54+00:00\",\"breadcrumb\":{\"@id\":\"https:\/\/abilica.com\/no\/styrke\/treningsbenk\/abilica-3150-bench\/#breadcrumb\"},\"inLanguage\":\"nb-NO\",\"potentialAction\":[{\"@type\":\"ReadAction\",\"target\":[\"https:\/\/abilica.com\/no\/styrke\/treningsbenk\/abilica-3150-bench\/\"]}]},{\"@type\":\"ImageObject\",\"inLanguage\":\"nb-NO\",\"@id\":\"https:\/\/abilica.com\/no\/styrke\/treningsbenk\/abilica-3150-bench\/#primaryimage\",\"url\":\"https:\/\/abilica.com\/wp-content\/uploads\/2023\/10\/3150-1.jpg\",\"contentUrl\":\"https:\/\/abilica.com\/wp-content\/uploads\/2023\/10\/3150-1.jpg\",\"width\":1200,\"height\":1200},{\"@type\":\"BreadcrumbList\",\"@id\":\"https:\/\/abilica.com\/no\/styrke\/treningsbenk\/abilica-3150-bench\/#breadcrumb\",\"itemListElement\":[{\"@type\":\"ListItem\",\"position\":1,\"name\":\"Hem\",\"item\":\"https:\/\/abilica.com\/no\/\"},{\"@type\":\"ListItem\",\"position\":2,\"name\":\"Produkter\",\"item\":\"https:\/\/abilica.com\/no\/shop-2\/\"},{\"@type\":\"ListItem\",\"position\":3,\"name\":\"Abilica 3150 Bench\"}]},{\"@type\":\"WebSite\",\"@id\":\"https:\/\/abilica.com\/#website\",\"url\":\"https:\/\/abilica.com\/\",\"name\":\"Abilica\",\"description\":\"Abilica Home Training\",\"potentialAction\":[{\"@type\":\"SearchAction\",\"target\":{\"@type\":\"EntryPoint\",\"urlTemplate\":\"https:\/\/abilica.com\/?s={search_term_string}\"},\"query-input\":{\"@type\":\"PropertyValueSpecification\",\"valueRequired\":true,\"valueName\":\"search_term_string\"}}],\"inLanguage\":\"nb-NO\"}]}<\/script>\n<!-- \/ Yoast SEO Premium plugin. -->","yoast_head_json":{"title":"Abilica 3150 Bench Abilica","robots":{"index":"index","follow":"follow","max-snippet":"max-snippet:-1","max-image-preview":"max-image-preview:large","max-video-preview":"max-video-preview:-1"},"canonical":"https:\/\/abilica.com\/no\/styrke\/treningsbenk\/abilica-3150-bench\/","og_locale":"nb_NO","og_type":"article","og_title":"Abilica 3150 Bench","og_description":"[vc_row][vc_column][vc_column_text css=&raquo;&raquo;]Abilica 3150 er en solid treningsbenk med kraftig konstruksjon for deg som \u00f8nsker \u00e5...","og_url":"https:\/\/abilica.com\/no\/styrke\/treningsbenk\/abilica-3150-bench\/","og_site_name":"Abilica","article_publisher":"https:\/\/www.facebook.com\/abilicahometraining\/","article_modified_time":"2025-10-23T10:32:54+00:00","og_image":[{"width":1200,"height":1200,"url":"https:\/\/abilica.com\/wp-content\/uploads\/2023\/10\/3150-1.jpg","type":"image\/jpeg"}],"twitter_card":"summary_large_image","twitter_misc":{"Ansl. lesetid":"2 minutter"},"schema":{"@context":"https:\/\/schema.org","@graph":[{"@type":"WebPage","@id":"https:\/\/abilica.com\/no\/styrke\/treningsbenk\/abilica-3150-bench\/","url":"https:\/\/abilica.com\/no\/styrke\/treningsbenk\/abilica-3150-bench\/","name":"Abilica 3150 Bench Abilica","isPartOf":{"@id":"https:\/\/abilica.com\/#website"},"primaryImageOfPage":{"@id":"https:\/\/abilica.com\/no\/styrke\/treningsbenk\/abilica-3150-bench\/#primaryimage"},"image":{"@id":"https:\/\/abilica.com\/no\/styrke\/treningsbenk\/abilica-3150-bench\/#primaryimage"},"thumbnailUrl":"https:\/\/abilica.com\/wp-content\/uploads\/2023\/10\/3150-1.jpg","datePublished":"2023-10-24T10:32:54+00:00","dateModified":"2025-10-23T10:32:54+00:00","breadcrumb":{"@id":"https:\/\/abilica.com\/no\/styrke\/treningsbenk\/abilica-3150-bench\/#breadcrumb"},"inLanguage":"nb-NO","potentialAction":[{"@type":"ReadAction","target":["https:\/\/abilica.com\/no\/styrke\/treningsbenk\/abilica-3150-bench\/"]}]},{"@type":"ImageObject","inLanguage":"nb-NO","@id":"https:\/\/abilica.com\/no\/styrke\/treningsbenk\/abilica-3150-bench\/#primaryimage","url":"https:\/\/abilica.com\/wp-content\/uploads\/2023\/10\/3150-1.jpg","contentUrl":"https:\/\/abilica.com\/wp-content\/uploads\/2023\/10\/3150-1.jpg","width":1200,"height":1200},{"@type":"BreadcrumbList","@id":"https:\/\/abilica.com\/no\/styrke\/treningsbenk\/abilica-3150-bench\/#breadcrumb","itemListElement":[{"@type":"ListItem","position":1,"name":"Hem","item":"https:\/\/abilica.com\/no\/"},{"@type":"ListItem","position":2,"name":"Produkter","item":"https:\/\/abilica.com\/no\/shop-2\/"},{"@type":"ListItem","position":3,"name":"Abilica 3150 Bench"}]},{"@type":"WebSite","@id":"https:\/\/abilica.com\/#website","url":"https:\/\/abilica.com\/","name":"Abilica","description":"Abilica Home Training","potentialAction":[{"@type":"SearchAction","target":{"@type":"EntryPoint","urlTemplate":"https:\/\/abilica.com\/?s={search_term_string}"},"query-input":{"@type":"PropertyValueSpecification","valueRequired":true,"valueName":"search_term_string"}}],"inLanguage":"nb-NO"}]}},"_links":{"self":[{"href":"https:\/\/abilica.com\/no\/wp-json\/wp\/v2\/product\/63227","targetHints":{"allow":["GET"]}}],"collection":[{"href":"https:\/\/abilica.com\/no\/wp-json\/wp\/v2\/product"}],"about":[{"href":"https:\/\/abilica.com\/no\/wp-json\/wp\/v2\/types\/product"}],"wp:featuredmedia":[{"embeddable":true,"href":"https:\/\/abilica.com\/no\/wp-json\/wp\/v2\/media\/62038"}],"wp:attachment":[{"href":"https:\/\/abilica.com\/no\/wp-json\/wp\/v2\/media?parent=63227"}],"wp:term":[{"taxonomy":"product_brand","embeddable":true,"href":"https:\/\/abilica.com\/no\/wp-json\/wp\/v2\/product_brand?post=63227"},{"taxonomy":"product_cat","embeddable":true,"href":"https:\/\/abilica.com\/no\/wp-json\/wp\/v2\/product_cat?post=63227"},{"taxonomy":"product_tag","embeddable":true,"href":"https:\/\/abilica.com\/no\/wp-json\/wp\/v2\/product_tag?post=63227"}],"curies":[{"name":"wp","href":"https:\/\/api.w.org\/{rel}","templated":true}]}}