{"id":63245,"date":"2023-10-24T11:33:07","date_gmt":"2023-10-24T10:33:07","guid":{"rendered":"https:\/\/abilica.com\/uncategorized\/abilica-gymfloor-eco\/"},"modified":"2025-07-29T10:24:43","modified_gmt":"2025-07-29T09:24:43","slug":"abilica-gymfloor-eco","status":"publish","type":"product","link":"https:\/\/abilica.com\/no\/styrke\/treningsmatte\/abilica-gymfloor-eco\/","title":{"rendered":"Abilica GymFloor ECO"},"content":{"rendered":"<div class=\"wpb-content-wrapper\"><p>[vc_row][vc_column][vc_column_text el_class=&raquo;product-video&raquo;]<img loading=\"lazy\" decoding=\"async\" class=\"alignnone wp-image-38205\" src=\"https:\/\/abilica.com\/no\/wp-content\/uploads\/2021\/06\/ECO-hvit.png\" alt=\"\" width=\"91\" height=\"91\" \/><\/p>\n<p>Abilica GymFloor ECO er et fleksibelt gulvsystem til bruk under alle typer treningsutstyr. Passer perfekt til ditt trimrom med b\u00e5de kondisjonsapparater, styrkeapparater, vektutstyr osv. Legges gjerne rett p\u00e5 betonggulv f.eks. i garasjen. Gulvet har meget h\u00f8y tettet, som gj\u00f8r det hardere enn Abilica MultiMat og FloorMats, og har ekstra lang holdbarbarhet. Produsert i milj\u00f8vennlig EVA materiale som ogs\u00e5 er resirkulerbart. Gulvet er luktfritt og t\u00e5ler vann. Settet best\u00e5r av 4 ruter og 8 kanter som kan utvides med flere sett etter behov. Leveres i sort farge. Tykkelse 1 cm. \u2028St\u00f8rrelse pr. rute inklusive kanter: 52 x 52 cm. \u2028Total st\u00f8rrelse pr sett (4 ruter inklusive kanter): 102 x 102 cm.<\/p>\n<div style=\"width: 640px;\" class=\"wp-video\"><!--[if lt IE 9]><script>document.createElement('video');<\/script><![endif]-->\n<video class=\"wp-video-shortcode\" id=\"video-63245-1\" width=\"640\" height=\"360\" poster=\"https:\/\/abilica.com\/no\/wp-content\/uploads\/2018\/09\/6S2A2643.jpg\" preload=\"metadata\" controls=\"controls\"><source type=\"video\/mp4\" src=\"https:\/\/abilica.com\/no\/wp-content\/uploads\/2018\/09\/Abilica-Gym-Floor-ECO.mp4?_=1\" \/><a href=\"https:\/\/abilica.com\/no\/wp-content\/uploads\/2018\/09\/Abilica-Gym-Floor-ECO.mp4\">https:\/\/abilica.com\/no\/wp-content\/uploads\/2018\/09\/Abilica-Gym-Floor-ECO.mp4<\/a><\/video><\/div>\n<p>[\/vc_column_text][\/vc_column][\/vc_row]<\/p>\n<\/div>","protected":false},"excerpt":{"rendered":"<p>[vc_row][vc_column][vc_column_text el_class=&raquo;product-video&raquo;] Abilica GymFloor ECO er et fleksibelt gulvsystem til bruk under alle typer treningsutstyr&#8230;.<\/p>\n","protected":false},"featured_media":62050,"template":"","meta":{"_acf_changed":false},"product_brand":[],"product_cat":[422,444],"product_tag":[550,575],"class_list":{"0":"post-63245","1":"product","2":"type-product","3":"status-publish","4":"has-post-thumbnail","6":"product_cat-styrke","7":"product_cat-treningsmatte","8":"product_tag-eco-friendly-no","9":"product_tag-som-vist","11":"first","12":"instock","13":"product-type-simple"},"acf":[],"yoast_head":"<!-- This site is optimized with the Yoast SEO Premium plugin v21.1 (Yoast SEO v25.4) - https:\/\/yoast.com\/wordpress\/plugins\/seo\/ -->\n<title>Abilica GymFloor ECO Abilica<\/title>\n<meta name=\"robots\" content=\"index, follow, max-snippet:-1, max-image-preview:large, max-video-preview:-1\" \/>\n<link rel=\"canonical\" href=\"https:\/\/abilica.com\/no\/styrke\/treningsmatte\/abilica-gymfloor-eco\/\" \/>\n<meta property=\"og:locale\" content=\"nb_NO\" \/>\n<meta property=\"og:type\" content=\"article\" \/>\n<meta property=\"og:title\" content=\"Abilica GymFloor ECO\" \/>\n<meta property=\"og:description\" content=\"[vc_row][vc_column][vc_column_text el_class=&raquo;product-video&raquo;] Abilica GymFloor ECO er et fleksibelt gulvsystem til bruk under alle typer treningsutstyr....\" \/>\n<meta property=\"og:url\" content=\"https:\/\/abilica.com\/no\/styrke\/treningsmatte\/abilica-gymfloor-eco\/\" \/>\n<meta property=\"og:site_name\" content=\"Abilica\" \/>\n<meta property=\"article:publisher\" content=\"https:\/\/www.facebook.com\/abilicahometraining\/\" \/>\n<meta property=\"article:modified_time\" content=\"2025-07-29T09:24:43+00:00\" \/>\n<meta property=\"og:image\" content=\"https:\/\/abilica.com\/wp-content\/uploads\/2023\/10\/372864.jpg\" \/>\n\t<meta property=\"og:image:width\" content=\"1200\" \/>\n\t<meta property=\"og:image:height\" content=\"1200\" \/>\n\t<meta property=\"og:image:type\" content=\"image\/jpeg\" \/>\n<meta name=\"twitter:card\" content=\"summary_large_image\" \/>\n<meta name=\"twitter:label1\" content=\"Ansl. lesetid\" \/>\n\t<meta name=\"twitter:data1\" content=\"1 minutt\" \/>\n<script type=\"application\/ld+json\" class=\"yoast-schema-graph\">{\"@context\":\"https:\/\/schema.org\",\"@graph\":[{\"@type\":\"WebPage\",\"@id\":\"https:\/\/abilica.com\/no\/styrke\/treningsmatte\/abilica-gymfloor-eco\/\",\"url\":\"https:\/\/abilica.com\/no\/styrke\/treningsmatte\/abilica-gymfloor-eco\/\",\"name\":\"Abilica GymFloor ECO Abilica\",\"isPartOf\":{\"@id\":\"https:\/\/abilica.com\/#website\"},\"primaryImageOfPage\":{\"@id\":\"https:\/\/abilica.com\/no\/styrke\/treningsmatte\/abilica-gymfloor-eco\/#primaryimage\"},\"image\":{\"@id\":\"https:\/\/abilica.com\/no\/styrke\/treningsmatte\/abilica-gymfloor-eco\/#primaryimage\"},\"thumbnailUrl\":\"https:\/\/abilica.com\/wp-content\/uploads\/2023\/10\/372864.jpg\",\"datePublished\":\"2023-10-24T10:33:07+00:00\",\"dateModified\":\"2025-07-29T09:24:43+00:00\",\"breadcrumb\":{\"@id\":\"https:\/\/abilica.com\/no\/styrke\/treningsmatte\/abilica-gymfloor-eco\/#breadcrumb\"},\"inLanguage\":\"nb-NO\",\"potentialAction\":[{\"@type\":\"ReadAction\",\"target\":[\"https:\/\/abilica.com\/no\/styrke\/treningsmatte\/abilica-gymfloor-eco\/\"]}]},{\"@type\":\"ImageObject\",\"inLanguage\":\"nb-NO\",\"@id\":\"https:\/\/abilica.com\/no\/styrke\/treningsmatte\/abilica-gymfloor-eco\/#primaryimage\",\"url\":\"https:\/\/abilica.com\/wp-content\/uploads\/2023\/10\/372864.jpg\",\"contentUrl\":\"https:\/\/abilica.com\/wp-content\/uploads\/2023\/10\/372864.jpg\",\"width\":1200,\"height\":1200},{\"@type\":\"BreadcrumbList\",\"@id\":\"https:\/\/abilica.com\/no\/styrke\/treningsmatte\/abilica-gymfloor-eco\/#breadcrumb\",\"itemListElement\":[{\"@type\":\"ListItem\",\"position\":1,\"name\":\"Hem\",\"item\":\"https:\/\/abilica.com\/no\/\"},{\"@type\":\"ListItem\",\"position\":2,\"name\":\"Produkter\",\"item\":\"https:\/\/abilica.com\/no\/shop-2\/\"},{\"@type\":\"ListItem\",\"position\":3,\"name\":\"Abilica GymFloor ECO\"}]},{\"@type\":\"WebSite\",\"@id\":\"https:\/\/abilica.com\/#website\",\"url\":\"https:\/\/abilica.com\/\",\"name\":\"Abilica\",\"description\":\"Abilica Home Training\",\"potentialAction\":[{\"@type\":\"SearchAction\",\"target\":{\"@type\":\"EntryPoint\",\"urlTemplate\":\"https:\/\/abilica.com\/?s={search_term_string}\"},\"query-input\":{\"@type\":\"PropertyValueSpecification\",\"valueRequired\":true,\"valueName\":\"search_term_string\"}}],\"inLanguage\":\"nb-NO\"}]}<\/script>\n<!-- \/ Yoast SEO Premium plugin. -->","yoast_head_json":{"title":"Abilica GymFloor ECO Abilica","robots":{"index":"index","follow":"follow","max-snippet":"max-snippet:-1","max-image-preview":"max-image-preview:large","max-video-preview":"max-video-preview:-1"},"canonical":"https:\/\/abilica.com\/no\/styrke\/treningsmatte\/abilica-gymfloor-eco\/","og_locale":"nb_NO","og_type":"article","og_title":"Abilica GymFloor ECO","og_description":"[vc_row][vc_column][vc_column_text el_class=&raquo;product-video&raquo;] Abilica GymFloor ECO er et fleksibelt gulvsystem til bruk under alle typer treningsutstyr....","og_url":"https:\/\/abilica.com\/no\/styrke\/treningsmatte\/abilica-gymfloor-eco\/","og_site_name":"Abilica","article_publisher":"https:\/\/www.facebook.com\/abilicahometraining\/","article_modified_time":"2025-07-29T09:24:43+00:00","og_image":[{"width":1200,"height":1200,"url":"https:\/\/abilica.com\/wp-content\/uploads\/2023\/10\/372864.jpg","type":"image\/jpeg"}],"twitter_card":"summary_large_image","twitter_misc":{"Ansl. lesetid":"1 minutt"},"schema":{"@context":"https:\/\/schema.org","@graph":[{"@type":"WebPage","@id":"https:\/\/abilica.com\/no\/styrke\/treningsmatte\/abilica-gymfloor-eco\/","url":"https:\/\/abilica.com\/no\/styrke\/treningsmatte\/abilica-gymfloor-eco\/","name":"Abilica GymFloor ECO Abilica","isPartOf":{"@id":"https:\/\/abilica.com\/#website"},"primaryImageOfPage":{"@id":"https:\/\/abilica.com\/no\/styrke\/treningsmatte\/abilica-gymfloor-eco\/#primaryimage"},"image":{"@id":"https:\/\/abilica.com\/no\/styrke\/treningsmatte\/abilica-gymfloor-eco\/#primaryimage"},"thumbnailUrl":"https:\/\/abilica.com\/wp-content\/uploads\/2023\/10\/372864.jpg","datePublished":"2023-10-24T10:33:07+00:00","dateModified":"2025-07-29T09:24:43+00:00","breadcrumb":{"@id":"https:\/\/abilica.com\/no\/styrke\/treningsmatte\/abilica-gymfloor-eco\/#breadcrumb"},"inLanguage":"nb-NO","potentialAction":[{"@type":"ReadAction","target":["https:\/\/abilica.com\/no\/styrke\/treningsmatte\/abilica-gymfloor-eco\/"]}]},{"@type":"ImageObject","inLanguage":"nb-NO","@id":"https:\/\/abilica.com\/no\/styrke\/treningsmatte\/abilica-gymfloor-eco\/#primaryimage","url":"https:\/\/abilica.com\/wp-content\/uploads\/2023\/10\/372864.jpg","contentUrl":"https:\/\/abilica.com\/wp-content\/uploads\/2023\/10\/372864.jpg","width":1200,"height":1200},{"@type":"BreadcrumbList","@id":"https:\/\/abilica.com\/no\/styrke\/treningsmatte\/abilica-gymfloor-eco\/#breadcrumb","itemListElement":[{"@type":"ListItem","position":1,"name":"Hem","item":"https:\/\/abilica.com\/no\/"},{"@type":"ListItem","position":2,"name":"Produkter","item":"https:\/\/abilica.com\/no\/shop-2\/"},{"@type":"ListItem","position":3,"name":"Abilica GymFloor ECO"}]},{"@type":"WebSite","@id":"https:\/\/abilica.com\/#website","url":"https:\/\/abilica.com\/","name":"Abilica","description":"Abilica Home Training","potentialAction":[{"@type":"SearchAction","target":{"@type":"EntryPoint","urlTemplate":"https:\/\/abilica.com\/?s={search_term_string}"},"query-input":{"@type":"PropertyValueSpecification","valueRequired":true,"valueName":"search_term_string"}}],"inLanguage":"nb-NO"}]}},"_links":{"self":[{"href":"https:\/\/abilica.com\/no\/wp-json\/wp\/v2\/product\/63245","targetHints":{"allow":["GET"]}}],"collection":[{"href":"https:\/\/abilica.com\/no\/wp-json\/wp\/v2\/product"}],"about":[{"href":"https:\/\/abilica.com\/no\/wp-json\/wp\/v2\/types\/product"}],"wp:featuredmedia":[{"embeddable":true,"href":"https:\/\/abilica.com\/no\/wp-json\/wp\/v2\/media\/62050"}],"wp:attachment":[{"href":"https:\/\/abilica.com\/no\/wp-json\/wp\/v2\/media?parent=63245"}],"wp:term":[{"taxonomy":"product_brand","embeddable":true,"href":"https:\/\/abilica.com\/no\/wp-json\/wp\/v2\/product_brand?post=63245"},{"taxonomy":"product_cat","embeddable":true,"href":"https:\/\/abilica.com\/no\/wp-json\/wp\/v2\/product_cat?post=63245"},{"taxonomy":"product_tag","embeddable":true,"href":"https:\/\/abilica.com\/no\/wp-json\/wp\/v2\/product_tag?post=63245"}],"curies":[{"name":"wp","href":"https:\/\/api.w.org\/{rel}","templated":true}]}}