{"id":63248,"date":"2023-10-24T11:33:07","date_gmt":"2023-10-24T10:33:07","guid":{"rendered":"https:\/\/abilica.com\/uncategorized\/abilica-multimat-eco\/"},"modified":"2023-12-13T11:14:46","modified_gmt":"2023-12-13T10:14:46","slug":"abilica-multimat-eco","status":"publish","type":"product","link":"https:\/\/abilica.com\/no\/styrke\/treningsmatte\/abilica-multimat-eco\/","title":{"rendered":"Abilica MultiMat ECO"},"content":{"rendered":"<p><img loading=\"lazy\" decoding=\"async\" class=\"alignnone wp-image-38205\" src=\"https:\/\/abilica.com\/no\/wp-content\/uploads\/2021\/06\/ECO-hvit.png\" alt=\"\" width=\"91\" height=\"91\" \/><\/p>\n<p>Abilica MultiMat er et fleksibelt mattesystem som beskytter gulvet og demper lyden. \u2028Passer perfekt under kondisjonsapparater. Produsert i milj\u00f8vennlig EVA materiale som ogs\u00e5 er resirkulerbart. Gulvet er luktfritt og t\u00e5ler vann. Samme mykhet som Abilica FloorMats. Settet best\u00e5r av 6 ruter og 10 kanter som kan utvides med flere sett etter behov. Leveres i gr\u00e5 farge. Tykkelse 1 cm.\u2028St\u00f8rrelse pr. rute inklusive kanter: 60 x 60 cm. \u2028Total st\u00f8rrelse pr sett (6 ruter inklusive kanter): 120 x 180 cm.<\/p>\n","protected":false},"excerpt":{"rendered":"<p>Abilica MultiMat er et fleksibelt mattesystem som beskytter gulvet og demper lyden. \u2028Passer perfekt under&#8230;<\/p>\n","protected":false},"featured_media":62052,"template":"","meta":{"_acf_changed":false},"product_brand":[],"product_cat":[422,444],"product_tag":[550],"class_list":{"0":"post-63248","1":"product","2":"type-product","3":"status-publish","4":"has-post-thumbnail","6":"product_cat-styrke","7":"product_cat-treningsmatte","8":"product_tag-eco-friendly-no","10":"first","11":"instock","12":"product-type-simple"},"acf":[],"yoast_head":"<!-- This site is optimized with the Yoast SEO Premium plugin v21.1 (Yoast SEO v25.4) - https:\/\/yoast.com\/wordpress\/plugins\/seo\/ -->\n<title>Abilica MultiMat ECO Abilica<\/title>\n<meta name=\"robots\" content=\"index, follow, max-snippet:-1, max-image-preview:large, max-video-preview:-1\" \/>\n<link rel=\"canonical\" href=\"https:\/\/abilica.com\/no\/styrke\/treningsmatte\/abilica-multimat-eco\/\" \/>\n<meta property=\"og:locale\" content=\"nb_NO\" \/>\n<meta property=\"og:type\" content=\"article\" \/>\n<meta property=\"og:title\" content=\"Abilica MultiMat ECO\" \/>\n<meta property=\"og:description\" content=\"Abilica MultiMat er et fleksibelt mattesystem som beskytter gulvet og demper lyden. \u2028Passer perfekt under...\" \/>\n<meta property=\"og:url\" content=\"https:\/\/abilica.com\/no\/styrke\/treningsmatte\/abilica-multimat-eco\/\" \/>\n<meta property=\"og:site_name\" content=\"Abilica\" \/>\n<meta property=\"article:publisher\" content=\"https:\/\/www.facebook.com\/abilicahometraining\/\" \/>\n<meta property=\"article:modified_time\" content=\"2023-12-13T10:14:46+00:00\" \/>\n<meta property=\"og:image\" content=\"https:\/\/abilica.com\/wp-content\/uploads\/2023\/10\/372863.jpg\" \/>\n\t<meta property=\"og:image:width\" content=\"1200\" \/>\n\t<meta property=\"og:image:height\" content=\"1200\" \/>\n\t<meta property=\"og:image:type\" content=\"image\/jpeg\" \/>\n<meta name=\"twitter:card\" content=\"summary_large_image\" \/>\n<script type=\"application\/ld+json\" class=\"yoast-schema-graph\">{\"@context\":\"https:\/\/schema.org\",\"@graph\":[{\"@type\":\"WebPage\",\"@id\":\"https:\/\/abilica.com\/no\/styrke\/treningsmatte\/abilica-multimat-eco\/\",\"url\":\"https:\/\/abilica.com\/no\/styrke\/treningsmatte\/abilica-multimat-eco\/\",\"name\":\"Abilica MultiMat ECO Abilica\",\"isPartOf\":{\"@id\":\"https:\/\/abilica.com\/#website\"},\"primaryImageOfPage\":{\"@id\":\"https:\/\/abilica.com\/no\/styrke\/treningsmatte\/abilica-multimat-eco\/#primaryimage\"},\"image\":{\"@id\":\"https:\/\/abilica.com\/no\/styrke\/treningsmatte\/abilica-multimat-eco\/#primaryimage\"},\"thumbnailUrl\":\"https:\/\/abilica.com\/wp-content\/uploads\/2023\/10\/372863.jpg\",\"datePublished\":\"2023-10-24T10:33:07+00:00\",\"dateModified\":\"2023-12-13T10:14:46+00:00\",\"breadcrumb\":{\"@id\":\"https:\/\/abilica.com\/no\/styrke\/treningsmatte\/abilica-multimat-eco\/#breadcrumb\"},\"inLanguage\":\"nb-NO\",\"potentialAction\":[{\"@type\":\"ReadAction\",\"target\":[\"https:\/\/abilica.com\/no\/styrke\/treningsmatte\/abilica-multimat-eco\/\"]}]},{\"@type\":\"ImageObject\",\"inLanguage\":\"nb-NO\",\"@id\":\"https:\/\/abilica.com\/no\/styrke\/treningsmatte\/abilica-multimat-eco\/#primaryimage\",\"url\":\"https:\/\/abilica.com\/wp-content\/uploads\/2023\/10\/372863.jpg\",\"contentUrl\":\"https:\/\/abilica.com\/wp-content\/uploads\/2023\/10\/372863.jpg\",\"width\":1200,\"height\":1200},{\"@type\":\"BreadcrumbList\",\"@id\":\"https:\/\/abilica.com\/no\/styrke\/treningsmatte\/abilica-multimat-eco\/#breadcrumb\",\"itemListElement\":[{\"@type\":\"ListItem\",\"position\":1,\"name\":\"Hem\",\"item\":\"https:\/\/abilica.com\/no\/\"},{\"@type\":\"ListItem\",\"position\":2,\"name\":\"Produkter\",\"item\":\"https:\/\/abilica.com\/no\/shop-2\/\"},{\"@type\":\"ListItem\",\"position\":3,\"name\":\"Abilica MultiMat ECO\"}]},{\"@type\":\"WebSite\",\"@id\":\"https:\/\/abilica.com\/#website\",\"url\":\"https:\/\/abilica.com\/\",\"name\":\"Abilica\",\"description\":\"Abilica Home Training\",\"potentialAction\":[{\"@type\":\"SearchAction\",\"target\":{\"@type\":\"EntryPoint\",\"urlTemplate\":\"https:\/\/abilica.com\/?s={search_term_string}\"},\"query-input\":{\"@type\":\"PropertyValueSpecification\",\"valueRequired\":true,\"valueName\":\"search_term_string\"}}],\"inLanguage\":\"nb-NO\"}]}<\/script>\n<!-- \/ Yoast SEO Premium plugin. -->","yoast_head_json":{"title":"Abilica MultiMat ECO Abilica","robots":{"index":"index","follow":"follow","max-snippet":"max-snippet:-1","max-image-preview":"max-image-preview:large","max-video-preview":"max-video-preview:-1"},"canonical":"https:\/\/abilica.com\/no\/styrke\/treningsmatte\/abilica-multimat-eco\/","og_locale":"nb_NO","og_type":"article","og_title":"Abilica MultiMat ECO","og_description":"Abilica MultiMat er et fleksibelt mattesystem som beskytter gulvet og demper lyden. \u2028Passer perfekt under...","og_url":"https:\/\/abilica.com\/no\/styrke\/treningsmatte\/abilica-multimat-eco\/","og_site_name":"Abilica","article_publisher":"https:\/\/www.facebook.com\/abilicahometraining\/","article_modified_time":"2023-12-13T10:14:46+00:00","og_image":[{"width":1200,"height":1200,"url":"https:\/\/abilica.com\/wp-content\/uploads\/2023\/10\/372863.jpg","type":"image\/jpeg"}],"twitter_card":"summary_large_image","schema":{"@context":"https:\/\/schema.org","@graph":[{"@type":"WebPage","@id":"https:\/\/abilica.com\/no\/styrke\/treningsmatte\/abilica-multimat-eco\/","url":"https:\/\/abilica.com\/no\/styrke\/treningsmatte\/abilica-multimat-eco\/","name":"Abilica MultiMat ECO Abilica","isPartOf":{"@id":"https:\/\/abilica.com\/#website"},"primaryImageOfPage":{"@id":"https:\/\/abilica.com\/no\/styrke\/treningsmatte\/abilica-multimat-eco\/#primaryimage"},"image":{"@id":"https:\/\/abilica.com\/no\/styrke\/treningsmatte\/abilica-multimat-eco\/#primaryimage"},"thumbnailUrl":"https:\/\/abilica.com\/wp-content\/uploads\/2023\/10\/372863.jpg","datePublished":"2023-10-24T10:33:07+00:00","dateModified":"2023-12-13T10:14:46+00:00","breadcrumb":{"@id":"https:\/\/abilica.com\/no\/styrke\/treningsmatte\/abilica-multimat-eco\/#breadcrumb"},"inLanguage":"nb-NO","potentialAction":[{"@type":"ReadAction","target":["https:\/\/abilica.com\/no\/styrke\/treningsmatte\/abilica-multimat-eco\/"]}]},{"@type":"ImageObject","inLanguage":"nb-NO","@id":"https:\/\/abilica.com\/no\/styrke\/treningsmatte\/abilica-multimat-eco\/#primaryimage","url":"https:\/\/abilica.com\/wp-content\/uploads\/2023\/10\/372863.jpg","contentUrl":"https:\/\/abilica.com\/wp-content\/uploads\/2023\/10\/372863.jpg","width":1200,"height":1200},{"@type":"BreadcrumbList","@id":"https:\/\/abilica.com\/no\/styrke\/treningsmatte\/abilica-multimat-eco\/#breadcrumb","itemListElement":[{"@type":"ListItem","position":1,"name":"Hem","item":"https:\/\/abilica.com\/no\/"},{"@type":"ListItem","position":2,"name":"Produkter","item":"https:\/\/abilica.com\/no\/shop-2\/"},{"@type":"ListItem","position":3,"name":"Abilica MultiMat ECO"}]},{"@type":"WebSite","@id":"https:\/\/abilica.com\/#website","url":"https:\/\/abilica.com\/","name":"Abilica","description":"Abilica Home Training","potentialAction":[{"@type":"SearchAction","target":{"@type":"EntryPoint","urlTemplate":"https:\/\/abilica.com\/?s={search_term_string}"},"query-input":{"@type":"PropertyValueSpecification","valueRequired":true,"valueName":"search_term_string"}}],"inLanguage":"nb-NO"}]}},"_links":{"self":[{"href":"https:\/\/abilica.com\/no\/wp-json\/wp\/v2\/product\/63248","targetHints":{"allow":["GET"]}}],"collection":[{"href":"https:\/\/abilica.com\/no\/wp-json\/wp\/v2\/product"}],"about":[{"href":"https:\/\/abilica.com\/no\/wp-json\/wp\/v2\/types\/product"}],"wp:featuredmedia":[{"embeddable":true,"href":"https:\/\/abilica.com\/no\/wp-json\/wp\/v2\/media\/62052"}],"wp:attachment":[{"href":"https:\/\/abilica.com\/no\/wp-json\/wp\/v2\/media?parent=63248"}],"wp:term":[{"taxonomy":"product_brand","embeddable":true,"href":"https:\/\/abilica.com\/no\/wp-json\/wp\/v2\/product_brand?post=63248"},{"taxonomy":"product_cat","embeddable":true,"href":"https:\/\/abilica.com\/no\/wp-json\/wp\/v2\/product_cat?post=63248"},{"taxonomy":"product_tag","embeddable":true,"href":"https:\/\/abilica.com\/no\/wp-json\/wp\/v2\/product_tag?post=63248"}],"curies":[{"name":"wp","href":"https:\/\/api.w.org\/{rel}","templated":true}]}}