{"id":63266,"date":"2023-10-24T11:33:07","date_gmt":"2023-10-24T10:33:07","guid":{"rendered":"https:\/\/abilica.com\/uncategorized\/abilica-footpump\/"},"modified":"2026-02-23T16:03:26","modified_gmt":"2026-02-23T15:03:26","slug":"abilica-footpump","status":"publish","type":"product","link":"https:\/\/abilica.com\/no\/kondisjon\/airtracks\/abilica-footpump\/","title":{"rendered":"Abilica FootPump"},"content":{"rendered":"<div class=\"center-text\" data-block=\"true\" data-editor=\"6h801\" data-offset-key=\"2vjnv-0-0\">\n<div class=\"public-DraftStyleDefault-block public-DraftStyleDefault-ltr\" data-offset-key=\"2vjnv-0-0\">\n<p>Abilica FootPump er ekstra utstyr til v\u00e5re <a href=\"https:\/\/abilica.com\/no\/styrke\/airtracks\/\"><b>Abilica AirTracks<\/b><\/a>. Pumpen er solid og kraftig, og med 5 liters kapasitet vil den kunne pumpe opp v\u00e5re Abilica AirTracks p\u00e5 f\u00e5 minutter. Den har 2-veis funksjon og kan ogs\u00e5 brukes til \u00e5 ta ut luften raskt og enkelt. Pumpen v\u00e5r er produsert i solid ABS materiale og slitesterkt tekstil som gir pumpen lang levetid. Den har 3 ulike ventiler for uttak: Den ene ventilen passer til Abilica AirTracks, i tillegg til at denne pumpen kan brukes til \u00e5 fylle opp oppbl\u00e5sbare basseng, b\u00e5ter, luftmadrasser, badedyr med mer. Den har ogs\u00e5 en praktisk l\u00e5s slik at den holdes sammen og tar mindre plass under oppbevaring.<\/p>\n<p>Manuell pumpe anbefales til Abilica AirTrack p\u00e5 3-4 m. Over denne st\u00f8rrelsen anbefaler vi en elektrisk pumpe, <a href=\"https:\/\/abilica.com\/no\/abilica-electric-pump-for-airtrack\/\"><strong>Abilica ElectricPump<\/strong><\/a>.<\/p>\n<p><b>TEKNISK INFO<span class=\"Apple-converted-space\">\u00a0<\/span><\/b><\/p>\n<p><b>St\u00f8rrelse<br \/>\n<\/b>28 x 22 cm (L x B)<\/p>\n<p><b>Materiale<br \/>\n<\/b>ABS og slitesterkt tekstil<\/p>\n<p><b>Ventiler<br \/>\n<\/b>3 stk<\/p>\n<\/div>\n<\/div>\n","protected":false},"excerpt":{"rendered":"<p>Abilica FootPump er ekstra utstyr til v\u00e5re Abilica AirTracks. Pumpen er solid og kraftig, og&#8230;<\/p>\n","protected":false},"featured_media":62064,"template":"","meta":{"_acf_changed":false},"product_brand":[],"product_cat":[469,426,423,422,429,444],"product_tag":[174,179],"class_list":{"0":"post-63266","1":"product","2":"type-product","3":"status-publish","4":"has-post-thumbnail","6":"product_cat-airtracks","7":"product_cat-kondisjon","8":"product_cat-smaprodukter","9":"product_cat-styrke","10":"product_cat-tilbehor","11":"product_cat-treningsmatte","12":"product_tag-active","13":"product_tag-summer-workout","15":"first","16":"instock","17":"product-type-simple"},"acf":[],"yoast_head":"<!-- This site is optimized with the Yoast SEO Premium plugin v21.1 (Yoast SEO v25.4) - https:\/\/yoast.com\/wordpress\/plugins\/seo\/ -->\n<title>Abilica FootPump Abilica<\/title>\n<meta name=\"robots\" content=\"index, follow, max-snippet:-1, max-image-preview:large, max-video-preview:-1\" \/>\n<link rel=\"canonical\" href=\"https:\/\/abilica.com\/no\/kondisjon\/airtracks\/abilica-footpump\/\" \/>\n<meta property=\"og:locale\" content=\"nb_NO\" \/>\n<meta property=\"og:type\" content=\"article\" \/>\n<meta property=\"og:title\" content=\"Abilica FootPump\" \/>\n<meta property=\"og:description\" content=\"Abilica FootPump er ekstra utstyr til v\u00e5re Abilica AirTracks. Pumpen er solid og kraftig, og...\" \/>\n<meta property=\"og:url\" content=\"https:\/\/abilica.com\/no\/kondisjon\/airtracks\/abilica-footpump\/\" \/>\n<meta property=\"og:site_name\" content=\"Abilica\" \/>\n<meta property=\"article:publisher\" content=\"https:\/\/www.facebook.com\/abilicahometraining\/\" \/>\n<meta property=\"article:modified_time\" content=\"2026-02-23T15:03:26+00:00\" \/>\n<meta property=\"og:image\" content=\"https:\/\/abilica.com\/wp-content\/uploads\/2023\/10\/372927.jpg\" \/>\n\t<meta property=\"og:image:width\" content=\"1200\" \/>\n\t<meta property=\"og:image:height\" content=\"1200\" \/>\n\t<meta property=\"og:image:type\" content=\"image\/jpeg\" \/>\n<meta name=\"twitter:card\" content=\"summary_large_image\" \/>\n<meta name=\"twitter:label1\" content=\"Ansl. lesetid\" \/>\n\t<meta name=\"twitter:data1\" content=\"1 minutt\" \/>\n<script type=\"application\/ld+json\" class=\"yoast-schema-graph\">{\"@context\":\"https:\/\/schema.org\",\"@graph\":[{\"@type\":\"WebPage\",\"@id\":\"https:\/\/abilica.com\/no\/kondisjon\/airtracks\/abilica-footpump\/\",\"url\":\"https:\/\/abilica.com\/no\/kondisjon\/airtracks\/abilica-footpump\/\",\"name\":\"Abilica FootPump Abilica\",\"isPartOf\":{\"@id\":\"https:\/\/abilica.com\/#website\"},\"primaryImageOfPage\":{\"@id\":\"https:\/\/abilica.com\/no\/kondisjon\/airtracks\/abilica-footpump\/#primaryimage\"},\"image\":{\"@id\":\"https:\/\/abilica.com\/no\/kondisjon\/airtracks\/abilica-footpump\/#primaryimage\"},\"thumbnailUrl\":\"https:\/\/abilica.com\/wp-content\/uploads\/2023\/10\/372927.jpg\",\"datePublished\":\"2023-10-24T10:33:07+00:00\",\"dateModified\":\"2026-02-23T15:03:26+00:00\",\"breadcrumb\":{\"@id\":\"https:\/\/abilica.com\/no\/kondisjon\/airtracks\/abilica-footpump\/#breadcrumb\"},\"inLanguage\":\"nb-NO\",\"potentialAction\":[{\"@type\":\"ReadAction\",\"target\":[\"https:\/\/abilica.com\/no\/kondisjon\/airtracks\/abilica-footpump\/\"]}]},{\"@type\":\"ImageObject\",\"inLanguage\":\"nb-NO\",\"@id\":\"https:\/\/abilica.com\/no\/kondisjon\/airtracks\/abilica-footpump\/#primaryimage\",\"url\":\"https:\/\/abilica.com\/wp-content\/uploads\/2023\/10\/372927.jpg\",\"contentUrl\":\"https:\/\/abilica.com\/wp-content\/uploads\/2023\/10\/372927.jpg\",\"width\":1200,\"height\":1200},{\"@type\":\"BreadcrumbList\",\"@id\":\"https:\/\/abilica.com\/no\/kondisjon\/airtracks\/abilica-footpump\/#breadcrumb\",\"itemListElement\":[{\"@type\":\"ListItem\",\"position\":1,\"name\":\"Hem\",\"item\":\"https:\/\/abilica.com\/no\/\"},{\"@type\":\"ListItem\",\"position\":2,\"name\":\"Produkter\",\"item\":\"https:\/\/abilica.com\/no\/shop-2\/\"},{\"@type\":\"ListItem\",\"position\":3,\"name\":\"Abilica FootPump\"}]},{\"@type\":\"WebSite\",\"@id\":\"https:\/\/abilica.com\/#website\",\"url\":\"https:\/\/abilica.com\/\",\"name\":\"Abilica\",\"description\":\"Abilica Home Training\",\"potentialAction\":[{\"@type\":\"SearchAction\",\"target\":{\"@type\":\"EntryPoint\",\"urlTemplate\":\"https:\/\/abilica.com\/?s={search_term_string}\"},\"query-input\":{\"@type\":\"PropertyValueSpecification\",\"valueRequired\":true,\"valueName\":\"search_term_string\"}}],\"inLanguage\":\"nb-NO\"}]}<\/script>\n<!-- \/ Yoast SEO Premium plugin. -->","yoast_head_json":{"title":"Abilica FootPump Abilica","robots":{"index":"index","follow":"follow","max-snippet":"max-snippet:-1","max-image-preview":"max-image-preview:large","max-video-preview":"max-video-preview:-1"},"canonical":"https:\/\/abilica.com\/no\/kondisjon\/airtracks\/abilica-footpump\/","og_locale":"nb_NO","og_type":"article","og_title":"Abilica FootPump","og_description":"Abilica FootPump er ekstra utstyr til v\u00e5re Abilica AirTracks. Pumpen er solid og kraftig, og...","og_url":"https:\/\/abilica.com\/no\/kondisjon\/airtracks\/abilica-footpump\/","og_site_name":"Abilica","article_publisher":"https:\/\/www.facebook.com\/abilicahometraining\/","article_modified_time":"2026-02-23T15:03:26+00:00","og_image":[{"width":1200,"height":1200,"url":"https:\/\/abilica.com\/wp-content\/uploads\/2023\/10\/372927.jpg","type":"image\/jpeg"}],"twitter_card":"summary_large_image","twitter_misc":{"Ansl. lesetid":"1 minutt"},"schema":{"@context":"https:\/\/schema.org","@graph":[{"@type":"WebPage","@id":"https:\/\/abilica.com\/no\/kondisjon\/airtracks\/abilica-footpump\/","url":"https:\/\/abilica.com\/no\/kondisjon\/airtracks\/abilica-footpump\/","name":"Abilica FootPump Abilica","isPartOf":{"@id":"https:\/\/abilica.com\/#website"},"primaryImageOfPage":{"@id":"https:\/\/abilica.com\/no\/kondisjon\/airtracks\/abilica-footpump\/#primaryimage"},"image":{"@id":"https:\/\/abilica.com\/no\/kondisjon\/airtracks\/abilica-footpump\/#primaryimage"},"thumbnailUrl":"https:\/\/abilica.com\/wp-content\/uploads\/2023\/10\/372927.jpg","datePublished":"2023-10-24T10:33:07+00:00","dateModified":"2026-02-23T15:03:26+00:00","breadcrumb":{"@id":"https:\/\/abilica.com\/no\/kondisjon\/airtracks\/abilica-footpump\/#breadcrumb"},"inLanguage":"nb-NO","potentialAction":[{"@type":"ReadAction","target":["https:\/\/abilica.com\/no\/kondisjon\/airtracks\/abilica-footpump\/"]}]},{"@type":"ImageObject","inLanguage":"nb-NO","@id":"https:\/\/abilica.com\/no\/kondisjon\/airtracks\/abilica-footpump\/#primaryimage","url":"https:\/\/abilica.com\/wp-content\/uploads\/2023\/10\/372927.jpg","contentUrl":"https:\/\/abilica.com\/wp-content\/uploads\/2023\/10\/372927.jpg","width":1200,"height":1200},{"@type":"BreadcrumbList","@id":"https:\/\/abilica.com\/no\/kondisjon\/airtracks\/abilica-footpump\/#breadcrumb","itemListElement":[{"@type":"ListItem","position":1,"name":"Hem","item":"https:\/\/abilica.com\/no\/"},{"@type":"ListItem","position":2,"name":"Produkter","item":"https:\/\/abilica.com\/no\/shop-2\/"},{"@type":"ListItem","position":3,"name":"Abilica FootPump"}]},{"@type":"WebSite","@id":"https:\/\/abilica.com\/#website","url":"https:\/\/abilica.com\/","name":"Abilica","description":"Abilica Home Training","potentialAction":[{"@type":"SearchAction","target":{"@type":"EntryPoint","urlTemplate":"https:\/\/abilica.com\/?s={search_term_string}"},"query-input":{"@type":"PropertyValueSpecification","valueRequired":true,"valueName":"search_term_string"}}],"inLanguage":"nb-NO"}]}},"_links":{"self":[{"href":"https:\/\/abilica.com\/no\/wp-json\/wp\/v2\/product\/63266","targetHints":{"allow":["GET"]}}],"collection":[{"href":"https:\/\/abilica.com\/no\/wp-json\/wp\/v2\/product"}],"about":[{"href":"https:\/\/abilica.com\/no\/wp-json\/wp\/v2\/types\/product"}],"wp:featuredmedia":[{"embeddable":true,"href":"https:\/\/abilica.com\/no\/wp-json\/wp\/v2\/media\/62064"}],"wp:attachment":[{"href":"https:\/\/abilica.com\/no\/wp-json\/wp\/v2\/media?parent=63266"}],"wp:term":[{"taxonomy":"product_brand","embeddable":true,"href":"https:\/\/abilica.com\/no\/wp-json\/wp\/v2\/product_brand?post=63266"},{"taxonomy":"product_cat","embeddable":true,"href":"https:\/\/abilica.com\/no\/wp-json\/wp\/v2\/product_cat?post=63266"},{"taxonomy":"product_tag","embeddable":true,"href":"https:\/\/abilica.com\/no\/wp-json\/wp\/v2\/product_tag?post=63266"}],"curies":[{"name":"wp","href":"https:\/\/api.w.org\/{rel}","templated":true}]}}