{"id":63269,"date":"2023-10-24T11:33:07","date_gmt":"2023-10-24T10:33:07","guid":{"rendered":"https:\/\/abilica.com\/uncategorized\/abilica-babymat-puzzle-eco\/"},"modified":"2024-06-18T12:58:39","modified_gmt":"2024-06-18T11:58:39","slug":"abilica-babymat-puzzle-eco","status":"publish","type":"product","link":"https:\/\/abilica.com\/no\/styrke\/treningsmatte\/abilica-babymat-puzzle-eco\/","title":{"rendered":"Abilica BabyMat Puzzle ECO"},"content":{"rendered":"<div class=\"wpb-content-wrapper\"><p>[vc_row content_placement=&raquo;middle&raquo;][vc_column][vc_column_text]<img loading=\"lazy\" decoding=\"async\" class=\"alignnone wp-image-38205\" src=\"https:\/\/abilica.com\/no\/wp-content\/uploads\/2021\/06\/ECO-hvit.png\" alt=\"\" width=\"91\" height=\"91\" \/><\/p>\n<p>Abilica BabyMat Puzzle ECO er en del av konseptet Abilica Active. Med sine 9 myke, kvadratiske puslebiter bygges matten sammen til et perfekt underlag for at babyen din kan begynne \u00e5 utforske sine bevegelser. Ligge p\u00e5 mage, l\u00f8fte opp overkropp og hode, krabbe og falle til siden uten \u00e5 skade seg. Babyen blir inspirert til \u00e5 bruke armer og bein mer og mer. I takt med at babyen din blir sterkere og st\u00f8rre kan den selv pusle fra hverandre eller sammen bitene, aktivt plukke inn og ut av symbolene i form av hjertene eller skyene i rutene. Fra 10 mnd+, CE godkjent og oppfyller alle sikkerhetskrav. Finnes i 4 ulike fargekombinasjoner.<\/p>\n<p><b>TEKNISK INFO<\/b><\/p>\n<p><b>St\u00f8rrelse<br \/>\n<\/b>32 x 32 x 1 cm (L x B x T)<\/p>\n<p><b>Materiale<br \/>\n<\/b>EVA skum, uten kjemikalier.\u00a0Uten ammoniakk og helt luktfrie.<\/p>\n<p><img loading=\"lazy\" decoding=\"async\" class=\"alignnone wp-image-33246\" src=\"https:\/\/abilica.com\/no\/wp-content\/uploads\/2020\/05\/indoor-outdoor-use-300x236.png\" alt=\"\" width=\"100\" height=\"79\" \/><\/p>\n<p><i>Abilica Active is a series of playful products designed for families to stay active and healthy in everyday life.\u00a0<\/i><i>Spend time with your family, stay active, healthy and playful together.\u00a0<\/i><i>Our products inspire to physical activity through play in your own home and bring families together.\u00a0<\/i><i>Training equipment made for children and approved for the European market.<\/i><\/p>\n<p><i>Contains <\/i><b><i>NO <\/i><\/b><i>poisonous materials.<\/i><\/p>\n<p>We are proud to be a part of Generation Pep \u2013 helping kids and youth in Sweden to live and desire an active and healthy life.<\/p>\n<p><b><img loading=\"lazy\" decoding=\"async\" class=\"alignnone wp-image-33247\" src=\"https:\/\/abilica.com\/no\/wp-content\/uploads\/2019\/06\/Untitled-1-2.png\" sizes=\"auto, (max-width: 75px) 100vw, 75px\" srcset=\"https:\/\/abilica.com\/no\/wp-content\/uploads\/2019\/06\/Untitled-1-2.png 300w, https:\/\/abilica.com\/no\/wp-content\/uploads\/2019\/06\/Untitled-1-2-150x150.png 150w, https:\/\/abilica.com\/no\/wp-content\/uploads\/2019\/06\/Untitled-1-2-100x100.png 100w\" alt=\"\" width=\"75\" height=\"75\" \/><\/b>[\/vc_column_text][\/vc_column][\/vc_row]<\/p>\n<\/div>","protected":false},"excerpt":{"rendered":"<p>[vc_row content_placement=&raquo;middle&raquo;][vc_column][vc_column_text] Abilica BabyMat Puzzle ECO er en del av konseptet Abilica Active. Med sine&#8230;<\/p>\n","protected":false},"featured_media":62066,"template":"","meta":{"_acf_changed":false},"product_brand":[],"product_cat":[422,444],"product_tag":[546,174,550],"class_list":{"0":"post-63269","1":"product","2":"type-product","3":"status-publish","4":"has-post-thumbnail","6":"product_cat-styrke","7":"product_cat-treningsmatte","8":"product_tag-abilica-pregnancy-no","9":"product_tag-active","10":"product_tag-eco-friendly-no","12":"first","13":"outofstock","14":"product-type-variable"},"acf":[],"yoast_head":"<!-- This site is optimized with the Yoast SEO Premium plugin v21.1 (Yoast SEO v25.4) - https:\/\/yoast.com\/wordpress\/plugins\/seo\/ -->\n<title>Abilica BabyMat Puzzle ECO Abilica<\/title>\n<meta name=\"robots\" content=\"index, follow, max-snippet:-1, max-image-preview:large, max-video-preview:-1\" \/>\n<link rel=\"canonical\" href=\"https:\/\/abilica.com\/no\/styrke\/treningsmatte\/abilica-babymat-puzzle-eco\/\" \/>\n<meta property=\"og:locale\" content=\"nb_NO\" \/>\n<meta property=\"og:type\" content=\"article\" \/>\n<meta property=\"og:title\" content=\"Abilica BabyMat Puzzle ECO\" \/>\n<meta property=\"og:description\" content=\"[vc_row content_placement=&raquo;middle&raquo;][vc_column][vc_column_text] Abilica BabyMat Puzzle ECO er en del av konseptet Abilica Active. Med sine...\" \/>\n<meta property=\"og:url\" content=\"https:\/\/abilica.com\/no\/styrke\/treningsmatte\/abilica-babymat-puzzle-eco\/\" \/>\n<meta property=\"og:site_name\" content=\"Abilica\" \/>\n<meta property=\"article:publisher\" content=\"https:\/\/www.facebook.com\/abilicahometraining\/\" \/>\n<meta property=\"article:modified_time\" content=\"2024-06-18T11:58:39+00:00\" \/>\n<meta property=\"og:image\" content=\"https:\/\/abilica.com\/wp-content\/uploads\/2023\/10\/BabyMat.jpg\" \/>\n\t<meta property=\"og:image:width\" content=\"2000\" \/>\n\t<meta property=\"og:image:height\" content=\"2000\" \/>\n\t<meta property=\"og:image:type\" content=\"image\/jpeg\" \/>\n<meta name=\"twitter:card\" content=\"summary_large_image\" \/>\n<meta name=\"twitter:label1\" content=\"Ansl. lesetid\" \/>\n\t<meta name=\"twitter:data1\" content=\"1 minutt\" \/>\n<script type=\"application\/ld+json\" class=\"yoast-schema-graph\">{\"@context\":\"https:\/\/schema.org\",\"@graph\":[{\"@type\":\"WebPage\",\"@id\":\"https:\/\/abilica.com\/no\/styrke\/treningsmatte\/abilica-babymat-puzzle-eco\/\",\"url\":\"https:\/\/abilica.com\/no\/styrke\/treningsmatte\/abilica-babymat-puzzle-eco\/\",\"name\":\"Abilica BabyMat Puzzle ECO Abilica\",\"isPartOf\":{\"@id\":\"https:\/\/abilica.com\/#website\"},\"primaryImageOfPage\":{\"@id\":\"https:\/\/abilica.com\/no\/styrke\/treningsmatte\/abilica-babymat-puzzle-eco\/#primaryimage\"},\"image\":{\"@id\":\"https:\/\/abilica.com\/no\/styrke\/treningsmatte\/abilica-babymat-puzzle-eco\/#primaryimage\"},\"thumbnailUrl\":\"https:\/\/abilica.com\/wp-content\/uploads\/2023\/10\/BabyMat.jpg\",\"datePublished\":\"2023-10-24T10:33:07+00:00\",\"dateModified\":\"2024-06-18T11:58:39+00:00\",\"breadcrumb\":{\"@id\":\"https:\/\/abilica.com\/no\/styrke\/treningsmatte\/abilica-babymat-puzzle-eco\/#breadcrumb\"},\"inLanguage\":\"nb-NO\",\"potentialAction\":[{\"@type\":\"ReadAction\",\"target\":[\"https:\/\/abilica.com\/no\/styrke\/treningsmatte\/abilica-babymat-puzzle-eco\/\"]}]},{\"@type\":\"ImageObject\",\"inLanguage\":\"nb-NO\",\"@id\":\"https:\/\/abilica.com\/no\/styrke\/treningsmatte\/abilica-babymat-puzzle-eco\/#primaryimage\",\"url\":\"https:\/\/abilica.com\/wp-content\/uploads\/2023\/10\/BabyMat.jpg\",\"contentUrl\":\"https:\/\/abilica.com\/wp-content\/uploads\/2023\/10\/BabyMat.jpg\",\"width\":2000,\"height\":2000},{\"@type\":\"BreadcrumbList\",\"@id\":\"https:\/\/abilica.com\/no\/styrke\/treningsmatte\/abilica-babymat-puzzle-eco\/#breadcrumb\",\"itemListElement\":[{\"@type\":\"ListItem\",\"position\":1,\"name\":\"Hem\",\"item\":\"https:\/\/abilica.com\/no\/\"},{\"@type\":\"ListItem\",\"position\":2,\"name\":\"Produkter\",\"item\":\"https:\/\/abilica.com\/no\/shop-2\/\"},{\"@type\":\"ListItem\",\"position\":3,\"name\":\"Abilica BabyMat Puzzle ECO\"}]},{\"@type\":\"WebSite\",\"@id\":\"https:\/\/abilica.com\/#website\",\"url\":\"https:\/\/abilica.com\/\",\"name\":\"Abilica\",\"description\":\"Abilica Home Training\",\"potentialAction\":[{\"@type\":\"SearchAction\",\"target\":{\"@type\":\"EntryPoint\",\"urlTemplate\":\"https:\/\/abilica.com\/?s={search_term_string}\"},\"query-input\":{\"@type\":\"PropertyValueSpecification\",\"valueRequired\":true,\"valueName\":\"search_term_string\"}}],\"inLanguage\":\"nb-NO\"}]}<\/script>\n<!-- \/ Yoast SEO Premium plugin. -->","yoast_head_json":{"title":"Abilica BabyMat Puzzle ECO Abilica","robots":{"index":"index","follow":"follow","max-snippet":"max-snippet:-1","max-image-preview":"max-image-preview:large","max-video-preview":"max-video-preview:-1"},"canonical":"https:\/\/abilica.com\/no\/styrke\/treningsmatte\/abilica-babymat-puzzle-eco\/","og_locale":"nb_NO","og_type":"article","og_title":"Abilica BabyMat Puzzle ECO","og_description":"[vc_row content_placement=&raquo;middle&raquo;][vc_column][vc_column_text] Abilica BabyMat Puzzle ECO er en del av konseptet Abilica Active. Med sine...","og_url":"https:\/\/abilica.com\/no\/styrke\/treningsmatte\/abilica-babymat-puzzle-eco\/","og_site_name":"Abilica","article_publisher":"https:\/\/www.facebook.com\/abilicahometraining\/","article_modified_time":"2024-06-18T11:58:39+00:00","og_image":[{"width":2000,"height":2000,"url":"https:\/\/abilica.com\/wp-content\/uploads\/2023\/10\/BabyMat.jpg","type":"image\/jpeg"}],"twitter_card":"summary_large_image","twitter_misc":{"Ansl. lesetid":"1 minutt"},"schema":{"@context":"https:\/\/schema.org","@graph":[{"@type":"WebPage","@id":"https:\/\/abilica.com\/no\/styrke\/treningsmatte\/abilica-babymat-puzzle-eco\/","url":"https:\/\/abilica.com\/no\/styrke\/treningsmatte\/abilica-babymat-puzzle-eco\/","name":"Abilica BabyMat Puzzle ECO Abilica","isPartOf":{"@id":"https:\/\/abilica.com\/#website"},"primaryImageOfPage":{"@id":"https:\/\/abilica.com\/no\/styrke\/treningsmatte\/abilica-babymat-puzzle-eco\/#primaryimage"},"image":{"@id":"https:\/\/abilica.com\/no\/styrke\/treningsmatte\/abilica-babymat-puzzle-eco\/#primaryimage"},"thumbnailUrl":"https:\/\/abilica.com\/wp-content\/uploads\/2023\/10\/BabyMat.jpg","datePublished":"2023-10-24T10:33:07+00:00","dateModified":"2024-06-18T11:58:39+00:00","breadcrumb":{"@id":"https:\/\/abilica.com\/no\/styrke\/treningsmatte\/abilica-babymat-puzzle-eco\/#breadcrumb"},"inLanguage":"nb-NO","potentialAction":[{"@type":"ReadAction","target":["https:\/\/abilica.com\/no\/styrke\/treningsmatte\/abilica-babymat-puzzle-eco\/"]}]},{"@type":"ImageObject","inLanguage":"nb-NO","@id":"https:\/\/abilica.com\/no\/styrke\/treningsmatte\/abilica-babymat-puzzle-eco\/#primaryimage","url":"https:\/\/abilica.com\/wp-content\/uploads\/2023\/10\/BabyMat.jpg","contentUrl":"https:\/\/abilica.com\/wp-content\/uploads\/2023\/10\/BabyMat.jpg","width":2000,"height":2000},{"@type":"BreadcrumbList","@id":"https:\/\/abilica.com\/no\/styrke\/treningsmatte\/abilica-babymat-puzzle-eco\/#breadcrumb","itemListElement":[{"@type":"ListItem","position":1,"name":"Hem","item":"https:\/\/abilica.com\/no\/"},{"@type":"ListItem","position":2,"name":"Produkter","item":"https:\/\/abilica.com\/no\/shop-2\/"},{"@type":"ListItem","position":3,"name":"Abilica BabyMat Puzzle ECO"}]},{"@type":"WebSite","@id":"https:\/\/abilica.com\/#website","url":"https:\/\/abilica.com\/","name":"Abilica","description":"Abilica Home Training","potentialAction":[{"@type":"SearchAction","target":{"@type":"EntryPoint","urlTemplate":"https:\/\/abilica.com\/?s={search_term_string}"},"query-input":{"@type":"PropertyValueSpecification","valueRequired":true,"valueName":"search_term_string"}}],"inLanguage":"nb-NO"}]}},"_links":{"self":[{"href":"https:\/\/abilica.com\/no\/wp-json\/wp\/v2\/product\/63269","targetHints":{"allow":["GET"]}}],"collection":[{"href":"https:\/\/abilica.com\/no\/wp-json\/wp\/v2\/product"}],"about":[{"href":"https:\/\/abilica.com\/no\/wp-json\/wp\/v2\/types\/product"}],"wp:featuredmedia":[{"embeddable":true,"href":"https:\/\/abilica.com\/no\/wp-json\/wp\/v2\/media\/62066"}],"wp:attachment":[{"href":"https:\/\/abilica.com\/no\/wp-json\/wp\/v2\/media?parent=63269"}],"wp:term":[{"taxonomy":"product_brand","embeddable":true,"href":"https:\/\/abilica.com\/no\/wp-json\/wp\/v2\/product_brand?post=63269"},{"taxonomy":"product_cat","embeddable":true,"href":"https:\/\/abilica.com\/no\/wp-json\/wp\/v2\/product_cat?post=63269"},{"taxonomy":"product_tag","embeddable":true,"href":"https:\/\/abilica.com\/no\/wp-json\/wp\/v2\/product_tag?post=63269"}],"curies":[{"name":"wp","href":"https:\/\/api.w.org\/{rel}","templated":true}]}}