{"id":63275,"date":"2023-10-24T11:33:07","date_gmt":"2023-10-24T10:33:07","guid":{"rendered":"https:\/\/abilica.com\/uncategorized\/abilica-gymball-45-cm\/"},"modified":"2026-02-05T12:23:06","modified_gmt":"2026-02-05T11:23:06","slug":"abilica-gymball-45-cm","status":"publish","type":"product","link":"https:\/\/abilica.com\/no\/balanse\/fitnessball\/abilica-gymball-45-cm\/","title":{"rendered":"Abilica GymBall, 45 cm"},"content":{"rendered":"<div class=\"wpb-content-wrapper\"><p>[vc_row][vc_column][vc_column_text]Abilica GymBall er en del av konseptet Abilica Active. Ballen er perfekt for barn som har maur i rumpa eller for barn som vil ha en aktiv sitteplass for \u00e5 ta seg et pust i bakken. Ballen er perfekt til \u00e5 sitte p\u00e5 for barn med en diameter p\u00e5 45 cm.<span class=\"Apple-converted-space\">\u00a0 <\/span>Du kan balansere, utfordre kjernemuskulaturen og kjenne latteren komme boblende fra magen n\u00e5r du mister balansen. For hver gang du ramler eller ruller p\u00e5 siden, l\u00e6rer du noe nytt og utvikler kroppens evner. Balanser, rull og test ut ulike posisjoner med ballen \u2013 det er bare fantasien som stopper deg.\u00a0Ballpumpen <a href=\"https:\/\/abilica.com\/no\/balanse\/fitnessball\/abilica-handpump\/\"><strong>Abilica HandPump<\/strong><\/a> selges separat.<\/p>\n<p><b>TEKNISK INFO<\/b><\/p>\n<p><b>St\u00f8rrelse<br \/>\n<\/b>Diameter 45 cm<\/p>\n<p><b>Materiale<br \/>\n<\/b>PVC<\/p>\n<p><b>Maks brukervekt<br \/>\n<\/b>100 kg<\/p>\n<p><i>Abilica Active is a series of playful products designed for families to stay active and healthy in everyday life.\u00a0<\/i><i>Spend time with your family, stay active, healthy and playful together.\u00a0<\/i><i>Our products inspire to physical activity through play in your own home and bring families together.\u00a0<\/i><i>Training equipment made for children and approved for the European market.<\/i><\/p>\n<p><i>Contains <\/i><b><i>NO <\/i><\/b><i>poisonous materials.<\/i>[\/vc_column_text][\/vc_column][\/vc_row][vc_row][vc_column][vc_column_text el_class=&raquo;product-video&raquo;]<\/p>\n<div style=\"width: 640px;\" class=\"wp-video\"><!--[if lt IE 9]><script>document.createElement('video');<\/script><![endif]-->\n<video class=\"wp-video-shortcode\" id=\"video-63275-1\" width=\"640\" height=\"360\" poster=\"https:\/\/abilica.com\/no\/wp-content\/uploads\/2020\/05\/372990_image5.jpg\" preload=\"metadata\" controls=\"controls\"><source type=\"video\/mp4\" src=\"https:\/\/abilica.com\/no\/wp-content\/uploads\/2019\/08\/Abilica-GymBall.mp4?_=1\" \/><a href=\"https:\/\/abilica.com\/no\/wp-content\/uploads\/2019\/08\/Abilica-GymBall.mp4\">https:\/\/abilica.com\/no\/wp-content\/uploads\/2019\/08\/Abilica-GymBall.mp4<\/a><\/video><\/div>\n<p>[\/vc_column_text][\/vc_column][\/vc_row][vc_row][vc_column][vc_column_text]We are proud to be a part of Generation Pep &#8211; helping kids and youth in Sweden to live and desire an active and healthy life.<\/p>\n<p><b><img loading=\"lazy\" decoding=\"async\" class=\"alignnone wp-image-33247\" src=\"https:\/\/abilica.com\/no\/wp-content\/uploads\/2019\/06\/Untitled-1-2.png\" alt=\"\" width=\"75\" height=\"75\" \/><\/b>[\/vc_column_text][\/vc_column][\/vc_row][vc_row][vc_column][vc_btn title=&raquo;Treningstips&raquo; style=&raquo;flat&raquo; color=&raquo;black&raquo; i_icon_fontawesome=&raquo;fa fa-align-left&raquo; add_icon=&raquo;true&raquo; link=&raquo;url:https%3A%2F%2Fabilica.com%2Fno%2Ftreningsartikler%2Fbalansetrening%2Fhjemmetrening-med-fitnessball%2F|||&raquo;][\/vc_column][\/vc_row]<\/p>\n<\/div>","protected":false},"excerpt":{"rendered":"<p>[vc_row][vc_column][vc_column_text]Abilica GymBall er en del av konseptet Abilica Active. Ballen er perfekt for barn som&#8230;<\/p>\n","protected":false},"featured_media":62070,"template":"","meta":{"_acf_changed":false},"product_brand":[],"product_cat":[438,439],"product_tag":[174,177],"class_list":{"0":"post-63275","1":"product","2":"type-product","3":"status-publish","4":"has-post-thumbnail","6":"product_cat-balanse","7":"product_cat-fitnessball","8":"product_tag-active","9":"product_tag-small-items","11":"first","12":"instock","13":"product-type-simple"},"acf":[],"yoast_head":"<!-- This site is optimized with the Yoast SEO Premium plugin v21.1 (Yoast SEO v25.4) - https:\/\/yoast.com\/wordpress\/plugins\/seo\/ -->\n<title>Abilica GymBall, 45 cm Abilica<\/title>\n<meta name=\"robots\" content=\"index, follow, max-snippet:-1, max-image-preview:large, max-video-preview:-1\" \/>\n<link rel=\"canonical\" href=\"https:\/\/abilica.com\/no\/balanse\/fitnessball\/abilica-gymball-45-cm\/\" \/>\n<meta property=\"og:locale\" content=\"nb_NO\" \/>\n<meta property=\"og:type\" content=\"article\" \/>\n<meta property=\"og:title\" content=\"Abilica GymBall, 45 cm\" \/>\n<meta property=\"og:description\" content=\"[vc_row][vc_column][vc_column_text]Abilica GymBall er en del av konseptet Abilica Active. Ballen er perfekt for barn som...\" \/>\n<meta property=\"og:url\" content=\"https:\/\/abilica.com\/no\/balanse\/fitnessball\/abilica-gymball-45-cm\/\" \/>\n<meta property=\"og:site_name\" content=\"Abilica\" \/>\n<meta property=\"article:publisher\" content=\"https:\/\/www.facebook.com\/abilicahometraining\/\" \/>\n<meta property=\"article:modified_time\" content=\"2026-02-05T11:23:06+00:00\" \/>\n<meta property=\"og:image\" content=\"https:\/\/abilica.com\/wp-content\/uploads\/2023\/10\/372990.jpg\" \/>\n\t<meta property=\"og:image:width\" content=\"1200\" \/>\n\t<meta property=\"og:image:height\" content=\"1200\" \/>\n\t<meta property=\"og:image:type\" content=\"image\/jpeg\" \/>\n<meta name=\"twitter:card\" content=\"summary_large_image\" \/>\n<meta name=\"twitter:label1\" content=\"Ansl. lesetid\" \/>\n\t<meta name=\"twitter:data1\" content=\"2 minutter\" \/>\n<script type=\"application\/ld+json\" class=\"yoast-schema-graph\">{\"@context\":\"https:\/\/schema.org\",\"@graph\":[{\"@type\":\"WebPage\",\"@id\":\"https:\/\/abilica.com\/no\/balanse\/fitnessball\/abilica-gymball-45-cm\/\",\"url\":\"https:\/\/abilica.com\/no\/balanse\/fitnessball\/abilica-gymball-45-cm\/\",\"name\":\"Abilica GymBall, 45 cm Abilica\",\"isPartOf\":{\"@id\":\"https:\/\/abilica.com\/#website\"},\"primaryImageOfPage\":{\"@id\":\"https:\/\/abilica.com\/no\/balanse\/fitnessball\/abilica-gymball-45-cm\/#primaryimage\"},\"image\":{\"@id\":\"https:\/\/abilica.com\/no\/balanse\/fitnessball\/abilica-gymball-45-cm\/#primaryimage\"},\"thumbnailUrl\":\"https:\/\/abilica.com\/wp-content\/uploads\/2023\/10\/372990.jpg\",\"datePublished\":\"2023-10-24T10:33:07+00:00\",\"dateModified\":\"2026-02-05T11:23:06+00:00\",\"breadcrumb\":{\"@id\":\"https:\/\/abilica.com\/no\/balanse\/fitnessball\/abilica-gymball-45-cm\/#breadcrumb\"},\"inLanguage\":\"nb-NO\",\"potentialAction\":[{\"@type\":\"ReadAction\",\"target\":[\"https:\/\/abilica.com\/no\/balanse\/fitnessball\/abilica-gymball-45-cm\/\"]}]},{\"@type\":\"ImageObject\",\"inLanguage\":\"nb-NO\",\"@id\":\"https:\/\/abilica.com\/no\/balanse\/fitnessball\/abilica-gymball-45-cm\/#primaryimage\",\"url\":\"https:\/\/abilica.com\/wp-content\/uploads\/2023\/10\/372990.jpg\",\"contentUrl\":\"https:\/\/abilica.com\/wp-content\/uploads\/2023\/10\/372990.jpg\",\"width\":1200,\"height\":1200},{\"@type\":\"BreadcrumbList\",\"@id\":\"https:\/\/abilica.com\/no\/balanse\/fitnessball\/abilica-gymball-45-cm\/#breadcrumb\",\"itemListElement\":[{\"@type\":\"ListItem\",\"position\":1,\"name\":\"Hem\",\"item\":\"https:\/\/abilica.com\/no\/\"},{\"@type\":\"ListItem\",\"position\":2,\"name\":\"Produkter\",\"item\":\"https:\/\/abilica.com\/no\/shop-2\/\"},{\"@type\":\"ListItem\",\"position\":3,\"name\":\"Abilica GymBall, 45 cm\"}]},{\"@type\":\"WebSite\",\"@id\":\"https:\/\/abilica.com\/#website\",\"url\":\"https:\/\/abilica.com\/\",\"name\":\"Abilica\",\"description\":\"Abilica Home Training\",\"potentialAction\":[{\"@type\":\"SearchAction\",\"target\":{\"@type\":\"EntryPoint\",\"urlTemplate\":\"https:\/\/abilica.com\/?s={search_term_string}\"},\"query-input\":{\"@type\":\"PropertyValueSpecification\",\"valueRequired\":true,\"valueName\":\"search_term_string\"}}],\"inLanguage\":\"nb-NO\"}]}<\/script>\n<!-- \/ Yoast SEO Premium plugin. -->","yoast_head_json":{"title":"Abilica GymBall, 45 cm Abilica","robots":{"index":"index","follow":"follow","max-snippet":"max-snippet:-1","max-image-preview":"max-image-preview:large","max-video-preview":"max-video-preview:-1"},"canonical":"https:\/\/abilica.com\/no\/balanse\/fitnessball\/abilica-gymball-45-cm\/","og_locale":"nb_NO","og_type":"article","og_title":"Abilica GymBall, 45 cm","og_description":"[vc_row][vc_column][vc_column_text]Abilica GymBall er en del av konseptet Abilica Active. Ballen er perfekt for barn som...","og_url":"https:\/\/abilica.com\/no\/balanse\/fitnessball\/abilica-gymball-45-cm\/","og_site_name":"Abilica","article_publisher":"https:\/\/www.facebook.com\/abilicahometraining\/","article_modified_time":"2026-02-05T11:23:06+00:00","og_image":[{"width":1200,"height":1200,"url":"https:\/\/abilica.com\/wp-content\/uploads\/2023\/10\/372990.jpg","type":"image\/jpeg"}],"twitter_card":"summary_large_image","twitter_misc":{"Ansl. lesetid":"2 minutter"},"schema":{"@context":"https:\/\/schema.org","@graph":[{"@type":"WebPage","@id":"https:\/\/abilica.com\/no\/balanse\/fitnessball\/abilica-gymball-45-cm\/","url":"https:\/\/abilica.com\/no\/balanse\/fitnessball\/abilica-gymball-45-cm\/","name":"Abilica GymBall, 45 cm Abilica","isPartOf":{"@id":"https:\/\/abilica.com\/#website"},"primaryImageOfPage":{"@id":"https:\/\/abilica.com\/no\/balanse\/fitnessball\/abilica-gymball-45-cm\/#primaryimage"},"image":{"@id":"https:\/\/abilica.com\/no\/balanse\/fitnessball\/abilica-gymball-45-cm\/#primaryimage"},"thumbnailUrl":"https:\/\/abilica.com\/wp-content\/uploads\/2023\/10\/372990.jpg","datePublished":"2023-10-24T10:33:07+00:00","dateModified":"2026-02-05T11:23:06+00:00","breadcrumb":{"@id":"https:\/\/abilica.com\/no\/balanse\/fitnessball\/abilica-gymball-45-cm\/#breadcrumb"},"inLanguage":"nb-NO","potentialAction":[{"@type":"ReadAction","target":["https:\/\/abilica.com\/no\/balanse\/fitnessball\/abilica-gymball-45-cm\/"]}]},{"@type":"ImageObject","inLanguage":"nb-NO","@id":"https:\/\/abilica.com\/no\/balanse\/fitnessball\/abilica-gymball-45-cm\/#primaryimage","url":"https:\/\/abilica.com\/wp-content\/uploads\/2023\/10\/372990.jpg","contentUrl":"https:\/\/abilica.com\/wp-content\/uploads\/2023\/10\/372990.jpg","width":1200,"height":1200},{"@type":"BreadcrumbList","@id":"https:\/\/abilica.com\/no\/balanse\/fitnessball\/abilica-gymball-45-cm\/#breadcrumb","itemListElement":[{"@type":"ListItem","position":1,"name":"Hem","item":"https:\/\/abilica.com\/no\/"},{"@type":"ListItem","position":2,"name":"Produkter","item":"https:\/\/abilica.com\/no\/shop-2\/"},{"@type":"ListItem","position":3,"name":"Abilica GymBall, 45 cm"}]},{"@type":"WebSite","@id":"https:\/\/abilica.com\/#website","url":"https:\/\/abilica.com\/","name":"Abilica","description":"Abilica Home Training","potentialAction":[{"@type":"SearchAction","target":{"@type":"EntryPoint","urlTemplate":"https:\/\/abilica.com\/?s={search_term_string}"},"query-input":{"@type":"PropertyValueSpecification","valueRequired":true,"valueName":"search_term_string"}}],"inLanguage":"nb-NO"}]}},"_links":{"self":[{"href":"https:\/\/abilica.com\/no\/wp-json\/wp\/v2\/product\/63275","targetHints":{"allow":["GET"]}}],"collection":[{"href":"https:\/\/abilica.com\/no\/wp-json\/wp\/v2\/product"}],"about":[{"href":"https:\/\/abilica.com\/no\/wp-json\/wp\/v2\/types\/product"}],"wp:featuredmedia":[{"embeddable":true,"href":"https:\/\/abilica.com\/no\/wp-json\/wp\/v2\/media\/62070"}],"wp:attachment":[{"href":"https:\/\/abilica.com\/no\/wp-json\/wp\/v2\/media?parent=63275"}],"wp:term":[{"taxonomy":"product_brand","embeddable":true,"href":"https:\/\/abilica.com\/no\/wp-json\/wp\/v2\/product_brand?post=63275"},{"taxonomy":"product_cat","embeddable":true,"href":"https:\/\/abilica.com\/no\/wp-json\/wp\/v2\/product_cat?post=63275"},{"taxonomy":"product_tag","embeddable":true,"href":"https:\/\/abilica.com\/no\/wp-json\/wp\/v2\/product_tag?post=63275"}],"curies":[{"name":"wp","href":"https:\/\/api.w.org\/{rel}","templated":true}]}}