{"id":63278,"date":"2023-10-24T11:33:07","date_gmt":"2023-10-24T10:33:07","guid":{"rendered":"https:\/\/abilica.com\/uncategorized\/abilica-handpump\/"},"modified":"2023-11-29T10:11:59","modified_gmt":"2023-11-29T09:11:59","slug":"abilica-handpump","status":"publish","type":"product","link":"https:\/\/abilica.com\/no\/balanse\/fitnessball\/abilica-handpump\/","title":{"rendered":"Abilica HandPump"},"content":{"rendered":"<p>Abilica HandPump er en del av konseptet Abilica Active.\u00a0Pumpen har dual action funksjon som gj\u00f8r at det fylles luft b\u00e5de n\u00e5r du trekker pumpen opp og presser ned. Pumpen fungerer til <strong><a href=\"https:\/\/abilica.com\/no\/balanse\/fitnessball\/abilica-gymball-45-cm\/\">Abilica GymBal<\/a>l<\/strong>, <strong><a href=\"https:\/\/abilica.com\/no\/balanse\/fitnessball\/abilica-fitnessball-65-cm-2\/\">Abilica FitnessBall<\/a><\/strong> og andre oppbl\u00e5sbare produkter med denne type ventil.<\/p>\n<p><b>TEKNISK INFO<\/b><\/p>\n<p><b>St\u00f8rrelse<br \/>\n<\/b>Lengde 28 cm<\/p>\n<p><i>Abilica Active is a series of playful products designed for families to stay active and healthy in everyday life.\u00a0<\/i><i>Spend time with your family, stay active, healthy and playful together.\u00a0<\/i><i>Our products inspire to physical activity through play in your own home and bring families together.<\/i><i>Training equipment made for children and approved for the European market.<\/i><\/p>\n<p><i>Contains <\/i><b><i>NO <\/i><\/b><i>poisonous materials.<\/i><\/p>\n<p>We are proud to be a part of Generation Pep &#8211; helping kids and youth in Sweden to live and desire an active and healthy life.<\/p>\n<p><b><img loading=\"lazy\" decoding=\"async\" class=\"alignnone wp-image-33247\" src=\"https:\/\/abilica.com\/no\/wp-content\/uploads\/2019\/06\/Untitled-1-2.png\" alt=\"\" width=\"75\" height=\"75\" \/><\/b><\/p>\n","protected":false},"excerpt":{"rendered":"<p>Abilica HandPump er en del av konseptet Abilica Active.\u00a0Pumpen har dual action funksjon som gj\u00f8r&#8230;<\/p>\n","protected":false},"featured_media":62072,"template":"","meta":{"_acf_changed":false},"product_brand":[],"product_cat":[438,439],"product_tag":[174,177],"class_list":{"0":"post-63278","1":"product","2":"type-product","3":"status-publish","4":"has-post-thumbnail","6":"product_cat-balanse","7":"product_cat-fitnessball","8":"product_tag-active","9":"product_tag-small-items","11":"first","12":"outofstock","13":"product-type-simple"},"acf":[],"yoast_head":"<!-- This site is optimized with the Yoast SEO Premium plugin v21.1 (Yoast SEO v25.4) - https:\/\/yoast.com\/wordpress\/plugins\/seo\/ -->\n<title>Abilica HandPump Abilica<\/title>\n<meta name=\"robots\" content=\"index, follow, max-snippet:-1, max-image-preview:large, max-video-preview:-1\" \/>\n<link rel=\"canonical\" href=\"https:\/\/abilica.com\/no\/balanse\/fitnessball\/abilica-handpump\/\" \/>\n<meta property=\"og:locale\" content=\"nb_NO\" \/>\n<meta property=\"og:type\" content=\"article\" \/>\n<meta property=\"og:title\" content=\"Abilica HandPump\" \/>\n<meta property=\"og:description\" content=\"Abilica HandPump er en del av konseptet Abilica Active.\u00a0Pumpen har dual action funksjon som gj\u00f8r...\" \/>\n<meta property=\"og:url\" content=\"https:\/\/abilica.com\/no\/balanse\/fitnessball\/abilica-handpump\/\" \/>\n<meta property=\"og:site_name\" content=\"Abilica\" \/>\n<meta property=\"article:publisher\" content=\"https:\/\/www.facebook.com\/abilicahometraining\/\" \/>\n<meta property=\"article:modified_time\" content=\"2023-11-29T09:11:59+00:00\" \/>\n<meta property=\"og:image\" content=\"https:\/\/abilica.com\/wp-content\/uploads\/2023\/10\/372991.jpg\" \/>\n\t<meta property=\"og:image:width\" content=\"1200\" \/>\n\t<meta property=\"og:image:height\" content=\"1200\" \/>\n\t<meta property=\"og:image:type\" content=\"image\/jpeg\" \/>\n<meta name=\"twitter:card\" content=\"summary_large_image\" \/>\n<meta name=\"twitter:label1\" content=\"Ansl. lesetid\" \/>\n\t<meta name=\"twitter:data1\" content=\"1 minutt\" \/>\n<script type=\"application\/ld+json\" class=\"yoast-schema-graph\">{\"@context\":\"https:\/\/schema.org\",\"@graph\":[{\"@type\":\"WebPage\",\"@id\":\"https:\/\/abilica.com\/no\/balanse\/fitnessball\/abilica-handpump\/\",\"url\":\"https:\/\/abilica.com\/no\/balanse\/fitnessball\/abilica-handpump\/\",\"name\":\"Abilica HandPump Abilica\",\"isPartOf\":{\"@id\":\"https:\/\/abilica.com\/#website\"},\"primaryImageOfPage\":{\"@id\":\"https:\/\/abilica.com\/no\/balanse\/fitnessball\/abilica-handpump\/#primaryimage\"},\"image\":{\"@id\":\"https:\/\/abilica.com\/no\/balanse\/fitnessball\/abilica-handpump\/#primaryimage\"},\"thumbnailUrl\":\"https:\/\/abilica.com\/wp-content\/uploads\/2023\/10\/372991.jpg\",\"datePublished\":\"2023-10-24T10:33:07+00:00\",\"dateModified\":\"2023-11-29T09:11:59+00:00\",\"breadcrumb\":{\"@id\":\"https:\/\/abilica.com\/no\/balanse\/fitnessball\/abilica-handpump\/#breadcrumb\"},\"inLanguage\":\"nb-NO\",\"potentialAction\":[{\"@type\":\"ReadAction\",\"target\":[\"https:\/\/abilica.com\/no\/balanse\/fitnessball\/abilica-handpump\/\"]}]},{\"@type\":\"ImageObject\",\"inLanguage\":\"nb-NO\",\"@id\":\"https:\/\/abilica.com\/no\/balanse\/fitnessball\/abilica-handpump\/#primaryimage\",\"url\":\"https:\/\/abilica.com\/wp-content\/uploads\/2023\/10\/372991.jpg\",\"contentUrl\":\"https:\/\/abilica.com\/wp-content\/uploads\/2023\/10\/372991.jpg\",\"width\":1200,\"height\":1200},{\"@type\":\"BreadcrumbList\",\"@id\":\"https:\/\/abilica.com\/no\/balanse\/fitnessball\/abilica-handpump\/#breadcrumb\",\"itemListElement\":[{\"@type\":\"ListItem\",\"position\":1,\"name\":\"Hem\",\"item\":\"https:\/\/abilica.com\/no\/\"},{\"@type\":\"ListItem\",\"position\":2,\"name\":\"Produkter\",\"item\":\"https:\/\/abilica.com\/no\/shop-2\/\"},{\"@type\":\"ListItem\",\"position\":3,\"name\":\"Abilica HandPump\"}]},{\"@type\":\"WebSite\",\"@id\":\"https:\/\/abilica.com\/#website\",\"url\":\"https:\/\/abilica.com\/\",\"name\":\"Abilica\",\"description\":\"Abilica Home Training\",\"potentialAction\":[{\"@type\":\"SearchAction\",\"target\":{\"@type\":\"EntryPoint\",\"urlTemplate\":\"https:\/\/abilica.com\/?s={search_term_string}\"},\"query-input\":{\"@type\":\"PropertyValueSpecification\",\"valueRequired\":true,\"valueName\":\"search_term_string\"}}],\"inLanguage\":\"nb-NO\"}]}<\/script>\n<!-- \/ Yoast SEO Premium plugin. -->","yoast_head_json":{"title":"Abilica HandPump Abilica","robots":{"index":"index","follow":"follow","max-snippet":"max-snippet:-1","max-image-preview":"max-image-preview:large","max-video-preview":"max-video-preview:-1"},"canonical":"https:\/\/abilica.com\/no\/balanse\/fitnessball\/abilica-handpump\/","og_locale":"nb_NO","og_type":"article","og_title":"Abilica HandPump","og_description":"Abilica HandPump er en del av konseptet Abilica Active.\u00a0Pumpen har dual action funksjon som gj\u00f8r...","og_url":"https:\/\/abilica.com\/no\/balanse\/fitnessball\/abilica-handpump\/","og_site_name":"Abilica","article_publisher":"https:\/\/www.facebook.com\/abilicahometraining\/","article_modified_time":"2023-11-29T09:11:59+00:00","og_image":[{"width":1200,"height":1200,"url":"https:\/\/abilica.com\/wp-content\/uploads\/2023\/10\/372991.jpg","type":"image\/jpeg"}],"twitter_card":"summary_large_image","twitter_misc":{"Ansl. lesetid":"1 minutt"},"schema":{"@context":"https:\/\/schema.org","@graph":[{"@type":"WebPage","@id":"https:\/\/abilica.com\/no\/balanse\/fitnessball\/abilica-handpump\/","url":"https:\/\/abilica.com\/no\/balanse\/fitnessball\/abilica-handpump\/","name":"Abilica HandPump Abilica","isPartOf":{"@id":"https:\/\/abilica.com\/#website"},"primaryImageOfPage":{"@id":"https:\/\/abilica.com\/no\/balanse\/fitnessball\/abilica-handpump\/#primaryimage"},"image":{"@id":"https:\/\/abilica.com\/no\/balanse\/fitnessball\/abilica-handpump\/#primaryimage"},"thumbnailUrl":"https:\/\/abilica.com\/wp-content\/uploads\/2023\/10\/372991.jpg","datePublished":"2023-10-24T10:33:07+00:00","dateModified":"2023-11-29T09:11:59+00:00","breadcrumb":{"@id":"https:\/\/abilica.com\/no\/balanse\/fitnessball\/abilica-handpump\/#breadcrumb"},"inLanguage":"nb-NO","potentialAction":[{"@type":"ReadAction","target":["https:\/\/abilica.com\/no\/balanse\/fitnessball\/abilica-handpump\/"]}]},{"@type":"ImageObject","inLanguage":"nb-NO","@id":"https:\/\/abilica.com\/no\/balanse\/fitnessball\/abilica-handpump\/#primaryimage","url":"https:\/\/abilica.com\/wp-content\/uploads\/2023\/10\/372991.jpg","contentUrl":"https:\/\/abilica.com\/wp-content\/uploads\/2023\/10\/372991.jpg","width":1200,"height":1200},{"@type":"BreadcrumbList","@id":"https:\/\/abilica.com\/no\/balanse\/fitnessball\/abilica-handpump\/#breadcrumb","itemListElement":[{"@type":"ListItem","position":1,"name":"Hem","item":"https:\/\/abilica.com\/no\/"},{"@type":"ListItem","position":2,"name":"Produkter","item":"https:\/\/abilica.com\/no\/shop-2\/"},{"@type":"ListItem","position":3,"name":"Abilica HandPump"}]},{"@type":"WebSite","@id":"https:\/\/abilica.com\/#website","url":"https:\/\/abilica.com\/","name":"Abilica","description":"Abilica Home Training","potentialAction":[{"@type":"SearchAction","target":{"@type":"EntryPoint","urlTemplate":"https:\/\/abilica.com\/?s={search_term_string}"},"query-input":{"@type":"PropertyValueSpecification","valueRequired":true,"valueName":"search_term_string"}}],"inLanguage":"nb-NO"}]}},"_links":{"self":[{"href":"https:\/\/abilica.com\/no\/wp-json\/wp\/v2\/product\/63278","targetHints":{"allow":["GET"]}}],"collection":[{"href":"https:\/\/abilica.com\/no\/wp-json\/wp\/v2\/product"}],"about":[{"href":"https:\/\/abilica.com\/no\/wp-json\/wp\/v2\/types\/product"}],"wp:featuredmedia":[{"embeddable":true,"href":"https:\/\/abilica.com\/no\/wp-json\/wp\/v2\/media\/62072"}],"wp:attachment":[{"href":"https:\/\/abilica.com\/no\/wp-json\/wp\/v2\/media?parent=63278"}],"wp:term":[{"taxonomy":"product_brand","embeddable":true,"href":"https:\/\/abilica.com\/no\/wp-json\/wp\/v2\/product_brand?post=63278"},{"taxonomy":"product_cat","embeddable":true,"href":"https:\/\/abilica.com\/no\/wp-json\/wp\/v2\/product_cat?post=63278"},{"taxonomy":"product_tag","embeddable":true,"href":"https:\/\/abilica.com\/no\/wp-json\/wp\/v2\/product_tag?post=63278"}],"curies":[{"name":"wp","href":"https:\/\/api.w.org\/{rel}","templated":true}]}}