{"id":63308,"date":"2023-10-24T11:33:20","date_gmt":"2023-10-24T10:33:20","guid":{"rendered":"https:\/\/abilica.com\/uncategorized\/abilica-ministep-2-0\/"},"modified":"2023-11-29T13:19:19","modified_gmt":"2023-11-29T12:19:19","slug":"abilica-ministep-2-0","status":"publish","type":"product","link":"https:\/\/abilica.com\/no\/kondisjon\/stepmaskin\/abilica-ministep-2-0\/","title":{"rendered":"Abilica MiniStep 2.0"},"content":{"rendered":"<div class=\"wpb-content-wrapper\"><p>[vc_row][vc_column][vc_column_text el_class=&raquo;product-video&raquo;]Med Abilica MiniStep 2.0 er det enkelt \u00e5 f\u00e5 flere skritt og ekstra aktivitet inn i hverdagen! Abilica MiniStep 2.0 er et supert produkt som kan brukes nesten hvor som helst. Den tar liten plass og er enkel \u00e5 ta frem n\u00e5r du trenger litt ekstra bevegelse. Du kan bruke den n\u00e5r du jobber eller ser p\u00e5 TV, eller n\u00e5r du trenger en pause fra stillesittende aktiviteter. Den gir et supert aktivt avbrekk i hverdagen. Og n\u00e5r du er ferdig med treningen, er den enkel \u00e5 flytte \u00e5 plassere bort.<\/p>\n<p>Computeren viser tid, antall steg, antall steg per minutt, indikasjon p\u00e5 kaloriforbruk og har en innstilling som veksler mellom alle funksjoner. P\u00e5 baksiden\/innsiden av computeren er det plass til 1 stk AAA-batteri. Det er en solid stepmaskin med motstand fra to hydrauliske pumper. Den har kort avstand mellom fotplatene som gir en naturlig bevegelse.<\/p>\n<p>Beregnet for personer med vekt opp til 100 kg.<\/p>\n<p><b>TEKNISK INFO<\/b><\/p>\n<p><strong>M\u00e5l oppmontert<\/strong><br \/>\n41 x 31 x 19\/30 cm (L x B x H)<\/p>\n<p><strong>Maks belastning<\/strong><br \/>\n100 kg<\/p>\n<p><strong>Produktvekt<\/strong><br \/>\n6 kg<\/p>\n<div style=\"width: 640px;\" class=\"wp-video\"><!--[if lt IE 9]><script>document.createElement('video');<\/script><![endif]-->\n<video class=\"wp-video-shortcode\" id=\"video-63308-1\" width=\"640\" height=\"360\" poster=\"https:\/\/abilica.com\/no\/wp-content\/uploads\/2023\/02\/1-2.jpg\" preload=\"metadata\" controls=\"controls\"><source type=\"video\/mp4\" src=\"https:\/\/abilica.com\/no\/wp-content\/uploads\/2019\/07\/Abilica-MiniStep-2.0_product.mp4?_=1\" \/><a href=\"https:\/\/abilica.com\/no\/wp-content\/uploads\/2019\/07\/Abilica-MiniStep-2.0_product.mp4\">https:\/\/abilica.com\/no\/wp-content\/uploads\/2019\/07\/Abilica-MiniStep-2.0_product.mp4<\/a><\/video><\/div>\n<p>[\/vc_column_text][vc_empty_space height=&raquo;52px&raquo;][\/vc_column][\/vc_row][vc_row][vc_column][vc_btn title=&raquo;Teknisk informasjon&raquo; style=&raquo;flat&raquo; color=&raquo;black&raquo; i_icon_fontawesome=&raquo;&raquo; add_icon=&raquo;true&raquo; link=&raquo;url:https%3A%2F%2Fabilica.com%2Fno%2Fwp-content%2Fuploads%2F2021%2F06%2FStep-UK-1.pdf&raquo;][vc_btn title=&raquo;Brukermanual&raquo; style=&raquo;flat&raquo; color=&raquo;black&raquo; i_icon_fontawesome=&raquo;fa fa-file-pdf-o&raquo; add_icon=&raquo;true&raquo; link=&raquo;url:https%3A%2F%2Fabilica.com%2Fno%2Fwp-content%2Fuploads%2F2020%2F12%2FAbilica-MiniStep-2.0.pdf|||&raquo;][vc_btn title=&raquo;Vedlikeholdstips&raquo; style=&raquo;flat&raquo; color=&raquo;black&raquo; i_icon_fontawesome=&raquo;fa fa-align-left&raquo; add_icon=&raquo;true&raquo; link=&raquo;url:https%3A%2F%2Fabilica.com%2Fno%2Ftreningsartikler%2Fkondisjon%2Fvedlikehold-av-treningsapparater%2F|||&raquo;][vc_btn title=&raquo;Treningstips&raquo; style=&raquo;flat&raquo; color=&raquo;black&raquo; i_icon_fontawesome=&raquo;fa fa-align-left&raquo; add_icon=&raquo;true&raquo; link=&raquo;url:https%3A%2F%2Fabilica.com%2Fno%2Ftreningsartikler%2Fkondisjon%2Fhvordan-velge-riktig-stepmaskin%2F|||&raquo;][\/vc_column][\/vc_row]<\/p>\n<\/div>","protected":false},"excerpt":{"rendered":"<p>[vc_row][vc_column][vc_column_text el_class=&raquo;product-video&raquo;]Med Abilica MiniStep 2.0 er det enkelt \u00e5 f\u00e5 flere skritt og ekstra aktivitet&#8230;<\/p>\n","protected":false},"featured_media":62092,"template":"","meta":{"_acf_changed":false},"product_brand":[],"product_cat":[426,443],"product_tag":[],"class_list":{"0":"post-63308","1":"product","2":"type-product","3":"status-publish","4":"has-post-thumbnail","6":"product_cat-kondisjon","7":"product_cat-stepmaskin","9":"first","10":"instock","11":"product-type-simple"},"acf":[],"yoast_head":"<!-- This site is optimized with the Yoast SEO Premium plugin v21.1 (Yoast SEO v25.4) - https:\/\/yoast.com\/wordpress\/plugins\/seo\/ -->\n<title>Abilica MiniStep 2.0 Abilica<\/title>\n<meta name=\"robots\" content=\"index, follow, max-snippet:-1, max-image-preview:large, max-video-preview:-1\" \/>\n<link rel=\"canonical\" href=\"https:\/\/abilica.com\/no\/kondisjon\/stepmaskin\/abilica-ministep-2-0\/\" \/>\n<meta property=\"og:locale\" content=\"nb_NO\" \/>\n<meta property=\"og:type\" content=\"article\" \/>\n<meta property=\"og:title\" content=\"Abilica MiniStep 2.0\" \/>\n<meta property=\"og:description\" content=\"[vc_row][vc_column][vc_column_text el_class=&raquo;product-video&raquo;]Med Abilica MiniStep 2.0 er det enkelt \u00e5 f\u00e5 flere skritt og ekstra aktivitet...\" \/>\n<meta property=\"og:url\" content=\"https:\/\/abilica.com\/no\/kondisjon\/stepmaskin\/abilica-ministep-2-0\/\" \/>\n<meta property=\"og:site_name\" content=\"Abilica\" \/>\n<meta property=\"article:publisher\" content=\"https:\/\/www.facebook.com\/abilicahometraining\/\" \/>\n<meta property=\"article:modified_time\" content=\"2023-11-29T12:19:19+00:00\" \/>\n<meta property=\"og:image\" content=\"https:\/\/abilica.com\/wp-content\/uploads\/2023\/10\/ministep1.jpg\" \/>\n\t<meta property=\"og:image:width\" content=\"1200\" \/>\n\t<meta property=\"og:image:height\" content=\"1200\" \/>\n\t<meta property=\"og:image:type\" content=\"image\/jpeg\" \/>\n<meta name=\"twitter:card\" content=\"summary_large_image\" \/>\n<meta name=\"twitter:label1\" content=\"Ansl. lesetid\" \/>\n\t<meta name=\"twitter:data1\" content=\"1 minutt\" \/>\n<script type=\"application\/ld+json\" class=\"yoast-schema-graph\">{\"@context\":\"https:\/\/schema.org\",\"@graph\":[{\"@type\":\"WebPage\",\"@id\":\"https:\/\/abilica.com\/no\/kondisjon\/stepmaskin\/abilica-ministep-2-0\/\",\"url\":\"https:\/\/abilica.com\/no\/kondisjon\/stepmaskin\/abilica-ministep-2-0\/\",\"name\":\"Abilica MiniStep 2.0 Abilica\",\"isPartOf\":{\"@id\":\"https:\/\/abilica.com\/#website\"},\"primaryImageOfPage\":{\"@id\":\"https:\/\/abilica.com\/no\/kondisjon\/stepmaskin\/abilica-ministep-2-0\/#primaryimage\"},\"image\":{\"@id\":\"https:\/\/abilica.com\/no\/kondisjon\/stepmaskin\/abilica-ministep-2-0\/#primaryimage\"},\"thumbnailUrl\":\"https:\/\/abilica.com\/wp-content\/uploads\/2023\/10\/ministep1.jpg\",\"datePublished\":\"2023-10-24T10:33:20+00:00\",\"dateModified\":\"2023-11-29T12:19:19+00:00\",\"breadcrumb\":{\"@id\":\"https:\/\/abilica.com\/no\/kondisjon\/stepmaskin\/abilica-ministep-2-0\/#breadcrumb\"},\"inLanguage\":\"nb-NO\",\"potentialAction\":[{\"@type\":\"ReadAction\",\"target\":[\"https:\/\/abilica.com\/no\/kondisjon\/stepmaskin\/abilica-ministep-2-0\/\"]}]},{\"@type\":\"ImageObject\",\"inLanguage\":\"nb-NO\",\"@id\":\"https:\/\/abilica.com\/no\/kondisjon\/stepmaskin\/abilica-ministep-2-0\/#primaryimage\",\"url\":\"https:\/\/abilica.com\/wp-content\/uploads\/2023\/10\/ministep1.jpg\",\"contentUrl\":\"https:\/\/abilica.com\/wp-content\/uploads\/2023\/10\/ministep1.jpg\",\"width\":1200,\"height\":1200},{\"@type\":\"BreadcrumbList\",\"@id\":\"https:\/\/abilica.com\/no\/kondisjon\/stepmaskin\/abilica-ministep-2-0\/#breadcrumb\",\"itemListElement\":[{\"@type\":\"ListItem\",\"position\":1,\"name\":\"Hem\",\"item\":\"https:\/\/abilica.com\/no\/\"},{\"@type\":\"ListItem\",\"position\":2,\"name\":\"Produkter\",\"item\":\"https:\/\/abilica.com\/no\/shop-2\/\"},{\"@type\":\"ListItem\",\"position\":3,\"name\":\"Abilica MiniStep 2.0\"}]},{\"@type\":\"WebSite\",\"@id\":\"https:\/\/abilica.com\/#website\",\"url\":\"https:\/\/abilica.com\/\",\"name\":\"Abilica\",\"description\":\"Abilica Home Training\",\"potentialAction\":[{\"@type\":\"SearchAction\",\"target\":{\"@type\":\"EntryPoint\",\"urlTemplate\":\"https:\/\/abilica.com\/?s={search_term_string}\"},\"query-input\":{\"@type\":\"PropertyValueSpecification\",\"valueRequired\":true,\"valueName\":\"search_term_string\"}}],\"inLanguage\":\"nb-NO\"}]}<\/script>\n<!-- \/ Yoast SEO Premium plugin. -->","yoast_head_json":{"title":"Abilica MiniStep 2.0 Abilica","robots":{"index":"index","follow":"follow","max-snippet":"max-snippet:-1","max-image-preview":"max-image-preview:large","max-video-preview":"max-video-preview:-1"},"canonical":"https:\/\/abilica.com\/no\/kondisjon\/stepmaskin\/abilica-ministep-2-0\/","og_locale":"nb_NO","og_type":"article","og_title":"Abilica MiniStep 2.0","og_description":"[vc_row][vc_column][vc_column_text el_class=&raquo;product-video&raquo;]Med Abilica MiniStep 2.0 er det enkelt \u00e5 f\u00e5 flere skritt og ekstra aktivitet...","og_url":"https:\/\/abilica.com\/no\/kondisjon\/stepmaskin\/abilica-ministep-2-0\/","og_site_name":"Abilica","article_publisher":"https:\/\/www.facebook.com\/abilicahometraining\/","article_modified_time":"2023-11-29T12:19:19+00:00","og_image":[{"width":1200,"height":1200,"url":"https:\/\/abilica.com\/wp-content\/uploads\/2023\/10\/ministep1.jpg","type":"image\/jpeg"}],"twitter_card":"summary_large_image","twitter_misc":{"Ansl. lesetid":"1 minutt"},"schema":{"@context":"https:\/\/schema.org","@graph":[{"@type":"WebPage","@id":"https:\/\/abilica.com\/no\/kondisjon\/stepmaskin\/abilica-ministep-2-0\/","url":"https:\/\/abilica.com\/no\/kondisjon\/stepmaskin\/abilica-ministep-2-0\/","name":"Abilica MiniStep 2.0 Abilica","isPartOf":{"@id":"https:\/\/abilica.com\/#website"},"primaryImageOfPage":{"@id":"https:\/\/abilica.com\/no\/kondisjon\/stepmaskin\/abilica-ministep-2-0\/#primaryimage"},"image":{"@id":"https:\/\/abilica.com\/no\/kondisjon\/stepmaskin\/abilica-ministep-2-0\/#primaryimage"},"thumbnailUrl":"https:\/\/abilica.com\/wp-content\/uploads\/2023\/10\/ministep1.jpg","datePublished":"2023-10-24T10:33:20+00:00","dateModified":"2023-11-29T12:19:19+00:00","breadcrumb":{"@id":"https:\/\/abilica.com\/no\/kondisjon\/stepmaskin\/abilica-ministep-2-0\/#breadcrumb"},"inLanguage":"nb-NO","potentialAction":[{"@type":"ReadAction","target":["https:\/\/abilica.com\/no\/kondisjon\/stepmaskin\/abilica-ministep-2-0\/"]}]},{"@type":"ImageObject","inLanguage":"nb-NO","@id":"https:\/\/abilica.com\/no\/kondisjon\/stepmaskin\/abilica-ministep-2-0\/#primaryimage","url":"https:\/\/abilica.com\/wp-content\/uploads\/2023\/10\/ministep1.jpg","contentUrl":"https:\/\/abilica.com\/wp-content\/uploads\/2023\/10\/ministep1.jpg","width":1200,"height":1200},{"@type":"BreadcrumbList","@id":"https:\/\/abilica.com\/no\/kondisjon\/stepmaskin\/abilica-ministep-2-0\/#breadcrumb","itemListElement":[{"@type":"ListItem","position":1,"name":"Hem","item":"https:\/\/abilica.com\/no\/"},{"@type":"ListItem","position":2,"name":"Produkter","item":"https:\/\/abilica.com\/no\/shop-2\/"},{"@type":"ListItem","position":3,"name":"Abilica MiniStep 2.0"}]},{"@type":"WebSite","@id":"https:\/\/abilica.com\/#website","url":"https:\/\/abilica.com\/","name":"Abilica","description":"Abilica Home Training","potentialAction":[{"@type":"SearchAction","target":{"@type":"EntryPoint","urlTemplate":"https:\/\/abilica.com\/?s={search_term_string}"},"query-input":{"@type":"PropertyValueSpecification","valueRequired":true,"valueName":"search_term_string"}}],"inLanguage":"nb-NO"}]}},"_links":{"self":[{"href":"https:\/\/abilica.com\/no\/wp-json\/wp\/v2\/product\/63308","targetHints":{"allow":["GET"]}}],"collection":[{"href":"https:\/\/abilica.com\/no\/wp-json\/wp\/v2\/product"}],"about":[{"href":"https:\/\/abilica.com\/no\/wp-json\/wp\/v2\/types\/product"}],"wp:featuredmedia":[{"embeddable":true,"href":"https:\/\/abilica.com\/no\/wp-json\/wp\/v2\/media\/62092"}],"wp:attachment":[{"href":"https:\/\/abilica.com\/no\/wp-json\/wp\/v2\/media?parent=63308"}],"wp:term":[{"taxonomy":"product_brand","embeddable":true,"href":"https:\/\/abilica.com\/no\/wp-json\/wp\/v2\/product_brand?post=63308"},{"taxonomy":"product_cat","embeddable":true,"href":"https:\/\/abilica.com\/no\/wp-json\/wp\/v2\/product_cat?post=63308"},{"taxonomy":"product_tag","embeddable":true,"href":"https:\/\/abilica.com\/no\/wp-json\/wp\/v2\/product_tag?post=63308"}],"curies":[{"name":"wp","href":"https:\/\/api.w.org\/{rel}","templated":true}]}}