{"id":63326,"date":"2023-10-24T11:33:20","date_gmt":"2023-10-24T10:33:20","guid":{"rendered":"https:\/\/abilica.com\/uncategorized\/abilica-xc-airtrack-300-set\/"},"modified":"2024-06-27T12:41:14","modified_gmt":"2024-06-27T11:41:14","slug":"abilica-xc-airtrack-300-set","status":"publish","type":"product","link":"https:\/\/abilica.com\/no\/styrke\/abilica-xc-airtrack-300-set\/","title":{"rendered":"Abilica XC AirTrack 300 Set"},"content":{"rendered":"<div class=\"wpb-content-wrapper\"><p>[vc_row][vc_column][vc_column_text el_class=&raquo;product-video&raquo;]Abilica AirTrack 300 Set er er en myk treningsmatte som enkelt fylles med luft. I settet f\u00f8lger det med en fotpumpe og en praktisk oppbevaringsbag.<span class=\"Apple-converted-space\">\u00a0 <\/span>Matten er helt super for balanse- og stabilitetstrening, gymnastikk- og turn\u00f8velser,\u00a0cheerleading, tumbling, kampsport, parkour, hopp og annen spretten aktivitet.\u00a0Abilica AirTrack 300 Set er produsert av sv\u00e6rt solide materialer (DWF \u2013 Double Wall Fabric), h\u00e5ndlaget og har forsterkning i alle skj\u00f8ter. Gummih\u00e5ndtakene p\u00e5 sidene gj\u00f8r det enkel \u00e5 flytte rundt p\u00e5 matten. \u00a0Gr\u00e5 med sort dekor. Matten har borrel\u00e5s, s\u00e5 om du \u00f8nsker en lenger matte, kan du ved hjelp av tilleggsutstyret &laquo;Connector&raquo; enkelt koble sammen flere matter etter hverandre. Matten er enkel \u00e5 pakke sammen etter bruk.\u00a0Praktisk oppbevaringsbag og Abilica FootPump, som passer AirTrack-ventilen, f\u00f8lger med.\u00a0Abilica AirTrack 300 Set er et produkt i Abilica-serien Kl\u00e6bo Collection.\u00a0<span class=\"Apple-converted-space\">Repair-kit f\u00f8lger med.<\/span><\/p>\n<p>&nbsp;<\/p>\n<h2>TEKNISK INFO<\/h2>\n<p>&nbsp;<\/p>\n<p><strong>St\u00f8rrelse<\/strong><br \/>\n3 x 1 m og 10 cm tykk<\/p>\n<p><strong>Vekt<\/strong><br \/>\n9 kg<\/p>\n<p><strong>Maks brukervekt<\/strong><br \/>\n150 kg<\/p>\n<p>&nbsp;<\/p>\n<div style=\"width: 640px;\" class=\"wp-video\"><!--[if lt IE 9]><script>document.createElement('video');<\/script><![endif]-->\n<video class=\"wp-video-shortcode\" id=\"video-63326-1\" width=\"640\" height=\"360\" poster=\"https:\/\/abilica.com\/no\/wp-content\/uploads\/2019\/10\/Slik-gj\u00f8r-du.jpg\" preload=\"metadata\" controls=\"controls\"><source type=\"video\/mp4\" src=\"https:\/\/abilica.com\/no\/wp-content\/uploads\/2019\/11\/FULLSIZE_Promo-Abilica-Kl\u00e6bo-Collection.mp4?_=1\" \/><a href=\"https:\/\/abilica.com\/no\/wp-content\/uploads\/2019\/11\/FULLSIZE_Promo-Abilica-Kl\u00e6bo-Collection.mp4\">https:\/\/abilica.com\/no\/wp-content\/uploads\/2019\/11\/FULLSIZE_Promo-Abilica-Kl\u00e6bo-Collection.mp4<\/a><\/video><\/div>\n<p>[\/vc_column_text][\/vc_column][\/vc_row]<\/p>\n<p>[vc_row][vc_column][vc_column_text]<\/p>\n<p>[\/vc_column_text][\/vc_column][\/vc_row][vc_row][vc_column][vc_empty_space][vc_btn title=&raquo;TRENINGSPROGRAM&raquo; style=&raquo;flat&raquo; color=&raquo;black&raquo; align=&raquo;center&raquo; link=&raquo;url:https%3A%2F%2Fabilica.com%2Fno%2Ftreningsprogram%2Ftreningsprogram-abilica-xc-airtrack-set-300%2F|||&raquo;][\/vc_column][\/vc_row]<\/p>\n<\/div>","protected":false},"excerpt":{"rendered":"<p>[vc_row][vc_column][vc_column_text el_class=&raquo;product-video&raquo;]Abilica AirTrack 300 Set er er en myk treningsmatte som enkelt fylles med luft&#8230;.<\/p>\n","protected":false},"featured_media":62104,"template":"","meta":{"_acf_changed":false},"product_brand":[],"product_cat":[469,422,444],"product_tag":[552,555,179],"class_list":{"0":"post-63326","1":"product","2":"type-product","3":"status-publish","4":"has-post-thumbnail","6":"product_cat-airtracks","7":"product_cat-styrke","8":"product_cat-treningsmatte","9":"product_tag-home-gym-no","10":"product_tag-klaebo-collection-no","11":"product_tag-summer-workout","13":"first","14":"instock","15":"product-type-simple"},"acf":[],"yoast_head":"<!-- This site is optimized with the Yoast SEO Premium plugin v21.1 (Yoast SEO v25.4) - https:\/\/yoast.com\/wordpress\/plugins\/seo\/ -->\n<title>Abilica XC AirTrack 300 Set Abilica<\/title>\n<meta name=\"robots\" content=\"index, follow, max-snippet:-1, max-image-preview:large, max-video-preview:-1\" \/>\n<link rel=\"canonical\" href=\"https:\/\/abilica.com\/no\/styrke\/abilica-xc-airtrack-300-set\/\" \/>\n<meta property=\"og:locale\" content=\"nb_NO\" \/>\n<meta property=\"og:type\" content=\"article\" \/>\n<meta property=\"og:title\" content=\"Abilica XC AirTrack 300 Set\" \/>\n<meta property=\"og:description\" content=\"[vc_row][vc_column][vc_column_text el_class=&raquo;product-video&raquo;]Abilica AirTrack 300 Set er er en myk treningsmatte som enkelt fylles med luft....\" \/>\n<meta property=\"og:url\" content=\"https:\/\/abilica.com\/no\/styrke\/abilica-xc-airtrack-300-set\/\" \/>\n<meta property=\"og:site_name\" content=\"Abilica\" \/>\n<meta property=\"article:publisher\" content=\"https:\/\/www.facebook.com\/abilicahometraining\/\" \/>\n<meta property=\"article:modified_time\" content=\"2024-06-27T11:41:14+00:00\" \/>\n<meta property=\"og:image\" content=\"https:\/\/abilica.com\/wp-content\/uploads\/2023\/10\/373370.jpg\" \/>\n\t<meta property=\"og:image:width\" content=\"1200\" \/>\n\t<meta property=\"og:image:height\" content=\"1200\" \/>\n\t<meta property=\"og:image:type\" content=\"image\/jpeg\" \/>\n<meta name=\"twitter:card\" content=\"summary_large_image\" \/>\n<meta name=\"twitter:label1\" content=\"Ansl. lesetid\" \/>\n\t<meta name=\"twitter:data1\" content=\"1 minutt\" \/>\n<script type=\"application\/ld+json\" class=\"yoast-schema-graph\">{\"@context\":\"https:\/\/schema.org\",\"@graph\":[{\"@type\":\"WebPage\",\"@id\":\"https:\/\/abilica.com\/no\/styrke\/abilica-xc-airtrack-300-set\/\",\"url\":\"https:\/\/abilica.com\/no\/styrke\/abilica-xc-airtrack-300-set\/\",\"name\":\"Abilica XC AirTrack 300 Set Abilica\",\"isPartOf\":{\"@id\":\"https:\/\/abilica.com\/#website\"},\"primaryImageOfPage\":{\"@id\":\"https:\/\/abilica.com\/no\/styrke\/abilica-xc-airtrack-300-set\/#primaryimage\"},\"image\":{\"@id\":\"https:\/\/abilica.com\/no\/styrke\/abilica-xc-airtrack-300-set\/#primaryimage\"},\"thumbnailUrl\":\"https:\/\/abilica.com\/wp-content\/uploads\/2023\/10\/373370.jpg\",\"datePublished\":\"2023-10-24T10:33:20+00:00\",\"dateModified\":\"2024-06-27T11:41:14+00:00\",\"breadcrumb\":{\"@id\":\"https:\/\/abilica.com\/no\/styrke\/abilica-xc-airtrack-300-set\/#breadcrumb\"},\"inLanguage\":\"nb-NO\",\"potentialAction\":[{\"@type\":\"ReadAction\",\"target\":[\"https:\/\/abilica.com\/no\/styrke\/abilica-xc-airtrack-300-set\/\"]}]},{\"@type\":\"ImageObject\",\"inLanguage\":\"nb-NO\",\"@id\":\"https:\/\/abilica.com\/no\/styrke\/abilica-xc-airtrack-300-set\/#primaryimage\",\"url\":\"https:\/\/abilica.com\/wp-content\/uploads\/2023\/10\/373370.jpg\",\"contentUrl\":\"https:\/\/abilica.com\/wp-content\/uploads\/2023\/10\/373370.jpg\",\"width\":1200,\"height\":1200},{\"@type\":\"BreadcrumbList\",\"@id\":\"https:\/\/abilica.com\/no\/styrke\/abilica-xc-airtrack-300-set\/#breadcrumb\",\"itemListElement\":[{\"@type\":\"ListItem\",\"position\":1,\"name\":\"Hem\",\"item\":\"https:\/\/abilica.com\/no\/\"},{\"@type\":\"ListItem\",\"position\":2,\"name\":\"Produkter\",\"item\":\"https:\/\/abilica.com\/no\/shop-2\/\"},{\"@type\":\"ListItem\",\"position\":3,\"name\":\"Abilica XC AirTrack 300 Set\"}]},{\"@type\":\"WebSite\",\"@id\":\"https:\/\/abilica.com\/#website\",\"url\":\"https:\/\/abilica.com\/\",\"name\":\"Abilica\",\"description\":\"Abilica Home Training\",\"potentialAction\":[{\"@type\":\"SearchAction\",\"target\":{\"@type\":\"EntryPoint\",\"urlTemplate\":\"https:\/\/abilica.com\/?s={search_term_string}\"},\"query-input\":{\"@type\":\"PropertyValueSpecification\",\"valueRequired\":true,\"valueName\":\"search_term_string\"}}],\"inLanguage\":\"nb-NO\"}]}<\/script>\n<!-- \/ Yoast SEO Premium plugin. -->","yoast_head_json":{"title":"Abilica XC AirTrack 300 Set Abilica","robots":{"index":"index","follow":"follow","max-snippet":"max-snippet:-1","max-image-preview":"max-image-preview:large","max-video-preview":"max-video-preview:-1"},"canonical":"https:\/\/abilica.com\/no\/styrke\/abilica-xc-airtrack-300-set\/","og_locale":"nb_NO","og_type":"article","og_title":"Abilica XC AirTrack 300 Set","og_description":"[vc_row][vc_column][vc_column_text el_class=&raquo;product-video&raquo;]Abilica AirTrack 300 Set er er en myk treningsmatte som enkelt fylles med luft....","og_url":"https:\/\/abilica.com\/no\/styrke\/abilica-xc-airtrack-300-set\/","og_site_name":"Abilica","article_publisher":"https:\/\/www.facebook.com\/abilicahometraining\/","article_modified_time":"2024-06-27T11:41:14+00:00","og_image":[{"width":1200,"height":1200,"url":"https:\/\/abilica.com\/wp-content\/uploads\/2023\/10\/373370.jpg","type":"image\/jpeg"}],"twitter_card":"summary_large_image","twitter_misc":{"Ansl. lesetid":"1 minutt"},"schema":{"@context":"https:\/\/schema.org","@graph":[{"@type":"WebPage","@id":"https:\/\/abilica.com\/no\/styrke\/abilica-xc-airtrack-300-set\/","url":"https:\/\/abilica.com\/no\/styrke\/abilica-xc-airtrack-300-set\/","name":"Abilica XC AirTrack 300 Set Abilica","isPartOf":{"@id":"https:\/\/abilica.com\/#website"},"primaryImageOfPage":{"@id":"https:\/\/abilica.com\/no\/styrke\/abilica-xc-airtrack-300-set\/#primaryimage"},"image":{"@id":"https:\/\/abilica.com\/no\/styrke\/abilica-xc-airtrack-300-set\/#primaryimage"},"thumbnailUrl":"https:\/\/abilica.com\/wp-content\/uploads\/2023\/10\/373370.jpg","datePublished":"2023-10-24T10:33:20+00:00","dateModified":"2024-06-27T11:41:14+00:00","breadcrumb":{"@id":"https:\/\/abilica.com\/no\/styrke\/abilica-xc-airtrack-300-set\/#breadcrumb"},"inLanguage":"nb-NO","potentialAction":[{"@type":"ReadAction","target":["https:\/\/abilica.com\/no\/styrke\/abilica-xc-airtrack-300-set\/"]}]},{"@type":"ImageObject","inLanguage":"nb-NO","@id":"https:\/\/abilica.com\/no\/styrke\/abilica-xc-airtrack-300-set\/#primaryimage","url":"https:\/\/abilica.com\/wp-content\/uploads\/2023\/10\/373370.jpg","contentUrl":"https:\/\/abilica.com\/wp-content\/uploads\/2023\/10\/373370.jpg","width":1200,"height":1200},{"@type":"BreadcrumbList","@id":"https:\/\/abilica.com\/no\/styrke\/abilica-xc-airtrack-300-set\/#breadcrumb","itemListElement":[{"@type":"ListItem","position":1,"name":"Hem","item":"https:\/\/abilica.com\/no\/"},{"@type":"ListItem","position":2,"name":"Produkter","item":"https:\/\/abilica.com\/no\/shop-2\/"},{"@type":"ListItem","position":3,"name":"Abilica XC AirTrack 300 Set"}]},{"@type":"WebSite","@id":"https:\/\/abilica.com\/#website","url":"https:\/\/abilica.com\/","name":"Abilica","description":"Abilica Home Training","potentialAction":[{"@type":"SearchAction","target":{"@type":"EntryPoint","urlTemplate":"https:\/\/abilica.com\/?s={search_term_string}"},"query-input":{"@type":"PropertyValueSpecification","valueRequired":true,"valueName":"search_term_string"}}],"inLanguage":"nb-NO"}]}},"_links":{"self":[{"href":"https:\/\/abilica.com\/no\/wp-json\/wp\/v2\/product\/63326","targetHints":{"allow":["GET"]}}],"collection":[{"href":"https:\/\/abilica.com\/no\/wp-json\/wp\/v2\/product"}],"about":[{"href":"https:\/\/abilica.com\/no\/wp-json\/wp\/v2\/types\/product"}],"wp:featuredmedia":[{"embeddable":true,"href":"https:\/\/abilica.com\/no\/wp-json\/wp\/v2\/media\/62104"}],"wp:attachment":[{"href":"https:\/\/abilica.com\/no\/wp-json\/wp\/v2\/media?parent=63326"}],"wp:term":[{"taxonomy":"product_brand","embeddable":true,"href":"https:\/\/abilica.com\/no\/wp-json\/wp\/v2\/product_brand?post=63326"},{"taxonomy":"product_cat","embeddable":true,"href":"https:\/\/abilica.com\/no\/wp-json\/wp\/v2\/product_cat?post=63326"},{"taxonomy":"product_tag","embeddable":true,"href":"https:\/\/abilica.com\/no\/wp-json\/wp\/v2\/product_tag?post=63326"}],"curies":[{"name":"wp","href":"https:\/\/api.w.org\/{rel}","templated":true}]}}