{"id":63332,"date":"2023-10-24T11:33:20","date_gmt":"2023-10-24T10:33:20","guid":{"rendered":"https:\/\/abilica.com\/uncategorized\/abilica-xc-gymmat\/"},"modified":"2024-04-05T09:50:02","modified_gmt":"2024-04-05T08:50:02","slug":"abilica-xc-gymmat","status":"publish","type":"product","link":"https:\/\/abilica.com\/no\/styrke\/treningsmatte\/abilica-xc-gymmat\/","title":{"rendered":"Abilica XC GymMat"},"content":{"rendered":"<div class=\"wpb-content-wrapper\"><p>[vc_row][vc_column][vc_column_text el_class=&raquo;product-video&raquo;]Abilica XC GymMat er v\u00e5r aller beste treningsmatte med h\u00f8y tetthet og slitestyrke. Den er produsert i det milj\u00f8vennlige materialet NBR og inneholder ingen giftstoffer, ftalater eller lateks. Derfor er den ogs\u00e5 egnet for babyer og sm\u00e5 barn. Siden matten har like h\u00f8y friksjon p\u00e5 begge sider, kan du bruke hvilken side du \u00f8nsker. Du vil oppleve at den ligger s\u00e6rdeles stabilt uansett. Abilica XC GymMat kan selvf\u00f8lgelig vaskes og kan gjerne brukes i vann\/basseng. Det f\u00f8lger med en stropp for enkel oppbevaring og transport.\u00a0Matten er signert (trykk) av Johannes H\u00f8sflot Kl\u00e6bo, og er et produkt i Abilica-serien Kl\u00e6bo Collection.<\/p>\n<h2><\/h2>\n<h2>TEKNISK INFO<\/h2>\n<p>&nbsp;<\/p>\n<p><strong>St\u00f8rrelse<\/strong><br \/>\n120 x 60 cm lang, 1,5 cm tykk<\/p>\n<p>&nbsp;<\/p>\n<div style=\"width: 640px;\" class=\"wp-video\"><!--[if lt IE 9]><script>document.createElement('video');<\/script><![endif]-->\n<video class=\"wp-video-shortcode\" id=\"video-63332-1\" width=\"640\" height=\"360\" poster=\"https:\/\/abilica.com\/no\/wp-content\/uploads\/2019\/10\/373372_image3.jpg\" preload=\"metadata\" controls=\"controls\"><source type=\"video\/mp4\" src=\"https:\/\/abilica.com\/no\/wp-content\/uploads\/2019\/11\/FULLSIZE_Promo-Abilica-Kl\u00e6bo-Collection.mp4?_=1\" \/><a href=\"https:\/\/abilica.com\/no\/wp-content\/uploads\/2019\/11\/FULLSIZE_Promo-Abilica-Kl\u00e6bo-Collection.mp4\">https:\/\/abilica.com\/no\/wp-content\/uploads\/2019\/11\/FULLSIZE_Promo-Abilica-Kl\u00e6bo-Collection.mp4<\/a><\/video><\/div>\n<p>[\/vc_column_text][vc_empty_space][vc_btn title=&raquo;Treningsprogram&raquo; style=&raquo;flat&raquo; color=&raquo;black&raquo; i_icon_fontawesome=&raquo;far fa-file-pdf&raquo; add_icon=&raquo;true&raquo; link=&raquo;url:https%3A%2F%2Fabilica.com%2Fno%2Ftreningsprogram%2Ftreningsprogram-abilica-xc-gymmat%2F|||&raquo;][vc_btn title=&raquo;Treningstips&raquo; style=&raquo;flat&raquo; color=&raquo;black&raquo; i_icon_fontawesome=&raquo;fas fa-align-left&raquo; add_icon=&raquo;true&raquo; link=&raquo;url:https%3A%2F%2Fabilica.com%2Fno%2Ftreningsartikler%2Fstyrke%2Ftren-styrke-med-egen-kropp-pa-treningsmatte%2F&raquo;][\/vc_column][\/vc_row][vc_row][vc_column][vc_column_text]<\/p>\n<p>[\/vc_column_text][\/vc_column][\/vc_row]<\/p>\n<\/div>","protected":false},"excerpt":{"rendered":"<p>[vc_row][vc_column][vc_column_text el_class=&raquo;product-video&raquo;]Abilica XC GymMat er v\u00e5r aller beste treningsmatte med h\u00f8y tetthet og slitestyrke. Den&#8230;<\/p>\n","protected":false},"featured_media":62108,"template":"","meta":{"_acf_changed":false},"product_brand":[],"product_cat":[422,444],"product_tag":[549,552,555,534],"class_list":{"0":"post-63332","1":"product","2":"type-product","3":"status-publish","4":"has-post-thumbnail","6":"product_cat-styrke","7":"product_cat-treningsmatte","8":"product_tag-athlete-no","9":"product_tag-home-gym-no","10":"product_tag-klaebo-collection-no","11":"product_tag-oslo-maraton-x-abilica","13":"first","14":"instock","15":"product-type-simple"},"acf":[],"yoast_head":"<!-- This site is optimized with the Yoast SEO Premium plugin v21.1 (Yoast SEO v25.4) - https:\/\/yoast.com\/wordpress\/plugins\/seo\/ -->\n<title>Abilica XC GymMat Abilica<\/title>\n<meta name=\"robots\" content=\"index, follow, max-snippet:-1, max-image-preview:large, max-video-preview:-1\" \/>\n<link rel=\"canonical\" href=\"https:\/\/abilica.com\/no\/styrke\/treningsmatte\/abilica-xc-gymmat\/\" \/>\n<meta property=\"og:locale\" content=\"nb_NO\" \/>\n<meta property=\"og:type\" content=\"article\" \/>\n<meta property=\"og:title\" content=\"Abilica XC GymMat\" \/>\n<meta property=\"og:description\" content=\"[vc_row][vc_column][vc_column_text el_class=&raquo;product-video&raquo;]Abilica XC GymMat er v\u00e5r aller beste treningsmatte med h\u00f8y tetthet og slitestyrke. Den...\" \/>\n<meta property=\"og:url\" content=\"https:\/\/abilica.com\/no\/styrke\/treningsmatte\/abilica-xc-gymmat\/\" \/>\n<meta property=\"og:site_name\" content=\"Abilica\" \/>\n<meta property=\"article:publisher\" content=\"https:\/\/www.facebook.com\/abilicahometraining\/\" \/>\n<meta property=\"article:modified_time\" content=\"2024-04-05T08:50:02+00:00\" \/>\n<meta property=\"og:image\" content=\"https:\/\/abilica.com\/wp-content\/uploads\/2023\/10\/373372.jpg\" \/>\n\t<meta property=\"og:image:width\" content=\"1200\" \/>\n\t<meta property=\"og:image:height\" content=\"1200\" \/>\n\t<meta property=\"og:image:type\" content=\"image\/jpeg\" \/>\n<meta name=\"twitter:card\" content=\"summary_large_image\" \/>\n<meta name=\"twitter:label1\" content=\"Ansl. lesetid\" \/>\n\t<meta name=\"twitter:data1\" content=\"1 minutt\" \/>\n<script type=\"application\/ld+json\" class=\"yoast-schema-graph\">{\"@context\":\"https:\/\/schema.org\",\"@graph\":[{\"@type\":\"WebPage\",\"@id\":\"https:\/\/abilica.com\/no\/styrke\/treningsmatte\/abilica-xc-gymmat\/\",\"url\":\"https:\/\/abilica.com\/no\/styrke\/treningsmatte\/abilica-xc-gymmat\/\",\"name\":\"Abilica XC GymMat Abilica\",\"isPartOf\":{\"@id\":\"https:\/\/abilica.com\/#website\"},\"primaryImageOfPage\":{\"@id\":\"https:\/\/abilica.com\/no\/styrke\/treningsmatte\/abilica-xc-gymmat\/#primaryimage\"},\"image\":{\"@id\":\"https:\/\/abilica.com\/no\/styrke\/treningsmatte\/abilica-xc-gymmat\/#primaryimage\"},\"thumbnailUrl\":\"https:\/\/abilica.com\/wp-content\/uploads\/2023\/10\/373372.jpg\",\"datePublished\":\"2023-10-24T10:33:20+00:00\",\"dateModified\":\"2024-04-05T08:50:02+00:00\",\"breadcrumb\":{\"@id\":\"https:\/\/abilica.com\/no\/styrke\/treningsmatte\/abilica-xc-gymmat\/#breadcrumb\"},\"inLanguage\":\"nb-NO\",\"potentialAction\":[{\"@type\":\"ReadAction\",\"target\":[\"https:\/\/abilica.com\/no\/styrke\/treningsmatte\/abilica-xc-gymmat\/\"]}]},{\"@type\":\"ImageObject\",\"inLanguage\":\"nb-NO\",\"@id\":\"https:\/\/abilica.com\/no\/styrke\/treningsmatte\/abilica-xc-gymmat\/#primaryimage\",\"url\":\"https:\/\/abilica.com\/wp-content\/uploads\/2023\/10\/373372.jpg\",\"contentUrl\":\"https:\/\/abilica.com\/wp-content\/uploads\/2023\/10\/373372.jpg\",\"width\":1200,\"height\":1200},{\"@type\":\"BreadcrumbList\",\"@id\":\"https:\/\/abilica.com\/no\/styrke\/treningsmatte\/abilica-xc-gymmat\/#breadcrumb\",\"itemListElement\":[{\"@type\":\"ListItem\",\"position\":1,\"name\":\"Hem\",\"item\":\"https:\/\/abilica.com\/no\/\"},{\"@type\":\"ListItem\",\"position\":2,\"name\":\"Produkter\",\"item\":\"https:\/\/abilica.com\/no\/shop-2\/\"},{\"@type\":\"ListItem\",\"position\":3,\"name\":\"Abilica XC GymMat\"}]},{\"@type\":\"WebSite\",\"@id\":\"https:\/\/abilica.com\/#website\",\"url\":\"https:\/\/abilica.com\/\",\"name\":\"Abilica\",\"description\":\"Abilica Home Training\",\"potentialAction\":[{\"@type\":\"SearchAction\",\"target\":{\"@type\":\"EntryPoint\",\"urlTemplate\":\"https:\/\/abilica.com\/?s={search_term_string}\"},\"query-input\":{\"@type\":\"PropertyValueSpecification\",\"valueRequired\":true,\"valueName\":\"search_term_string\"}}],\"inLanguage\":\"nb-NO\"}]}<\/script>\n<!-- \/ Yoast SEO Premium plugin. -->","yoast_head_json":{"title":"Abilica XC GymMat Abilica","robots":{"index":"index","follow":"follow","max-snippet":"max-snippet:-1","max-image-preview":"max-image-preview:large","max-video-preview":"max-video-preview:-1"},"canonical":"https:\/\/abilica.com\/no\/styrke\/treningsmatte\/abilica-xc-gymmat\/","og_locale":"nb_NO","og_type":"article","og_title":"Abilica XC GymMat","og_description":"[vc_row][vc_column][vc_column_text el_class=&raquo;product-video&raquo;]Abilica XC GymMat er v\u00e5r aller beste treningsmatte med h\u00f8y tetthet og slitestyrke. Den...","og_url":"https:\/\/abilica.com\/no\/styrke\/treningsmatte\/abilica-xc-gymmat\/","og_site_name":"Abilica","article_publisher":"https:\/\/www.facebook.com\/abilicahometraining\/","article_modified_time":"2024-04-05T08:50:02+00:00","og_image":[{"width":1200,"height":1200,"url":"https:\/\/abilica.com\/wp-content\/uploads\/2023\/10\/373372.jpg","type":"image\/jpeg"}],"twitter_card":"summary_large_image","twitter_misc":{"Ansl. lesetid":"1 minutt"},"schema":{"@context":"https:\/\/schema.org","@graph":[{"@type":"WebPage","@id":"https:\/\/abilica.com\/no\/styrke\/treningsmatte\/abilica-xc-gymmat\/","url":"https:\/\/abilica.com\/no\/styrke\/treningsmatte\/abilica-xc-gymmat\/","name":"Abilica XC GymMat Abilica","isPartOf":{"@id":"https:\/\/abilica.com\/#website"},"primaryImageOfPage":{"@id":"https:\/\/abilica.com\/no\/styrke\/treningsmatte\/abilica-xc-gymmat\/#primaryimage"},"image":{"@id":"https:\/\/abilica.com\/no\/styrke\/treningsmatte\/abilica-xc-gymmat\/#primaryimage"},"thumbnailUrl":"https:\/\/abilica.com\/wp-content\/uploads\/2023\/10\/373372.jpg","datePublished":"2023-10-24T10:33:20+00:00","dateModified":"2024-04-05T08:50:02+00:00","breadcrumb":{"@id":"https:\/\/abilica.com\/no\/styrke\/treningsmatte\/abilica-xc-gymmat\/#breadcrumb"},"inLanguage":"nb-NO","potentialAction":[{"@type":"ReadAction","target":["https:\/\/abilica.com\/no\/styrke\/treningsmatte\/abilica-xc-gymmat\/"]}]},{"@type":"ImageObject","inLanguage":"nb-NO","@id":"https:\/\/abilica.com\/no\/styrke\/treningsmatte\/abilica-xc-gymmat\/#primaryimage","url":"https:\/\/abilica.com\/wp-content\/uploads\/2023\/10\/373372.jpg","contentUrl":"https:\/\/abilica.com\/wp-content\/uploads\/2023\/10\/373372.jpg","width":1200,"height":1200},{"@type":"BreadcrumbList","@id":"https:\/\/abilica.com\/no\/styrke\/treningsmatte\/abilica-xc-gymmat\/#breadcrumb","itemListElement":[{"@type":"ListItem","position":1,"name":"Hem","item":"https:\/\/abilica.com\/no\/"},{"@type":"ListItem","position":2,"name":"Produkter","item":"https:\/\/abilica.com\/no\/shop-2\/"},{"@type":"ListItem","position":3,"name":"Abilica XC GymMat"}]},{"@type":"WebSite","@id":"https:\/\/abilica.com\/#website","url":"https:\/\/abilica.com\/","name":"Abilica","description":"Abilica Home Training","potentialAction":[{"@type":"SearchAction","target":{"@type":"EntryPoint","urlTemplate":"https:\/\/abilica.com\/?s={search_term_string}"},"query-input":{"@type":"PropertyValueSpecification","valueRequired":true,"valueName":"search_term_string"}}],"inLanguage":"nb-NO"}]}},"_links":{"self":[{"href":"https:\/\/abilica.com\/no\/wp-json\/wp\/v2\/product\/63332","targetHints":{"allow":["GET"]}}],"collection":[{"href":"https:\/\/abilica.com\/no\/wp-json\/wp\/v2\/product"}],"about":[{"href":"https:\/\/abilica.com\/no\/wp-json\/wp\/v2\/types\/product"}],"wp:featuredmedia":[{"embeddable":true,"href":"https:\/\/abilica.com\/no\/wp-json\/wp\/v2\/media\/62108"}],"wp:attachment":[{"href":"https:\/\/abilica.com\/no\/wp-json\/wp\/v2\/media?parent=63332"}],"wp:term":[{"taxonomy":"product_brand","embeddable":true,"href":"https:\/\/abilica.com\/no\/wp-json\/wp\/v2\/product_brand?post=63332"},{"taxonomy":"product_cat","embeddable":true,"href":"https:\/\/abilica.com\/no\/wp-json\/wp\/v2\/product_cat?post=63332"},{"taxonomy":"product_tag","embeddable":true,"href":"https:\/\/abilica.com\/no\/wp-json\/wp\/v2\/product_tag?post=63332"}],"curies":[{"name":"wp","href":"https:\/\/api.w.org\/{rel}","templated":true}]}}