{"id":63347,"date":"2023-10-24T11:33:20","date_gmt":"2023-10-24T10:33:20","guid":{"rendered":"https:\/\/abilica.com\/uncategorized\/abilica-massagemat\/"},"modified":"2023-10-24T13:06:12","modified_gmt":"2023-10-24T12:06:12","slug":"abilica-massagemat","status":"publish","type":"product","link":"https:\/\/abilica.com\/no\/massasje\/abilica-massagemat\/","title":{"rendered":"Abilica MassageMat"},"content":{"rendered":"<div class=\"wpb-content-wrapper\"><p>[vc_row][vc_column][vc_column_text]Spikermatte med 230 pigger som setter i gang blodoml\u00f8pet og gir en behagelig akupressur behandling.\u00a0Myker opp spente og st\u00f8le muskler n\u00e5r du er stiv, anspent eller stresset. Trekk i 100% bomull med pigger i ABS materiale. Fylt med skumgummi. St\u00f8rrelse: 65 x 40 x 2 cm. Leveres i gr\u00f8nn farge.<span class=\"Apple-converted-space\">\u00a0<\/span>[\/vc_column_text][vc_empty_space height=&raquo;52px&raquo;][vc_btn title=&raquo;Treningstips&raquo; style=&raquo;flat&raquo; color=&raquo;black&raquo; i_icon_fontawesome=&raquo;fa fa-align-left&raquo; add_icon=&raquo;true&raquo; link=&raquo;url:https%3A%2F%2Fabilica.com%2Fno%2Ftreningsartikler%2Frestitusjon%2F|||&raquo;][\/vc_column][\/vc_row]<\/p>\n<\/div>","protected":false},"excerpt":{"rendered":"<p>[vc_row][vc_column][vc_column_text]Spikermatte med 230 pigger som setter i gang blodoml\u00f8pet og gir en behagelig akupressur behandling.\u00a0Myker&#8230;<\/p>\n","protected":false},"featured_media":62118,"template":"","meta":{"_acf_changed":false},"product_brand":[],"product_cat":[461,432],"product_tag":[177],"class_list":{"0":"post-63347","1":"product","2":"type-product","3":"status-publish","4":"has-post-thumbnail","6":"product_cat-massasje","7":"product_cat-restitusjon-og-skadeforebyggende","8":"product_tag-small-items","10":"first","11":"instock","12":"product-type-simple"},"acf":[],"yoast_head":"<!-- This site is optimized with the Yoast SEO Premium plugin v21.1 (Yoast SEO v25.4) - https:\/\/yoast.com\/wordpress\/plugins\/seo\/ -->\n<title>Abilica MassageMat Abilica<\/title>\n<meta name=\"robots\" content=\"index, follow, max-snippet:-1, max-image-preview:large, max-video-preview:-1\" \/>\n<link rel=\"canonical\" href=\"https:\/\/abilica.com\/no\/massasje\/abilica-massagemat\/\" \/>\n<meta property=\"og:locale\" content=\"nb_NO\" \/>\n<meta property=\"og:type\" content=\"article\" \/>\n<meta property=\"og:title\" content=\"Abilica MassageMat\" \/>\n<meta property=\"og:description\" content=\"[vc_row][vc_column][vc_column_text]Spikermatte med 230 pigger som setter i gang blodoml\u00f8pet og gir en behagelig akupressur behandling.\u00a0Myker...\" \/>\n<meta property=\"og:url\" content=\"https:\/\/abilica.com\/no\/massasje\/abilica-massagemat\/\" \/>\n<meta property=\"og:site_name\" content=\"Abilica\" \/>\n<meta property=\"article:publisher\" content=\"https:\/\/www.facebook.com\/abilicahometraining\/\" \/>\n<meta property=\"article:modified_time\" content=\"2023-10-24T12:06:12+00:00\" \/>\n<meta property=\"og:image\" content=\"https:\/\/abilica.com\/wp-content\/uploads\/2023\/10\/373301.jpg\" \/>\n\t<meta property=\"og:image:width\" content=\"1200\" \/>\n\t<meta property=\"og:image:height\" content=\"1200\" \/>\n\t<meta property=\"og:image:type\" content=\"image\/jpeg\" \/>\n<meta name=\"twitter:card\" content=\"summary_large_image\" \/>\n<script type=\"application\/ld+json\" class=\"yoast-schema-graph\">{\"@context\":\"https:\/\/schema.org\",\"@graph\":[{\"@type\":\"WebPage\",\"@id\":\"https:\/\/abilica.com\/no\/massasje\/abilica-massagemat\/\",\"url\":\"https:\/\/abilica.com\/no\/massasje\/abilica-massagemat\/\",\"name\":\"Abilica MassageMat Abilica\",\"isPartOf\":{\"@id\":\"https:\/\/abilica.com\/#website\"},\"primaryImageOfPage\":{\"@id\":\"https:\/\/abilica.com\/no\/massasje\/abilica-massagemat\/#primaryimage\"},\"image\":{\"@id\":\"https:\/\/abilica.com\/no\/massasje\/abilica-massagemat\/#primaryimage\"},\"thumbnailUrl\":\"https:\/\/abilica.com\/wp-content\/uploads\/2023\/10\/373301.jpg\",\"datePublished\":\"2023-10-24T10:33:20+00:00\",\"dateModified\":\"2023-10-24T12:06:12+00:00\",\"breadcrumb\":{\"@id\":\"https:\/\/abilica.com\/no\/massasje\/abilica-massagemat\/#breadcrumb\"},\"inLanguage\":\"nb-NO\",\"potentialAction\":[{\"@type\":\"ReadAction\",\"target\":[\"https:\/\/abilica.com\/no\/massasje\/abilica-massagemat\/\"]}]},{\"@type\":\"ImageObject\",\"inLanguage\":\"nb-NO\",\"@id\":\"https:\/\/abilica.com\/no\/massasje\/abilica-massagemat\/#primaryimage\",\"url\":\"https:\/\/abilica.com\/wp-content\/uploads\/2023\/10\/373301.jpg\",\"contentUrl\":\"https:\/\/abilica.com\/wp-content\/uploads\/2023\/10\/373301.jpg\",\"width\":1200,\"height\":1200},{\"@type\":\"BreadcrumbList\",\"@id\":\"https:\/\/abilica.com\/no\/massasje\/abilica-massagemat\/#breadcrumb\",\"itemListElement\":[{\"@type\":\"ListItem\",\"position\":1,\"name\":\"Hem\",\"item\":\"https:\/\/abilica.com\/no\/\"},{\"@type\":\"ListItem\",\"position\":2,\"name\":\"Produkter\",\"item\":\"https:\/\/abilica.com\/no\/shop-2\/\"},{\"@type\":\"ListItem\",\"position\":3,\"name\":\"Abilica MassageMat\"}]},{\"@type\":\"WebSite\",\"@id\":\"https:\/\/abilica.com\/#website\",\"url\":\"https:\/\/abilica.com\/\",\"name\":\"Abilica\",\"description\":\"Abilica Home Training\",\"potentialAction\":[{\"@type\":\"SearchAction\",\"target\":{\"@type\":\"EntryPoint\",\"urlTemplate\":\"https:\/\/abilica.com\/?s={search_term_string}\"},\"query-input\":{\"@type\":\"PropertyValueSpecification\",\"valueRequired\":true,\"valueName\":\"search_term_string\"}}],\"inLanguage\":\"nb-NO\"}]}<\/script>\n<!-- \/ Yoast SEO Premium plugin. -->","yoast_head_json":{"title":"Abilica MassageMat Abilica","robots":{"index":"index","follow":"follow","max-snippet":"max-snippet:-1","max-image-preview":"max-image-preview:large","max-video-preview":"max-video-preview:-1"},"canonical":"https:\/\/abilica.com\/no\/massasje\/abilica-massagemat\/","og_locale":"nb_NO","og_type":"article","og_title":"Abilica MassageMat","og_description":"[vc_row][vc_column][vc_column_text]Spikermatte med 230 pigger som setter i gang blodoml\u00f8pet og gir en behagelig akupressur behandling.\u00a0Myker...","og_url":"https:\/\/abilica.com\/no\/massasje\/abilica-massagemat\/","og_site_name":"Abilica","article_publisher":"https:\/\/www.facebook.com\/abilicahometraining\/","article_modified_time":"2023-10-24T12:06:12+00:00","og_image":[{"width":1200,"height":1200,"url":"https:\/\/abilica.com\/wp-content\/uploads\/2023\/10\/373301.jpg","type":"image\/jpeg"}],"twitter_card":"summary_large_image","schema":{"@context":"https:\/\/schema.org","@graph":[{"@type":"WebPage","@id":"https:\/\/abilica.com\/no\/massasje\/abilica-massagemat\/","url":"https:\/\/abilica.com\/no\/massasje\/abilica-massagemat\/","name":"Abilica MassageMat Abilica","isPartOf":{"@id":"https:\/\/abilica.com\/#website"},"primaryImageOfPage":{"@id":"https:\/\/abilica.com\/no\/massasje\/abilica-massagemat\/#primaryimage"},"image":{"@id":"https:\/\/abilica.com\/no\/massasje\/abilica-massagemat\/#primaryimage"},"thumbnailUrl":"https:\/\/abilica.com\/wp-content\/uploads\/2023\/10\/373301.jpg","datePublished":"2023-10-24T10:33:20+00:00","dateModified":"2023-10-24T12:06:12+00:00","breadcrumb":{"@id":"https:\/\/abilica.com\/no\/massasje\/abilica-massagemat\/#breadcrumb"},"inLanguage":"nb-NO","potentialAction":[{"@type":"ReadAction","target":["https:\/\/abilica.com\/no\/massasje\/abilica-massagemat\/"]}]},{"@type":"ImageObject","inLanguage":"nb-NO","@id":"https:\/\/abilica.com\/no\/massasje\/abilica-massagemat\/#primaryimage","url":"https:\/\/abilica.com\/wp-content\/uploads\/2023\/10\/373301.jpg","contentUrl":"https:\/\/abilica.com\/wp-content\/uploads\/2023\/10\/373301.jpg","width":1200,"height":1200},{"@type":"BreadcrumbList","@id":"https:\/\/abilica.com\/no\/massasje\/abilica-massagemat\/#breadcrumb","itemListElement":[{"@type":"ListItem","position":1,"name":"Hem","item":"https:\/\/abilica.com\/no\/"},{"@type":"ListItem","position":2,"name":"Produkter","item":"https:\/\/abilica.com\/no\/shop-2\/"},{"@type":"ListItem","position":3,"name":"Abilica MassageMat"}]},{"@type":"WebSite","@id":"https:\/\/abilica.com\/#website","url":"https:\/\/abilica.com\/","name":"Abilica","description":"Abilica Home Training","potentialAction":[{"@type":"SearchAction","target":{"@type":"EntryPoint","urlTemplate":"https:\/\/abilica.com\/?s={search_term_string}"},"query-input":{"@type":"PropertyValueSpecification","valueRequired":true,"valueName":"search_term_string"}}],"inLanguage":"nb-NO"}]}},"_links":{"self":[{"href":"https:\/\/abilica.com\/no\/wp-json\/wp\/v2\/product\/63347","targetHints":{"allow":["GET"]}}],"collection":[{"href":"https:\/\/abilica.com\/no\/wp-json\/wp\/v2\/product"}],"about":[{"href":"https:\/\/abilica.com\/no\/wp-json\/wp\/v2\/types\/product"}],"wp:featuredmedia":[{"embeddable":true,"href":"https:\/\/abilica.com\/no\/wp-json\/wp\/v2\/media\/62118"}],"wp:attachment":[{"href":"https:\/\/abilica.com\/no\/wp-json\/wp\/v2\/media?parent=63347"}],"wp:term":[{"taxonomy":"product_brand","embeddable":true,"href":"https:\/\/abilica.com\/no\/wp-json\/wp\/v2\/product_brand?post=63347"},{"taxonomy":"product_cat","embeddable":true,"href":"https:\/\/abilica.com\/no\/wp-json\/wp\/v2\/product_cat?post=63347"},{"taxonomy":"product_tag","embeddable":true,"href":"https:\/\/abilica.com\/no\/wp-json\/wp\/v2\/product_tag?post=63347"}],"curies":[{"name":"wp","href":"https:\/\/api.w.org\/{rel}","templated":true}]}}