{"id":63350,"date":"2023-10-24T11:33:33","date_gmt":"2023-10-24T10:33:33","guid":{"rendered":"https:\/\/abilica.com\/uncategorized\/abilica-balanceboard\/"},"modified":"2024-09-09T13:10:05","modified_gmt":"2024-09-09T12:10:05","slug":"abilica-balanceboard","status":"publish","type":"product","link":"https:\/\/abilica.com\/no\/balanse\/balansebrett\/abilica-balanceboard\/","title":{"rendered":"Abilica BalanceBoard"},"content":{"rendered":"<div class=\"wpb-content-wrapper\"><p>[vc_row][vc_column][vc_column_text]Et enkelt balansebrett med medium vanskelighetsgrad. Det aller beste hjelpemiddelet for \u00e5 forebygge skader og for opptrening i ankel og kneledd. Styrker ankler, legger, kn\u00e6r, sete, bryst og l\u00e5r. Diameter 39 cm.[\/vc_column_text][vc_empty_space height=&raquo;42px&raquo;][\/vc_column][\/vc_row][vc_row][vc_column][vc_btn title=&raquo;Treningsprogram&raquo; style=&raquo;flat&raquo; color=&raquo;black&raquo; i_icon_fontawesome=&raquo;fa fa-file-pdf-o&raquo; add_icon=&raquo;true&raquo; link=&raquo;url:https%3A%2F%2Fabilica.com%2Fno%2Ftreningsprogram%2Ftreningsprogram-abilica-balance-board%2F|||&raquo;][vc_btn title=&raquo;Treningstips&raquo; style=&raquo;flat&raquo; color=&raquo;black&raquo; i_icon_fontawesome=&raquo;fa fa-align-left&raquo; add_icon=&raquo;true&raquo; link=&raquo;url:https%3A%2F%2Fabilica.com%2Fno%2Ftreningsartikler%2Fbalansetrening%2Ftren-balanse-med-balansebrett%2F||target:%20_blank|&raquo;][\/vc_column][\/vc_row]<\/p>\n<\/div>","protected":false},"excerpt":{"rendered":"<p>[vc_row][vc_column][vc_column_text]Et enkelt balansebrett med medium vanskelighetsgrad. Det aller beste hjelpemiddelet for \u00e5 forebygge skader og&#8230;<\/p>\n","protected":false},"featured_media":62130,"template":"","meta":{"_acf_changed":false},"product_brand":[],"product_cat":[438,448],"product_tag":[177],"class_list":{"0":"post-63350","1":"product","2":"type-product","3":"status-publish","4":"has-post-thumbnail","6":"product_cat-balanse","7":"product_cat-balansebrett","8":"product_tag-small-items","10":"first","11":"instock","12":"product-type-simple"},"acf":[],"yoast_head":"<!-- This site is optimized with the Yoast SEO Premium plugin v21.1 (Yoast SEO v25.4) - https:\/\/yoast.com\/wordpress\/plugins\/seo\/ -->\n<title>Abilica BalanceBoard Abilica<\/title>\n<meta name=\"robots\" content=\"index, follow, max-snippet:-1, max-image-preview:large, max-video-preview:-1\" \/>\n<link rel=\"canonical\" href=\"https:\/\/abilica.com\/no\/balanse\/balansebrett\/abilica-balanceboard\/\" \/>\n<meta property=\"og:locale\" content=\"nb_NO\" \/>\n<meta property=\"og:type\" content=\"article\" \/>\n<meta property=\"og:title\" content=\"Abilica BalanceBoard\" \/>\n<meta property=\"og:description\" content=\"[vc_row][vc_column][vc_column_text]Et enkelt balansebrett med medium vanskelighetsgrad. Det aller beste hjelpemiddelet for \u00e5 forebygge skader og...\" \/>\n<meta property=\"og:url\" content=\"https:\/\/abilica.com\/no\/balanse\/balansebrett\/abilica-balanceboard\/\" \/>\n<meta property=\"og:site_name\" content=\"Abilica\" \/>\n<meta property=\"article:publisher\" content=\"https:\/\/www.facebook.com\/abilicahometraining\/\" \/>\n<meta property=\"article:modified_time\" content=\"2024-09-09T12:10:05+00:00\" \/>\n<meta property=\"og:image\" content=\"https:\/\/abilica.com\/wp-content\/uploads\/2023\/10\/373382.jpg\" \/>\n\t<meta property=\"og:image:width\" content=\"1200\" \/>\n\t<meta property=\"og:image:height\" content=\"1200\" \/>\n\t<meta property=\"og:image:type\" content=\"image\/jpeg\" \/>\n<meta name=\"twitter:card\" content=\"summary_large_image\" \/>\n<meta name=\"twitter:label1\" content=\"Ansl. lesetid\" \/>\n\t<meta name=\"twitter:data1\" content=\"1 minutt\" \/>\n<script type=\"application\/ld+json\" class=\"yoast-schema-graph\">{\"@context\":\"https:\/\/schema.org\",\"@graph\":[{\"@type\":\"WebPage\",\"@id\":\"https:\/\/abilica.com\/no\/balanse\/balansebrett\/abilica-balanceboard\/\",\"url\":\"https:\/\/abilica.com\/no\/balanse\/balansebrett\/abilica-balanceboard\/\",\"name\":\"Abilica BalanceBoard Abilica\",\"isPartOf\":{\"@id\":\"https:\/\/abilica.com\/#website\"},\"primaryImageOfPage\":{\"@id\":\"https:\/\/abilica.com\/no\/balanse\/balansebrett\/abilica-balanceboard\/#primaryimage\"},\"image\":{\"@id\":\"https:\/\/abilica.com\/no\/balanse\/balansebrett\/abilica-balanceboard\/#primaryimage\"},\"thumbnailUrl\":\"https:\/\/abilica.com\/wp-content\/uploads\/2023\/10\/373382.jpg\",\"datePublished\":\"2023-10-24T10:33:33+00:00\",\"dateModified\":\"2024-09-09T12:10:05+00:00\",\"breadcrumb\":{\"@id\":\"https:\/\/abilica.com\/no\/balanse\/balansebrett\/abilica-balanceboard\/#breadcrumb\"},\"inLanguage\":\"nb-NO\",\"potentialAction\":[{\"@type\":\"ReadAction\",\"target\":[\"https:\/\/abilica.com\/no\/balanse\/balansebrett\/abilica-balanceboard\/\"]}]},{\"@type\":\"ImageObject\",\"inLanguage\":\"nb-NO\",\"@id\":\"https:\/\/abilica.com\/no\/balanse\/balansebrett\/abilica-balanceboard\/#primaryimage\",\"url\":\"https:\/\/abilica.com\/wp-content\/uploads\/2023\/10\/373382.jpg\",\"contentUrl\":\"https:\/\/abilica.com\/wp-content\/uploads\/2023\/10\/373382.jpg\",\"width\":1200,\"height\":1200},{\"@type\":\"BreadcrumbList\",\"@id\":\"https:\/\/abilica.com\/no\/balanse\/balansebrett\/abilica-balanceboard\/#breadcrumb\",\"itemListElement\":[{\"@type\":\"ListItem\",\"position\":1,\"name\":\"Hem\",\"item\":\"https:\/\/abilica.com\/no\/\"},{\"@type\":\"ListItem\",\"position\":2,\"name\":\"Produkter\",\"item\":\"https:\/\/abilica.com\/no\/shop-2\/\"},{\"@type\":\"ListItem\",\"position\":3,\"name\":\"Abilica BalanceBoard\"}]},{\"@type\":\"WebSite\",\"@id\":\"https:\/\/abilica.com\/#website\",\"url\":\"https:\/\/abilica.com\/\",\"name\":\"Abilica\",\"description\":\"Abilica Home Training\",\"potentialAction\":[{\"@type\":\"SearchAction\",\"target\":{\"@type\":\"EntryPoint\",\"urlTemplate\":\"https:\/\/abilica.com\/?s={search_term_string}\"},\"query-input\":{\"@type\":\"PropertyValueSpecification\",\"valueRequired\":true,\"valueName\":\"search_term_string\"}}],\"inLanguage\":\"nb-NO\"}]}<\/script>\n<!-- \/ Yoast SEO Premium plugin. -->","yoast_head_json":{"title":"Abilica BalanceBoard Abilica","robots":{"index":"index","follow":"follow","max-snippet":"max-snippet:-1","max-image-preview":"max-image-preview:large","max-video-preview":"max-video-preview:-1"},"canonical":"https:\/\/abilica.com\/no\/balanse\/balansebrett\/abilica-balanceboard\/","og_locale":"nb_NO","og_type":"article","og_title":"Abilica BalanceBoard","og_description":"[vc_row][vc_column][vc_column_text]Et enkelt balansebrett med medium vanskelighetsgrad. Det aller beste hjelpemiddelet for \u00e5 forebygge skader og...","og_url":"https:\/\/abilica.com\/no\/balanse\/balansebrett\/abilica-balanceboard\/","og_site_name":"Abilica","article_publisher":"https:\/\/www.facebook.com\/abilicahometraining\/","article_modified_time":"2024-09-09T12:10:05+00:00","og_image":[{"width":1200,"height":1200,"url":"https:\/\/abilica.com\/wp-content\/uploads\/2023\/10\/373382.jpg","type":"image\/jpeg"}],"twitter_card":"summary_large_image","twitter_misc":{"Ansl. lesetid":"1 minutt"},"schema":{"@context":"https:\/\/schema.org","@graph":[{"@type":"WebPage","@id":"https:\/\/abilica.com\/no\/balanse\/balansebrett\/abilica-balanceboard\/","url":"https:\/\/abilica.com\/no\/balanse\/balansebrett\/abilica-balanceboard\/","name":"Abilica BalanceBoard Abilica","isPartOf":{"@id":"https:\/\/abilica.com\/#website"},"primaryImageOfPage":{"@id":"https:\/\/abilica.com\/no\/balanse\/balansebrett\/abilica-balanceboard\/#primaryimage"},"image":{"@id":"https:\/\/abilica.com\/no\/balanse\/balansebrett\/abilica-balanceboard\/#primaryimage"},"thumbnailUrl":"https:\/\/abilica.com\/wp-content\/uploads\/2023\/10\/373382.jpg","datePublished":"2023-10-24T10:33:33+00:00","dateModified":"2024-09-09T12:10:05+00:00","breadcrumb":{"@id":"https:\/\/abilica.com\/no\/balanse\/balansebrett\/abilica-balanceboard\/#breadcrumb"},"inLanguage":"nb-NO","potentialAction":[{"@type":"ReadAction","target":["https:\/\/abilica.com\/no\/balanse\/balansebrett\/abilica-balanceboard\/"]}]},{"@type":"ImageObject","inLanguage":"nb-NO","@id":"https:\/\/abilica.com\/no\/balanse\/balansebrett\/abilica-balanceboard\/#primaryimage","url":"https:\/\/abilica.com\/wp-content\/uploads\/2023\/10\/373382.jpg","contentUrl":"https:\/\/abilica.com\/wp-content\/uploads\/2023\/10\/373382.jpg","width":1200,"height":1200},{"@type":"BreadcrumbList","@id":"https:\/\/abilica.com\/no\/balanse\/balansebrett\/abilica-balanceboard\/#breadcrumb","itemListElement":[{"@type":"ListItem","position":1,"name":"Hem","item":"https:\/\/abilica.com\/no\/"},{"@type":"ListItem","position":2,"name":"Produkter","item":"https:\/\/abilica.com\/no\/shop-2\/"},{"@type":"ListItem","position":3,"name":"Abilica BalanceBoard"}]},{"@type":"WebSite","@id":"https:\/\/abilica.com\/#website","url":"https:\/\/abilica.com\/","name":"Abilica","description":"Abilica Home Training","potentialAction":[{"@type":"SearchAction","target":{"@type":"EntryPoint","urlTemplate":"https:\/\/abilica.com\/?s={search_term_string}"},"query-input":{"@type":"PropertyValueSpecification","valueRequired":true,"valueName":"search_term_string"}}],"inLanguage":"nb-NO"}]}},"_links":{"self":[{"href":"https:\/\/abilica.com\/no\/wp-json\/wp\/v2\/product\/63350","targetHints":{"allow":["GET"]}}],"collection":[{"href":"https:\/\/abilica.com\/no\/wp-json\/wp\/v2\/product"}],"about":[{"href":"https:\/\/abilica.com\/no\/wp-json\/wp\/v2\/types\/product"}],"wp:featuredmedia":[{"embeddable":true,"href":"https:\/\/abilica.com\/no\/wp-json\/wp\/v2\/media\/62130"}],"wp:attachment":[{"href":"https:\/\/abilica.com\/no\/wp-json\/wp\/v2\/media?parent=63350"}],"wp:term":[{"taxonomy":"product_brand","embeddable":true,"href":"https:\/\/abilica.com\/no\/wp-json\/wp\/v2\/product_brand?post=63350"},{"taxonomy":"product_cat","embeddable":true,"href":"https:\/\/abilica.com\/no\/wp-json\/wp\/v2\/product_cat?post=63350"},{"taxonomy":"product_tag","embeddable":true,"href":"https:\/\/abilica.com\/no\/wp-json\/wp\/v2\/product_tag?post=63350"}],"curies":[{"name":"wp","href":"https:\/\/api.w.org\/{rel}","templated":true}]}}