{"id":63365,"date":"2023-10-24T11:33:33","date_gmt":"2023-10-24T10:33:33","guid":{"rendered":"https:\/\/abilica.com\/uncategorized\/treadmill-maintenance-kit-with-oil-with-silicone\/"},"modified":"2024-01-16T12:16:44","modified_gmt":"2024-01-16T11:16:44","slug":"treadmill-maintenance-kit-with-oil-with-silicone","status":"publish","type":"product","link":"https:\/\/abilica.com\/no\/kondisjon\/tredemolle\/treadmill-maintenance-kit-with-oil-with-silicone\/","title":{"rendered":"Treadmill Maintenance kit with oil with Silicone"},"content":{"rendered":"<div class=\"wpb-content-wrapper\"><p>[vc_row][vc_column][vc_column_text]Abilica Maintenance Kit er et vedlikeholdssett til tredem\u00f8lle hvor du f\u00e5r med olje med silikon, rengj\u00f8ringsklut og sm\u00f8reverkt\u00f8y til tredem\u00f8lle. Vedlikeholdssettet vil gi deg det du trenger for \u00e5 utf\u00f8re god vedlikehold av de fleste tredem\u00f8ller.[\/vc_column_text][vc_empty_space height=&raquo;52px&raquo;][vc_btn title=&raquo;Vedlikeholdstips&raquo; style=&raquo;flat&raquo; color=&raquo;black&raquo; i_icon_fontawesome=&raquo;fa fa-align-left&raquo; add_icon=&raquo;true&raquo; link=&raquo;url:https%3A%2F%2Fabilica.com%2Fno%2Ftreningsartikler%2Fkondisjon%2Fvedlikehold-av-treningsapparater%2F|||&raquo;][\/vc_column][\/vc_row]<\/p>\n<\/div>","protected":false},"excerpt":{"rendered":"<p>[vc_row][vc_column][vc_column_text]Abilica Maintenance Kit er et vedlikeholdssett til tredem\u00f8lle hvor du f\u00e5r med olje med silikon,&#8230;<\/p>\n","protected":false},"featured_media":62140,"template":"","meta":{"_acf_changed":false},"product_brand":[],"product_cat":[426,428],"product_tag":[],"class_list":{"0":"post-63365","1":"product","2":"type-product","3":"status-publish","4":"has-post-thumbnail","6":"product_cat-kondisjon","7":"product_cat-tredemolle","9":"first","10":"instock","11":"product-type-simple"},"acf":[],"yoast_head":"<!-- This site is optimized with the Yoast SEO Premium plugin v21.1 (Yoast SEO v25.4) - https:\/\/yoast.com\/wordpress\/plugins\/seo\/ -->\n<title>Treadmill Maintenance kit with oil with Silicone Abilica<\/title>\n<meta name=\"robots\" content=\"index, follow, max-snippet:-1, max-image-preview:large, max-video-preview:-1\" \/>\n<link rel=\"canonical\" href=\"https:\/\/abilica.com\/no\/kondisjon\/tredemolle\/treadmill-maintenance-kit-with-oil-with-silicone\/\" \/>\n<meta property=\"og:locale\" content=\"nb_NO\" \/>\n<meta property=\"og:type\" content=\"article\" \/>\n<meta property=\"og:title\" content=\"Treadmill Maintenance kit with oil with Silicone\" \/>\n<meta property=\"og:description\" content=\"[vc_row][vc_column][vc_column_text]Abilica Maintenance Kit er et vedlikeholdssett til tredem\u00f8lle hvor du f\u00e5r med olje med silikon,...\" \/>\n<meta property=\"og:url\" content=\"https:\/\/abilica.com\/no\/kondisjon\/tredemolle\/treadmill-maintenance-kit-with-oil-with-silicone\/\" \/>\n<meta property=\"og:site_name\" content=\"Abilica\" \/>\n<meta property=\"article:publisher\" content=\"https:\/\/www.facebook.com\/abilicahometraining\/\" \/>\n<meta property=\"article:modified_time\" content=\"2024-01-16T11:16:44+00:00\" \/>\n<meta property=\"og:image\" content=\"https:\/\/abilica.com\/wp-content\/uploads\/2023\/10\/372982.jpg\" \/>\n\t<meta property=\"og:image:width\" content=\"1200\" \/>\n\t<meta property=\"og:image:height\" content=\"1200\" \/>\n\t<meta property=\"og:image:type\" content=\"image\/jpeg\" \/>\n<meta name=\"twitter:card\" content=\"summary_large_image\" \/>\n<script type=\"application\/ld+json\" class=\"yoast-schema-graph\">{\"@context\":\"https:\/\/schema.org\",\"@graph\":[{\"@type\":\"WebPage\",\"@id\":\"https:\/\/abilica.com\/no\/kondisjon\/tredemolle\/treadmill-maintenance-kit-with-oil-with-silicone\/\",\"url\":\"https:\/\/abilica.com\/no\/kondisjon\/tredemolle\/treadmill-maintenance-kit-with-oil-with-silicone\/\",\"name\":\"Treadmill Maintenance kit with oil with Silicone Abilica\",\"isPartOf\":{\"@id\":\"https:\/\/abilica.com\/#website\"},\"primaryImageOfPage\":{\"@id\":\"https:\/\/abilica.com\/no\/kondisjon\/tredemolle\/treadmill-maintenance-kit-with-oil-with-silicone\/#primaryimage\"},\"image\":{\"@id\":\"https:\/\/abilica.com\/no\/kondisjon\/tredemolle\/treadmill-maintenance-kit-with-oil-with-silicone\/#primaryimage\"},\"thumbnailUrl\":\"https:\/\/abilica.com\/wp-content\/uploads\/2023\/10\/372982.jpg\",\"datePublished\":\"2023-10-24T10:33:33+00:00\",\"dateModified\":\"2024-01-16T11:16:44+00:00\",\"breadcrumb\":{\"@id\":\"https:\/\/abilica.com\/no\/kondisjon\/tredemolle\/treadmill-maintenance-kit-with-oil-with-silicone\/#breadcrumb\"},\"inLanguage\":\"nb-NO\",\"potentialAction\":[{\"@type\":\"ReadAction\",\"target\":[\"https:\/\/abilica.com\/no\/kondisjon\/tredemolle\/treadmill-maintenance-kit-with-oil-with-silicone\/\"]}]},{\"@type\":\"ImageObject\",\"inLanguage\":\"nb-NO\",\"@id\":\"https:\/\/abilica.com\/no\/kondisjon\/tredemolle\/treadmill-maintenance-kit-with-oil-with-silicone\/#primaryimage\",\"url\":\"https:\/\/abilica.com\/wp-content\/uploads\/2023\/10\/372982.jpg\",\"contentUrl\":\"https:\/\/abilica.com\/wp-content\/uploads\/2023\/10\/372982.jpg\",\"width\":1200,\"height\":1200},{\"@type\":\"BreadcrumbList\",\"@id\":\"https:\/\/abilica.com\/no\/kondisjon\/tredemolle\/treadmill-maintenance-kit-with-oil-with-silicone\/#breadcrumb\",\"itemListElement\":[{\"@type\":\"ListItem\",\"position\":1,\"name\":\"Hem\",\"item\":\"https:\/\/abilica.com\/no\/\"},{\"@type\":\"ListItem\",\"position\":2,\"name\":\"Produkter\",\"item\":\"https:\/\/abilica.com\/no\/shop-2\/\"},{\"@type\":\"ListItem\",\"position\":3,\"name\":\"Treadmill Maintenance kit with oil with Silicone\"}]},{\"@type\":\"WebSite\",\"@id\":\"https:\/\/abilica.com\/#website\",\"url\":\"https:\/\/abilica.com\/\",\"name\":\"Abilica\",\"description\":\"Abilica Home Training\",\"potentialAction\":[{\"@type\":\"SearchAction\",\"target\":{\"@type\":\"EntryPoint\",\"urlTemplate\":\"https:\/\/abilica.com\/?s={search_term_string}\"},\"query-input\":{\"@type\":\"PropertyValueSpecification\",\"valueRequired\":true,\"valueName\":\"search_term_string\"}}],\"inLanguage\":\"nb-NO\"}]}<\/script>\n<!-- \/ Yoast SEO Premium plugin. -->","yoast_head_json":{"title":"Treadmill Maintenance kit with oil with Silicone Abilica","robots":{"index":"index","follow":"follow","max-snippet":"max-snippet:-1","max-image-preview":"max-image-preview:large","max-video-preview":"max-video-preview:-1"},"canonical":"https:\/\/abilica.com\/no\/kondisjon\/tredemolle\/treadmill-maintenance-kit-with-oil-with-silicone\/","og_locale":"nb_NO","og_type":"article","og_title":"Treadmill Maintenance kit with oil with Silicone","og_description":"[vc_row][vc_column][vc_column_text]Abilica Maintenance Kit er et vedlikeholdssett til tredem\u00f8lle hvor du f\u00e5r med olje med silikon,...","og_url":"https:\/\/abilica.com\/no\/kondisjon\/tredemolle\/treadmill-maintenance-kit-with-oil-with-silicone\/","og_site_name":"Abilica","article_publisher":"https:\/\/www.facebook.com\/abilicahometraining\/","article_modified_time":"2024-01-16T11:16:44+00:00","og_image":[{"width":1200,"height":1200,"url":"https:\/\/abilica.com\/wp-content\/uploads\/2023\/10\/372982.jpg","type":"image\/jpeg"}],"twitter_card":"summary_large_image","schema":{"@context":"https:\/\/schema.org","@graph":[{"@type":"WebPage","@id":"https:\/\/abilica.com\/no\/kondisjon\/tredemolle\/treadmill-maintenance-kit-with-oil-with-silicone\/","url":"https:\/\/abilica.com\/no\/kondisjon\/tredemolle\/treadmill-maintenance-kit-with-oil-with-silicone\/","name":"Treadmill Maintenance kit with oil with Silicone Abilica","isPartOf":{"@id":"https:\/\/abilica.com\/#website"},"primaryImageOfPage":{"@id":"https:\/\/abilica.com\/no\/kondisjon\/tredemolle\/treadmill-maintenance-kit-with-oil-with-silicone\/#primaryimage"},"image":{"@id":"https:\/\/abilica.com\/no\/kondisjon\/tredemolle\/treadmill-maintenance-kit-with-oil-with-silicone\/#primaryimage"},"thumbnailUrl":"https:\/\/abilica.com\/wp-content\/uploads\/2023\/10\/372982.jpg","datePublished":"2023-10-24T10:33:33+00:00","dateModified":"2024-01-16T11:16:44+00:00","breadcrumb":{"@id":"https:\/\/abilica.com\/no\/kondisjon\/tredemolle\/treadmill-maintenance-kit-with-oil-with-silicone\/#breadcrumb"},"inLanguage":"nb-NO","potentialAction":[{"@type":"ReadAction","target":["https:\/\/abilica.com\/no\/kondisjon\/tredemolle\/treadmill-maintenance-kit-with-oil-with-silicone\/"]}]},{"@type":"ImageObject","inLanguage":"nb-NO","@id":"https:\/\/abilica.com\/no\/kondisjon\/tredemolle\/treadmill-maintenance-kit-with-oil-with-silicone\/#primaryimage","url":"https:\/\/abilica.com\/wp-content\/uploads\/2023\/10\/372982.jpg","contentUrl":"https:\/\/abilica.com\/wp-content\/uploads\/2023\/10\/372982.jpg","width":1200,"height":1200},{"@type":"BreadcrumbList","@id":"https:\/\/abilica.com\/no\/kondisjon\/tredemolle\/treadmill-maintenance-kit-with-oil-with-silicone\/#breadcrumb","itemListElement":[{"@type":"ListItem","position":1,"name":"Hem","item":"https:\/\/abilica.com\/no\/"},{"@type":"ListItem","position":2,"name":"Produkter","item":"https:\/\/abilica.com\/no\/shop-2\/"},{"@type":"ListItem","position":3,"name":"Treadmill Maintenance kit with oil with Silicone"}]},{"@type":"WebSite","@id":"https:\/\/abilica.com\/#website","url":"https:\/\/abilica.com\/","name":"Abilica","description":"Abilica Home Training","potentialAction":[{"@type":"SearchAction","target":{"@type":"EntryPoint","urlTemplate":"https:\/\/abilica.com\/?s={search_term_string}"},"query-input":{"@type":"PropertyValueSpecification","valueRequired":true,"valueName":"search_term_string"}}],"inLanguage":"nb-NO"}]}},"_links":{"self":[{"href":"https:\/\/abilica.com\/no\/wp-json\/wp\/v2\/product\/63365","targetHints":{"allow":["GET"]}}],"collection":[{"href":"https:\/\/abilica.com\/no\/wp-json\/wp\/v2\/product"}],"about":[{"href":"https:\/\/abilica.com\/no\/wp-json\/wp\/v2\/types\/product"}],"wp:featuredmedia":[{"embeddable":true,"href":"https:\/\/abilica.com\/no\/wp-json\/wp\/v2\/media\/62140"}],"wp:attachment":[{"href":"https:\/\/abilica.com\/no\/wp-json\/wp\/v2\/media?parent=63365"}],"wp:term":[{"taxonomy":"product_brand","embeddable":true,"href":"https:\/\/abilica.com\/no\/wp-json\/wp\/v2\/product_brand?post=63365"},{"taxonomy":"product_cat","embeddable":true,"href":"https:\/\/abilica.com\/no\/wp-json\/wp\/v2\/product_cat?post=63365"},{"taxonomy":"product_tag","embeddable":true,"href":"https:\/\/abilica.com\/no\/wp-json\/wp\/v2\/product_tag?post=63365"}],"curies":[{"name":"wp","href":"https:\/\/api.w.org\/{rel}","templated":true}]}}