{"id":63368,"date":"2023-10-24T11:33:33","date_gmt":"2023-10-24T10:33:33","guid":{"rendered":"https:\/\/abilica.com\/uncategorized\/abilica-kettlebell-covered\/"},"modified":"2025-10-31T14:03:05","modified_gmt":"2025-10-31T13:03:05","slug":"abilica-kettlebell-covered","status":"publish","type":"product","link":"https:\/\/abilica.com\/no\/styrke\/kettlebells\/abilica-kettlebell-covered\/","title":{"rendered":"Abilica KettleBell Covered"},"content":{"rendered":"<div class=\"wpb-content-wrapper\"><p>[vc_row][vc_column][vc_column_text el_class=&raquo;product-video&raquo;]KettleBells i st\u00f8pejern med sort lakk, delvis trukket med farget neoprene belegg. Neoprene belegget gir ekstra god beskyttelse for gulvet. En kettlebell skal brukes eksplosivt og dynamisk, det vil si med store bevegelser og energi som igjen gir en utmerket trening i form av \u00f8kt styrke, koordination, stabilitet og utholdenhet. Man trener funksjonelt, og \u00f8velsene hjelper deg \u00e5 fungere enda bedre i hverdagen. Finnes i 4 kg, 8 kg og 12 kg.<\/p>\n<div style=\"width: 640px;\" class=\"wp-video\"><!--[if lt IE 9]><script>document.createElement('video');<\/script><![endif]-->\n<video class=\"wp-video-shortcode\" id=\"video-63368-1\" width=\"640\" height=\"360\" poster=\"https:\/\/abilica.com\/no\/wp-content\/uploads\/2019\/12\/21.jpg\" preload=\"metadata\" controls=\"controls\"><source type=\"video\/mp4\" src=\"https:\/\/abilica.com\/no\/wp-content\/uploads\/2019\/12\/Abilica-Kettlebell-Covered.mp4?_=1\" \/><a href=\"https:\/\/abilica.com\/no\/wp-content\/uploads\/2019\/12\/Abilica-Kettlebell-Covered.mp4\">https:\/\/abilica.com\/no\/wp-content\/uploads\/2019\/12\/Abilica-Kettlebell-Covered.mp4<\/a><\/video><\/div>\n<p>[\/vc_column_text][vc_empty_space height=&raquo;52px&raquo;][\/vc_column][\/vc_row][vc_row][vc_column width=&raquo;1\/3&#8243;][vc_btn title=&raquo;Treningsprogram&raquo; style=&raquo;flat&raquo; color=&raquo;black&raquo; link=&raquo;url:https%3A%2F%2Fabilica.com%2Fno%2Ftreningsprogram%2Ftreningsprogram-abilica-kettlebells%2F|||&raquo;][\/vc_column][vc_column width=&raquo;1\/3&#8243;][vc_btn title=&raquo;Treningstips&raquo; style=&raquo;flat&raquo; color=&raquo;black&raquo; link=&raquo;url:https%3A%2F%2Fabilica.com%2Fno%2Fabilica-kettlebells-om%2F|target:_blank&raquo;][\/vc_column][vc_column width=&raquo;1\/3&#8243;][vc_btn title=&raquo;Treningsfilmer&raquo; style=&raquo;flat&raquo; color=&raquo;black&raquo; link=&raquo;url:https%3A%2F%2Fwww.youtube.com%2Fwatch%3Fv%3Dj-ZslEqcluI|target:_blank&raquo;][\/vc_column][\/vc_row]<\/p>\n<\/div>","protected":false},"excerpt":{"rendered":"<p>[vc_row][vc_column][vc_column_text el_class=&raquo;product-video&raquo;]KettleBells i st\u00f8pejern med sort lakk, delvis trukket med farget neoprene belegg. Neoprene belegget&#8230;<\/p>\n","protected":false},"featured_media":69788,"template":"","meta":{"_acf_changed":false},"product_brand":[],"product_cat":[453,422],"product_tag":[551,526],"class_list":{"0":"post-63368","1":"product","2":"type-product","3":"status-publish","4":"has-post-thumbnail","6":"product_cat-kettlebells","7":"product_cat-styrke","8":"product_tag-garage-gym-no","9":"product_tag-ida-wulff","11":"first","12":"outofstock","13":"product-type-variable"},"acf":[],"yoast_head":"<!-- This site is optimized with the Yoast SEO Premium plugin v21.1 (Yoast SEO v25.4) - https:\/\/yoast.com\/wordpress\/plugins\/seo\/ -->\n<title>Abilica KettleBell Covered Abilica<\/title>\n<meta name=\"robots\" content=\"index, follow, max-snippet:-1, max-image-preview:large, max-video-preview:-1\" \/>\n<link rel=\"canonical\" href=\"https:\/\/abilica.com\/no\/styrke\/kettlebells\/abilica-kettlebell-covered\/\" \/>\n<meta property=\"og:locale\" content=\"nb_NO\" \/>\n<meta property=\"og:type\" content=\"article\" \/>\n<meta property=\"og:title\" content=\"Abilica KettleBell Covered\" \/>\n<meta property=\"og:description\" content=\"[vc_row][vc_column][vc_column_text el_class=&raquo;product-video&raquo;]KettleBells i st\u00f8pejern med sort lakk, delvis trukket med farget neoprene belegg. Neoprene belegget...\" \/>\n<meta property=\"og:url\" content=\"https:\/\/abilica.com\/no\/styrke\/kettlebells\/abilica-kettlebell-covered\/\" \/>\n<meta property=\"og:site_name\" content=\"Abilica\" \/>\n<meta property=\"article:publisher\" content=\"https:\/\/www.facebook.com\/abilicahometraining\/\" \/>\n<meta property=\"article:modified_time\" content=\"2025-10-31T13:03:05+00:00\" \/>\n<meta property=\"og:image\" content=\"https:\/\/abilica.com\/wp-content\/uploads\/2023\/10\/alle-1.jpg\" \/>\n\t<meta property=\"og:image:width\" content=\"1200\" \/>\n\t<meta property=\"og:image:height\" content=\"1200\" \/>\n\t<meta property=\"og:image:type\" content=\"image\/jpeg\" \/>\n<meta name=\"twitter:card\" content=\"summary_large_image\" \/>\n<meta name=\"twitter:label1\" content=\"Ansl. lesetid\" \/>\n\t<meta name=\"twitter:data1\" content=\"1 minutt\" \/>\n<script type=\"application\/ld+json\" class=\"yoast-schema-graph\">{\"@context\":\"https:\/\/schema.org\",\"@graph\":[{\"@type\":\"WebPage\",\"@id\":\"https:\/\/abilica.com\/no\/styrke\/kettlebells\/abilica-kettlebell-covered\/\",\"url\":\"https:\/\/abilica.com\/no\/styrke\/kettlebells\/abilica-kettlebell-covered\/\",\"name\":\"Abilica KettleBell Covered Abilica\",\"isPartOf\":{\"@id\":\"https:\/\/abilica.com\/#website\"},\"primaryImageOfPage\":{\"@id\":\"https:\/\/abilica.com\/no\/styrke\/kettlebells\/abilica-kettlebell-covered\/#primaryimage\"},\"image\":{\"@id\":\"https:\/\/abilica.com\/no\/styrke\/kettlebells\/abilica-kettlebell-covered\/#primaryimage\"},\"thumbnailUrl\":\"https:\/\/abilica.com\/wp-content\/uploads\/2023\/10\/alle-1.jpg\",\"datePublished\":\"2023-10-24T10:33:33+00:00\",\"dateModified\":\"2025-10-31T13:03:05+00:00\",\"breadcrumb\":{\"@id\":\"https:\/\/abilica.com\/no\/styrke\/kettlebells\/abilica-kettlebell-covered\/#breadcrumb\"},\"inLanguage\":\"nb-NO\",\"potentialAction\":[{\"@type\":\"ReadAction\",\"target\":[\"https:\/\/abilica.com\/no\/styrke\/kettlebells\/abilica-kettlebell-covered\/\"]}]},{\"@type\":\"ImageObject\",\"inLanguage\":\"nb-NO\",\"@id\":\"https:\/\/abilica.com\/no\/styrke\/kettlebells\/abilica-kettlebell-covered\/#primaryimage\",\"url\":\"https:\/\/abilica.com\/wp-content\/uploads\/2023\/10\/alle-1.jpg\",\"contentUrl\":\"https:\/\/abilica.com\/wp-content\/uploads\/2023\/10\/alle-1.jpg\",\"width\":1200,\"height\":1200},{\"@type\":\"BreadcrumbList\",\"@id\":\"https:\/\/abilica.com\/no\/styrke\/kettlebells\/abilica-kettlebell-covered\/#breadcrumb\",\"itemListElement\":[{\"@type\":\"ListItem\",\"position\":1,\"name\":\"Hem\",\"item\":\"https:\/\/abilica.com\/no\/\"},{\"@type\":\"ListItem\",\"position\":2,\"name\":\"Produkter\",\"item\":\"https:\/\/abilica.com\/no\/shop-2\/\"},{\"@type\":\"ListItem\",\"position\":3,\"name\":\"Abilica KettleBell Covered\"}]},{\"@type\":\"WebSite\",\"@id\":\"https:\/\/abilica.com\/#website\",\"url\":\"https:\/\/abilica.com\/\",\"name\":\"Abilica\",\"description\":\"Abilica Home Training\",\"potentialAction\":[{\"@type\":\"SearchAction\",\"target\":{\"@type\":\"EntryPoint\",\"urlTemplate\":\"https:\/\/abilica.com\/?s={search_term_string}\"},\"query-input\":{\"@type\":\"PropertyValueSpecification\",\"valueRequired\":true,\"valueName\":\"search_term_string\"}}],\"inLanguage\":\"nb-NO\"}]}<\/script>\n<!-- \/ Yoast SEO Premium plugin. -->","yoast_head_json":{"title":"Abilica KettleBell Covered Abilica","robots":{"index":"index","follow":"follow","max-snippet":"max-snippet:-1","max-image-preview":"max-image-preview:large","max-video-preview":"max-video-preview:-1"},"canonical":"https:\/\/abilica.com\/no\/styrke\/kettlebells\/abilica-kettlebell-covered\/","og_locale":"nb_NO","og_type":"article","og_title":"Abilica KettleBell Covered","og_description":"[vc_row][vc_column][vc_column_text el_class=&raquo;product-video&raquo;]KettleBells i st\u00f8pejern med sort lakk, delvis trukket med farget neoprene belegg. Neoprene belegget...","og_url":"https:\/\/abilica.com\/no\/styrke\/kettlebells\/abilica-kettlebell-covered\/","og_site_name":"Abilica","article_publisher":"https:\/\/www.facebook.com\/abilicahometraining\/","article_modified_time":"2025-10-31T13:03:05+00:00","og_image":[{"width":1200,"height":1200,"url":"https:\/\/abilica.com\/wp-content\/uploads\/2023\/10\/alle-1.jpg","type":"image\/jpeg"}],"twitter_card":"summary_large_image","twitter_misc":{"Ansl. lesetid":"1 minutt"},"schema":{"@context":"https:\/\/schema.org","@graph":[{"@type":"WebPage","@id":"https:\/\/abilica.com\/no\/styrke\/kettlebells\/abilica-kettlebell-covered\/","url":"https:\/\/abilica.com\/no\/styrke\/kettlebells\/abilica-kettlebell-covered\/","name":"Abilica KettleBell Covered Abilica","isPartOf":{"@id":"https:\/\/abilica.com\/#website"},"primaryImageOfPage":{"@id":"https:\/\/abilica.com\/no\/styrke\/kettlebells\/abilica-kettlebell-covered\/#primaryimage"},"image":{"@id":"https:\/\/abilica.com\/no\/styrke\/kettlebells\/abilica-kettlebell-covered\/#primaryimage"},"thumbnailUrl":"https:\/\/abilica.com\/wp-content\/uploads\/2023\/10\/alle-1.jpg","datePublished":"2023-10-24T10:33:33+00:00","dateModified":"2025-10-31T13:03:05+00:00","breadcrumb":{"@id":"https:\/\/abilica.com\/no\/styrke\/kettlebells\/abilica-kettlebell-covered\/#breadcrumb"},"inLanguage":"nb-NO","potentialAction":[{"@type":"ReadAction","target":["https:\/\/abilica.com\/no\/styrke\/kettlebells\/abilica-kettlebell-covered\/"]}]},{"@type":"ImageObject","inLanguage":"nb-NO","@id":"https:\/\/abilica.com\/no\/styrke\/kettlebells\/abilica-kettlebell-covered\/#primaryimage","url":"https:\/\/abilica.com\/wp-content\/uploads\/2023\/10\/alle-1.jpg","contentUrl":"https:\/\/abilica.com\/wp-content\/uploads\/2023\/10\/alle-1.jpg","width":1200,"height":1200},{"@type":"BreadcrumbList","@id":"https:\/\/abilica.com\/no\/styrke\/kettlebells\/abilica-kettlebell-covered\/#breadcrumb","itemListElement":[{"@type":"ListItem","position":1,"name":"Hem","item":"https:\/\/abilica.com\/no\/"},{"@type":"ListItem","position":2,"name":"Produkter","item":"https:\/\/abilica.com\/no\/shop-2\/"},{"@type":"ListItem","position":3,"name":"Abilica KettleBell Covered"}]},{"@type":"WebSite","@id":"https:\/\/abilica.com\/#website","url":"https:\/\/abilica.com\/","name":"Abilica","description":"Abilica Home Training","potentialAction":[{"@type":"SearchAction","target":{"@type":"EntryPoint","urlTemplate":"https:\/\/abilica.com\/?s={search_term_string}"},"query-input":{"@type":"PropertyValueSpecification","valueRequired":true,"valueName":"search_term_string"}}],"inLanguage":"nb-NO"}]}},"_links":{"self":[{"href":"https:\/\/abilica.com\/no\/wp-json\/wp\/v2\/product\/63368","targetHints":{"allow":["GET"]}}],"collection":[{"href":"https:\/\/abilica.com\/no\/wp-json\/wp\/v2\/product"}],"about":[{"href":"https:\/\/abilica.com\/no\/wp-json\/wp\/v2\/types\/product"}],"wp:featuredmedia":[{"embeddable":true,"href":"https:\/\/abilica.com\/no\/wp-json\/wp\/v2\/media\/69788"}],"wp:attachment":[{"href":"https:\/\/abilica.com\/no\/wp-json\/wp\/v2\/media?parent=63368"}],"wp:term":[{"taxonomy":"product_brand","embeddable":true,"href":"https:\/\/abilica.com\/no\/wp-json\/wp\/v2\/product_brand?post=63368"},{"taxonomy":"product_cat","embeddable":true,"href":"https:\/\/abilica.com\/no\/wp-json\/wp\/v2\/product_cat?post=63368"},{"taxonomy":"product_tag","embeddable":true,"href":"https:\/\/abilica.com\/no\/wp-json\/wp\/v2\/product_tag?post=63368"}],"curies":[{"name":"wp","href":"https:\/\/api.w.org\/{rel}","templated":true}]}}