{"id":63380,"date":"2023-10-24T11:33:33","date_gmt":"2023-10-24T10:33:33","guid":{"rendered":"https:\/\/abilica.com\/uncategorized\/abilica-xc-rubbertips\/"},"modified":"2023-11-29T13:24:10","modified_gmt":"2023-11-29T12:24:10","slug":"abilica-xc-rubbertips","status":"publish","type":"product","link":"https:\/\/abilica.com\/no\/kondisjon\/tredemolle\/abilica-xc-rubbertips\/","title":{"rendered":"Abilica XC RubberTips"},"content":{"rendered":"<p>Rulleskipigg for bruk p\u00e5 rulleskim\u00f8lle. Selges i par.\u00a0Stavpigger p\u00e5 vanlig skistav m\u00e5 byttes med denne type stavpigg for at ikke l\u00f8peb\u00e5ndet p\u00e5 rulleskim\u00f8llen skal bli \u00f8delagt.\u00a0Stavene b\u00f8r ideelt v\u00e6re 2,5 cm lenger for \u00e5 kompensere for h\u00f8yden p\u00e5 rulleski og h\u00f8yden p\u00e5 rulleskipiggen.<\/p>\n<p>RubberTips for the poles to use on the XC-Mill 2700. The tips are being sold in pairs.\u00a0Normal pole tips needs to be taken off the pole and replaced by the RubberTips before you use it on the Treadmill. We recommend that the poles should be 2,5cm longer than your normal pole-length to compensate the height on your rollerskis and the RubberTips.\u00a0Make sure that the poles are placed in the bottom of the RubberTips before use so the RubberTips not will be bent.<\/p>\n<p>&nbsp;<\/p>\n","protected":false},"excerpt":{"rendered":"<p>Rulleskipigg for bruk p\u00e5 rulleskim\u00f8lle. Selges i par.\u00a0Stavpigger p\u00e5 vanlig skistav m\u00e5 byttes med denne&#8230;<\/p>\n","protected":false},"featured_media":62154,"template":"","meta":{"_acf_changed":false},"product_brand":[],"product_cat":[426,428],"product_tag":[555],"class_list":{"0":"post-63380","1":"product","2":"type-product","3":"status-publish","4":"has-post-thumbnail","6":"product_cat-kondisjon","7":"product_cat-tredemolle","8":"product_tag-klaebo-collection-no","10":"first","11":"instock","12":"product-type-simple"},"acf":[],"yoast_head":"<!-- This site is optimized with the Yoast SEO Premium plugin v21.1 (Yoast SEO v25.4) - https:\/\/yoast.com\/wordpress\/plugins\/seo\/ -->\n<title>Abilica XC RubberTips Abilica<\/title>\n<meta name=\"robots\" content=\"index, follow, max-snippet:-1, max-image-preview:large, max-video-preview:-1\" \/>\n<link rel=\"canonical\" href=\"https:\/\/abilica.com\/no\/kondisjon\/tredemolle\/abilica-xc-rubbertips\/\" \/>\n<meta property=\"og:locale\" content=\"nb_NO\" \/>\n<meta property=\"og:type\" content=\"article\" \/>\n<meta property=\"og:title\" content=\"Abilica XC RubberTips\" \/>\n<meta property=\"og:description\" content=\"Rulleskipigg for bruk p\u00e5 rulleskim\u00f8lle. Selges i par.\u00a0Stavpigger p\u00e5 vanlig skistav m\u00e5 byttes med denne...\" \/>\n<meta property=\"og:url\" content=\"https:\/\/abilica.com\/no\/kondisjon\/tredemolle\/abilica-xc-rubbertips\/\" \/>\n<meta property=\"og:site_name\" content=\"Abilica\" \/>\n<meta property=\"article:publisher\" content=\"https:\/\/www.facebook.com\/abilicahometraining\/\" \/>\n<meta property=\"article:modified_time\" content=\"2023-11-29T12:24:10+00:00\" \/>\n<meta property=\"og:image\" content=\"https:\/\/abilica.com\/wp-content\/uploads\/2023\/10\/373536.jpg\" \/>\n\t<meta property=\"og:image:width\" content=\"1200\" \/>\n\t<meta property=\"og:image:height\" content=\"1200\" \/>\n\t<meta property=\"og:image:type\" content=\"image\/jpeg\" \/>\n<meta name=\"twitter:card\" content=\"summary_large_image\" \/>\n<meta name=\"twitter:label1\" content=\"Ansl. lesetid\" \/>\n\t<meta name=\"twitter:data1\" content=\"1 minutt\" \/>\n<script type=\"application\/ld+json\" class=\"yoast-schema-graph\">{\"@context\":\"https:\/\/schema.org\",\"@graph\":[{\"@type\":\"WebPage\",\"@id\":\"https:\/\/abilica.com\/no\/kondisjon\/tredemolle\/abilica-xc-rubbertips\/\",\"url\":\"https:\/\/abilica.com\/no\/kondisjon\/tredemolle\/abilica-xc-rubbertips\/\",\"name\":\"Abilica XC RubberTips Abilica\",\"isPartOf\":{\"@id\":\"https:\/\/abilica.com\/#website\"},\"primaryImageOfPage\":{\"@id\":\"https:\/\/abilica.com\/no\/kondisjon\/tredemolle\/abilica-xc-rubbertips\/#primaryimage\"},\"image\":{\"@id\":\"https:\/\/abilica.com\/no\/kondisjon\/tredemolle\/abilica-xc-rubbertips\/#primaryimage\"},\"thumbnailUrl\":\"https:\/\/abilica.com\/wp-content\/uploads\/2023\/10\/373536.jpg\",\"datePublished\":\"2023-10-24T10:33:33+00:00\",\"dateModified\":\"2023-11-29T12:24:10+00:00\",\"breadcrumb\":{\"@id\":\"https:\/\/abilica.com\/no\/kondisjon\/tredemolle\/abilica-xc-rubbertips\/#breadcrumb\"},\"inLanguage\":\"nb-NO\",\"potentialAction\":[{\"@type\":\"ReadAction\",\"target\":[\"https:\/\/abilica.com\/no\/kondisjon\/tredemolle\/abilica-xc-rubbertips\/\"]}]},{\"@type\":\"ImageObject\",\"inLanguage\":\"nb-NO\",\"@id\":\"https:\/\/abilica.com\/no\/kondisjon\/tredemolle\/abilica-xc-rubbertips\/#primaryimage\",\"url\":\"https:\/\/abilica.com\/wp-content\/uploads\/2023\/10\/373536.jpg\",\"contentUrl\":\"https:\/\/abilica.com\/wp-content\/uploads\/2023\/10\/373536.jpg\",\"width\":1200,\"height\":1200},{\"@type\":\"BreadcrumbList\",\"@id\":\"https:\/\/abilica.com\/no\/kondisjon\/tredemolle\/abilica-xc-rubbertips\/#breadcrumb\",\"itemListElement\":[{\"@type\":\"ListItem\",\"position\":1,\"name\":\"Hem\",\"item\":\"https:\/\/abilica.com\/no\/\"},{\"@type\":\"ListItem\",\"position\":2,\"name\":\"Produkter\",\"item\":\"https:\/\/abilica.com\/no\/shop-2\/\"},{\"@type\":\"ListItem\",\"position\":3,\"name\":\"Abilica XC RubberTips\"}]},{\"@type\":\"WebSite\",\"@id\":\"https:\/\/abilica.com\/#website\",\"url\":\"https:\/\/abilica.com\/\",\"name\":\"Abilica\",\"description\":\"Abilica Home Training\",\"potentialAction\":[{\"@type\":\"SearchAction\",\"target\":{\"@type\":\"EntryPoint\",\"urlTemplate\":\"https:\/\/abilica.com\/?s={search_term_string}\"},\"query-input\":{\"@type\":\"PropertyValueSpecification\",\"valueRequired\":true,\"valueName\":\"search_term_string\"}}],\"inLanguage\":\"nb-NO\"}]}<\/script>\n<!-- \/ Yoast SEO Premium plugin. -->","yoast_head_json":{"title":"Abilica XC RubberTips Abilica","robots":{"index":"index","follow":"follow","max-snippet":"max-snippet:-1","max-image-preview":"max-image-preview:large","max-video-preview":"max-video-preview:-1"},"canonical":"https:\/\/abilica.com\/no\/kondisjon\/tredemolle\/abilica-xc-rubbertips\/","og_locale":"nb_NO","og_type":"article","og_title":"Abilica XC RubberTips","og_description":"Rulleskipigg for bruk p\u00e5 rulleskim\u00f8lle. Selges i par.\u00a0Stavpigger p\u00e5 vanlig skistav m\u00e5 byttes med denne...","og_url":"https:\/\/abilica.com\/no\/kondisjon\/tredemolle\/abilica-xc-rubbertips\/","og_site_name":"Abilica","article_publisher":"https:\/\/www.facebook.com\/abilicahometraining\/","article_modified_time":"2023-11-29T12:24:10+00:00","og_image":[{"width":1200,"height":1200,"url":"https:\/\/abilica.com\/wp-content\/uploads\/2023\/10\/373536.jpg","type":"image\/jpeg"}],"twitter_card":"summary_large_image","twitter_misc":{"Ansl. lesetid":"1 minutt"},"schema":{"@context":"https:\/\/schema.org","@graph":[{"@type":"WebPage","@id":"https:\/\/abilica.com\/no\/kondisjon\/tredemolle\/abilica-xc-rubbertips\/","url":"https:\/\/abilica.com\/no\/kondisjon\/tredemolle\/abilica-xc-rubbertips\/","name":"Abilica XC RubberTips Abilica","isPartOf":{"@id":"https:\/\/abilica.com\/#website"},"primaryImageOfPage":{"@id":"https:\/\/abilica.com\/no\/kondisjon\/tredemolle\/abilica-xc-rubbertips\/#primaryimage"},"image":{"@id":"https:\/\/abilica.com\/no\/kondisjon\/tredemolle\/abilica-xc-rubbertips\/#primaryimage"},"thumbnailUrl":"https:\/\/abilica.com\/wp-content\/uploads\/2023\/10\/373536.jpg","datePublished":"2023-10-24T10:33:33+00:00","dateModified":"2023-11-29T12:24:10+00:00","breadcrumb":{"@id":"https:\/\/abilica.com\/no\/kondisjon\/tredemolle\/abilica-xc-rubbertips\/#breadcrumb"},"inLanguage":"nb-NO","potentialAction":[{"@type":"ReadAction","target":["https:\/\/abilica.com\/no\/kondisjon\/tredemolle\/abilica-xc-rubbertips\/"]}]},{"@type":"ImageObject","inLanguage":"nb-NO","@id":"https:\/\/abilica.com\/no\/kondisjon\/tredemolle\/abilica-xc-rubbertips\/#primaryimage","url":"https:\/\/abilica.com\/wp-content\/uploads\/2023\/10\/373536.jpg","contentUrl":"https:\/\/abilica.com\/wp-content\/uploads\/2023\/10\/373536.jpg","width":1200,"height":1200},{"@type":"BreadcrumbList","@id":"https:\/\/abilica.com\/no\/kondisjon\/tredemolle\/abilica-xc-rubbertips\/#breadcrumb","itemListElement":[{"@type":"ListItem","position":1,"name":"Hem","item":"https:\/\/abilica.com\/no\/"},{"@type":"ListItem","position":2,"name":"Produkter","item":"https:\/\/abilica.com\/no\/shop-2\/"},{"@type":"ListItem","position":3,"name":"Abilica XC RubberTips"}]},{"@type":"WebSite","@id":"https:\/\/abilica.com\/#website","url":"https:\/\/abilica.com\/","name":"Abilica","description":"Abilica Home Training","potentialAction":[{"@type":"SearchAction","target":{"@type":"EntryPoint","urlTemplate":"https:\/\/abilica.com\/?s={search_term_string}"},"query-input":{"@type":"PropertyValueSpecification","valueRequired":true,"valueName":"search_term_string"}}],"inLanguage":"nb-NO"}]}},"_links":{"self":[{"href":"https:\/\/abilica.com\/no\/wp-json\/wp\/v2\/product\/63380","targetHints":{"allow":["GET"]}}],"collection":[{"href":"https:\/\/abilica.com\/no\/wp-json\/wp\/v2\/product"}],"about":[{"href":"https:\/\/abilica.com\/no\/wp-json\/wp\/v2\/types\/product"}],"wp:featuredmedia":[{"embeddable":true,"href":"https:\/\/abilica.com\/no\/wp-json\/wp\/v2\/media\/62154"}],"wp:attachment":[{"href":"https:\/\/abilica.com\/no\/wp-json\/wp\/v2\/media?parent=63380"}],"wp:term":[{"taxonomy":"product_brand","embeddable":true,"href":"https:\/\/abilica.com\/no\/wp-json\/wp\/v2\/product_brand?post=63380"},{"taxonomy":"product_cat","embeddable":true,"href":"https:\/\/abilica.com\/no\/wp-json\/wp\/v2\/product_cat?post=63380"},{"taxonomy":"product_tag","embeddable":true,"href":"https:\/\/abilica.com\/no\/wp-json\/wp\/v2\/product_tag?post=63380"}],"curies":[{"name":"wp","href":"https:\/\/api.w.org\/{rel}","templated":true}]}}