{"id":63383,"date":"2023-10-24T11:33:33","date_gmt":"2023-10-24T10:33:33","guid":{"rendered":"https:\/\/abilica.com\/uncategorized\/abilica-yogamat\/"},"modified":"2024-10-20T09:25:40","modified_gmt":"2024-10-20T08:25:40","slug":"abilica-yogamat","status":"publish","type":"product","link":"https:\/\/abilica.com\/no\/yoga\/yogamatte\/abilica-yogamat\/","title":{"rendered":"Abilica YogaMat"},"content":{"rendered":"<div class=\"wpb-content-wrapper\"><p>[vc_row][vc_column][vc_column_text]<\/p>\n<p class=\"lead\">Yogamatte som er spesielt godt egnet for trening av Yoga og Pilates. Matten er designet for \u00e5 gi god balanse.\u00a03.5 mm tykk. Str. 173 x 61 cm.\u00a0Ligger meget st\u00f8dig p\u00e5 gulvet. Matten kan vaskes p\u00e5 opptil 50 grader (t\u00e5ler ikke maskinvask).<\/p>\n<p>[\/vc_column_text][vc_empty_space height=&raquo;52px&raquo;][\/vc_column][\/vc_row][vc_row][vc_column width=&raquo;1\/3&#8243;][vc_btn title=&raquo;Treningsprogram&raquo; style=&raquo;flat&raquo; color=&raquo;black&raquo; i_icon_fontawesome=&raquo;fa fa-file-pdf-o&raquo; add_icon=&raquo;true&raquo; link=&raquo;url:https%3A%2F%2Fabilica.com%2Fno%2Ftreningsprogram%2Ftreningsprogram-abilica-yoga%2F||target:%20_blank|&raquo;][\/vc_column][vc_column width=&raquo;1\/3&#8243;][vc_btn title=&raquo;Treningstips&raquo; style=&raquo;flat&raquo; color=&raquo;black&raquo; i_icon_fontawesome=&raquo;fa fa-align-left&raquo; add_icon=&raquo;true&raquo; link=&raquo;url:https%3A%2F%2Fabilica.com%2Fno%2Ftreningsartikler%2Fyoga%2F||target:%20_blank|&raquo;][\/vc_column][vc_column width=&raquo;1\/3&#8243;][vc_btn title=&raquo;Treningsfilmer&raquo; style=&raquo;flat&raquo; color=&raquo;black&raquo; i_icon_fontawesome=&raquo;fa fa-youtube&raquo; add_icon=&raquo;true&raquo; link=&raquo;url:https%3A%2F%2Fwww.youtube.com%2Fwatch%3Fv%3DJOHtqUMEn7M%26list%3DPLQHQh8gb5L2Yfy3NxYqgnN5x-YAzzQlTa||target:%20_blank|&raquo;][\/vc_column][\/vc_row]<\/p>\n<\/div>","protected":false},"excerpt":{"rendered":"<p>[vc_row][vc_column][vc_column_text] Yogamatte som er spesielt godt egnet for trening av Yoga og Pilates. Matten er&#8230;<\/p>\n","protected":false},"featured_media":62156,"template":"","meta":{"_acf_changed":false},"product_brand":[],"product_cat":[436,437],"product_tag":[546],"class_list":{"0":"post-63383","1":"product","2":"type-product","3":"status-publish","4":"has-post-thumbnail","6":"product_cat-yoga","7":"product_cat-yogamatte","8":"product_tag-abilica-pregnancy-no","10":"first","11":"instock","12":"product-type-simple"},"acf":[],"yoast_head":"<!-- This site is optimized with the Yoast SEO Premium plugin v21.1 (Yoast SEO v25.4) - https:\/\/yoast.com\/wordpress\/plugins\/seo\/ -->\n<title>Abilica YogaMat Abilica<\/title>\n<meta name=\"robots\" content=\"index, follow, max-snippet:-1, max-image-preview:large, max-video-preview:-1\" \/>\n<link rel=\"canonical\" href=\"https:\/\/abilica.com\/no\/yoga\/yogamatte\/abilica-yogamat\/\" \/>\n<meta property=\"og:locale\" content=\"nb_NO\" \/>\n<meta property=\"og:type\" content=\"article\" \/>\n<meta property=\"og:title\" content=\"Abilica YogaMat\" \/>\n<meta property=\"og:description\" content=\"[vc_row][vc_column][vc_column_text] Yogamatte som er spesielt godt egnet for trening av Yoga og Pilates. Matten er...\" \/>\n<meta property=\"og:url\" content=\"https:\/\/abilica.com\/no\/yoga\/yogamatte\/abilica-yogamat\/\" \/>\n<meta property=\"og:site_name\" content=\"Abilica\" \/>\n<meta property=\"article:publisher\" content=\"https:\/\/www.facebook.com\/abilicahometraining\/\" \/>\n<meta property=\"article:modified_time\" content=\"2024-10-20T08:25:40+00:00\" \/>\n<meta property=\"og:image\" content=\"https:\/\/abilica.com\/wp-content\/uploads\/2023\/10\/373319.jpg\" \/>\n\t<meta property=\"og:image:width\" content=\"1200\" \/>\n\t<meta property=\"og:image:height\" content=\"1200\" \/>\n\t<meta property=\"og:image:type\" content=\"image\/jpeg\" \/>\n<meta name=\"twitter:card\" content=\"summary_large_image\" \/>\n<meta name=\"twitter:label1\" content=\"Ansl. lesetid\" \/>\n\t<meta name=\"twitter:data1\" content=\"1 minutt\" \/>\n<script type=\"application\/ld+json\" class=\"yoast-schema-graph\">{\"@context\":\"https:\/\/schema.org\",\"@graph\":[{\"@type\":\"WebPage\",\"@id\":\"https:\/\/abilica.com\/no\/yoga\/yogamatte\/abilica-yogamat\/\",\"url\":\"https:\/\/abilica.com\/no\/yoga\/yogamatte\/abilica-yogamat\/\",\"name\":\"Abilica YogaMat Abilica\",\"isPartOf\":{\"@id\":\"https:\/\/abilica.com\/#website\"},\"primaryImageOfPage\":{\"@id\":\"https:\/\/abilica.com\/no\/yoga\/yogamatte\/abilica-yogamat\/#primaryimage\"},\"image\":{\"@id\":\"https:\/\/abilica.com\/no\/yoga\/yogamatte\/abilica-yogamat\/#primaryimage\"},\"thumbnailUrl\":\"https:\/\/abilica.com\/wp-content\/uploads\/2023\/10\/373319.jpg\",\"datePublished\":\"2023-10-24T10:33:33+00:00\",\"dateModified\":\"2024-10-20T08:25:40+00:00\",\"breadcrumb\":{\"@id\":\"https:\/\/abilica.com\/no\/yoga\/yogamatte\/abilica-yogamat\/#breadcrumb\"},\"inLanguage\":\"nb-NO\",\"potentialAction\":[{\"@type\":\"ReadAction\",\"target\":[\"https:\/\/abilica.com\/no\/yoga\/yogamatte\/abilica-yogamat\/\"]}]},{\"@type\":\"ImageObject\",\"inLanguage\":\"nb-NO\",\"@id\":\"https:\/\/abilica.com\/no\/yoga\/yogamatte\/abilica-yogamat\/#primaryimage\",\"url\":\"https:\/\/abilica.com\/wp-content\/uploads\/2023\/10\/373319.jpg\",\"contentUrl\":\"https:\/\/abilica.com\/wp-content\/uploads\/2023\/10\/373319.jpg\",\"width\":1200,\"height\":1200},{\"@type\":\"BreadcrumbList\",\"@id\":\"https:\/\/abilica.com\/no\/yoga\/yogamatte\/abilica-yogamat\/#breadcrumb\",\"itemListElement\":[{\"@type\":\"ListItem\",\"position\":1,\"name\":\"Hem\",\"item\":\"https:\/\/abilica.com\/no\/\"},{\"@type\":\"ListItem\",\"position\":2,\"name\":\"Produkter\",\"item\":\"https:\/\/abilica.com\/no\/shop-2\/\"},{\"@type\":\"ListItem\",\"position\":3,\"name\":\"Abilica YogaMat\"}]},{\"@type\":\"WebSite\",\"@id\":\"https:\/\/abilica.com\/#website\",\"url\":\"https:\/\/abilica.com\/\",\"name\":\"Abilica\",\"description\":\"Abilica Home Training\",\"potentialAction\":[{\"@type\":\"SearchAction\",\"target\":{\"@type\":\"EntryPoint\",\"urlTemplate\":\"https:\/\/abilica.com\/?s={search_term_string}\"},\"query-input\":{\"@type\":\"PropertyValueSpecification\",\"valueRequired\":true,\"valueName\":\"search_term_string\"}}],\"inLanguage\":\"nb-NO\"}]}<\/script>\n<!-- \/ Yoast SEO Premium plugin. -->","yoast_head_json":{"title":"Abilica YogaMat Abilica","robots":{"index":"index","follow":"follow","max-snippet":"max-snippet:-1","max-image-preview":"max-image-preview:large","max-video-preview":"max-video-preview:-1"},"canonical":"https:\/\/abilica.com\/no\/yoga\/yogamatte\/abilica-yogamat\/","og_locale":"nb_NO","og_type":"article","og_title":"Abilica YogaMat","og_description":"[vc_row][vc_column][vc_column_text] Yogamatte som er spesielt godt egnet for trening av Yoga og Pilates. Matten er...","og_url":"https:\/\/abilica.com\/no\/yoga\/yogamatte\/abilica-yogamat\/","og_site_name":"Abilica","article_publisher":"https:\/\/www.facebook.com\/abilicahometraining\/","article_modified_time":"2024-10-20T08:25:40+00:00","og_image":[{"width":1200,"height":1200,"url":"https:\/\/abilica.com\/wp-content\/uploads\/2023\/10\/373319.jpg","type":"image\/jpeg"}],"twitter_card":"summary_large_image","twitter_misc":{"Ansl. lesetid":"1 minutt"},"schema":{"@context":"https:\/\/schema.org","@graph":[{"@type":"WebPage","@id":"https:\/\/abilica.com\/no\/yoga\/yogamatte\/abilica-yogamat\/","url":"https:\/\/abilica.com\/no\/yoga\/yogamatte\/abilica-yogamat\/","name":"Abilica YogaMat Abilica","isPartOf":{"@id":"https:\/\/abilica.com\/#website"},"primaryImageOfPage":{"@id":"https:\/\/abilica.com\/no\/yoga\/yogamatte\/abilica-yogamat\/#primaryimage"},"image":{"@id":"https:\/\/abilica.com\/no\/yoga\/yogamatte\/abilica-yogamat\/#primaryimage"},"thumbnailUrl":"https:\/\/abilica.com\/wp-content\/uploads\/2023\/10\/373319.jpg","datePublished":"2023-10-24T10:33:33+00:00","dateModified":"2024-10-20T08:25:40+00:00","breadcrumb":{"@id":"https:\/\/abilica.com\/no\/yoga\/yogamatte\/abilica-yogamat\/#breadcrumb"},"inLanguage":"nb-NO","potentialAction":[{"@type":"ReadAction","target":["https:\/\/abilica.com\/no\/yoga\/yogamatte\/abilica-yogamat\/"]}]},{"@type":"ImageObject","inLanguage":"nb-NO","@id":"https:\/\/abilica.com\/no\/yoga\/yogamatte\/abilica-yogamat\/#primaryimage","url":"https:\/\/abilica.com\/wp-content\/uploads\/2023\/10\/373319.jpg","contentUrl":"https:\/\/abilica.com\/wp-content\/uploads\/2023\/10\/373319.jpg","width":1200,"height":1200},{"@type":"BreadcrumbList","@id":"https:\/\/abilica.com\/no\/yoga\/yogamatte\/abilica-yogamat\/#breadcrumb","itemListElement":[{"@type":"ListItem","position":1,"name":"Hem","item":"https:\/\/abilica.com\/no\/"},{"@type":"ListItem","position":2,"name":"Produkter","item":"https:\/\/abilica.com\/no\/shop-2\/"},{"@type":"ListItem","position":3,"name":"Abilica YogaMat"}]},{"@type":"WebSite","@id":"https:\/\/abilica.com\/#website","url":"https:\/\/abilica.com\/","name":"Abilica","description":"Abilica Home Training","potentialAction":[{"@type":"SearchAction","target":{"@type":"EntryPoint","urlTemplate":"https:\/\/abilica.com\/?s={search_term_string}"},"query-input":{"@type":"PropertyValueSpecification","valueRequired":true,"valueName":"search_term_string"}}],"inLanguage":"nb-NO"}]}},"_links":{"self":[{"href":"https:\/\/abilica.com\/no\/wp-json\/wp\/v2\/product\/63383","targetHints":{"allow":["GET"]}}],"collection":[{"href":"https:\/\/abilica.com\/no\/wp-json\/wp\/v2\/product"}],"about":[{"href":"https:\/\/abilica.com\/no\/wp-json\/wp\/v2\/types\/product"}],"wp:featuredmedia":[{"embeddable":true,"href":"https:\/\/abilica.com\/no\/wp-json\/wp\/v2\/media\/62156"}],"wp:attachment":[{"href":"https:\/\/abilica.com\/no\/wp-json\/wp\/v2\/media?parent=63383"}],"wp:term":[{"taxonomy":"product_brand","embeddable":true,"href":"https:\/\/abilica.com\/no\/wp-json\/wp\/v2\/product_brand?post=63383"},{"taxonomy":"product_cat","embeddable":true,"href":"https:\/\/abilica.com\/no\/wp-json\/wp\/v2\/product_cat?post=63383"},{"taxonomy":"product_tag","embeddable":true,"href":"https:\/\/abilica.com\/no\/wp-json\/wp\/v2\/product_tag?post=63383"}],"curies":[{"name":"wp","href":"https:\/\/api.w.org\/{rel}","templated":true}]}}