{"id":63386,"date":"2023-10-24T11:33:33","date_gmt":"2023-10-24T10:33:33","guid":{"rendered":"https:\/\/abilica.com\/uncategorized\/abilica-yogamat-jute-eco\/"},"modified":"2024-01-08T11:53:52","modified_gmt":"2024-01-08T10:53:52","slug":"abilica-yogamat-jute-eco","status":"publish","type":"product","link":"https:\/\/abilica.com\/no\/yoga\/yogamatte\/abilica-yogamat-jute-eco\/","title":{"rendered":"Abilica YogaMat Jute ECO"},"content":{"rendered":"<div class=\"wpb-content-wrapper\"><p>[vc_row][vc_column][vc_column_text]<\/p>\n<p class=\"lead\"><img loading=\"lazy\" decoding=\"async\" class=\"alignnone wp-image-38205\" src=\"https:\/\/abilica.com\/no\/wp-content\/uploads\/2021\/06\/ECO-hvit.png\" alt=\"\" width=\"91\" height=\"91\" \/><\/p>\n<p class=\"lead\">Yogamatte produsert i milj\u00f8vennlig PER og naturlig Jute (Tekstilfibre fra juteplantes stilker. En ett-\u00e5rig hurtigvoksende plante) som gj\u00f8r den 100% biologisk nedbrytbar.\u00a0Med naturlig Jute og god struktur i overflaten gir denne matten godt feste for hender og f\u00f8tter samtidig som den sitter st\u00f8dig og godt i gulvet. Leveres med b\u00e6restropp i 100% ubleket bomull. St\u00f8rrelse 175 x 61 cm. Tykkelse p\u00e5 4 mm gj\u00f8r den den myk og behagelig \u00e5 ligge p\u00e5.\u00a0Kan brukes p\u00e5 begge sider. \u00d8nsker du grov overflate velg siden med Jute opp. \u00d8nsker du en mykere matte med mindre struktur, velg den andre siden med ren PER.<span class=\"Apple-converted-space\">\u00a0<\/span><\/p>\n<p>[\/vc_column_text][vc_raw_html]JTNDaWZyYW1lJTIwc3JjJTNEJTIyaHR0cHMlM0ElMkYlMkZwbGF5ZXIudmltZW8uY29tJTJGdmlkZW8lMkY2NjY2ODkxNjklM0ZoJTNEMDUxNzJlNjU2OCUyMiUyMHdpZHRoJTNEJTIyNjQwJTIyJTIwaGVpZ2h0JTNEJTIyMzYwJTIyJTIwZnJhbWVib3JkZXIlM0QlMjIwJTIyJTIwYWxsb3clM0QlMjJhdXRvcGxheSUzQiUyMGZ1bGxzY3JlZW4lM0IlMjBwaWN0dXJlLWluLXBpY3R1cmUlMjIlMjBhbGxvd2Z1bGxzY3JlZW4lM0UlM0MlMkZpZnJhbWUlM0U=[\/vc_raw_html][vc_empty_space height=&raquo;52px&raquo;][vc_btn title=&raquo;Treningstips&raquo; style=&raquo;flat&raquo; color=&raquo;black&raquo; i_icon_fontawesome=&raquo;fa fa-align-left&raquo; add_icon=&raquo;true&raquo; link=&raquo;url:https%3A%2F%2Fabilica.com%2Fno%2Ftreningsartikler%2Fyoga%2F|||&raquo;][\/vc_column][\/vc_row]<\/p>\n<\/div>","protected":false},"excerpt":{"rendered":"<p>[vc_row][vc_column][vc_column_text] Yogamatte produsert i milj\u00f8vennlig PER og naturlig Jute (Tekstilfibre fra juteplantes stilker. En ett-\u00e5rig&#8230;<\/p>\n","protected":false},"featured_media":62159,"template":"","meta":{"_acf_changed":false},"product_brand":[],"product_cat":[436,437],"product_tag":[546,550,551,179],"class_list":{"0":"post-63386","1":"product","2":"type-product","3":"status-publish","4":"has-post-thumbnail","6":"product_cat-yoga","7":"product_cat-yogamatte","8":"product_tag-abilica-pregnancy-no","9":"product_tag-eco-friendly-no","10":"product_tag-garage-gym-no","11":"product_tag-summer-workout","13":"first","14":"outofstock","15":"product-type-variable"},"acf":[],"yoast_head":"<!-- This site is optimized with the Yoast SEO Premium plugin v21.1 (Yoast SEO v25.4) - https:\/\/yoast.com\/wordpress\/plugins\/seo\/ -->\n<title>Abilica YogaMat Jute ECO Abilica<\/title>\n<meta name=\"robots\" content=\"index, follow, max-snippet:-1, max-image-preview:large, max-video-preview:-1\" \/>\n<link rel=\"canonical\" href=\"https:\/\/abilica.com\/no\/yoga\/yogamatte\/abilica-yogamat-jute-eco\/\" \/>\n<meta property=\"og:locale\" content=\"nb_NO\" \/>\n<meta property=\"og:type\" content=\"article\" \/>\n<meta property=\"og:title\" content=\"Abilica YogaMat Jute ECO\" \/>\n<meta property=\"og:description\" content=\"[vc_row][vc_column][vc_column_text] Yogamatte produsert i milj\u00f8vennlig PER og naturlig Jute (Tekstilfibre fra juteplantes stilker. En ett-\u00e5rig...\" \/>\n<meta property=\"og:url\" content=\"https:\/\/abilica.com\/no\/yoga\/yogamatte\/abilica-yogamat-jute-eco\/\" \/>\n<meta property=\"og:site_name\" content=\"Abilica\" \/>\n<meta property=\"article:publisher\" content=\"https:\/\/www.facebook.com\/abilicahometraining\/\" \/>\n<meta property=\"article:modified_time\" content=\"2024-01-08T10:53:52+00:00\" \/>\n<meta property=\"og:image\" content=\"https:\/\/abilica.com\/wp-content\/uploads\/2023\/10\/jute.jpg\" \/>\n\t<meta property=\"og:image:width\" content=\"1200\" \/>\n\t<meta property=\"og:image:height\" content=\"1200\" \/>\n\t<meta property=\"og:image:type\" content=\"image\/jpeg\" \/>\n<meta name=\"twitter:card\" content=\"summary_large_image\" \/>\n<meta name=\"twitter:label1\" content=\"Ansl. lesetid\" \/>\n\t<meta name=\"twitter:data1\" content=\"1 minutt\" \/>\n<script type=\"application\/ld+json\" class=\"yoast-schema-graph\">{\"@context\":\"https:\/\/schema.org\",\"@graph\":[{\"@type\":\"WebPage\",\"@id\":\"https:\/\/abilica.com\/no\/yoga\/yogamatte\/abilica-yogamat-jute-eco\/\",\"url\":\"https:\/\/abilica.com\/no\/yoga\/yogamatte\/abilica-yogamat-jute-eco\/\",\"name\":\"Abilica YogaMat Jute ECO Abilica\",\"isPartOf\":{\"@id\":\"https:\/\/abilica.com\/#website\"},\"primaryImageOfPage\":{\"@id\":\"https:\/\/abilica.com\/no\/yoga\/yogamatte\/abilica-yogamat-jute-eco\/#primaryimage\"},\"image\":{\"@id\":\"https:\/\/abilica.com\/no\/yoga\/yogamatte\/abilica-yogamat-jute-eco\/#primaryimage\"},\"thumbnailUrl\":\"https:\/\/abilica.com\/wp-content\/uploads\/2023\/10\/jute.jpg\",\"datePublished\":\"2023-10-24T10:33:33+00:00\",\"dateModified\":\"2024-01-08T10:53:52+00:00\",\"breadcrumb\":{\"@id\":\"https:\/\/abilica.com\/no\/yoga\/yogamatte\/abilica-yogamat-jute-eco\/#breadcrumb\"},\"inLanguage\":\"nb-NO\",\"potentialAction\":[{\"@type\":\"ReadAction\",\"target\":[\"https:\/\/abilica.com\/no\/yoga\/yogamatte\/abilica-yogamat-jute-eco\/\"]}]},{\"@type\":\"ImageObject\",\"inLanguage\":\"nb-NO\",\"@id\":\"https:\/\/abilica.com\/no\/yoga\/yogamatte\/abilica-yogamat-jute-eco\/#primaryimage\",\"url\":\"https:\/\/abilica.com\/wp-content\/uploads\/2023\/10\/jute.jpg\",\"contentUrl\":\"https:\/\/abilica.com\/wp-content\/uploads\/2023\/10\/jute.jpg\",\"width\":1200,\"height\":1200},{\"@type\":\"BreadcrumbList\",\"@id\":\"https:\/\/abilica.com\/no\/yoga\/yogamatte\/abilica-yogamat-jute-eco\/#breadcrumb\",\"itemListElement\":[{\"@type\":\"ListItem\",\"position\":1,\"name\":\"Hem\",\"item\":\"https:\/\/abilica.com\/no\/\"},{\"@type\":\"ListItem\",\"position\":2,\"name\":\"Produkter\",\"item\":\"https:\/\/abilica.com\/no\/shop-2\/\"},{\"@type\":\"ListItem\",\"position\":3,\"name\":\"Abilica YogaMat Jute ECO\"}]},{\"@type\":\"WebSite\",\"@id\":\"https:\/\/abilica.com\/#website\",\"url\":\"https:\/\/abilica.com\/\",\"name\":\"Abilica\",\"description\":\"Abilica Home Training\",\"potentialAction\":[{\"@type\":\"SearchAction\",\"target\":{\"@type\":\"EntryPoint\",\"urlTemplate\":\"https:\/\/abilica.com\/?s={search_term_string}\"},\"query-input\":{\"@type\":\"PropertyValueSpecification\",\"valueRequired\":true,\"valueName\":\"search_term_string\"}}],\"inLanguage\":\"nb-NO\"}]}<\/script>\n<!-- \/ Yoast SEO Premium plugin. -->","yoast_head_json":{"title":"Abilica YogaMat Jute ECO Abilica","robots":{"index":"index","follow":"follow","max-snippet":"max-snippet:-1","max-image-preview":"max-image-preview:large","max-video-preview":"max-video-preview:-1"},"canonical":"https:\/\/abilica.com\/no\/yoga\/yogamatte\/abilica-yogamat-jute-eco\/","og_locale":"nb_NO","og_type":"article","og_title":"Abilica YogaMat Jute ECO","og_description":"[vc_row][vc_column][vc_column_text] Yogamatte produsert i milj\u00f8vennlig PER og naturlig Jute (Tekstilfibre fra juteplantes stilker. En ett-\u00e5rig...","og_url":"https:\/\/abilica.com\/no\/yoga\/yogamatte\/abilica-yogamat-jute-eco\/","og_site_name":"Abilica","article_publisher":"https:\/\/www.facebook.com\/abilicahometraining\/","article_modified_time":"2024-01-08T10:53:52+00:00","og_image":[{"width":1200,"height":1200,"url":"https:\/\/abilica.com\/wp-content\/uploads\/2023\/10\/jute.jpg","type":"image\/jpeg"}],"twitter_card":"summary_large_image","twitter_misc":{"Ansl. lesetid":"1 minutt"},"schema":{"@context":"https:\/\/schema.org","@graph":[{"@type":"WebPage","@id":"https:\/\/abilica.com\/no\/yoga\/yogamatte\/abilica-yogamat-jute-eco\/","url":"https:\/\/abilica.com\/no\/yoga\/yogamatte\/abilica-yogamat-jute-eco\/","name":"Abilica YogaMat Jute ECO Abilica","isPartOf":{"@id":"https:\/\/abilica.com\/#website"},"primaryImageOfPage":{"@id":"https:\/\/abilica.com\/no\/yoga\/yogamatte\/abilica-yogamat-jute-eco\/#primaryimage"},"image":{"@id":"https:\/\/abilica.com\/no\/yoga\/yogamatte\/abilica-yogamat-jute-eco\/#primaryimage"},"thumbnailUrl":"https:\/\/abilica.com\/wp-content\/uploads\/2023\/10\/jute.jpg","datePublished":"2023-10-24T10:33:33+00:00","dateModified":"2024-01-08T10:53:52+00:00","breadcrumb":{"@id":"https:\/\/abilica.com\/no\/yoga\/yogamatte\/abilica-yogamat-jute-eco\/#breadcrumb"},"inLanguage":"nb-NO","potentialAction":[{"@type":"ReadAction","target":["https:\/\/abilica.com\/no\/yoga\/yogamatte\/abilica-yogamat-jute-eco\/"]}]},{"@type":"ImageObject","inLanguage":"nb-NO","@id":"https:\/\/abilica.com\/no\/yoga\/yogamatte\/abilica-yogamat-jute-eco\/#primaryimage","url":"https:\/\/abilica.com\/wp-content\/uploads\/2023\/10\/jute.jpg","contentUrl":"https:\/\/abilica.com\/wp-content\/uploads\/2023\/10\/jute.jpg","width":1200,"height":1200},{"@type":"BreadcrumbList","@id":"https:\/\/abilica.com\/no\/yoga\/yogamatte\/abilica-yogamat-jute-eco\/#breadcrumb","itemListElement":[{"@type":"ListItem","position":1,"name":"Hem","item":"https:\/\/abilica.com\/no\/"},{"@type":"ListItem","position":2,"name":"Produkter","item":"https:\/\/abilica.com\/no\/shop-2\/"},{"@type":"ListItem","position":3,"name":"Abilica YogaMat Jute ECO"}]},{"@type":"WebSite","@id":"https:\/\/abilica.com\/#website","url":"https:\/\/abilica.com\/","name":"Abilica","description":"Abilica Home Training","potentialAction":[{"@type":"SearchAction","target":{"@type":"EntryPoint","urlTemplate":"https:\/\/abilica.com\/?s={search_term_string}"},"query-input":{"@type":"PropertyValueSpecification","valueRequired":true,"valueName":"search_term_string"}}],"inLanguage":"nb-NO"}]}},"_links":{"self":[{"href":"https:\/\/abilica.com\/no\/wp-json\/wp\/v2\/product\/63386","targetHints":{"allow":["GET"]}}],"collection":[{"href":"https:\/\/abilica.com\/no\/wp-json\/wp\/v2\/product"}],"about":[{"href":"https:\/\/abilica.com\/no\/wp-json\/wp\/v2\/types\/product"}],"wp:featuredmedia":[{"embeddable":true,"href":"https:\/\/abilica.com\/no\/wp-json\/wp\/v2\/media\/62159"}],"wp:attachment":[{"href":"https:\/\/abilica.com\/no\/wp-json\/wp\/v2\/media?parent=63386"}],"wp:term":[{"taxonomy":"product_brand","embeddable":true,"href":"https:\/\/abilica.com\/no\/wp-json\/wp\/v2\/product_brand?post=63386"},{"taxonomy":"product_cat","embeddable":true,"href":"https:\/\/abilica.com\/no\/wp-json\/wp\/v2\/product_cat?post=63386"},{"taxonomy":"product_tag","embeddable":true,"href":"https:\/\/abilica.com\/no\/wp-json\/wp\/v2\/product_tag?post=63386"}],"curies":[{"name":"wp","href":"https:\/\/api.w.org\/{rel}","templated":true}]}}