{"id":63398,"date":"2023-10-24T11:33:33","date_gmt":"2023-10-24T10:33:33","guid":{"rendered":"https:\/\/abilica.com\/uncategorized\/abilica-premium-powertower-2-0\/"},"modified":"2024-04-08T17:14:40","modified_gmt":"2024-04-08T16:14:40","slug":"abilica-premium-powertower-2-0","status":"publish","type":"product","link":"https:\/\/abilica.com\/no\/styrke\/cage-rack\/abilica-premium-powertower-2-0\/","title":{"rendered":"Abilica Premium PowerTower 2.0"},"content":{"rendered":"<div class=\"wpb-content-wrapper\"><p>[vc_row][vc_column][vc_column_text el_class=&raquo;product-video&raquo;]Abilica Premium PowerTower 2.0 er et stabilt og funksjonelt treningsapparat som gir deg muligheten til \u00e5 trene styrke ved hjelp av egen kroppsvekt.\u00a0Dette kraftige apparatet gir deg muligheten til \u00e5 utf\u00f8re en rekke effektive styrke\u00f8velser som dips, push-ups, chin-ups, pull-ups og mage\u00f8velser som eksempelvis knel\u00f8ft. Dette gj\u00f8r at du kan trene b\u00e5de mage og rygg, skuldre, bryst og armer p\u00e5 en effektiv m\u00e5te.\u00a0<b><br \/>\n<\/b><\/p>\n<p>\u00d8nsker du \u00e5 gj\u00f8re \u00f8velsene lettere eller tyngre kan de gj\u00f8res med strikk. Da fester du strikken <a href=\"https:\/\/abilica.com\/no\/abilica-powerband\/\"><strong>Abilica PowerBand<\/strong><\/a> i push-ups h\u00e5ndtakene eller i pull-up stangen. Abilica Premium PowerTower 2.0 har gode polstrede puter og gumiert grep for optimal komfort og treningsopplevelse. Det er ogs\u00e5 et trinn p\u00e5 hver side, slik at du enkelt og raskt kan komme deg opp og ned fra treningsapparatet. Leveres med gummierte f\u00f8tter som beskytter gulvet.<span class=\"Apple-converted-space\">\u00a0<\/span><\/p>\n<p><b>TEKNISK INFO<br \/>\n<\/b><br \/>\n<strong>M\u00e5l oppmontert<\/strong><br \/>\n136 x 108 x 217 cm (L x B x H)<\/p>\n<p><strong>Rammest\u00f8rrelse<\/strong><br \/>\n50 x 50 mm<\/p>\n<p><strong>St\u00e5ltykkelse<\/strong><br \/>\n2 mm<\/p>\n<p><strong>Maks belastning<\/strong><br \/>\n250 kg<\/p>\n<p><strong>Produktvekt<\/strong><br \/>\n34 kg<\/p>\n<p>&nbsp;<\/p>\n<div style=\"width: 640px;\" class=\"wp-video\"><!--[if lt IE 9]><script>document.createElement('video');<\/script><![endif]-->\n<video class=\"wp-video-shortcode\" id=\"video-63398-1\" width=\"640\" height=\"360\" poster=\"https:\/\/abilica.com\/no\/wp-content\/uploads\/2023\/02\/Abilica-PowerTower-2.0-hi_04.jpg\" preload=\"metadata\" controls=\"controls\"><source type=\"video\/mp4\" src=\"https:\/\/abilica.com\/no\/wp-content\/uploads\/2020\/03\/Abilica-Premium-PowerTower-2.0_product.mp4?_=1\" \/><a href=\"https:\/\/abilica.com\/no\/wp-content\/uploads\/2020\/03\/Abilica-Premium-PowerTower-2.0_product.mp4\">https:\/\/abilica.com\/no\/wp-content\/uploads\/2020\/03\/Abilica-Premium-PowerTower-2.0_product.mp4<\/a><\/video><\/div>\n<p>[\/vc_column_text][vc_empty_space height=&raquo;52px&raquo;][\/vc_column][\/vc_row][vc_row][vc_column][vc_btn title=&raquo;Teknisk informasjon&raquo; style=&raquo;flat&raquo; color=&raquo;black&raquo; i_icon_fontawesome=&raquo;far fa-file-pdf&raquo; add_icon=&raquo;true&raquo; link=&raquo;url:https%3A%2F%2Fabilica.com%2Fno%2Fwp-content%2Fuploads%2F2021%2F06%2FBenker-mulitgym-osv-UK-1.pdf&raquo;][vc_btn title=&raquo;Brukermanual&raquo; style=&raquo;flat&raquo; color=&raquo;black&raquo; i_icon_fontawesome=&raquo;far fa-file-pdf&raquo; add_icon=&raquo;true&raquo; link=&raquo;url:https%3A%2F%2Fabilica.com%2Fno%2Fwp-content%2Fuploads%2F2020%2F12%2FAbilica-Premium-PowerTower-2.0.pdf|||&raquo;][vc_btn title=&raquo;Treningstips&raquo; style=&raquo;flat&raquo; color=&raquo;black&raquo; i_icon_fontawesome=&raquo;fas fa-align-left&raquo; add_icon=&raquo;true&raquo; link=&raquo;url:https%3A%2F%2Fabilica.com%2Fno%2Ftreningsartikler%2Fstyrke%2Fmange-treningsmuligheter-med-rack%2F|||&raquo;][\/vc_column][\/vc_row]<\/p>\n<\/div>","protected":false},"excerpt":{"rendered":"<p>[vc_row][vc_column][vc_column_text el_class=&raquo;product-video&raquo;]Abilica Premium PowerTower 2.0 er et stabilt og funksjonelt treningsapparat som gir deg muligheten&#8230;<\/p>\n","protected":false},"featured_media":62167,"template":"","meta":{"_acf_changed":false},"product_brand":[],"product_cat":[464,422],"product_tag":[],"class_list":{"0":"post-63398","1":"product","2":"type-product","3":"status-publish","4":"has-post-thumbnail","6":"product_cat-cage-rack","7":"product_cat-styrke","9":"first","10":"instock","11":"product-type-simple"},"acf":[],"yoast_head":"<!-- This site is optimized with the Yoast SEO Premium plugin v21.1 (Yoast SEO v25.4) - https:\/\/yoast.com\/wordpress\/plugins\/seo\/ -->\n<title>Abilica Premium PowerTower 2.0 Abilica<\/title>\n<meta name=\"robots\" content=\"index, follow, max-snippet:-1, max-image-preview:large, max-video-preview:-1\" \/>\n<link rel=\"canonical\" href=\"https:\/\/abilica.com\/no\/styrke\/cage-rack\/abilica-premium-powertower-2-0\/\" \/>\n<meta property=\"og:locale\" content=\"nb_NO\" \/>\n<meta property=\"og:type\" content=\"article\" \/>\n<meta property=\"og:title\" content=\"Abilica Premium PowerTower 2.0\" \/>\n<meta property=\"og:description\" content=\"[vc_row][vc_column][vc_column_text el_class=&raquo;product-video&raquo;]Abilica Premium PowerTower 2.0 er et stabilt og funksjonelt treningsapparat som gir deg muligheten...\" \/>\n<meta property=\"og:url\" content=\"https:\/\/abilica.com\/no\/styrke\/cage-rack\/abilica-premium-powertower-2-0\/\" \/>\n<meta property=\"og:site_name\" content=\"Abilica\" \/>\n<meta property=\"article:publisher\" content=\"https:\/\/www.facebook.com\/abilicahometraining\/\" \/>\n<meta property=\"article:modified_time\" content=\"2024-04-08T16:14:40+00:00\" \/>\n<meta property=\"og:image\" content=\"https:\/\/abilica.com\/wp-content\/uploads\/2023\/10\/pt2.0.hoved_.jpg\" \/>\n\t<meta property=\"og:image:width\" content=\"1200\" \/>\n\t<meta property=\"og:image:height\" content=\"1200\" \/>\n\t<meta property=\"og:image:type\" content=\"image\/jpeg\" \/>\n<meta name=\"twitter:card\" content=\"summary_large_image\" \/>\n<meta name=\"twitter:label1\" content=\"Ansl. lesetid\" \/>\n\t<meta name=\"twitter:data1\" content=\"1 minutt\" \/>\n<script type=\"application\/ld+json\" class=\"yoast-schema-graph\">{\"@context\":\"https:\/\/schema.org\",\"@graph\":[{\"@type\":\"WebPage\",\"@id\":\"https:\/\/abilica.com\/no\/styrke\/cage-rack\/abilica-premium-powertower-2-0\/\",\"url\":\"https:\/\/abilica.com\/no\/styrke\/cage-rack\/abilica-premium-powertower-2-0\/\",\"name\":\"Abilica Premium PowerTower 2.0 Abilica\",\"isPartOf\":{\"@id\":\"https:\/\/abilica.com\/#website\"},\"primaryImageOfPage\":{\"@id\":\"https:\/\/abilica.com\/no\/styrke\/cage-rack\/abilica-premium-powertower-2-0\/#primaryimage\"},\"image\":{\"@id\":\"https:\/\/abilica.com\/no\/styrke\/cage-rack\/abilica-premium-powertower-2-0\/#primaryimage\"},\"thumbnailUrl\":\"https:\/\/abilica.com\/wp-content\/uploads\/2023\/10\/pt2.0.hoved_.jpg\",\"datePublished\":\"2023-10-24T10:33:33+00:00\",\"dateModified\":\"2024-04-08T16:14:40+00:00\",\"breadcrumb\":{\"@id\":\"https:\/\/abilica.com\/no\/styrke\/cage-rack\/abilica-premium-powertower-2-0\/#breadcrumb\"},\"inLanguage\":\"nb-NO\",\"potentialAction\":[{\"@type\":\"ReadAction\",\"target\":[\"https:\/\/abilica.com\/no\/styrke\/cage-rack\/abilica-premium-powertower-2-0\/\"]}]},{\"@type\":\"ImageObject\",\"inLanguage\":\"nb-NO\",\"@id\":\"https:\/\/abilica.com\/no\/styrke\/cage-rack\/abilica-premium-powertower-2-0\/#primaryimage\",\"url\":\"https:\/\/abilica.com\/wp-content\/uploads\/2023\/10\/pt2.0.hoved_.jpg\",\"contentUrl\":\"https:\/\/abilica.com\/wp-content\/uploads\/2023\/10\/pt2.0.hoved_.jpg\",\"width\":1200,\"height\":1200},{\"@type\":\"BreadcrumbList\",\"@id\":\"https:\/\/abilica.com\/no\/styrke\/cage-rack\/abilica-premium-powertower-2-0\/#breadcrumb\",\"itemListElement\":[{\"@type\":\"ListItem\",\"position\":1,\"name\":\"Hem\",\"item\":\"https:\/\/abilica.com\/no\/\"},{\"@type\":\"ListItem\",\"position\":2,\"name\":\"Produkter\",\"item\":\"https:\/\/abilica.com\/no\/shop-2\/\"},{\"@type\":\"ListItem\",\"position\":3,\"name\":\"Abilica Premium PowerTower 2.0\"}]},{\"@type\":\"WebSite\",\"@id\":\"https:\/\/abilica.com\/#website\",\"url\":\"https:\/\/abilica.com\/\",\"name\":\"Abilica\",\"description\":\"Abilica Home Training\",\"potentialAction\":[{\"@type\":\"SearchAction\",\"target\":{\"@type\":\"EntryPoint\",\"urlTemplate\":\"https:\/\/abilica.com\/?s={search_term_string}\"},\"query-input\":{\"@type\":\"PropertyValueSpecification\",\"valueRequired\":true,\"valueName\":\"search_term_string\"}}],\"inLanguage\":\"nb-NO\"}]}<\/script>\n<!-- \/ Yoast SEO Premium plugin. -->","yoast_head_json":{"title":"Abilica Premium PowerTower 2.0 Abilica","robots":{"index":"index","follow":"follow","max-snippet":"max-snippet:-1","max-image-preview":"max-image-preview:large","max-video-preview":"max-video-preview:-1"},"canonical":"https:\/\/abilica.com\/no\/styrke\/cage-rack\/abilica-premium-powertower-2-0\/","og_locale":"nb_NO","og_type":"article","og_title":"Abilica Premium PowerTower 2.0","og_description":"[vc_row][vc_column][vc_column_text el_class=&raquo;product-video&raquo;]Abilica Premium PowerTower 2.0 er et stabilt og funksjonelt treningsapparat som gir deg muligheten...","og_url":"https:\/\/abilica.com\/no\/styrke\/cage-rack\/abilica-premium-powertower-2-0\/","og_site_name":"Abilica","article_publisher":"https:\/\/www.facebook.com\/abilicahometraining\/","article_modified_time":"2024-04-08T16:14:40+00:00","og_image":[{"width":1200,"height":1200,"url":"https:\/\/abilica.com\/wp-content\/uploads\/2023\/10\/pt2.0.hoved_.jpg","type":"image\/jpeg"}],"twitter_card":"summary_large_image","twitter_misc":{"Ansl. lesetid":"1 minutt"},"schema":{"@context":"https:\/\/schema.org","@graph":[{"@type":"WebPage","@id":"https:\/\/abilica.com\/no\/styrke\/cage-rack\/abilica-premium-powertower-2-0\/","url":"https:\/\/abilica.com\/no\/styrke\/cage-rack\/abilica-premium-powertower-2-0\/","name":"Abilica Premium PowerTower 2.0 Abilica","isPartOf":{"@id":"https:\/\/abilica.com\/#website"},"primaryImageOfPage":{"@id":"https:\/\/abilica.com\/no\/styrke\/cage-rack\/abilica-premium-powertower-2-0\/#primaryimage"},"image":{"@id":"https:\/\/abilica.com\/no\/styrke\/cage-rack\/abilica-premium-powertower-2-0\/#primaryimage"},"thumbnailUrl":"https:\/\/abilica.com\/wp-content\/uploads\/2023\/10\/pt2.0.hoved_.jpg","datePublished":"2023-10-24T10:33:33+00:00","dateModified":"2024-04-08T16:14:40+00:00","breadcrumb":{"@id":"https:\/\/abilica.com\/no\/styrke\/cage-rack\/abilica-premium-powertower-2-0\/#breadcrumb"},"inLanguage":"nb-NO","potentialAction":[{"@type":"ReadAction","target":["https:\/\/abilica.com\/no\/styrke\/cage-rack\/abilica-premium-powertower-2-0\/"]}]},{"@type":"ImageObject","inLanguage":"nb-NO","@id":"https:\/\/abilica.com\/no\/styrke\/cage-rack\/abilica-premium-powertower-2-0\/#primaryimage","url":"https:\/\/abilica.com\/wp-content\/uploads\/2023\/10\/pt2.0.hoved_.jpg","contentUrl":"https:\/\/abilica.com\/wp-content\/uploads\/2023\/10\/pt2.0.hoved_.jpg","width":1200,"height":1200},{"@type":"BreadcrumbList","@id":"https:\/\/abilica.com\/no\/styrke\/cage-rack\/abilica-premium-powertower-2-0\/#breadcrumb","itemListElement":[{"@type":"ListItem","position":1,"name":"Hem","item":"https:\/\/abilica.com\/no\/"},{"@type":"ListItem","position":2,"name":"Produkter","item":"https:\/\/abilica.com\/no\/shop-2\/"},{"@type":"ListItem","position":3,"name":"Abilica Premium PowerTower 2.0"}]},{"@type":"WebSite","@id":"https:\/\/abilica.com\/#website","url":"https:\/\/abilica.com\/","name":"Abilica","description":"Abilica Home Training","potentialAction":[{"@type":"SearchAction","target":{"@type":"EntryPoint","urlTemplate":"https:\/\/abilica.com\/?s={search_term_string}"},"query-input":{"@type":"PropertyValueSpecification","valueRequired":true,"valueName":"search_term_string"}}],"inLanguage":"nb-NO"}]}},"_links":{"self":[{"href":"https:\/\/abilica.com\/no\/wp-json\/wp\/v2\/product\/63398","targetHints":{"allow":["GET"]}}],"collection":[{"href":"https:\/\/abilica.com\/no\/wp-json\/wp\/v2\/product"}],"about":[{"href":"https:\/\/abilica.com\/no\/wp-json\/wp\/v2\/types\/product"}],"wp:featuredmedia":[{"embeddable":true,"href":"https:\/\/abilica.com\/no\/wp-json\/wp\/v2\/media\/62167"}],"wp:attachment":[{"href":"https:\/\/abilica.com\/no\/wp-json\/wp\/v2\/media?parent=63398"}],"wp:term":[{"taxonomy":"product_brand","embeddable":true,"href":"https:\/\/abilica.com\/no\/wp-json\/wp\/v2\/product_brand?post=63398"},{"taxonomy":"product_cat","embeddable":true,"href":"https:\/\/abilica.com\/no\/wp-json\/wp\/v2\/product_cat?post=63398"},{"taxonomy":"product_tag","embeddable":true,"href":"https:\/\/abilica.com\/no\/wp-json\/wp\/v2\/product_tag?post=63398"}],"curies":[{"name":"wp","href":"https:\/\/api.w.org\/{rel}","templated":true}]}}