{"id":63458,"date":"2023-10-24T11:33:48","date_gmt":"2023-10-24T10:33:48","guid":{"rendered":"https:\/\/abilica.com\/uncategorized\/abilica-journey-bt\/"},"modified":"2025-11-17T09:38:25","modified_gmt":"2025-11-17T08:38:25","slug":"abilica-journey-bt","status":"publish","type":"product","link":"https:\/\/abilica.com\/no\/kondisjon\/ellipsemaskin\/abilica-journey-bt\/","title":{"rendered":"Abilica Journey BT"},"content":{"rendered":"<div class=\"wpb-content-wrapper\"><p>[vc_row][vc_column][vc_column_text css=&raquo;&raquo; el_class=&raquo;product-video&raquo;]<\/p>\n<p class=\"lead\">Abilica Journey BT er en ellipsemaskin for deg som er opptatt av design og kvalitet. V\u00e5r toppmodell til hjemmebruk.\u00a0Abilica Journey BT leveres i eksklusivt design. Utstyrt med elektronisk justerbar magnetmotstand i 32 niv\u00e5er og lettlest computer med 12 treningsprogrammer. Steglengde p\u00e5 hele 40 cm gir gode bevegelser og godt treningsutbytte for hele kroppen. Samtidig er pedalene kun 19 cm over gulvet, noe som gj\u00f8r at den egner seg godt i rom med noe begrenset takh\u00f8yde. 8 kg svinghjul gir et jevnt tr\u00e5kk og tilstrekkelig motstand for en real treningstur. Ellipsemaskinen har h\u00e5ndpuls-sensorer p\u00e5 styret og tr\u00e5dl\u00f8s pulsmottager i konsollen. Computer med innebygget bluetooth for tilkobling av iPad\/iPhone og Android nettbrett. Med gratis-appen iConsole+ training kan du lett lage dine egne intervall \u00f8kter og treningsruter i \u00abmap my route\u00bb og i betalings-appen Kinomap trene til videoer fra spennende treningsruter fra hele verden. Motstanden vil automatisk justere seg etter terrenget for mest mulig realistisk opplevelse. Fungerer med appene Kinomap, iConsole+ og Zwift (sykkelmodus). <strong><a href=\"https:\/\/abilica.com\/no\/kinomap\/\">Les mer om Kinomap her.<\/a><\/strong><\/p>\n<p><img loading=\"lazy\" decoding=\"async\" class=\"alignnone wp-image-35587\" src=\"https:\/\/abilica.com\/no\/wp-content\/uploads\/2017\/08\/Kinomap-150x150.png\" alt=\"\" width=\"100\" height=\"100\" \/><img loading=\"lazy\" decoding=\"async\" class=\"alignnone wp-image-35589\" src=\"https:\/\/abilica.com\/no\/wp-content\/uploads\/2017\/08\/iconsole-150x150.png\" alt=\"\" width=\"100\" height=\"100\" \/><img loading=\"lazy\" decoding=\"async\" class=\"alignnone wp-image-35588\" src=\"https:\/\/abilica.com\/no\/wp-content\/uploads\/2017\/08\/zwift-150x150.png\" alt=\"\" width=\"100\" height=\"100\" \/><\/p>\n<div style=\"width: 640px;\" class=\"wp-video\"><!--[if lt IE 9]><script>document.createElement('video');<\/script><![endif]-->\n<video class=\"wp-video-shortcode\" id=\"video-63458-1\" width=\"640\" height=\"360\" poster=\"https:\/\/abilica.com\/wp-content\/uploads\/2023\/10\/373609_Journey-BT_9.jpg\" preload=\"metadata\" controls=\"controls\"><source type=\"video\/mp4\" src=\"https:\/\/abilica.com\/wp-content\/uploads\/2023\/10\/Abilica-Journey-BT-bredde.mp4?_=1\" \/><a href=\"https:\/\/abilica.com\/wp-content\/uploads\/2023\/10\/Abilica-Journey-BT-bredde.mp4\">https:\/\/abilica.com\/wp-content\/uploads\/2023\/10\/Abilica-Journey-BT-bredde.mp4<\/a><\/video><\/div>\n<p>[\/vc_column_text][vc_empty_space height=&raquo;52px&raquo;][\/vc_column][\/vc_row][vc_row][vc_column][vc_btn title=&raquo;Teknisk informasjon&raquo; style=&raquo;flat&raquo; color=&raquo;black&raquo; i_icon_fontawesome=&raquo;&raquo; add_icon=&raquo;true&raquo; link=&raquo;url:https%3A%2F%2Fabilica.com%2Fno%2Fwp-content%2Fuploads%2F2021%2F06%2FEllipsemaskiner-UK-1.pdf|target:_blank&raquo;][vc_btn title=&raquo;Brukerveiledning&raquo; style=&raquo;flat&raquo; color=&raquo;black&raquo; i_icon_fontawesome=&raquo;fa fa-file-pdf-o&raquo; add_icon=&raquo;true&raquo; link=&raquo;url:https%3A%2F%2Fabilica.com%2Fno%2Fwp-content%2Fuploads%2F2020%2F12%2FAbilica-Journey-BT.pdf||target:%20_blank|&raquo;][vc_btn title=&raquo;Vedlikeholdstips&raquo; style=&raquo;flat&raquo; color=&raquo;black&raquo; i_icon_fontawesome=&raquo;fa fa-align-left&raquo; add_icon=&raquo;true&raquo; link=&raquo;url:https%3A%2F%2Fabilica.com%2Fno%2Ftreningsartikler%2Fkondisjon%2Fvedlikehold-av-treningsapparater%2F||target:%20_blank|&raquo;][vc_btn title=&raquo;Treningstips&raquo; style=&raquo;flat&raquo; color=&raquo;black&raquo; i_icon_fontawesome=&raquo;fa fa-align-left&raquo; add_icon=&raquo;true&raquo; link=&raquo;url:https%3A%2F%2Fabilica.com%2Fno%2Ftreningsartikler%2Fkondisjon%2F||target:%20_blank|&raquo;][vc_btn title=&raquo;Abilica Stream&raquo; style=&raquo;flat&raquo; color=&raquo;black&raquo; i_icon_fontawesome=&raquo;fa fa-bluetooth-b&raquo; add_icon=&raquo;true&raquo; link=&raquo;url:https%3A%2F%2Fabilica.com%2Fno%2Fabilica-stream%2F||target:%20_blank|&raquo;][\/vc_column][\/vc_row]<\/p>\n<\/div>","protected":false},"excerpt":{"rendered":"<p>[vc_row][vc_column][vc_column_text css=&raquo;&raquo; el_class=&raquo;product-video&raquo;] Abilica Journey BT er en ellipsemaskin for deg som er opptatt av&#8230;<\/p>\n","protected":false},"featured_media":62273,"template":"","meta":{"_acf_changed":false},"product_brand":[],"product_cat":[447,426],"product_tag":[554,44],"class_list":{"0":"post-63458","1":"product","2":"type-product","3":"status-publish","4":"has-post-thumbnail","6":"product_cat-ellipsemaskin","7":"product_cat-kondisjon","8":"product_tag-kinomap-no","9":"product_tag-stream","11":"first","12":"instock","13":"product-type-simple"},"acf":[],"yoast_head":"<!-- This site is optimized with the Yoast SEO Premium plugin v21.1 (Yoast SEO v25.4) - https:\/\/yoast.com\/wordpress\/plugins\/seo\/ -->\n<title>Abilica Journey BT Abilica<\/title>\n<meta name=\"robots\" content=\"index, follow, max-snippet:-1, max-image-preview:large, max-video-preview:-1\" \/>\n<link rel=\"canonical\" href=\"https:\/\/abilica.com\/no\/kondisjon\/ellipsemaskin\/abilica-journey-bt\/\" \/>\n<meta property=\"og:locale\" content=\"nb_NO\" \/>\n<meta property=\"og:type\" content=\"article\" \/>\n<meta property=\"og:title\" content=\"Abilica Journey BT\" \/>\n<meta property=\"og:description\" content=\"[vc_row][vc_column][vc_column_text css=&raquo;&raquo; el_class=&raquo;product-video&raquo;] Abilica Journey BT er en ellipsemaskin for deg som er opptatt av...\" \/>\n<meta property=\"og:url\" content=\"https:\/\/abilica.com\/no\/kondisjon\/ellipsemaskin\/abilica-journey-bt\/\" \/>\n<meta property=\"og:site_name\" content=\"Abilica\" \/>\n<meta property=\"article:publisher\" content=\"https:\/\/www.facebook.com\/abilicahometraining\/\" \/>\n<meta property=\"article:modified_time\" content=\"2025-11-17T08:38:25+00:00\" \/>\n<meta property=\"og:image\" content=\"https:\/\/abilica.com\/wp-content\/uploads\/2023\/10\/373609.jpg\" \/>\n\t<meta property=\"og:image:width\" content=\"1200\" \/>\n\t<meta property=\"og:image:height\" content=\"1200\" \/>\n\t<meta property=\"og:image:type\" content=\"image\/jpeg\" \/>\n<meta name=\"twitter:card\" content=\"summary_large_image\" \/>\n<meta name=\"twitter:label1\" content=\"Ansl. lesetid\" \/>\n\t<meta name=\"twitter:data1\" content=\"2 minutter\" \/>\n<script type=\"application\/ld+json\" class=\"yoast-schema-graph\">{\"@context\":\"https:\/\/schema.org\",\"@graph\":[{\"@type\":\"WebPage\",\"@id\":\"https:\/\/abilica.com\/no\/kondisjon\/ellipsemaskin\/abilica-journey-bt\/\",\"url\":\"https:\/\/abilica.com\/no\/kondisjon\/ellipsemaskin\/abilica-journey-bt\/\",\"name\":\"Abilica Journey BT Abilica\",\"isPartOf\":{\"@id\":\"https:\/\/abilica.com\/#website\"},\"primaryImageOfPage\":{\"@id\":\"https:\/\/abilica.com\/no\/kondisjon\/ellipsemaskin\/abilica-journey-bt\/#primaryimage\"},\"image\":{\"@id\":\"https:\/\/abilica.com\/no\/kondisjon\/ellipsemaskin\/abilica-journey-bt\/#primaryimage\"},\"thumbnailUrl\":\"https:\/\/abilica.com\/wp-content\/uploads\/2023\/10\/373609.jpg\",\"datePublished\":\"2023-10-24T10:33:48+00:00\",\"dateModified\":\"2025-11-17T08:38:25+00:00\",\"breadcrumb\":{\"@id\":\"https:\/\/abilica.com\/no\/kondisjon\/ellipsemaskin\/abilica-journey-bt\/#breadcrumb\"},\"inLanguage\":\"nb-NO\",\"potentialAction\":[{\"@type\":\"ReadAction\",\"target\":[\"https:\/\/abilica.com\/no\/kondisjon\/ellipsemaskin\/abilica-journey-bt\/\"]}]},{\"@type\":\"ImageObject\",\"inLanguage\":\"nb-NO\",\"@id\":\"https:\/\/abilica.com\/no\/kondisjon\/ellipsemaskin\/abilica-journey-bt\/#primaryimage\",\"url\":\"https:\/\/abilica.com\/wp-content\/uploads\/2023\/10\/373609.jpg\",\"contentUrl\":\"https:\/\/abilica.com\/wp-content\/uploads\/2023\/10\/373609.jpg\",\"width\":1200,\"height\":1200},{\"@type\":\"BreadcrumbList\",\"@id\":\"https:\/\/abilica.com\/no\/kondisjon\/ellipsemaskin\/abilica-journey-bt\/#breadcrumb\",\"itemListElement\":[{\"@type\":\"ListItem\",\"position\":1,\"name\":\"Hem\",\"item\":\"https:\/\/abilica.com\/no\/\"},{\"@type\":\"ListItem\",\"position\":2,\"name\":\"Produkter\",\"item\":\"https:\/\/abilica.com\/no\/shop-2\/\"},{\"@type\":\"ListItem\",\"position\":3,\"name\":\"Abilica Journey BT\"}]},{\"@type\":\"WebSite\",\"@id\":\"https:\/\/abilica.com\/#website\",\"url\":\"https:\/\/abilica.com\/\",\"name\":\"Abilica\",\"description\":\"Abilica Home Training\",\"potentialAction\":[{\"@type\":\"SearchAction\",\"target\":{\"@type\":\"EntryPoint\",\"urlTemplate\":\"https:\/\/abilica.com\/?s={search_term_string}\"},\"query-input\":{\"@type\":\"PropertyValueSpecification\",\"valueRequired\":true,\"valueName\":\"search_term_string\"}}],\"inLanguage\":\"nb-NO\"}]}<\/script>\n<!-- \/ Yoast SEO Premium plugin. -->","yoast_head_json":{"title":"Abilica Journey BT Abilica","robots":{"index":"index","follow":"follow","max-snippet":"max-snippet:-1","max-image-preview":"max-image-preview:large","max-video-preview":"max-video-preview:-1"},"canonical":"https:\/\/abilica.com\/no\/kondisjon\/ellipsemaskin\/abilica-journey-bt\/","og_locale":"nb_NO","og_type":"article","og_title":"Abilica Journey BT","og_description":"[vc_row][vc_column][vc_column_text css=&raquo;&raquo; el_class=&raquo;product-video&raquo;] Abilica Journey BT er en ellipsemaskin for deg som er opptatt av...","og_url":"https:\/\/abilica.com\/no\/kondisjon\/ellipsemaskin\/abilica-journey-bt\/","og_site_name":"Abilica","article_publisher":"https:\/\/www.facebook.com\/abilicahometraining\/","article_modified_time":"2025-11-17T08:38:25+00:00","og_image":[{"width":1200,"height":1200,"url":"https:\/\/abilica.com\/wp-content\/uploads\/2023\/10\/373609.jpg","type":"image\/jpeg"}],"twitter_card":"summary_large_image","twitter_misc":{"Ansl. lesetid":"2 minutter"},"schema":{"@context":"https:\/\/schema.org","@graph":[{"@type":"WebPage","@id":"https:\/\/abilica.com\/no\/kondisjon\/ellipsemaskin\/abilica-journey-bt\/","url":"https:\/\/abilica.com\/no\/kondisjon\/ellipsemaskin\/abilica-journey-bt\/","name":"Abilica Journey BT Abilica","isPartOf":{"@id":"https:\/\/abilica.com\/#website"},"primaryImageOfPage":{"@id":"https:\/\/abilica.com\/no\/kondisjon\/ellipsemaskin\/abilica-journey-bt\/#primaryimage"},"image":{"@id":"https:\/\/abilica.com\/no\/kondisjon\/ellipsemaskin\/abilica-journey-bt\/#primaryimage"},"thumbnailUrl":"https:\/\/abilica.com\/wp-content\/uploads\/2023\/10\/373609.jpg","datePublished":"2023-10-24T10:33:48+00:00","dateModified":"2025-11-17T08:38:25+00:00","breadcrumb":{"@id":"https:\/\/abilica.com\/no\/kondisjon\/ellipsemaskin\/abilica-journey-bt\/#breadcrumb"},"inLanguage":"nb-NO","potentialAction":[{"@type":"ReadAction","target":["https:\/\/abilica.com\/no\/kondisjon\/ellipsemaskin\/abilica-journey-bt\/"]}]},{"@type":"ImageObject","inLanguage":"nb-NO","@id":"https:\/\/abilica.com\/no\/kondisjon\/ellipsemaskin\/abilica-journey-bt\/#primaryimage","url":"https:\/\/abilica.com\/wp-content\/uploads\/2023\/10\/373609.jpg","contentUrl":"https:\/\/abilica.com\/wp-content\/uploads\/2023\/10\/373609.jpg","width":1200,"height":1200},{"@type":"BreadcrumbList","@id":"https:\/\/abilica.com\/no\/kondisjon\/ellipsemaskin\/abilica-journey-bt\/#breadcrumb","itemListElement":[{"@type":"ListItem","position":1,"name":"Hem","item":"https:\/\/abilica.com\/no\/"},{"@type":"ListItem","position":2,"name":"Produkter","item":"https:\/\/abilica.com\/no\/shop-2\/"},{"@type":"ListItem","position":3,"name":"Abilica Journey BT"}]},{"@type":"WebSite","@id":"https:\/\/abilica.com\/#website","url":"https:\/\/abilica.com\/","name":"Abilica","description":"Abilica Home Training","potentialAction":[{"@type":"SearchAction","target":{"@type":"EntryPoint","urlTemplate":"https:\/\/abilica.com\/?s={search_term_string}"},"query-input":{"@type":"PropertyValueSpecification","valueRequired":true,"valueName":"search_term_string"}}],"inLanguage":"nb-NO"}]}},"_links":{"self":[{"href":"https:\/\/abilica.com\/no\/wp-json\/wp\/v2\/product\/63458","targetHints":{"allow":["GET"]}}],"collection":[{"href":"https:\/\/abilica.com\/no\/wp-json\/wp\/v2\/product"}],"about":[{"href":"https:\/\/abilica.com\/no\/wp-json\/wp\/v2\/types\/product"}],"wp:featuredmedia":[{"embeddable":true,"href":"https:\/\/abilica.com\/no\/wp-json\/wp\/v2\/media\/62273"}],"wp:attachment":[{"href":"https:\/\/abilica.com\/no\/wp-json\/wp\/v2\/media?parent=63458"}],"wp:term":[{"taxonomy":"product_brand","embeddable":true,"href":"https:\/\/abilica.com\/no\/wp-json\/wp\/v2\/product_brand?post=63458"},{"taxonomy":"product_cat","embeddable":true,"href":"https:\/\/abilica.com\/no\/wp-json\/wp\/v2\/product_cat?post=63458"},{"taxonomy":"product_tag","embeddable":true,"href":"https:\/\/abilica.com\/no\/wp-json\/wp\/v2\/product_tag?post=63458"}],"curies":[{"name":"wp","href":"https:\/\/api.w.org\/{rel}","templated":true}]}}