{"id":63467,"date":"2023-10-24T11:33:48","date_gmt":"2023-10-24T10:33:48","guid":{"rendered":"https:\/\/abilica.com\/uncategorized\/abilica-pushup-flexi-2\/"},"modified":"2023-10-24T13:20:17","modified_gmt":"2023-10-24T12:20:17","slug":"abilica-pushup-flexi-2","status":"publish","type":"product","link":"https:\/\/abilica.com\/no\/styrke\/smaprodukter\/abilica-pushup-flexi-2\/","title":{"rendered":"Abilica PushUp Flexi"},"content":{"rendered":"<div class=\"wpb-content-wrapper\"><p>[vc_row][vc_column][vc_column_text]Stabile og ustabile PushUp Bars i ett produkt! Snu fra flat til buet side, og du f\u00e5r i tillegg til tradisjonelle PushUp Bars ustabile PushUp Bars.\u2028 Styrker armer, skuldre, bryst og rygg. Med buet side trener du i tillegg enda flere muskler og kjernemuskulatur. Gir ogs\u00e5 mindre vondt\/belastning p\u00e5 h\u00e5ndledd. Produsert i jern belagt med myk mosegummi (EVA) som gir et godt grep ogs\u00e5 for svette hender.[\/vc_column_text][vc_empty_space height=&raquo;52px&raquo;][\/vc_column][\/vc_row][vc_row][vc_column width=&raquo;1\/2&#8243;][vc_btn title=&raquo;Treningsprogram&raquo; style=&raquo;flat&raquo; color=&raquo;black&raquo; align=&raquo;center&raquo; i_icon_fontawesome=&raquo;fa fa-file-pdf-o&raquo; add_icon=&raquo;true&raquo; link=&raquo;url:https%3A%2F%2Fabilica.com%2Fno%2Ftreningsprogram%2Ftreningsprogram-abilica-pushup-bars%2F|||&raquo;][\/vc_column][vc_column width=&raquo;1\/2&#8243;][vc_btn title=&raquo;Treningstips&raquo; style=&raquo;flat&raquo; color=&raquo;black&raquo; align=&raquo;center&raquo; i_icon_fontawesome=&raquo;fa fa-align-left&raquo; add_icon=&raquo;true&raquo; link=&raquo;url:https%3A%2F%2Fabilica.com%2Fno%2Ftreningsartikler%2Fstyrke%2Fhjemmetrening-med-pushup-bars%2F|||&raquo;][\/vc_column][\/vc_row]<\/p>\n<\/div>","protected":false},"excerpt":{"rendered":"<p>[vc_row][vc_column][vc_column_text]Stabile og ustabile PushUp Bars i ett produkt! Snu fra flat til buet side, og&#8230;<\/p>\n","protected":false},"featured_media":62281,"template":"","meta":{"_acf_changed":false},"product_brand":[],"product_cat":[423,422],"product_tag":[182,177],"class_list":{"0":"post-63467","1":"product","2":"type-product","3":"status-publish","4":"has-post-thumbnail","6":"product_cat-smaprodukter","7":"product_cat-styrke","8":"product_tag-garage-gym","9":"product_tag-small-items","11":"first","12":"instock","13":"product-type-simple"},"acf":[],"yoast_head":"<!-- This site is optimized with the Yoast SEO Premium plugin v21.1 (Yoast SEO v25.4) - https:\/\/yoast.com\/wordpress\/plugins\/seo\/ -->\n<title>Abilica PushUp Flexi Abilica<\/title>\n<meta name=\"robots\" content=\"index, follow, max-snippet:-1, max-image-preview:large, max-video-preview:-1\" \/>\n<link rel=\"canonical\" href=\"https:\/\/abilica.com\/no\/styrke\/smaprodukter\/abilica-pushup-flexi-2\/\" \/>\n<meta property=\"og:locale\" content=\"nb_NO\" \/>\n<meta property=\"og:type\" content=\"article\" \/>\n<meta property=\"og:title\" content=\"Abilica PushUp Flexi\" \/>\n<meta property=\"og:description\" content=\"[vc_row][vc_column][vc_column_text]Stabile og ustabile PushUp Bars i ett produkt! Snu fra flat til buet side, og...\" \/>\n<meta property=\"og:url\" content=\"https:\/\/abilica.com\/no\/styrke\/smaprodukter\/abilica-pushup-flexi-2\/\" \/>\n<meta property=\"og:site_name\" content=\"Abilica\" \/>\n<meta property=\"article:publisher\" content=\"https:\/\/www.facebook.com\/abilicahometraining\/\" \/>\n<meta property=\"article:modified_time\" content=\"2023-10-24T12:20:17+00:00\" \/>\n<meta property=\"og:image\" content=\"https:\/\/abilica.com\/wp-content\/uploads\/2023\/10\/373298.jpg\" \/>\n\t<meta property=\"og:image:width\" content=\"1200\" \/>\n\t<meta property=\"og:image:height\" content=\"1200\" \/>\n\t<meta property=\"og:image:type\" content=\"image\/jpeg\" \/>\n<meta name=\"twitter:card\" content=\"summary_large_image\" \/>\n<meta name=\"twitter:label1\" content=\"Ansl. lesetid\" \/>\n\t<meta name=\"twitter:data1\" content=\"1 minutt\" \/>\n<script type=\"application\/ld+json\" class=\"yoast-schema-graph\">{\"@context\":\"https:\/\/schema.org\",\"@graph\":[{\"@type\":\"WebPage\",\"@id\":\"https:\/\/abilica.com\/no\/styrke\/smaprodukter\/abilica-pushup-flexi-2\/\",\"url\":\"https:\/\/abilica.com\/no\/styrke\/smaprodukter\/abilica-pushup-flexi-2\/\",\"name\":\"Abilica PushUp Flexi Abilica\",\"isPartOf\":{\"@id\":\"https:\/\/abilica.com\/#website\"},\"primaryImageOfPage\":{\"@id\":\"https:\/\/abilica.com\/no\/styrke\/smaprodukter\/abilica-pushup-flexi-2\/#primaryimage\"},\"image\":{\"@id\":\"https:\/\/abilica.com\/no\/styrke\/smaprodukter\/abilica-pushup-flexi-2\/#primaryimage\"},\"thumbnailUrl\":\"https:\/\/abilica.com\/wp-content\/uploads\/2023\/10\/373298.jpg\",\"datePublished\":\"2023-10-24T10:33:48+00:00\",\"dateModified\":\"2023-10-24T12:20:17+00:00\",\"breadcrumb\":{\"@id\":\"https:\/\/abilica.com\/no\/styrke\/smaprodukter\/abilica-pushup-flexi-2\/#breadcrumb\"},\"inLanguage\":\"nb-NO\",\"potentialAction\":[{\"@type\":\"ReadAction\",\"target\":[\"https:\/\/abilica.com\/no\/styrke\/smaprodukter\/abilica-pushup-flexi-2\/\"]}]},{\"@type\":\"ImageObject\",\"inLanguage\":\"nb-NO\",\"@id\":\"https:\/\/abilica.com\/no\/styrke\/smaprodukter\/abilica-pushup-flexi-2\/#primaryimage\",\"url\":\"https:\/\/abilica.com\/wp-content\/uploads\/2023\/10\/373298.jpg\",\"contentUrl\":\"https:\/\/abilica.com\/wp-content\/uploads\/2023\/10\/373298.jpg\",\"width\":1200,\"height\":1200},{\"@type\":\"BreadcrumbList\",\"@id\":\"https:\/\/abilica.com\/no\/styrke\/smaprodukter\/abilica-pushup-flexi-2\/#breadcrumb\",\"itemListElement\":[{\"@type\":\"ListItem\",\"position\":1,\"name\":\"Hem\",\"item\":\"https:\/\/abilica.com\/no\/\"},{\"@type\":\"ListItem\",\"position\":2,\"name\":\"Produkter\",\"item\":\"https:\/\/abilica.com\/no\/shop-2\/\"},{\"@type\":\"ListItem\",\"position\":3,\"name\":\"Abilica PushUp Flexi\"}]},{\"@type\":\"WebSite\",\"@id\":\"https:\/\/abilica.com\/#website\",\"url\":\"https:\/\/abilica.com\/\",\"name\":\"Abilica\",\"description\":\"Abilica Home Training\",\"potentialAction\":[{\"@type\":\"SearchAction\",\"target\":{\"@type\":\"EntryPoint\",\"urlTemplate\":\"https:\/\/abilica.com\/?s={search_term_string}\"},\"query-input\":{\"@type\":\"PropertyValueSpecification\",\"valueRequired\":true,\"valueName\":\"search_term_string\"}}],\"inLanguage\":\"nb-NO\"}]}<\/script>\n<!-- \/ Yoast SEO Premium plugin. -->","yoast_head_json":{"title":"Abilica PushUp Flexi Abilica","robots":{"index":"index","follow":"follow","max-snippet":"max-snippet:-1","max-image-preview":"max-image-preview:large","max-video-preview":"max-video-preview:-1"},"canonical":"https:\/\/abilica.com\/no\/styrke\/smaprodukter\/abilica-pushup-flexi-2\/","og_locale":"nb_NO","og_type":"article","og_title":"Abilica PushUp Flexi","og_description":"[vc_row][vc_column][vc_column_text]Stabile og ustabile PushUp Bars i ett produkt! Snu fra flat til buet side, og...","og_url":"https:\/\/abilica.com\/no\/styrke\/smaprodukter\/abilica-pushup-flexi-2\/","og_site_name":"Abilica","article_publisher":"https:\/\/www.facebook.com\/abilicahometraining\/","article_modified_time":"2023-10-24T12:20:17+00:00","og_image":[{"width":1200,"height":1200,"url":"https:\/\/abilica.com\/wp-content\/uploads\/2023\/10\/373298.jpg","type":"image\/jpeg"}],"twitter_card":"summary_large_image","twitter_misc":{"Ansl. lesetid":"1 minutt"},"schema":{"@context":"https:\/\/schema.org","@graph":[{"@type":"WebPage","@id":"https:\/\/abilica.com\/no\/styrke\/smaprodukter\/abilica-pushup-flexi-2\/","url":"https:\/\/abilica.com\/no\/styrke\/smaprodukter\/abilica-pushup-flexi-2\/","name":"Abilica PushUp Flexi Abilica","isPartOf":{"@id":"https:\/\/abilica.com\/#website"},"primaryImageOfPage":{"@id":"https:\/\/abilica.com\/no\/styrke\/smaprodukter\/abilica-pushup-flexi-2\/#primaryimage"},"image":{"@id":"https:\/\/abilica.com\/no\/styrke\/smaprodukter\/abilica-pushup-flexi-2\/#primaryimage"},"thumbnailUrl":"https:\/\/abilica.com\/wp-content\/uploads\/2023\/10\/373298.jpg","datePublished":"2023-10-24T10:33:48+00:00","dateModified":"2023-10-24T12:20:17+00:00","breadcrumb":{"@id":"https:\/\/abilica.com\/no\/styrke\/smaprodukter\/abilica-pushup-flexi-2\/#breadcrumb"},"inLanguage":"nb-NO","potentialAction":[{"@type":"ReadAction","target":["https:\/\/abilica.com\/no\/styrke\/smaprodukter\/abilica-pushup-flexi-2\/"]}]},{"@type":"ImageObject","inLanguage":"nb-NO","@id":"https:\/\/abilica.com\/no\/styrke\/smaprodukter\/abilica-pushup-flexi-2\/#primaryimage","url":"https:\/\/abilica.com\/wp-content\/uploads\/2023\/10\/373298.jpg","contentUrl":"https:\/\/abilica.com\/wp-content\/uploads\/2023\/10\/373298.jpg","width":1200,"height":1200},{"@type":"BreadcrumbList","@id":"https:\/\/abilica.com\/no\/styrke\/smaprodukter\/abilica-pushup-flexi-2\/#breadcrumb","itemListElement":[{"@type":"ListItem","position":1,"name":"Hem","item":"https:\/\/abilica.com\/no\/"},{"@type":"ListItem","position":2,"name":"Produkter","item":"https:\/\/abilica.com\/no\/shop-2\/"},{"@type":"ListItem","position":3,"name":"Abilica PushUp Flexi"}]},{"@type":"WebSite","@id":"https:\/\/abilica.com\/#website","url":"https:\/\/abilica.com\/","name":"Abilica","description":"Abilica Home Training","potentialAction":[{"@type":"SearchAction","target":{"@type":"EntryPoint","urlTemplate":"https:\/\/abilica.com\/?s={search_term_string}"},"query-input":{"@type":"PropertyValueSpecification","valueRequired":true,"valueName":"search_term_string"}}],"inLanguage":"nb-NO"}]}},"_links":{"self":[{"href":"https:\/\/abilica.com\/no\/wp-json\/wp\/v2\/product\/63467","targetHints":{"allow":["GET"]}}],"collection":[{"href":"https:\/\/abilica.com\/no\/wp-json\/wp\/v2\/product"}],"about":[{"href":"https:\/\/abilica.com\/no\/wp-json\/wp\/v2\/types\/product"}],"wp:featuredmedia":[{"embeddable":true,"href":"https:\/\/abilica.com\/no\/wp-json\/wp\/v2\/media\/62281"}],"wp:attachment":[{"href":"https:\/\/abilica.com\/no\/wp-json\/wp\/v2\/media?parent=63467"}],"wp:term":[{"taxonomy":"product_brand","embeddable":true,"href":"https:\/\/abilica.com\/no\/wp-json\/wp\/v2\/product_brand?post=63467"},{"taxonomy":"product_cat","embeddable":true,"href":"https:\/\/abilica.com\/no\/wp-json\/wp\/v2\/product_cat?post=63467"},{"taxonomy":"product_tag","embeddable":true,"href":"https:\/\/abilica.com\/no\/wp-json\/wp\/v2\/product_tag?post=63467"}],"curies":[{"name":"wp","href":"https:\/\/api.w.org\/{rel}","templated":true}]}}