{"id":63479,"date":"2023-10-24T11:34:00","date_gmt":"2023-10-24T10:34:00","guid":{"rendered":"https:\/\/abilica.com\/uncategorized\/abilica-powerslides\/"},"modified":"2023-10-24T13:20:38","modified_gmt":"2023-10-24T12:20:38","slug":"abilica-powerslides","status":"publish","type":"product","link":"https:\/\/abilica.com\/no\/styrke\/smaprodukter\/abilica-powerslides\/","title":{"rendered":"Abilica PowerSlides"},"content":{"rendered":"<div class=\"wpb-content-wrapper\"><p>[vc_row][vc_column][vc_column_text]PowerSlide er kjernetrening p\u00e5 sitt beste! Ved hjelp av disse mattene f\u00e5r du en komplett trenings\u00f8kt med \u00f8velser som b\u00e5de er funksjonelle og stabiliserende. Ligg\u00a0ned p\u00e5 gulvet og la armer og ben skli frem og tilbake, ut og inn. PowerSlide gir deg virkelig en komplett styrketrenings\u00f8kt, med funksjonelle og stabiliserende \u00f8velser, lette og tunge. Med PowerSlide f\u00e5r du utviklet muskulaturen og samspillet i kroppen, med en rekke \u00f8velser for armer, skuldre, bryst, mage, rygg, sete og l\u00e5r. Settet best\u00e5r av to puter. Praktisk pose for oppbevaring medf\u00f8lger.[\/vc_column_text][vc_empty_space height=&raquo;52px&raquo;][\/vc_column][\/vc_row][vc_row][vc_column width=&raquo;1\/2&#8243;][vc_btn title=&raquo;Treningsprogram&raquo; style=&raquo;flat&raquo; color=&raquo;black&raquo; i_icon_fontawesome=&raquo;fa fa-file-pdf-o&raquo; add_icon=&raquo;true&raquo; link=&raquo;url:https%3A%2F%2Fabilica.com%2Fno%2Ftreningsprogram%2Ftreningsprogram-abilica-powerslide%2F|||&raquo;][\/vc_column][vc_column width=&raquo;1\/2&#8243;][vc_btn title=&raquo;Treningstips&raquo; style=&raquo;flat&raquo; color=&raquo;black&raquo; i_icon_fontawesome=&raquo;fa fa-align-left&raquo; add_icon=&raquo;true&raquo; link=&raquo;url:https%3A%2F%2Fabilica.com%2Fno%2Ftreningsartikler%2Fstyrke%2Fovelser-med-sklimatte%2F|||&raquo;][\/vc_column][\/vc_row]<\/p>\n<\/div>","protected":false},"excerpt":{"rendered":"<p>[vc_row][vc_column][vc_column_text]PowerSlide er kjernetrening p\u00e5 sitt beste! Ved hjelp av disse mattene f\u00e5r du en komplett&#8230;<\/p>\n","protected":false},"featured_media":62295,"template":"","meta":{"_acf_changed":false},"product_brand":[],"product_cat":[423,422],"product_tag":[177],"class_list":{"0":"post-63479","1":"product","2":"type-product","3":"status-publish","4":"has-post-thumbnail","6":"product_cat-smaprodukter","7":"product_cat-styrke","8":"product_tag-small-items","10":"first","11":"instock","12":"product-type-simple"},"acf":[],"yoast_head":"<!-- This site is optimized with the Yoast SEO Premium plugin v21.1 (Yoast SEO v25.4) - https:\/\/yoast.com\/wordpress\/plugins\/seo\/ -->\n<title>Abilica PowerSlides Abilica<\/title>\n<meta name=\"robots\" content=\"index, follow, max-snippet:-1, max-image-preview:large, max-video-preview:-1\" \/>\n<link rel=\"canonical\" href=\"https:\/\/abilica.com\/no\/styrke\/smaprodukter\/abilica-powerslides\/\" \/>\n<meta property=\"og:locale\" content=\"nb_NO\" \/>\n<meta property=\"og:type\" content=\"article\" \/>\n<meta property=\"og:title\" content=\"Abilica PowerSlides\" \/>\n<meta property=\"og:description\" content=\"[vc_row][vc_column][vc_column_text]PowerSlide er kjernetrening p\u00e5 sitt beste! Ved hjelp av disse mattene f\u00e5r du en komplett...\" \/>\n<meta property=\"og:url\" content=\"https:\/\/abilica.com\/no\/styrke\/smaprodukter\/abilica-powerslides\/\" \/>\n<meta property=\"og:site_name\" content=\"Abilica\" \/>\n<meta property=\"article:publisher\" content=\"https:\/\/www.facebook.com\/abilicahometraining\/\" \/>\n<meta property=\"article:modified_time\" content=\"2023-10-24T12:20:38+00:00\" \/>\n<meta property=\"og:image\" content=\"https:\/\/abilica.com\/wp-content\/uploads\/2023\/10\/373590.jpg\" \/>\n\t<meta property=\"og:image:width\" content=\"1200\" \/>\n\t<meta property=\"og:image:height\" content=\"1200\" \/>\n\t<meta property=\"og:image:type\" content=\"image\/jpeg\" \/>\n<meta name=\"twitter:card\" content=\"summary_large_image\" \/>\n<meta name=\"twitter:label1\" content=\"Ansl. lesetid\" \/>\n\t<meta name=\"twitter:data1\" content=\"1 minutt\" \/>\n<script type=\"application\/ld+json\" class=\"yoast-schema-graph\">{\"@context\":\"https:\/\/schema.org\",\"@graph\":[{\"@type\":\"WebPage\",\"@id\":\"https:\/\/abilica.com\/no\/styrke\/smaprodukter\/abilica-powerslides\/\",\"url\":\"https:\/\/abilica.com\/no\/styrke\/smaprodukter\/abilica-powerslides\/\",\"name\":\"Abilica PowerSlides Abilica\",\"isPartOf\":{\"@id\":\"https:\/\/abilica.com\/#website\"},\"primaryImageOfPage\":{\"@id\":\"https:\/\/abilica.com\/no\/styrke\/smaprodukter\/abilica-powerslides\/#primaryimage\"},\"image\":{\"@id\":\"https:\/\/abilica.com\/no\/styrke\/smaprodukter\/abilica-powerslides\/#primaryimage\"},\"thumbnailUrl\":\"https:\/\/abilica.com\/wp-content\/uploads\/2023\/10\/373590.jpg\",\"datePublished\":\"2023-10-24T10:34:00+00:00\",\"dateModified\":\"2023-10-24T12:20:38+00:00\",\"breadcrumb\":{\"@id\":\"https:\/\/abilica.com\/no\/styrke\/smaprodukter\/abilica-powerslides\/#breadcrumb\"},\"inLanguage\":\"nb-NO\",\"potentialAction\":[{\"@type\":\"ReadAction\",\"target\":[\"https:\/\/abilica.com\/no\/styrke\/smaprodukter\/abilica-powerslides\/\"]}]},{\"@type\":\"ImageObject\",\"inLanguage\":\"nb-NO\",\"@id\":\"https:\/\/abilica.com\/no\/styrke\/smaprodukter\/abilica-powerslides\/#primaryimage\",\"url\":\"https:\/\/abilica.com\/wp-content\/uploads\/2023\/10\/373590.jpg\",\"contentUrl\":\"https:\/\/abilica.com\/wp-content\/uploads\/2023\/10\/373590.jpg\",\"width\":1200,\"height\":1200},{\"@type\":\"BreadcrumbList\",\"@id\":\"https:\/\/abilica.com\/no\/styrke\/smaprodukter\/abilica-powerslides\/#breadcrumb\",\"itemListElement\":[{\"@type\":\"ListItem\",\"position\":1,\"name\":\"Hem\",\"item\":\"https:\/\/abilica.com\/no\/\"},{\"@type\":\"ListItem\",\"position\":2,\"name\":\"Produkter\",\"item\":\"https:\/\/abilica.com\/no\/shop-2\/\"},{\"@type\":\"ListItem\",\"position\":3,\"name\":\"Abilica PowerSlides\"}]},{\"@type\":\"WebSite\",\"@id\":\"https:\/\/abilica.com\/#website\",\"url\":\"https:\/\/abilica.com\/\",\"name\":\"Abilica\",\"description\":\"Abilica Home Training\",\"potentialAction\":[{\"@type\":\"SearchAction\",\"target\":{\"@type\":\"EntryPoint\",\"urlTemplate\":\"https:\/\/abilica.com\/?s={search_term_string}\"},\"query-input\":{\"@type\":\"PropertyValueSpecification\",\"valueRequired\":true,\"valueName\":\"search_term_string\"}}],\"inLanguage\":\"nb-NO\"}]}<\/script>\n<!-- \/ Yoast SEO Premium plugin. -->","yoast_head_json":{"title":"Abilica PowerSlides Abilica","robots":{"index":"index","follow":"follow","max-snippet":"max-snippet:-1","max-image-preview":"max-image-preview:large","max-video-preview":"max-video-preview:-1"},"canonical":"https:\/\/abilica.com\/no\/styrke\/smaprodukter\/abilica-powerslides\/","og_locale":"nb_NO","og_type":"article","og_title":"Abilica PowerSlides","og_description":"[vc_row][vc_column][vc_column_text]PowerSlide er kjernetrening p\u00e5 sitt beste! Ved hjelp av disse mattene f\u00e5r du en komplett...","og_url":"https:\/\/abilica.com\/no\/styrke\/smaprodukter\/abilica-powerslides\/","og_site_name":"Abilica","article_publisher":"https:\/\/www.facebook.com\/abilicahometraining\/","article_modified_time":"2023-10-24T12:20:38+00:00","og_image":[{"width":1200,"height":1200,"url":"https:\/\/abilica.com\/wp-content\/uploads\/2023\/10\/373590.jpg","type":"image\/jpeg"}],"twitter_card":"summary_large_image","twitter_misc":{"Ansl. lesetid":"1 minutt"},"schema":{"@context":"https:\/\/schema.org","@graph":[{"@type":"WebPage","@id":"https:\/\/abilica.com\/no\/styrke\/smaprodukter\/abilica-powerslides\/","url":"https:\/\/abilica.com\/no\/styrke\/smaprodukter\/abilica-powerslides\/","name":"Abilica PowerSlides Abilica","isPartOf":{"@id":"https:\/\/abilica.com\/#website"},"primaryImageOfPage":{"@id":"https:\/\/abilica.com\/no\/styrke\/smaprodukter\/abilica-powerslides\/#primaryimage"},"image":{"@id":"https:\/\/abilica.com\/no\/styrke\/smaprodukter\/abilica-powerslides\/#primaryimage"},"thumbnailUrl":"https:\/\/abilica.com\/wp-content\/uploads\/2023\/10\/373590.jpg","datePublished":"2023-10-24T10:34:00+00:00","dateModified":"2023-10-24T12:20:38+00:00","breadcrumb":{"@id":"https:\/\/abilica.com\/no\/styrke\/smaprodukter\/abilica-powerslides\/#breadcrumb"},"inLanguage":"nb-NO","potentialAction":[{"@type":"ReadAction","target":["https:\/\/abilica.com\/no\/styrke\/smaprodukter\/abilica-powerslides\/"]}]},{"@type":"ImageObject","inLanguage":"nb-NO","@id":"https:\/\/abilica.com\/no\/styrke\/smaprodukter\/abilica-powerslides\/#primaryimage","url":"https:\/\/abilica.com\/wp-content\/uploads\/2023\/10\/373590.jpg","contentUrl":"https:\/\/abilica.com\/wp-content\/uploads\/2023\/10\/373590.jpg","width":1200,"height":1200},{"@type":"BreadcrumbList","@id":"https:\/\/abilica.com\/no\/styrke\/smaprodukter\/abilica-powerslides\/#breadcrumb","itemListElement":[{"@type":"ListItem","position":1,"name":"Hem","item":"https:\/\/abilica.com\/no\/"},{"@type":"ListItem","position":2,"name":"Produkter","item":"https:\/\/abilica.com\/no\/shop-2\/"},{"@type":"ListItem","position":3,"name":"Abilica PowerSlides"}]},{"@type":"WebSite","@id":"https:\/\/abilica.com\/#website","url":"https:\/\/abilica.com\/","name":"Abilica","description":"Abilica Home Training","potentialAction":[{"@type":"SearchAction","target":{"@type":"EntryPoint","urlTemplate":"https:\/\/abilica.com\/?s={search_term_string}"},"query-input":{"@type":"PropertyValueSpecification","valueRequired":true,"valueName":"search_term_string"}}],"inLanguage":"nb-NO"}]}},"_links":{"self":[{"href":"https:\/\/abilica.com\/no\/wp-json\/wp\/v2\/product\/63479","targetHints":{"allow":["GET"]}}],"collection":[{"href":"https:\/\/abilica.com\/no\/wp-json\/wp\/v2\/product"}],"about":[{"href":"https:\/\/abilica.com\/no\/wp-json\/wp\/v2\/types\/product"}],"wp:featuredmedia":[{"embeddable":true,"href":"https:\/\/abilica.com\/no\/wp-json\/wp\/v2\/media\/62295"}],"wp:attachment":[{"href":"https:\/\/abilica.com\/no\/wp-json\/wp\/v2\/media?parent=63479"}],"wp:term":[{"taxonomy":"product_brand","embeddable":true,"href":"https:\/\/abilica.com\/no\/wp-json\/wp\/v2\/product_brand?post=63479"},{"taxonomy":"product_cat","embeddable":true,"href":"https:\/\/abilica.com\/no\/wp-json\/wp\/v2\/product_cat?post=63479"},{"taxonomy":"product_tag","embeddable":true,"href":"https:\/\/abilica.com\/no\/wp-json\/wp\/v2\/product_tag?post=63479"}],"curies":[{"name":"wp","href":"https:\/\/api.w.org\/{rel}","templated":true}]}}