{"id":63491,"date":"2023-10-24T11:34:00","date_gmt":"2023-10-24T10:34:00","guid":{"rendered":"https:\/\/abilica.com\/uncategorized\/abilica-massagegun-pro\/"},"modified":"2024-06-18T13:02:17","modified_gmt":"2024-06-18T12:02:17","slug":"abilica-massagegun-pro","status":"publish","type":"product","link":"https:\/\/abilica.com\/no\/massasje\/abilica-massagegun-pro\/","title":{"rendered":"Abilica MassageGun Pro"},"content":{"rendered":"<div class=\"wpb-content-wrapper\"><p>[vc_row][vc_column][vc_column_text]Den effektive Abilica MassageGun Pro har 6 massasjefrekvenser mellom 1200-2800 repetisjoner per minutt som gir en god mulighet til \u00e5 tilpasse vibrasjonen best mulig for en effektiv massasje. Det f\u00f8lger med hele 5 ulike massasjehoder som er tilpasset forskjellige muskelgrupper for \u00e5 gi en variert og god massasje. Massasjepistolen er oppladningsbar og batteritiden er 2-5 timer. Ladetiden er ca 3.5 timer. Abilica MassageGun Pro er stilleg\u00e5ende, har et stilrent design og leveres i ett praktisk etui der alle delene kan oppbevares samlet.<\/p>\n<p><strong>Batteri:<\/strong> 2000mah 20W<br \/>\n<strong>Batteritid:<\/strong>\u00a02-5 timer<br \/>\n<strong>Ladetid:<\/strong> 3,5 timer<br \/>\n<strong>Vekt:<\/strong> 700 gram<br \/>\n<strong>Materiale:<\/strong> Rustfritt st\u00e5l, ABS og Silica Gel<br \/>\n<strong>Massagefrekvens:<\/strong> 1200-2800<br \/>\n<strong>Utslag:<\/strong> 8 mm<\/p>\n<p><strong>Massageniv\u00e5er<\/strong><br \/>\nNiv\u00e5 1: 1200 rpm<br \/>\nNiv\u00e5 2: 1520 rpm<br \/>\nNiv\u00e5 3: 1840 rpm<br \/>\nNiv\u00e5 4: 2160 rpm<br \/>\nNiv\u00e5 5: 2480 rpm<br \/>\nNiv\u00e5 6: 2800 rpm<\/p>\n<p><strong>Produktet inneholder<\/strong><br \/>\n1 stk Massasjepistol<br \/>\n5 stk ulike massasjehoder<br \/>\n1 stk lader<br \/>\n1 stk etui for oppbevaring[\/vc_column_text][vc_video link=&raquo;https:\/\/vimeo.com\/674843026&#8243; align=&raquo;center&raquo;][vc_empty_space height=&raquo;52px&raquo;][vc_btn title=&raquo;Treningstips&raquo; style=&raquo;flat&raquo; color=&raquo;black&raquo; i_icon_fontawesome=&raquo;fa fa-align-left&raquo; add_icon=&raquo;true&raquo; link=&raquo;url:https%3A%2F%2Fabilica.com%2Fno%2Ftreningsartikler%2Frestitusjon%2F|||&raquo;][\/vc_column][\/vc_row]<\/p>\n<\/div>","protected":false},"excerpt":{"rendered":"<p>[vc_row][vc_column][vc_column_text]Den effektive Abilica MassageGun Pro har 6 massasjefrekvenser mellom 1200-2800 repetisjoner per minutt som gir&#8230;<\/p>\n","protected":false},"featured_media":62303,"template":"","meta":{"_acf_changed":false},"product_brand":[],"product_cat":[461,432],"product_tag":[552,177],"class_list":{"0":"post-63491","1":"product","2":"type-product","3":"status-publish","4":"has-post-thumbnail","6":"product_cat-massasje","7":"product_cat-restitusjon-og-skadeforebyggende","8":"product_tag-home-gym-no","9":"product_tag-small-items","11":"first","12":"outofstock","13":"product-type-simple"},"acf":[],"yoast_head":"<!-- This site is optimized with the Yoast SEO Premium plugin v21.1 (Yoast SEO v25.4) - https:\/\/yoast.com\/wordpress\/plugins\/seo\/ -->\n<title>Abilica MassageGun Pro Abilica<\/title>\n<meta name=\"robots\" content=\"index, follow, max-snippet:-1, max-image-preview:large, max-video-preview:-1\" \/>\n<link rel=\"canonical\" href=\"https:\/\/abilica.com\/no\/massasje\/abilica-massagegun-pro\/\" \/>\n<meta property=\"og:locale\" content=\"nb_NO\" \/>\n<meta property=\"og:type\" content=\"article\" \/>\n<meta property=\"og:title\" content=\"Abilica MassageGun Pro\" \/>\n<meta property=\"og:description\" content=\"[vc_row][vc_column][vc_column_text]Den effektive Abilica MassageGun Pro har 6 massasjefrekvenser mellom 1200-2800 repetisjoner per minutt som gir...\" \/>\n<meta property=\"og:url\" content=\"https:\/\/abilica.com\/no\/massasje\/abilica-massagegun-pro\/\" \/>\n<meta property=\"og:site_name\" content=\"Abilica\" \/>\n<meta property=\"article:publisher\" content=\"https:\/\/www.facebook.com\/abilicahometraining\/\" \/>\n<meta property=\"article:modified_time\" content=\"2024-06-18T12:02:17+00:00\" \/>\n<meta property=\"og:image\" content=\"https:\/\/abilica.com\/wp-content\/uploads\/2023\/10\/373816.jpg\" \/>\n\t<meta property=\"og:image:width\" content=\"1200\" \/>\n\t<meta property=\"og:image:height\" content=\"1200\" \/>\n\t<meta property=\"og:image:type\" content=\"image\/jpeg\" \/>\n<meta name=\"twitter:card\" content=\"summary_large_image\" \/>\n<meta name=\"twitter:label1\" content=\"Ansl. lesetid\" \/>\n\t<meta name=\"twitter:data1\" content=\"1 minutt\" \/>\n<script type=\"application\/ld+json\" class=\"yoast-schema-graph\">{\"@context\":\"https:\/\/schema.org\",\"@graph\":[{\"@type\":\"WebPage\",\"@id\":\"https:\/\/abilica.com\/no\/massasje\/abilica-massagegun-pro\/\",\"url\":\"https:\/\/abilica.com\/no\/massasje\/abilica-massagegun-pro\/\",\"name\":\"Abilica MassageGun Pro Abilica\",\"isPartOf\":{\"@id\":\"https:\/\/abilica.com\/#website\"},\"primaryImageOfPage\":{\"@id\":\"https:\/\/abilica.com\/no\/massasje\/abilica-massagegun-pro\/#primaryimage\"},\"image\":{\"@id\":\"https:\/\/abilica.com\/no\/massasje\/abilica-massagegun-pro\/#primaryimage\"},\"thumbnailUrl\":\"https:\/\/abilica.com\/wp-content\/uploads\/2023\/10\/373816.jpg\",\"datePublished\":\"2023-10-24T10:34:00+00:00\",\"dateModified\":\"2024-06-18T12:02:17+00:00\",\"breadcrumb\":{\"@id\":\"https:\/\/abilica.com\/no\/massasje\/abilica-massagegun-pro\/#breadcrumb\"},\"inLanguage\":\"nb-NO\",\"potentialAction\":[{\"@type\":\"ReadAction\",\"target\":[\"https:\/\/abilica.com\/no\/massasje\/abilica-massagegun-pro\/\"]}]},{\"@type\":\"ImageObject\",\"inLanguage\":\"nb-NO\",\"@id\":\"https:\/\/abilica.com\/no\/massasje\/abilica-massagegun-pro\/#primaryimage\",\"url\":\"https:\/\/abilica.com\/wp-content\/uploads\/2023\/10\/373816.jpg\",\"contentUrl\":\"https:\/\/abilica.com\/wp-content\/uploads\/2023\/10\/373816.jpg\",\"width\":1200,\"height\":1200},{\"@type\":\"BreadcrumbList\",\"@id\":\"https:\/\/abilica.com\/no\/massasje\/abilica-massagegun-pro\/#breadcrumb\",\"itemListElement\":[{\"@type\":\"ListItem\",\"position\":1,\"name\":\"Hem\",\"item\":\"https:\/\/abilica.com\/no\/\"},{\"@type\":\"ListItem\",\"position\":2,\"name\":\"Produkter\",\"item\":\"https:\/\/abilica.com\/no\/shop-2\/\"},{\"@type\":\"ListItem\",\"position\":3,\"name\":\"Abilica MassageGun Pro\"}]},{\"@type\":\"WebSite\",\"@id\":\"https:\/\/abilica.com\/#website\",\"url\":\"https:\/\/abilica.com\/\",\"name\":\"Abilica\",\"description\":\"Abilica Home Training\",\"potentialAction\":[{\"@type\":\"SearchAction\",\"target\":{\"@type\":\"EntryPoint\",\"urlTemplate\":\"https:\/\/abilica.com\/?s={search_term_string}\"},\"query-input\":{\"@type\":\"PropertyValueSpecification\",\"valueRequired\":true,\"valueName\":\"search_term_string\"}}],\"inLanguage\":\"nb-NO\"}]}<\/script>\n<!-- \/ Yoast SEO Premium plugin. -->","yoast_head_json":{"title":"Abilica MassageGun Pro Abilica","robots":{"index":"index","follow":"follow","max-snippet":"max-snippet:-1","max-image-preview":"max-image-preview:large","max-video-preview":"max-video-preview:-1"},"canonical":"https:\/\/abilica.com\/no\/massasje\/abilica-massagegun-pro\/","og_locale":"nb_NO","og_type":"article","og_title":"Abilica MassageGun Pro","og_description":"[vc_row][vc_column][vc_column_text]Den effektive Abilica MassageGun Pro har 6 massasjefrekvenser mellom 1200-2800 repetisjoner per minutt som gir...","og_url":"https:\/\/abilica.com\/no\/massasje\/abilica-massagegun-pro\/","og_site_name":"Abilica","article_publisher":"https:\/\/www.facebook.com\/abilicahometraining\/","article_modified_time":"2024-06-18T12:02:17+00:00","og_image":[{"width":1200,"height":1200,"url":"https:\/\/abilica.com\/wp-content\/uploads\/2023\/10\/373816.jpg","type":"image\/jpeg"}],"twitter_card":"summary_large_image","twitter_misc":{"Ansl. lesetid":"1 minutt"},"schema":{"@context":"https:\/\/schema.org","@graph":[{"@type":"WebPage","@id":"https:\/\/abilica.com\/no\/massasje\/abilica-massagegun-pro\/","url":"https:\/\/abilica.com\/no\/massasje\/abilica-massagegun-pro\/","name":"Abilica MassageGun Pro Abilica","isPartOf":{"@id":"https:\/\/abilica.com\/#website"},"primaryImageOfPage":{"@id":"https:\/\/abilica.com\/no\/massasje\/abilica-massagegun-pro\/#primaryimage"},"image":{"@id":"https:\/\/abilica.com\/no\/massasje\/abilica-massagegun-pro\/#primaryimage"},"thumbnailUrl":"https:\/\/abilica.com\/wp-content\/uploads\/2023\/10\/373816.jpg","datePublished":"2023-10-24T10:34:00+00:00","dateModified":"2024-06-18T12:02:17+00:00","breadcrumb":{"@id":"https:\/\/abilica.com\/no\/massasje\/abilica-massagegun-pro\/#breadcrumb"},"inLanguage":"nb-NO","potentialAction":[{"@type":"ReadAction","target":["https:\/\/abilica.com\/no\/massasje\/abilica-massagegun-pro\/"]}]},{"@type":"ImageObject","inLanguage":"nb-NO","@id":"https:\/\/abilica.com\/no\/massasje\/abilica-massagegun-pro\/#primaryimage","url":"https:\/\/abilica.com\/wp-content\/uploads\/2023\/10\/373816.jpg","contentUrl":"https:\/\/abilica.com\/wp-content\/uploads\/2023\/10\/373816.jpg","width":1200,"height":1200},{"@type":"BreadcrumbList","@id":"https:\/\/abilica.com\/no\/massasje\/abilica-massagegun-pro\/#breadcrumb","itemListElement":[{"@type":"ListItem","position":1,"name":"Hem","item":"https:\/\/abilica.com\/no\/"},{"@type":"ListItem","position":2,"name":"Produkter","item":"https:\/\/abilica.com\/no\/shop-2\/"},{"@type":"ListItem","position":3,"name":"Abilica MassageGun Pro"}]},{"@type":"WebSite","@id":"https:\/\/abilica.com\/#website","url":"https:\/\/abilica.com\/","name":"Abilica","description":"Abilica Home Training","potentialAction":[{"@type":"SearchAction","target":{"@type":"EntryPoint","urlTemplate":"https:\/\/abilica.com\/?s={search_term_string}"},"query-input":{"@type":"PropertyValueSpecification","valueRequired":true,"valueName":"search_term_string"}}],"inLanguage":"nb-NO"}]}},"_links":{"self":[{"href":"https:\/\/abilica.com\/no\/wp-json\/wp\/v2\/product\/63491","targetHints":{"allow":["GET"]}}],"collection":[{"href":"https:\/\/abilica.com\/no\/wp-json\/wp\/v2\/product"}],"about":[{"href":"https:\/\/abilica.com\/no\/wp-json\/wp\/v2\/types\/product"}],"wp:featuredmedia":[{"embeddable":true,"href":"https:\/\/abilica.com\/no\/wp-json\/wp\/v2\/media\/62303"}],"wp:attachment":[{"href":"https:\/\/abilica.com\/no\/wp-json\/wp\/v2\/media?parent=63491"}],"wp:term":[{"taxonomy":"product_brand","embeddable":true,"href":"https:\/\/abilica.com\/no\/wp-json\/wp\/v2\/product_brand?post=63491"},{"taxonomy":"product_cat","embeddable":true,"href":"https:\/\/abilica.com\/no\/wp-json\/wp\/v2\/product_cat?post=63491"},{"taxonomy":"product_tag","embeddable":true,"href":"https:\/\/abilica.com\/no\/wp-json\/wp\/v2\/product_tag?post=63491"}],"curies":[{"name":"wp","href":"https:\/\/api.w.org\/{rel}","templated":true}]}}