{"id":63494,"date":"2023-10-24T11:34:00","date_gmt":"2023-10-24T10:34:00","guid":{"rendered":"https:\/\/abilica.com\/uncategorized\/abilica-foamroller-pro\/"},"modified":"2024-09-09T13:05:09","modified_gmt":"2024-09-09T12:05:09","slug":"abilica-foamroller-pro","status":"publish","type":"product","link":"https:\/\/abilica.com\/no\/massasje\/abilica-foamroller-pro\/","title":{"rendered":"Abilica FoamRoller Pro"},"content":{"rendered":"<div class=\"wpb-content-wrapper\"><p>[vc_row][vc_column][vc_column_text]<\/p>\n<p class=\"lead\"><img loading=\"lazy\" decoding=\"async\" class=\"alignnone wp-image-66544\" src=\"https:\/\/abilica.com\/wp-content\/uploads\/2023\/10\/Som-vist-pa-TV-150x150.png\" alt=\"\" width=\"83\" height=\"83\" srcset=\"https:\/\/abilica.com\/wp-content\/uploads\/2023\/10\/Som-vist-pa-TV-150x150.png 150w, https:\/\/abilica.com\/wp-content\/uploads\/2023\/10\/Som-vist-pa-TV-300x300.png 300w, https:\/\/abilica.com\/wp-content\/uploads\/2023\/10\/Som-vist-pa-TV-768x768.png 768w, https:\/\/abilica.com\/wp-content\/uploads\/2023\/10\/Som-vist-pa-TV-500x500.png 500w, https:\/\/abilica.com\/wp-content\/uploads\/2023\/10\/Som-vist-pa-TV-960x960.png 960w, https:\/\/abilica.com\/wp-content\/uploads\/2023\/10\/Som-vist-pa-TV-320x320.png 320w, https:\/\/abilica.com\/wp-content\/uploads\/2023\/10\/Som-vist-pa-TV.png 1304w\" sizes=\"auto, (max-width: 83px) 100vw, 83px\" \/><\/p>\n<p class=\"lead\">Abilica FoamRoller Pro er en skumrulle med medium hardhet. Med ulike strukturer er dette en rulle som kan brukes p\u00e5 hele kroppen. Rullen brukes til t\u00f8ying og for \u00e5 l\u00f8se opp stive muskler.\u00a0Lengde 33 cm. Diameter 14 cm.<span class=\"Apple-converted-space\">\u00a0<\/span>Produsert med solid PVC-kjerne og trukket i EVA-skum.<\/p>\n<p>[\/vc_column_text][vc_empty_space height=&raquo;52px&raquo;][vc_btn title=&raquo;Treningstips&raquo; style=&raquo;flat&raquo; color=&raquo;black&raquo; align=&raquo;center&raquo; i_icon_fontawesome=&raquo;fa fa-align-left&raquo; add_icon=&raquo;true&raquo; link=&raquo;url:https%3A%2F%2Fabilica.com%2Fno%2Ftreningsartikler%2Frestitusjon%2F|||&raquo;][\/vc_column][\/vc_row]<\/p>\n<\/div>","protected":false},"excerpt":{"rendered":"<p>[vc_row][vc_column][vc_column_text] Abilica FoamRoller Pro er en skumrulle med medium hardhet. Med ulike strukturer er dette&#8230;<\/p>\n","protected":false},"featured_media":62305,"template":"","meta":{"_acf_changed":false},"product_brand":[],"product_cat":[460,461,432],"product_tag":[534,177],"class_list":{"0":"post-63494","1":"product","2":"type-product","3":"status-publish","4":"has-post-thumbnail","6":"product_cat-foam-roller","7":"product_cat-massasje","8":"product_cat-restitusjon-og-skadeforebyggende","9":"product_tag-oslo-maraton-x-abilica","10":"product_tag-small-items","12":"first","13":"instock","14":"product-type-simple"},"acf":[],"yoast_head":"<!-- This site is optimized with the Yoast SEO Premium plugin v21.1 (Yoast SEO v25.4) - https:\/\/yoast.com\/wordpress\/plugins\/seo\/ -->\n<title>Abilica FoamRoller Pro Abilica<\/title>\n<meta name=\"robots\" content=\"index, follow, max-snippet:-1, max-image-preview:large, max-video-preview:-1\" \/>\n<link rel=\"canonical\" href=\"https:\/\/abilica.com\/no\/massasje\/abilica-foamroller-pro\/\" \/>\n<meta property=\"og:locale\" content=\"nb_NO\" \/>\n<meta property=\"og:type\" content=\"article\" \/>\n<meta property=\"og:title\" content=\"Abilica FoamRoller Pro\" \/>\n<meta property=\"og:description\" content=\"[vc_row][vc_column][vc_column_text] Abilica FoamRoller Pro er en skumrulle med medium hardhet. Med ulike strukturer er dette...\" \/>\n<meta property=\"og:url\" content=\"https:\/\/abilica.com\/no\/massasje\/abilica-foamroller-pro\/\" \/>\n<meta property=\"og:site_name\" content=\"Abilica\" \/>\n<meta property=\"article:publisher\" content=\"https:\/\/www.facebook.com\/abilicahometraining\/\" \/>\n<meta property=\"article:modified_time\" content=\"2024-09-09T12:05:09+00:00\" \/>\n<meta property=\"og:image\" content=\"https:\/\/abilica.com\/wp-content\/uploads\/2023\/10\/373591.jpg\" \/>\n\t<meta property=\"og:image:width\" content=\"1200\" \/>\n\t<meta property=\"og:image:height\" content=\"1200\" \/>\n\t<meta property=\"og:image:type\" content=\"image\/jpeg\" \/>\n<meta name=\"twitter:card\" content=\"summary_large_image\" \/>\n<script type=\"application\/ld+json\" class=\"yoast-schema-graph\">{\"@context\":\"https:\/\/schema.org\",\"@graph\":[{\"@type\":\"WebPage\",\"@id\":\"https:\/\/abilica.com\/no\/massasje\/abilica-foamroller-pro\/\",\"url\":\"https:\/\/abilica.com\/no\/massasje\/abilica-foamroller-pro\/\",\"name\":\"Abilica FoamRoller Pro Abilica\",\"isPartOf\":{\"@id\":\"https:\/\/abilica.com\/#website\"},\"primaryImageOfPage\":{\"@id\":\"https:\/\/abilica.com\/no\/massasje\/abilica-foamroller-pro\/#primaryimage\"},\"image\":{\"@id\":\"https:\/\/abilica.com\/no\/massasje\/abilica-foamroller-pro\/#primaryimage\"},\"thumbnailUrl\":\"https:\/\/abilica.com\/wp-content\/uploads\/2023\/10\/373591.jpg\",\"datePublished\":\"2023-10-24T10:34:00+00:00\",\"dateModified\":\"2024-09-09T12:05:09+00:00\",\"breadcrumb\":{\"@id\":\"https:\/\/abilica.com\/no\/massasje\/abilica-foamroller-pro\/#breadcrumb\"},\"inLanguage\":\"nb-NO\",\"potentialAction\":[{\"@type\":\"ReadAction\",\"target\":[\"https:\/\/abilica.com\/no\/massasje\/abilica-foamroller-pro\/\"]}]},{\"@type\":\"ImageObject\",\"inLanguage\":\"nb-NO\",\"@id\":\"https:\/\/abilica.com\/no\/massasje\/abilica-foamroller-pro\/#primaryimage\",\"url\":\"https:\/\/abilica.com\/wp-content\/uploads\/2023\/10\/373591.jpg\",\"contentUrl\":\"https:\/\/abilica.com\/wp-content\/uploads\/2023\/10\/373591.jpg\",\"width\":1200,\"height\":1200},{\"@type\":\"BreadcrumbList\",\"@id\":\"https:\/\/abilica.com\/no\/massasje\/abilica-foamroller-pro\/#breadcrumb\",\"itemListElement\":[{\"@type\":\"ListItem\",\"position\":1,\"name\":\"Hem\",\"item\":\"https:\/\/abilica.com\/no\/\"},{\"@type\":\"ListItem\",\"position\":2,\"name\":\"Produkter\",\"item\":\"https:\/\/abilica.com\/no\/shop-2\/\"},{\"@type\":\"ListItem\",\"position\":3,\"name\":\"Abilica FoamRoller Pro\"}]},{\"@type\":\"WebSite\",\"@id\":\"https:\/\/abilica.com\/#website\",\"url\":\"https:\/\/abilica.com\/\",\"name\":\"Abilica\",\"description\":\"Abilica Home Training\",\"potentialAction\":[{\"@type\":\"SearchAction\",\"target\":{\"@type\":\"EntryPoint\",\"urlTemplate\":\"https:\/\/abilica.com\/?s={search_term_string}\"},\"query-input\":{\"@type\":\"PropertyValueSpecification\",\"valueRequired\":true,\"valueName\":\"search_term_string\"}}],\"inLanguage\":\"nb-NO\"}]}<\/script>\n<!-- \/ Yoast SEO Premium plugin. -->","yoast_head_json":{"title":"Abilica FoamRoller Pro Abilica","robots":{"index":"index","follow":"follow","max-snippet":"max-snippet:-1","max-image-preview":"max-image-preview:large","max-video-preview":"max-video-preview:-1"},"canonical":"https:\/\/abilica.com\/no\/massasje\/abilica-foamroller-pro\/","og_locale":"nb_NO","og_type":"article","og_title":"Abilica FoamRoller Pro","og_description":"[vc_row][vc_column][vc_column_text] Abilica FoamRoller Pro er en skumrulle med medium hardhet. Med ulike strukturer er dette...","og_url":"https:\/\/abilica.com\/no\/massasje\/abilica-foamroller-pro\/","og_site_name":"Abilica","article_publisher":"https:\/\/www.facebook.com\/abilicahometraining\/","article_modified_time":"2024-09-09T12:05:09+00:00","og_image":[{"width":1200,"height":1200,"url":"https:\/\/abilica.com\/wp-content\/uploads\/2023\/10\/373591.jpg","type":"image\/jpeg"}],"twitter_card":"summary_large_image","schema":{"@context":"https:\/\/schema.org","@graph":[{"@type":"WebPage","@id":"https:\/\/abilica.com\/no\/massasje\/abilica-foamroller-pro\/","url":"https:\/\/abilica.com\/no\/massasje\/abilica-foamroller-pro\/","name":"Abilica FoamRoller Pro Abilica","isPartOf":{"@id":"https:\/\/abilica.com\/#website"},"primaryImageOfPage":{"@id":"https:\/\/abilica.com\/no\/massasje\/abilica-foamroller-pro\/#primaryimage"},"image":{"@id":"https:\/\/abilica.com\/no\/massasje\/abilica-foamroller-pro\/#primaryimage"},"thumbnailUrl":"https:\/\/abilica.com\/wp-content\/uploads\/2023\/10\/373591.jpg","datePublished":"2023-10-24T10:34:00+00:00","dateModified":"2024-09-09T12:05:09+00:00","breadcrumb":{"@id":"https:\/\/abilica.com\/no\/massasje\/abilica-foamroller-pro\/#breadcrumb"},"inLanguage":"nb-NO","potentialAction":[{"@type":"ReadAction","target":["https:\/\/abilica.com\/no\/massasje\/abilica-foamroller-pro\/"]}]},{"@type":"ImageObject","inLanguage":"nb-NO","@id":"https:\/\/abilica.com\/no\/massasje\/abilica-foamroller-pro\/#primaryimage","url":"https:\/\/abilica.com\/wp-content\/uploads\/2023\/10\/373591.jpg","contentUrl":"https:\/\/abilica.com\/wp-content\/uploads\/2023\/10\/373591.jpg","width":1200,"height":1200},{"@type":"BreadcrumbList","@id":"https:\/\/abilica.com\/no\/massasje\/abilica-foamroller-pro\/#breadcrumb","itemListElement":[{"@type":"ListItem","position":1,"name":"Hem","item":"https:\/\/abilica.com\/no\/"},{"@type":"ListItem","position":2,"name":"Produkter","item":"https:\/\/abilica.com\/no\/shop-2\/"},{"@type":"ListItem","position":3,"name":"Abilica FoamRoller Pro"}]},{"@type":"WebSite","@id":"https:\/\/abilica.com\/#website","url":"https:\/\/abilica.com\/","name":"Abilica","description":"Abilica Home Training","potentialAction":[{"@type":"SearchAction","target":{"@type":"EntryPoint","urlTemplate":"https:\/\/abilica.com\/?s={search_term_string}"},"query-input":{"@type":"PropertyValueSpecification","valueRequired":true,"valueName":"search_term_string"}}],"inLanguage":"nb-NO"}]}},"_links":{"self":[{"href":"https:\/\/abilica.com\/no\/wp-json\/wp\/v2\/product\/63494","targetHints":{"allow":["GET"]}}],"collection":[{"href":"https:\/\/abilica.com\/no\/wp-json\/wp\/v2\/product"}],"about":[{"href":"https:\/\/abilica.com\/no\/wp-json\/wp\/v2\/types\/product"}],"wp:featuredmedia":[{"embeddable":true,"href":"https:\/\/abilica.com\/no\/wp-json\/wp\/v2\/media\/62305"}],"wp:attachment":[{"href":"https:\/\/abilica.com\/no\/wp-json\/wp\/v2\/media?parent=63494"}],"wp:term":[{"taxonomy":"product_brand","embeddable":true,"href":"https:\/\/abilica.com\/no\/wp-json\/wp\/v2\/product_brand?post=63494"},{"taxonomy":"product_cat","embeddable":true,"href":"https:\/\/abilica.com\/no\/wp-json\/wp\/v2\/product_cat?post=63494"},{"taxonomy":"product_tag","embeddable":true,"href":"https:\/\/abilica.com\/no\/wp-json\/wp\/v2\/product_tag?post=63494"}],"curies":[{"name":"wp","href":"https:\/\/api.w.org\/{rel}","templated":true}]}}