{"id":63506,"date":"2023-10-24T11:34:00","date_gmt":"2023-10-24T10:34:00","guid":{"rendered":"https:\/\/abilica.com\/uncategorized\/abilica-weightvest-flexi-power\/"},"modified":"2025-11-18T09:54:10","modified_gmt":"2025-11-18T08:54:10","slug":"abilica-weightvest-flexi-power","status":"publish","type":"product","link":"https:\/\/abilica.com\/no\/styrke\/vektvest\/abilica-weightvest-flexi-power\/","title":{"rendered":"Abilica WeightVest Flexi Power"},"content":{"rendered":"<div class=\"wpb-content-wrapper\"><p>[vc_row][vc_column][vc_column_text css=&raquo;&raquo; el_class=&raquo;product-video&raquo;]Vektvest 20 kg \u2013 justerbar og komfortabel. Ta treningen til et nytt niv\u00e5! Denne justerbare vektvesten p\u00e5 opptil 20 kg er designet for deg som vil utfordre styrke, utholdenhet og eksplosivitet.<\/p>\n<p>Abilica WeightVest Flexi Power har 38 vektposer i nylon fylt med jernsand for jevn og stabil vektfordeling. Det er 22 poser bak og 16 foran, hver p\u00e5 0,5 kg. Til sammen gir det 19 kg i vekter, pluss 1 kg for selve vesten \u2013 totalt 20 kg. Du kan enkelt justere vekten ved \u00e5 ta ut og inn poser etter behov. De to brede og kraftige borrel\u00e5sene i front gir sikker og justerbar passform. Ekstra polstring p\u00e5 skuldrene s\u00f8rger for god komfort, selv under krevende \u00f8kter. Vesten sitter tett og stabilt mot kroppen, uten \u00e5 begrense bevegelsen.<\/p>\n<p>Vesten er produsert i polyester og neopren \u2013 et slitesterkt og behagelig materiale som t\u00e5ler t\u00f8ff bruk. Den kan vaskes for h\u00e5nd n\u00e5r vektposene er tatt ut. Passer de fleste, med en maks livvidde p\u00e5 ca. 120 cm.<\/p>\n<p><b><br \/>\nNy utgave &#8211; N\u00e5 med lukking over vektposene!<\/b><\/p>\n<p><b>Hvorfor vektposer med jernsand?<\/b><b><\/b><\/p>\n<ul>\n<li>Myke og fleksible poser som former seg etter kroppen for bedre komfort.<\/li>\n<li>Gir st\u00f8rre bevegelighet under dynamiske \u00f8velser som l\u00f8ping, kneb\u00f8y og push-ups.<\/li>\n<li>Begrenser ikke bevegelsesbanen slik stive vekter kan gj\u00f8re.<\/li>\n<\/ul>\n<p>&nbsp;<\/p>\n<p><b>Spesifikasjoner<br \/>\n<\/b>M\u00e5l: 54 x 39 cm (L x B), m\u00e5lt flatt<br \/>\nTotalvekt opptil 20 kg<br \/>\n38 vektposer \u00e0 500 gram<br \/>\n22 vektposer bak og 16 foran for jevn vektfordeling<span class=\"Apple-converted-space\"><br \/>\n<\/span>Vektposer fylt med jernsand for bedre komfort og bevegelighet<span class=\"Apple-converted-space\"><br \/>\n<\/span>Ekstra polstring og forsterkning p\u00e5 skuldrene for bedre komfort<br \/>\nJusterbar lukking og stramming i front<br \/>\nTo brede, kraftige borrel\u00e5ser for sikker passform<br \/>\nMykt og behagelig materiale<span class=\"Apple-converted-space\"><br \/>\n<\/span>Sitter tett og stabilt mot kroppen<span class=\"Apple-converted-space\"><br \/>\n<\/span>N\u00e5 med lukking over vektposene[\/vc_column_text][vc_video link=&raquo;https:\/\/vimeo.com\/736074492&#8243; align=&raquo;center&raquo;][vc_empty_space height=&raquo;52px&raquo;][\/vc_column][\/vc_row][vc_row][vc_column width=&raquo;1\/2&#8243;][vc_btn title=&raquo;Treningsprogram&raquo; style=&raquo;flat&raquo; color=&raquo;black&raquo; align=&raquo;center&raquo; i_icon_fontawesome=&raquo;fa fa-file-pdf-o&raquo; add_icon=&raquo;true&raquo; link=&raquo;url:https%3A%2F%2Fabilica.com%2Fno%2Ftreningsprogram%2Ftreningsprogram-abilica-weightvest%2F|||&raquo;][\/vc_column][vc_column width=&raquo;1\/2&#8243;][vc_btn title=&raquo;Treningstips&raquo; style=&raquo;flat&raquo; color=&raquo;black&raquo; align=&raquo;center&raquo; i_icon_fontawesome=&raquo;fa fa-align-left&raquo; add_icon=&raquo;true&raquo; link=&raquo;url:https%3A%2F%2Fabilica.com%2Fno%2Ftreningsartikler%2Fstyrke%2Fovelser-med-vektvest-hjemme%2F|||&raquo;][\/vc_column][\/vc_row]<\/p>\n<\/div>","protected":false},"excerpt":{"rendered":"<p><img loading=\"lazy\" decoding=\"async\" class=\"alignnone wp-image-41890\" src=\"https:\/\/abilica.com\/no\/wp-content\/uploads\/2017\/03\/Untitled-300x300.png\" alt=\"\" width=\"75\" height=\"75\" \/><\/p>\n","protected":false},"featured_media":70257,"template":"","meta":{"_acf_changed":false},"product_brand":[],"product_cat":[422,446],"product_tag":[177,179],"class_list":{"0":"post-63506","1":"product","2":"type-product","3":"status-publish","4":"has-post-thumbnail","6":"product_cat-styrke","7":"product_cat-vektvest","8":"product_tag-small-items","9":"product_tag-summer-workout","11":"first","12":"instock","13":"product-type-simple"},"acf":[],"yoast_head":"<!-- This site is optimized with the Yoast SEO Premium plugin v21.1 (Yoast SEO v25.4) - https:\/\/yoast.com\/wordpress\/plugins\/seo\/ -->\n<title>Abilica WeightVest Flexi Power Abilica<\/title>\n<meta name=\"robots\" content=\"index, follow, max-snippet:-1, max-image-preview:large, max-video-preview:-1\" \/>\n<link rel=\"canonical\" href=\"https:\/\/abilica.com\/no\/styrke\/vektvest\/abilica-weightvest-flexi-power\/\" \/>\n<meta property=\"og:locale\" content=\"nb_NO\" \/>\n<meta property=\"og:type\" content=\"article\" \/>\n<meta property=\"og:title\" content=\"Abilica WeightVest Flexi Power\" \/>\n<meta property=\"og:url\" content=\"https:\/\/abilica.com\/no\/styrke\/vektvest\/abilica-weightvest-flexi-power\/\" \/>\n<meta property=\"og:site_name\" content=\"Abilica\" \/>\n<meta property=\"article:publisher\" content=\"https:\/\/www.facebook.com\/abilicahometraining\/\" \/>\n<meta property=\"article:modified_time\" content=\"2025-11-18T08:54:10+00:00\" \/>\n<meta property=\"og:image\" content=\"https:\/\/abilica.com\/wp-content\/uploads\/2023\/10\/372-837_Abilica-Weight-Vest-Power-20kg_01.jpg\" \/>\n\t<meta property=\"og:image:width\" content=\"1200\" \/>\n\t<meta property=\"og:image:height\" content=\"1200\" \/>\n\t<meta property=\"og:image:type\" content=\"image\/jpeg\" \/>\n<meta name=\"twitter:card\" content=\"summary_large_image\" \/>\n<meta name=\"twitter:label1\" content=\"Ansl. lesetid\" \/>\n\t<meta name=\"twitter:data1\" content=\"2 minutter\" \/>\n<script type=\"application\/ld+json\" class=\"yoast-schema-graph\">{\"@context\":\"https:\/\/schema.org\",\"@graph\":[{\"@type\":\"WebPage\",\"@id\":\"https:\/\/abilica.com\/no\/styrke\/vektvest\/abilica-weightvest-flexi-power\/\",\"url\":\"https:\/\/abilica.com\/no\/styrke\/vektvest\/abilica-weightvest-flexi-power\/\",\"name\":\"Abilica WeightVest Flexi Power Abilica\",\"isPartOf\":{\"@id\":\"https:\/\/abilica.com\/#website\"},\"primaryImageOfPage\":{\"@id\":\"https:\/\/abilica.com\/no\/styrke\/vektvest\/abilica-weightvest-flexi-power\/#primaryimage\"},\"image\":{\"@id\":\"https:\/\/abilica.com\/no\/styrke\/vektvest\/abilica-weightvest-flexi-power\/#primaryimage\"},\"thumbnailUrl\":\"https:\/\/abilica.com\/wp-content\/uploads\/2023\/10\/372-837_Abilica-Weight-Vest-Power-20kg_01.jpg\",\"datePublished\":\"2023-10-24T10:34:00+00:00\",\"dateModified\":\"2025-11-18T08:54:10+00:00\",\"breadcrumb\":{\"@id\":\"https:\/\/abilica.com\/no\/styrke\/vektvest\/abilica-weightvest-flexi-power\/#breadcrumb\"},\"inLanguage\":\"nb-NO\",\"potentialAction\":[{\"@type\":\"ReadAction\",\"target\":[\"https:\/\/abilica.com\/no\/styrke\/vektvest\/abilica-weightvest-flexi-power\/\"]}]},{\"@type\":\"ImageObject\",\"inLanguage\":\"nb-NO\",\"@id\":\"https:\/\/abilica.com\/no\/styrke\/vektvest\/abilica-weightvest-flexi-power\/#primaryimage\",\"url\":\"https:\/\/abilica.com\/wp-content\/uploads\/2023\/10\/372-837_Abilica-Weight-Vest-Power-20kg_01.jpg\",\"contentUrl\":\"https:\/\/abilica.com\/wp-content\/uploads\/2023\/10\/372-837_Abilica-Weight-Vest-Power-20kg_01.jpg\",\"width\":1200,\"height\":1200},{\"@type\":\"BreadcrumbList\",\"@id\":\"https:\/\/abilica.com\/no\/styrke\/vektvest\/abilica-weightvest-flexi-power\/#breadcrumb\",\"itemListElement\":[{\"@type\":\"ListItem\",\"position\":1,\"name\":\"Hem\",\"item\":\"https:\/\/abilica.com\/no\/\"},{\"@type\":\"ListItem\",\"position\":2,\"name\":\"Produkter\",\"item\":\"https:\/\/abilica.com\/no\/shop-2\/\"},{\"@type\":\"ListItem\",\"position\":3,\"name\":\"Abilica WeightVest Flexi Power\"}]},{\"@type\":\"WebSite\",\"@id\":\"https:\/\/abilica.com\/#website\",\"url\":\"https:\/\/abilica.com\/\",\"name\":\"Abilica\",\"description\":\"Abilica Home Training\",\"potentialAction\":[{\"@type\":\"SearchAction\",\"target\":{\"@type\":\"EntryPoint\",\"urlTemplate\":\"https:\/\/abilica.com\/?s={search_term_string}\"},\"query-input\":{\"@type\":\"PropertyValueSpecification\",\"valueRequired\":true,\"valueName\":\"search_term_string\"}}],\"inLanguage\":\"nb-NO\"}]}<\/script>\n<!-- \/ Yoast SEO Premium plugin. -->","yoast_head_json":{"title":"Abilica WeightVest Flexi Power Abilica","robots":{"index":"index","follow":"follow","max-snippet":"max-snippet:-1","max-image-preview":"max-image-preview:large","max-video-preview":"max-video-preview:-1"},"canonical":"https:\/\/abilica.com\/no\/styrke\/vektvest\/abilica-weightvest-flexi-power\/","og_locale":"nb_NO","og_type":"article","og_title":"Abilica WeightVest Flexi Power","og_url":"https:\/\/abilica.com\/no\/styrke\/vektvest\/abilica-weightvest-flexi-power\/","og_site_name":"Abilica","article_publisher":"https:\/\/www.facebook.com\/abilicahometraining\/","article_modified_time":"2025-11-18T08:54:10+00:00","og_image":[{"width":1200,"height":1200,"url":"https:\/\/abilica.com\/wp-content\/uploads\/2023\/10\/372-837_Abilica-Weight-Vest-Power-20kg_01.jpg","type":"image\/jpeg"}],"twitter_card":"summary_large_image","twitter_misc":{"Ansl. lesetid":"2 minutter"},"schema":{"@context":"https:\/\/schema.org","@graph":[{"@type":"WebPage","@id":"https:\/\/abilica.com\/no\/styrke\/vektvest\/abilica-weightvest-flexi-power\/","url":"https:\/\/abilica.com\/no\/styrke\/vektvest\/abilica-weightvest-flexi-power\/","name":"Abilica WeightVest Flexi Power Abilica","isPartOf":{"@id":"https:\/\/abilica.com\/#website"},"primaryImageOfPage":{"@id":"https:\/\/abilica.com\/no\/styrke\/vektvest\/abilica-weightvest-flexi-power\/#primaryimage"},"image":{"@id":"https:\/\/abilica.com\/no\/styrke\/vektvest\/abilica-weightvest-flexi-power\/#primaryimage"},"thumbnailUrl":"https:\/\/abilica.com\/wp-content\/uploads\/2023\/10\/372-837_Abilica-Weight-Vest-Power-20kg_01.jpg","datePublished":"2023-10-24T10:34:00+00:00","dateModified":"2025-11-18T08:54:10+00:00","breadcrumb":{"@id":"https:\/\/abilica.com\/no\/styrke\/vektvest\/abilica-weightvest-flexi-power\/#breadcrumb"},"inLanguage":"nb-NO","potentialAction":[{"@type":"ReadAction","target":["https:\/\/abilica.com\/no\/styrke\/vektvest\/abilica-weightvest-flexi-power\/"]}]},{"@type":"ImageObject","inLanguage":"nb-NO","@id":"https:\/\/abilica.com\/no\/styrke\/vektvest\/abilica-weightvest-flexi-power\/#primaryimage","url":"https:\/\/abilica.com\/wp-content\/uploads\/2023\/10\/372-837_Abilica-Weight-Vest-Power-20kg_01.jpg","contentUrl":"https:\/\/abilica.com\/wp-content\/uploads\/2023\/10\/372-837_Abilica-Weight-Vest-Power-20kg_01.jpg","width":1200,"height":1200},{"@type":"BreadcrumbList","@id":"https:\/\/abilica.com\/no\/styrke\/vektvest\/abilica-weightvest-flexi-power\/#breadcrumb","itemListElement":[{"@type":"ListItem","position":1,"name":"Hem","item":"https:\/\/abilica.com\/no\/"},{"@type":"ListItem","position":2,"name":"Produkter","item":"https:\/\/abilica.com\/no\/shop-2\/"},{"@type":"ListItem","position":3,"name":"Abilica WeightVest Flexi Power"}]},{"@type":"WebSite","@id":"https:\/\/abilica.com\/#website","url":"https:\/\/abilica.com\/","name":"Abilica","description":"Abilica Home Training","potentialAction":[{"@type":"SearchAction","target":{"@type":"EntryPoint","urlTemplate":"https:\/\/abilica.com\/?s={search_term_string}"},"query-input":{"@type":"PropertyValueSpecification","valueRequired":true,"valueName":"search_term_string"}}],"inLanguage":"nb-NO"}]}},"_links":{"self":[{"href":"https:\/\/abilica.com\/no\/wp-json\/wp\/v2\/product\/63506","targetHints":{"allow":["GET"]}}],"collection":[{"href":"https:\/\/abilica.com\/no\/wp-json\/wp\/v2\/product"}],"about":[{"href":"https:\/\/abilica.com\/no\/wp-json\/wp\/v2\/types\/product"}],"wp:featuredmedia":[{"embeddable":true,"href":"https:\/\/abilica.com\/no\/wp-json\/wp\/v2\/media\/70257"}],"wp:attachment":[{"href":"https:\/\/abilica.com\/no\/wp-json\/wp\/v2\/media?parent=63506"}],"wp:term":[{"taxonomy":"product_brand","embeddable":true,"href":"https:\/\/abilica.com\/no\/wp-json\/wp\/v2\/product_brand?post=63506"},{"taxonomy":"product_cat","embeddable":true,"href":"https:\/\/abilica.com\/no\/wp-json\/wp\/v2\/product_cat?post=63506"},{"taxonomy":"product_tag","embeddable":true,"href":"https:\/\/abilica.com\/no\/wp-json\/wp\/v2\/product_tag?post=63506"}],"curies":[{"name":"wp","href":"https:\/\/api.w.org\/{rel}","templated":true}]}}