{"id":63518,"date":"2023-10-24T11:34:00","date_gmt":"2023-10-24T10:34:00","guid":{"rendered":"https:\/\/abilica.com\/uncategorized\/abilica-bag-for-airtrack\/"},"modified":"2025-04-30T08:21:43","modified_gmt":"2025-04-30T07:21:43","slug":"abilica-bag-for-airtrack","status":"publish","type":"product","link":"https:\/\/abilica.com\/no\/kondisjon\/airtracks\/abilica-bag-for-airtrack\/","title":{"rendered":"Abilica Bag for AirTrack"},"content":{"rendered":"<p class=\"lead\">Praktisk bag til flytting og oppbevaring av din AirTrack.\u00a0En AirTrack b\u00f8r oppbevares rullet og ikke brettet. Passer til AirTrack 3 x 1 m. Abilica FootPump f\u00e5r ogs\u00e5 plass i baggen. Produsert i slitesterk polyester, med netting i midten for god ventilasjon. Med b\u00e6restropp og snor for stramming i enden.<span class=\"Apple-converted-space\">\u00a0<\/span><\/p>\n","protected":false},"excerpt":{"rendered":"<p>Praktisk bag til flytting og oppbevaring av din AirTrack.\u00a0En AirTrack b\u00f8r oppbevares rullet og ikke&#8230;<\/p>\n","protected":false},"featured_media":62321,"template":"","meta":{"_acf_changed":false},"product_brand":[],"product_cat":[469,426,422,444],"product_tag":[179],"class_list":{"0":"post-63518","1":"product","2":"type-product","3":"status-publish","4":"has-post-thumbnail","6":"product_cat-airtracks","7":"product_cat-kondisjon","8":"product_cat-styrke","9":"product_cat-treningsmatte","10":"product_tag-summer-workout","12":"first","13":"outofstock","14":"product-type-simple"},"acf":[],"yoast_head":"<!-- This site is optimized with the Yoast SEO Premium plugin v21.1 (Yoast SEO v25.4) - https:\/\/yoast.com\/wordpress\/plugins\/seo\/ -->\n<title>Abilica Bag for AirTrack Abilica<\/title>\n<meta name=\"robots\" content=\"index, follow, max-snippet:-1, max-image-preview:large, max-video-preview:-1\" \/>\n<link rel=\"canonical\" href=\"https:\/\/abilica.com\/no\/kondisjon\/airtracks\/abilica-bag-for-airtrack\/\" \/>\n<meta property=\"og:locale\" content=\"nb_NO\" \/>\n<meta property=\"og:type\" content=\"article\" \/>\n<meta property=\"og:title\" content=\"Abilica Bag for AirTrack\" \/>\n<meta property=\"og:description\" content=\"Praktisk bag til flytting og oppbevaring av din AirTrack.\u00a0En AirTrack b\u00f8r oppbevares rullet og ikke...\" \/>\n<meta property=\"og:url\" content=\"https:\/\/abilica.com\/no\/kondisjon\/airtracks\/abilica-bag-for-airtrack\/\" \/>\n<meta property=\"og:site_name\" content=\"Abilica\" \/>\n<meta property=\"article:publisher\" content=\"https:\/\/www.facebook.com\/abilicahometraining\/\" \/>\n<meta property=\"article:modified_time\" content=\"2025-04-30T07:21:43+00:00\" \/>\n<meta property=\"og:image\" content=\"https:\/\/abilica.com\/wp-content\/uploads\/2023\/10\/bagairtrack.jpg\" \/>\n\t<meta property=\"og:image:width\" content=\"1200\" \/>\n\t<meta property=\"og:image:height\" content=\"1200\" \/>\n\t<meta property=\"og:image:type\" content=\"image\/jpeg\" \/>\n<meta name=\"twitter:card\" content=\"summary_large_image\" \/>\n<meta name=\"twitter:label1\" content=\"Ansl. lesetid\" \/>\n\t<meta name=\"twitter:data1\" content=\"1 minutt\" \/>\n<script type=\"application\/ld+json\" class=\"yoast-schema-graph\">{\"@context\":\"https:\/\/schema.org\",\"@graph\":[{\"@type\":\"WebPage\",\"@id\":\"https:\/\/abilica.com\/no\/kondisjon\/airtracks\/abilica-bag-for-airtrack\/\",\"url\":\"https:\/\/abilica.com\/no\/kondisjon\/airtracks\/abilica-bag-for-airtrack\/\",\"name\":\"Abilica Bag for AirTrack Abilica\",\"isPartOf\":{\"@id\":\"https:\/\/abilica.com\/#website\"},\"primaryImageOfPage\":{\"@id\":\"https:\/\/abilica.com\/no\/kondisjon\/airtracks\/abilica-bag-for-airtrack\/#primaryimage\"},\"image\":{\"@id\":\"https:\/\/abilica.com\/no\/kondisjon\/airtracks\/abilica-bag-for-airtrack\/#primaryimage\"},\"thumbnailUrl\":\"https:\/\/abilica.com\/wp-content\/uploads\/2023\/10\/bagairtrack.jpg\",\"datePublished\":\"2023-10-24T10:34:00+00:00\",\"dateModified\":\"2025-04-30T07:21:43+00:00\",\"breadcrumb\":{\"@id\":\"https:\/\/abilica.com\/no\/kondisjon\/airtracks\/abilica-bag-for-airtrack\/#breadcrumb\"},\"inLanguage\":\"nb-NO\",\"potentialAction\":[{\"@type\":\"ReadAction\",\"target\":[\"https:\/\/abilica.com\/no\/kondisjon\/airtracks\/abilica-bag-for-airtrack\/\"]}]},{\"@type\":\"ImageObject\",\"inLanguage\":\"nb-NO\",\"@id\":\"https:\/\/abilica.com\/no\/kondisjon\/airtracks\/abilica-bag-for-airtrack\/#primaryimage\",\"url\":\"https:\/\/abilica.com\/wp-content\/uploads\/2023\/10\/bagairtrack.jpg\",\"contentUrl\":\"https:\/\/abilica.com\/wp-content\/uploads\/2023\/10\/bagairtrack.jpg\",\"width\":1200,\"height\":1200},{\"@type\":\"BreadcrumbList\",\"@id\":\"https:\/\/abilica.com\/no\/kondisjon\/airtracks\/abilica-bag-for-airtrack\/#breadcrumb\",\"itemListElement\":[{\"@type\":\"ListItem\",\"position\":1,\"name\":\"Hem\",\"item\":\"https:\/\/abilica.com\/no\/\"},{\"@type\":\"ListItem\",\"position\":2,\"name\":\"Produkter\",\"item\":\"https:\/\/abilica.com\/no\/shop-2\/\"},{\"@type\":\"ListItem\",\"position\":3,\"name\":\"Abilica Bag for AirTrack\"}]},{\"@type\":\"WebSite\",\"@id\":\"https:\/\/abilica.com\/#website\",\"url\":\"https:\/\/abilica.com\/\",\"name\":\"Abilica\",\"description\":\"Abilica Home Training\",\"potentialAction\":[{\"@type\":\"SearchAction\",\"target\":{\"@type\":\"EntryPoint\",\"urlTemplate\":\"https:\/\/abilica.com\/?s={search_term_string}\"},\"query-input\":{\"@type\":\"PropertyValueSpecification\",\"valueRequired\":true,\"valueName\":\"search_term_string\"}}],\"inLanguage\":\"nb-NO\"}]}<\/script>\n<!-- \/ Yoast SEO Premium plugin. -->","yoast_head_json":{"title":"Abilica Bag for AirTrack Abilica","robots":{"index":"index","follow":"follow","max-snippet":"max-snippet:-1","max-image-preview":"max-image-preview:large","max-video-preview":"max-video-preview:-1"},"canonical":"https:\/\/abilica.com\/no\/kondisjon\/airtracks\/abilica-bag-for-airtrack\/","og_locale":"nb_NO","og_type":"article","og_title":"Abilica Bag for AirTrack","og_description":"Praktisk bag til flytting og oppbevaring av din AirTrack.\u00a0En AirTrack b\u00f8r oppbevares rullet og ikke...","og_url":"https:\/\/abilica.com\/no\/kondisjon\/airtracks\/abilica-bag-for-airtrack\/","og_site_name":"Abilica","article_publisher":"https:\/\/www.facebook.com\/abilicahometraining\/","article_modified_time":"2025-04-30T07:21:43+00:00","og_image":[{"width":1200,"height":1200,"url":"https:\/\/abilica.com\/wp-content\/uploads\/2023\/10\/bagairtrack.jpg","type":"image\/jpeg"}],"twitter_card":"summary_large_image","twitter_misc":{"Ansl. lesetid":"1 minutt"},"schema":{"@context":"https:\/\/schema.org","@graph":[{"@type":"WebPage","@id":"https:\/\/abilica.com\/no\/kondisjon\/airtracks\/abilica-bag-for-airtrack\/","url":"https:\/\/abilica.com\/no\/kondisjon\/airtracks\/abilica-bag-for-airtrack\/","name":"Abilica Bag for AirTrack Abilica","isPartOf":{"@id":"https:\/\/abilica.com\/#website"},"primaryImageOfPage":{"@id":"https:\/\/abilica.com\/no\/kondisjon\/airtracks\/abilica-bag-for-airtrack\/#primaryimage"},"image":{"@id":"https:\/\/abilica.com\/no\/kondisjon\/airtracks\/abilica-bag-for-airtrack\/#primaryimage"},"thumbnailUrl":"https:\/\/abilica.com\/wp-content\/uploads\/2023\/10\/bagairtrack.jpg","datePublished":"2023-10-24T10:34:00+00:00","dateModified":"2025-04-30T07:21:43+00:00","breadcrumb":{"@id":"https:\/\/abilica.com\/no\/kondisjon\/airtracks\/abilica-bag-for-airtrack\/#breadcrumb"},"inLanguage":"nb-NO","potentialAction":[{"@type":"ReadAction","target":["https:\/\/abilica.com\/no\/kondisjon\/airtracks\/abilica-bag-for-airtrack\/"]}]},{"@type":"ImageObject","inLanguage":"nb-NO","@id":"https:\/\/abilica.com\/no\/kondisjon\/airtracks\/abilica-bag-for-airtrack\/#primaryimage","url":"https:\/\/abilica.com\/wp-content\/uploads\/2023\/10\/bagairtrack.jpg","contentUrl":"https:\/\/abilica.com\/wp-content\/uploads\/2023\/10\/bagairtrack.jpg","width":1200,"height":1200},{"@type":"BreadcrumbList","@id":"https:\/\/abilica.com\/no\/kondisjon\/airtracks\/abilica-bag-for-airtrack\/#breadcrumb","itemListElement":[{"@type":"ListItem","position":1,"name":"Hem","item":"https:\/\/abilica.com\/no\/"},{"@type":"ListItem","position":2,"name":"Produkter","item":"https:\/\/abilica.com\/no\/shop-2\/"},{"@type":"ListItem","position":3,"name":"Abilica Bag for AirTrack"}]},{"@type":"WebSite","@id":"https:\/\/abilica.com\/#website","url":"https:\/\/abilica.com\/","name":"Abilica","description":"Abilica Home Training","potentialAction":[{"@type":"SearchAction","target":{"@type":"EntryPoint","urlTemplate":"https:\/\/abilica.com\/?s={search_term_string}"},"query-input":{"@type":"PropertyValueSpecification","valueRequired":true,"valueName":"search_term_string"}}],"inLanguage":"nb-NO"}]}},"_links":{"self":[{"href":"https:\/\/abilica.com\/no\/wp-json\/wp\/v2\/product\/63518","targetHints":{"allow":["GET"]}}],"collection":[{"href":"https:\/\/abilica.com\/no\/wp-json\/wp\/v2\/product"}],"about":[{"href":"https:\/\/abilica.com\/no\/wp-json\/wp\/v2\/types\/product"}],"wp:featuredmedia":[{"embeddable":true,"href":"https:\/\/abilica.com\/no\/wp-json\/wp\/v2\/media\/62321"}],"wp:attachment":[{"href":"https:\/\/abilica.com\/no\/wp-json\/wp\/v2\/media?parent=63518"}],"wp:term":[{"taxonomy":"product_brand","embeddable":true,"href":"https:\/\/abilica.com\/no\/wp-json\/wp\/v2\/product_brand?post=63518"},{"taxonomy":"product_cat","embeddable":true,"href":"https:\/\/abilica.com\/no\/wp-json\/wp\/v2\/product_cat?post=63518"},{"taxonomy":"product_tag","embeddable":true,"href":"https:\/\/abilica.com\/no\/wp-json\/wp\/v2\/product_tag?post=63518"}],"curies":[{"name":"wp","href":"https:\/\/api.w.org\/{rel}","templated":true}]}}