{"id":63524,"date":"2023-10-24T11:34:00","date_gmt":"2023-10-24T10:34:00","guid":{"rendered":"https:\/\/abilica.com\/uncategorized\/abilica-tm-45-bt\/"},"modified":"2025-12-23T13:45:23","modified_gmt":"2025-12-23T12:45:23","slug":"abilica-tm-45-bt","status":"publish","type":"product","link":"https:\/\/abilica.com\/no\/kondisjon\/tredemolle\/abilica-tm-45-bt\/","title":{"rendered":"Abilica TM 45 BT"},"content":{"rendered":"<div class=\"wpb-content-wrapper\"><p>[vc_row][vc_column][vc_column_text css=&raquo;&raquo; el_class=&raquo;product-video&raquo;]<\/p>\n<p class=\"lead\">Abilica TM 45 BT er en tredem\u00f8lle for deg med klare m\u00e5l for treningen. Bluetooth-tilkobling til appene Zwift, Kinomap og iConsole+ Training gir deg gode treningsmuligheter og den ekstra motivasjonen. Abilica TM 45 BT leveres med 2,5 HK DC motor. Tredem\u00f8llen har en hastighet fra 0,8 til 22 km\/t og l\u00f8peb\u00e5ndets m\u00e5l er 52 x 150 cm. Med st\u00f8rre l\u00f8peflate er det mulighet for st\u00f8rre fart. Derfor er Abilica TM 45 BT tilrettelagt for h\u00f8y fart og intervalltrening. Tredem\u00f8llen har 12 forh\u00e5ndsinnstilte programmer og elektronisk h\u00f8ydejustering i 15 niv\u00e5er. Den har hurtigtaster for fart og stigning og h\u00f8yttalere med tilkoblingsmuligheter for \u00e5 spille musikk. LCD-skjermen som viser tid, hastighet, distanse, kaloriforbruk og puls gj\u00f8r det lett \u00e5 f\u00f8lge med p\u00e5 utviklingen i treningen din.<\/p>\n<p>Abilica TM 45 BT har ogs\u00e5 tilkobling til flere treningsapper. Med appen Zwift kan du l\u00f8pe i den virtuelle verden, og du kan enten ta deg en fin tur alene eller delta i felleskapet og jogge sammen med andre. Zwift lar deg ogs\u00e5 holde oversikt over dine treningsplaner. I appen iConsole+ Training kan du enkelt lage dine egne intervall\u00f8kter og treningsruter i \u00abmap my route\u00bb og i betalings-appen Kinomap kan du trene til inspirerende videoer fra spennende treningsruter fra hele verden. Den kraftige rammen gj\u00f8r dette til en solid tredem\u00f8lle og dempeputene under l\u00f8peplaten gir god demping. \u00a0Tredem\u00f8llen er sammenleggbar og har hjul for enkel flytting. Abilica TM 45 BT veier 91,5 kg. Maks brukervekt er 125 kg. <strong><a href=\"https:\/\/abilica.com\/no\/kinomap\/\">Les mer om Kinomap her.<\/a><\/strong><\/p>\n<p><img loading=\"lazy\" decoding=\"async\" class=\"alignnone wp-image-35589\" src=\"https:\/\/abilica.com\/no\/wp-content\/uploads\/2017\/08\/iconsole-150x150.png\" alt=\"\" width=\"100\" height=\"100\" \/><img loading=\"lazy\" decoding=\"async\" class=\"alignnone wp-image-35587\" src=\"https:\/\/abilica.com\/no\/wp-content\/uploads\/2017\/08\/Kinomap-150x150.png\" alt=\"\" width=\"100\" height=\"100\" \/><img loading=\"lazy\" decoding=\"async\" class=\"alignnone wp-image-35588\" src=\"https:\/\/abilica.com\/no\/wp-content\/uploads\/2017\/08\/zwift-150x150.png\" alt=\"\" width=\"100\" height=\"100\" \/><\/p>\n<p><b>TEKNISK INFO<\/b><\/p>\n<p><strong>Maks hastighet<\/strong><br \/>\n22 km\/t<\/p>\n<p><strong>Motor<\/strong><br \/>\n2.5 HK<\/p>\n<p><strong>Motorytelse peak<\/strong><br \/>\n5 HK<\/p>\n<p><strong>Motortype<\/strong><br \/>\nDC<\/p>\n<p><strong>M\u00e5l l\u00f8peb\u00e5nd<\/strong><br \/>\n52 x 150 cm<\/p>\n<p><strong>H\u00f8yde (gulv-l\u00f8peflate)<\/strong><br \/>\n19 cm<\/p>\n<p><strong>Motorisert stigning<\/strong><br \/>\nJa<\/p>\n<p><strong>Stigningsniv\u00e5er<\/strong><br \/>\n15<\/p>\n<p><strong>Max stigning<\/strong><br \/>\n11.7 %<\/p>\n<p><strong>Sammeleggbar<\/strong><br \/>\nJa<\/p>\n<p><strong>M\u00e5l oppmontert<\/strong><br \/>\n191 x 87 x 147 cm (L x B x H)<\/p>\n<p><strong>M\u00e5l sammensl\u00e5tt<\/strong><br \/>\n124 x 87 x 161 cm (L x B x H)<\/p>\n<p><strong>Produktvekt<\/strong><br \/>\n91,5 kg<\/p>\n<p><strong>Maks brukervekt<\/strong><br \/>\n125 kg<\/p>\n<div style=\"width: 640px;\" class=\"wp-video\"><!--[if lt IE 9]><script>document.createElement('video');<\/script><![endif]-->\n<video class=\"wp-video-shortcode\" id=\"video-63524-1\" width=\"640\" height=\"360\" poster=\"https:\/\/abilica.com\/no\/wp-content\/uploads\/2021\/04\/CH_Abilica_-13.jpg\" preload=\"metadata\" controls=\"controls\"><source type=\"video\/mp4\" src=\"https:\/\/abilica.com\/no\/wp-content\/uploads\/2021\/04\/Abilica-TM-45-BT-169-blank.mp4?_=1\" \/><a href=\"https:\/\/abilica.com\/no\/wp-content\/uploads\/2021\/04\/Abilica-TM-45-BT-169-blank.mp4\">https:\/\/abilica.com\/no\/wp-content\/uploads\/2021\/04\/Abilica-TM-45-BT-169-blank.mp4<\/a><\/video><\/div>\n<p>[\/vc_column_text][vc_empty_space height=&raquo;52px&raquo;][vc_btn title=&raquo;Teknisk informasjon&raquo; style=&raquo;flat&raquo; color=&raquo;black&raquo; i_icon_fontawesome=&raquo;far fa-file-pdf&raquo; add_icon=&raquo;true&raquo; link=&raquo;url:https%3A%2F%2Fabilica.com%2Fno%2Fwp-content%2Fuploads%2F2021%2F09%2FTreadmills.pdf&raquo;][vc_btn title=&raquo;Brukermanual&raquo; style=&raquo;flat&raquo; color=&raquo;black&raquo; i_icon_fontawesome=&raquo;far fa-file-pdf&raquo; add_icon=&raquo;true&raquo; link=&raquo;url:https%3A%2F%2Fabilica.com%2Fno%2Fwp-content%2Fuploads%2F2021%2F04%2FAB_TM45_BT_Rev_1_210218.pdf&raquo;][vc_btn title=&raquo;Vedlikeholdstips&raquo; style=&raquo;flat&raquo; color=&raquo;black&raquo; i_icon_fontawesome=&raquo;fas fa-align-left&raquo; add_icon=&raquo;true&raquo; link=&raquo;url:https%3A%2F%2Fabilica.com%2Fno%2Ftreningsartikler%2Fkondisjon%2Fvedlikehold-av-treningsapparater%2F|title:Vedlikehold%20av%20treningsapparater&raquo;][vc_btn title=&raquo;Treningstips&raquo; style=&raquo;flat&raquo; color=&raquo;black&raquo; i_icon_fontawesome=&raquo;fas fa-align-left&raquo; add_icon=&raquo;true&raquo; link=&raquo;url:https%3A%2F%2Fabilica.com%2Fno%2Ftreningsartikler%2Fkondisjon%2F|title:Treningstips%20innenfor%20kondisjon&raquo;][vc_btn title=&raquo;Abilica Stream&raquo; style=&raquo;flat&raquo; color=&raquo;black&raquo; i_icon_fontawesome=&raquo;fab fa-bluetooth-b&raquo; add_icon=&raquo;true&raquo; link=&raquo;url:https%3A%2F%2Fabilica.com%2Fno%2Fabilica-stream%2F|title:Treningstips%20innenfor%20kondisjon&raquo;][\/vc_column][\/vc_row]<\/p>\n<\/div>","protected":false},"excerpt":{"rendered":"<p>[vc_row][vc_column][vc_column_text css=&raquo;&raquo; el_class=&raquo;product-video&raquo;] Abilica TM 45 BT er en tredem\u00f8lle for deg med klare m\u00e5l&#8230;<\/p>\n","protected":false},"featured_media":70569,"template":"","meta":{"_acf_changed":false},"product_brand":[],"product_cat":[426,428],"product_tag":[554],"class_list":{"0":"post-63524","1":"product","2":"type-product","3":"status-publish","4":"has-post-thumbnail","6":"product_cat-kondisjon","7":"product_cat-tredemolle","8":"product_tag-kinomap-no","10":"first","11":"instock","12":"product-type-simple"},"acf":[],"yoast_head":"<!-- This site is optimized with the Yoast SEO Premium plugin v21.1 (Yoast SEO v25.4) - https:\/\/yoast.com\/wordpress\/plugins\/seo\/ -->\n<title>Abilica TM 45 BT Abilica<\/title>\n<meta name=\"robots\" content=\"index, follow, max-snippet:-1, max-image-preview:large, max-video-preview:-1\" \/>\n<link rel=\"canonical\" href=\"https:\/\/abilica.com\/no\/kondisjon\/tredemolle\/abilica-tm-45-bt\/\" \/>\n<meta property=\"og:locale\" content=\"nb_NO\" \/>\n<meta property=\"og:type\" content=\"article\" \/>\n<meta property=\"og:title\" content=\"Abilica TM 45 BT\" \/>\n<meta property=\"og:description\" content=\"[vc_row][vc_column][vc_column_text css=&raquo;&raquo; el_class=&raquo;product-video&raquo;] Abilica TM 45 BT er en tredem\u00f8lle for deg med klare m\u00e5l...\" \/>\n<meta property=\"og:url\" content=\"https:\/\/abilica.com\/no\/kondisjon\/tredemolle\/abilica-tm-45-bt\/\" \/>\n<meta property=\"og:site_name\" content=\"Abilica\" \/>\n<meta property=\"article:publisher\" content=\"https:\/\/www.facebook.com\/abilicahometraining\/\" \/>\n<meta property=\"article:modified_time\" content=\"2025-12-23T12:45:23+00:00\" \/>\n<meta property=\"og:image\" content=\"https:\/\/abilica.com\/wp-content\/uploads\/2023\/10\/417530_Abilica-TM-45-BT_03.jpg\" \/>\n\t<meta property=\"og:image:width\" content=\"1200\" \/>\n\t<meta property=\"og:image:height\" content=\"1200\" \/>\n\t<meta property=\"og:image:type\" content=\"image\/jpeg\" \/>\n<meta name=\"twitter:card\" content=\"summary_large_image\" \/>\n<meta name=\"twitter:label1\" content=\"Ansl. lesetid\" \/>\n\t<meta name=\"twitter:data1\" content=\"3 minutter\" \/>\n<script type=\"application\/ld+json\" class=\"yoast-schema-graph\">{\"@context\":\"https:\/\/schema.org\",\"@graph\":[{\"@type\":\"WebPage\",\"@id\":\"https:\/\/abilica.com\/no\/kondisjon\/tredemolle\/abilica-tm-45-bt\/\",\"url\":\"https:\/\/abilica.com\/no\/kondisjon\/tredemolle\/abilica-tm-45-bt\/\",\"name\":\"Abilica TM 45 BT Abilica\",\"isPartOf\":{\"@id\":\"https:\/\/abilica.com\/#website\"},\"primaryImageOfPage\":{\"@id\":\"https:\/\/abilica.com\/no\/kondisjon\/tredemolle\/abilica-tm-45-bt\/#primaryimage\"},\"image\":{\"@id\":\"https:\/\/abilica.com\/no\/kondisjon\/tredemolle\/abilica-tm-45-bt\/#primaryimage\"},\"thumbnailUrl\":\"https:\/\/abilica.com\/wp-content\/uploads\/2023\/10\/417530_Abilica-TM-45-BT_03.jpg\",\"datePublished\":\"2023-10-24T10:34:00+00:00\",\"dateModified\":\"2025-12-23T12:45:23+00:00\",\"breadcrumb\":{\"@id\":\"https:\/\/abilica.com\/no\/kondisjon\/tredemolle\/abilica-tm-45-bt\/#breadcrumb\"},\"inLanguage\":\"nb-NO\",\"potentialAction\":[{\"@type\":\"ReadAction\",\"target\":[\"https:\/\/abilica.com\/no\/kondisjon\/tredemolle\/abilica-tm-45-bt\/\"]}]},{\"@type\":\"ImageObject\",\"inLanguage\":\"nb-NO\",\"@id\":\"https:\/\/abilica.com\/no\/kondisjon\/tredemolle\/abilica-tm-45-bt\/#primaryimage\",\"url\":\"https:\/\/abilica.com\/wp-content\/uploads\/2023\/10\/417530_Abilica-TM-45-BT_03.jpg\",\"contentUrl\":\"https:\/\/abilica.com\/wp-content\/uploads\/2023\/10\/417530_Abilica-TM-45-BT_03.jpg\",\"width\":1200,\"height\":1200},{\"@type\":\"BreadcrumbList\",\"@id\":\"https:\/\/abilica.com\/no\/kondisjon\/tredemolle\/abilica-tm-45-bt\/#breadcrumb\",\"itemListElement\":[{\"@type\":\"ListItem\",\"position\":1,\"name\":\"Hem\",\"item\":\"https:\/\/abilica.com\/no\/\"},{\"@type\":\"ListItem\",\"position\":2,\"name\":\"Produkter\",\"item\":\"https:\/\/abilica.com\/no\/shop-2\/\"},{\"@type\":\"ListItem\",\"position\":3,\"name\":\"Abilica TM 45 BT\"}]},{\"@type\":\"WebSite\",\"@id\":\"https:\/\/abilica.com\/#website\",\"url\":\"https:\/\/abilica.com\/\",\"name\":\"Abilica\",\"description\":\"Abilica Home Training\",\"potentialAction\":[{\"@type\":\"SearchAction\",\"target\":{\"@type\":\"EntryPoint\",\"urlTemplate\":\"https:\/\/abilica.com\/?s={search_term_string}\"},\"query-input\":{\"@type\":\"PropertyValueSpecification\",\"valueRequired\":true,\"valueName\":\"search_term_string\"}}],\"inLanguage\":\"nb-NO\"}]}<\/script>\n<!-- \/ Yoast SEO Premium plugin. -->","yoast_head_json":{"title":"Abilica TM 45 BT Abilica","robots":{"index":"index","follow":"follow","max-snippet":"max-snippet:-1","max-image-preview":"max-image-preview:large","max-video-preview":"max-video-preview:-1"},"canonical":"https:\/\/abilica.com\/no\/kondisjon\/tredemolle\/abilica-tm-45-bt\/","og_locale":"nb_NO","og_type":"article","og_title":"Abilica TM 45 BT","og_description":"[vc_row][vc_column][vc_column_text css=&raquo;&raquo; el_class=&raquo;product-video&raquo;] Abilica TM 45 BT er en tredem\u00f8lle for deg med klare m\u00e5l...","og_url":"https:\/\/abilica.com\/no\/kondisjon\/tredemolle\/abilica-tm-45-bt\/","og_site_name":"Abilica","article_publisher":"https:\/\/www.facebook.com\/abilicahometraining\/","article_modified_time":"2025-12-23T12:45:23+00:00","og_image":[{"width":1200,"height":1200,"url":"https:\/\/abilica.com\/wp-content\/uploads\/2023\/10\/417530_Abilica-TM-45-BT_03.jpg","type":"image\/jpeg"}],"twitter_card":"summary_large_image","twitter_misc":{"Ansl. lesetid":"3 minutter"},"schema":{"@context":"https:\/\/schema.org","@graph":[{"@type":"WebPage","@id":"https:\/\/abilica.com\/no\/kondisjon\/tredemolle\/abilica-tm-45-bt\/","url":"https:\/\/abilica.com\/no\/kondisjon\/tredemolle\/abilica-tm-45-bt\/","name":"Abilica TM 45 BT Abilica","isPartOf":{"@id":"https:\/\/abilica.com\/#website"},"primaryImageOfPage":{"@id":"https:\/\/abilica.com\/no\/kondisjon\/tredemolle\/abilica-tm-45-bt\/#primaryimage"},"image":{"@id":"https:\/\/abilica.com\/no\/kondisjon\/tredemolle\/abilica-tm-45-bt\/#primaryimage"},"thumbnailUrl":"https:\/\/abilica.com\/wp-content\/uploads\/2023\/10\/417530_Abilica-TM-45-BT_03.jpg","datePublished":"2023-10-24T10:34:00+00:00","dateModified":"2025-12-23T12:45:23+00:00","breadcrumb":{"@id":"https:\/\/abilica.com\/no\/kondisjon\/tredemolle\/abilica-tm-45-bt\/#breadcrumb"},"inLanguage":"nb-NO","potentialAction":[{"@type":"ReadAction","target":["https:\/\/abilica.com\/no\/kondisjon\/tredemolle\/abilica-tm-45-bt\/"]}]},{"@type":"ImageObject","inLanguage":"nb-NO","@id":"https:\/\/abilica.com\/no\/kondisjon\/tredemolle\/abilica-tm-45-bt\/#primaryimage","url":"https:\/\/abilica.com\/wp-content\/uploads\/2023\/10\/417530_Abilica-TM-45-BT_03.jpg","contentUrl":"https:\/\/abilica.com\/wp-content\/uploads\/2023\/10\/417530_Abilica-TM-45-BT_03.jpg","width":1200,"height":1200},{"@type":"BreadcrumbList","@id":"https:\/\/abilica.com\/no\/kondisjon\/tredemolle\/abilica-tm-45-bt\/#breadcrumb","itemListElement":[{"@type":"ListItem","position":1,"name":"Hem","item":"https:\/\/abilica.com\/no\/"},{"@type":"ListItem","position":2,"name":"Produkter","item":"https:\/\/abilica.com\/no\/shop-2\/"},{"@type":"ListItem","position":3,"name":"Abilica TM 45 BT"}]},{"@type":"WebSite","@id":"https:\/\/abilica.com\/#website","url":"https:\/\/abilica.com\/","name":"Abilica","description":"Abilica Home Training","potentialAction":[{"@type":"SearchAction","target":{"@type":"EntryPoint","urlTemplate":"https:\/\/abilica.com\/?s={search_term_string}"},"query-input":{"@type":"PropertyValueSpecification","valueRequired":true,"valueName":"search_term_string"}}],"inLanguage":"nb-NO"}]}},"_links":{"self":[{"href":"https:\/\/abilica.com\/no\/wp-json\/wp\/v2\/product\/63524","targetHints":{"allow":["GET"]}}],"collection":[{"href":"https:\/\/abilica.com\/no\/wp-json\/wp\/v2\/product"}],"about":[{"href":"https:\/\/abilica.com\/no\/wp-json\/wp\/v2\/types\/product"}],"wp:featuredmedia":[{"embeddable":true,"href":"https:\/\/abilica.com\/no\/wp-json\/wp\/v2\/media\/70569"}],"wp:attachment":[{"href":"https:\/\/abilica.com\/no\/wp-json\/wp\/v2\/media?parent=63524"}],"wp:term":[{"taxonomy":"product_brand","embeddable":true,"href":"https:\/\/abilica.com\/no\/wp-json\/wp\/v2\/product_brand?post=63524"},{"taxonomy":"product_cat","embeddable":true,"href":"https:\/\/abilica.com\/no\/wp-json\/wp\/v2\/product_cat?post=63524"},{"taxonomy":"product_tag","embeddable":true,"href":"https:\/\/abilica.com\/no\/wp-json\/wp\/v2\/product_tag?post=63524"}],"curies":[{"name":"wp","href":"https:\/\/api.w.org\/{rel}","templated":true}]}}