{"id":63530,"date":"2023-10-24T11:34:14","date_gmt":"2023-10-24T10:34:14","guid":{"rendered":"https:\/\/abilica.com\/uncategorized\/abilica-yogamat-life-eco\/"},"modified":"2026-02-23T15:28:53","modified_gmt":"2026-02-23T14:28:53","slug":"abilica-yogamat-life-eco","status":"publish","type":"product","link":"https:\/\/abilica.com\/no\/yoga\/yogamatte\/abilica-yogamat-life-eco\/","title":{"rendered":"Abilica YogaMat Life ECO"},"content":{"rendered":"<div class=\"wpb-content-wrapper\"><p>[vc_row][vc_column][vc_column_text]<img loading=\"lazy\" decoding=\"async\" class=\"alignnone wp-image-38205\" src=\"https:\/\/abilica.com\/no\/wp-content\/uploads\/2021\/06\/ECO-hvit.png\" alt=\"\" width=\"91\" height=\"91\" \/><\/p>\n<p>Abilica YogaMat Life ECO er yogamatten som forblir frisk og ren \u2013 livet ut.\u00a0Yogamatten er produsert i samarbeid med Life Naturals, og innholder Life Naturals antimikrobielle teknologi. Life Natural benytter seg av naturlig planteekstrakt, som dreper bakterier som skaper lukt. Peppermynte gir matten en behagelig og mild duft. Alt dette med milj\u00f8vennlig teknologi, for en gr\u00f8nnere verden. Abilica YogaMat LIFE ECO har to ulike strukturer og kan brukes p\u00e5 begge sider. Dette er v\u00e5r tykkeste yogamatte og er ogs\u00e5 godt egnet til pilates eller annen trening. Matten kan vaskes med en fuktig klut, eventuelt kan kluten dyppes i vann med litt s\u00e5pe. T\u00f8rk av med en t\u00f8rr klut og rull sammen n\u00e5r den er helt t\u00f8rr. Abilica YogaMat Life ECO er produsert i det milj\u00f8vennlige materialet TPE.\u00a0Farge: Tofarget, bl\u00e5 og gr\u00e5.\u00a0Lengde: 183 cm. Bredde: 61 cm. Tykkelse: 6 mm. Aktive stoffer: Peppermynteolje. B\u00e6restropp f\u00f8lger med.[\/vc_column_text][vc_empty_space height=&raquo;50px&raquo;][vc_btn title=&raquo;Treningstips&raquo; style=&raquo;flat&raquo; color=&raquo;black&raquo; i_icon_fontawesome=&raquo;fas fa-align-left&raquo; add_icon=&raquo;true&raquo; link=&raquo;url:https%3A%2F%2Fabilica.com%2Fno%2Ftreningsartikler%2Fyoga%2F|title:Treningstips%20innenfor%20yoga&raquo;][vc_btn title=&raquo;Velg riktig yogamatte&raquo; style=&raquo;flat&raquo; color=&raquo;black&raquo; i_icon_fontawesome=&raquo;fas fa-align-left&raquo; add_icon=&raquo;true&raquo; link=&raquo;url:https%3A%2F%2Fabilica.com%2Fno%2Ftreningsartikler%2Fyoga%2Fvelg-riktig-yogamatte%2F|title:Treningstips%20innenfor%20yoga&raquo;][\/vc_column][\/vc_row]<\/p>\n<\/div>","protected":false},"excerpt":{"rendered":"<p>[vc_row][vc_column][vc_column_text] Abilica YogaMat Life ECO er yogamatten som forblir frisk og ren \u2013 livet ut.\u00a0Yogamatten&#8230;<\/p>\n","protected":false},"featured_media":62331,"template":"","meta":{"_acf_changed":false},"product_brand":[],"product_cat":[436,437],"product_tag":[550],"class_list":{"0":"post-63530","1":"product","2":"type-product","3":"status-publish","4":"has-post-thumbnail","6":"product_cat-yoga","7":"product_cat-yogamatte","8":"product_tag-eco-friendly-no","10":"first","11":"instock","12":"product-type-simple"},"acf":[],"yoast_head":"<!-- This site is optimized with the Yoast SEO Premium plugin v21.1 (Yoast SEO v25.4) - https:\/\/yoast.com\/wordpress\/plugins\/seo\/ -->\n<title>Abilica YogaMat Life ECO Abilica<\/title>\n<meta name=\"robots\" content=\"index, follow, max-snippet:-1, max-image-preview:large, max-video-preview:-1\" \/>\n<link rel=\"canonical\" href=\"https:\/\/abilica.com\/no\/yoga\/yogamatte\/abilica-yogamat-life-eco\/\" \/>\n<meta property=\"og:locale\" content=\"nb_NO\" \/>\n<meta property=\"og:type\" content=\"article\" \/>\n<meta property=\"og:title\" content=\"Abilica YogaMat Life ECO\" \/>\n<meta property=\"og:description\" content=\"[vc_row][vc_column][vc_column_text] Abilica YogaMat Life ECO er yogamatten som forblir frisk og ren \u2013 livet ut.\u00a0Yogamatten...\" \/>\n<meta property=\"og:url\" content=\"https:\/\/abilica.com\/no\/yoga\/yogamatte\/abilica-yogamat-life-eco\/\" \/>\n<meta property=\"og:site_name\" content=\"Abilica\" \/>\n<meta property=\"article:publisher\" content=\"https:\/\/www.facebook.com\/abilicahometraining\/\" \/>\n<meta property=\"article:modified_time\" content=\"2026-02-23T14:28:53+00:00\" \/>\n<meta property=\"og:image\" content=\"https:\/\/abilica.com\/wp-content\/uploads\/2023\/10\/yoga.jpg\" \/>\n\t<meta property=\"og:image:width\" content=\"1200\" \/>\n\t<meta property=\"og:image:height\" content=\"1200\" \/>\n\t<meta property=\"og:image:type\" content=\"image\/jpeg\" \/>\n<meta name=\"twitter:card\" content=\"summary_large_image\" \/>\n<meta name=\"twitter:label1\" content=\"Ansl. lesetid\" \/>\n\t<meta name=\"twitter:data1\" content=\"1 minutt\" \/>\n<script type=\"application\/ld+json\" class=\"yoast-schema-graph\">{\"@context\":\"https:\/\/schema.org\",\"@graph\":[{\"@type\":\"WebPage\",\"@id\":\"https:\/\/abilica.com\/no\/yoga\/yogamatte\/abilica-yogamat-life-eco\/\",\"url\":\"https:\/\/abilica.com\/no\/yoga\/yogamatte\/abilica-yogamat-life-eco\/\",\"name\":\"Abilica YogaMat Life ECO Abilica\",\"isPartOf\":{\"@id\":\"https:\/\/abilica.com\/#website\"},\"primaryImageOfPage\":{\"@id\":\"https:\/\/abilica.com\/no\/yoga\/yogamatte\/abilica-yogamat-life-eco\/#primaryimage\"},\"image\":{\"@id\":\"https:\/\/abilica.com\/no\/yoga\/yogamatte\/abilica-yogamat-life-eco\/#primaryimage\"},\"thumbnailUrl\":\"https:\/\/abilica.com\/wp-content\/uploads\/2023\/10\/yoga.jpg\",\"datePublished\":\"2023-10-24T10:34:14+00:00\",\"dateModified\":\"2026-02-23T14:28:53+00:00\",\"breadcrumb\":{\"@id\":\"https:\/\/abilica.com\/no\/yoga\/yogamatte\/abilica-yogamat-life-eco\/#breadcrumb\"},\"inLanguage\":\"nb-NO\",\"potentialAction\":[{\"@type\":\"ReadAction\",\"target\":[\"https:\/\/abilica.com\/no\/yoga\/yogamatte\/abilica-yogamat-life-eco\/\"]}]},{\"@type\":\"ImageObject\",\"inLanguage\":\"nb-NO\",\"@id\":\"https:\/\/abilica.com\/no\/yoga\/yogamatte\/abilica-yogamat-life-eco\/#primaryimage\",\"url\":\"https:\/\/abilica.com\/wp-content\/uploads\/2023\/10\/yoga.jpg\",\"contentUrl\":\"https:\/\/abilica.com\/wp-content\/uploads\/2023\/10\/yoga.jpg\",\"width\":1200,\"height\":1200},{\"@type\":\"BreadcrumbList\",\"@id\":\"https:\/\/abilica.com\/no\/yoga\/yogamatte\/abilica-yogamat-life-eco\/#breadcrumb\",\"itemListElement\":[{\"@type\":\"ListItem\",\"position\":1,\"name\":\"Hem\",\"item\":\"https:\/\/abilica.com\/no\/\"},{\"@type\":\"ListItem\",\"position\":2,\"name\":\"Produkter\",\"item\":\"https:\/\/abilica.com\/no\/shop-2\/\"},{\"@type\":\"ListItem\",\"position\":3,\"name\":\"Abilica YogaMat Life ECO\"}]},{\"@type\":\"WebSite\",\"@id\":\"https:\/\/abilica.com\/#website\",\"url\":\"https:\/\/abilica.com\/\",\"name\":\"Abilica\",\"description\":\"Abilica Home Training\",\"potentialAction\":[{\"@type\":\"SearchAction\",\"target\":{\"@type\":\"EntryPoint\",\"urlTemplate\":\"https:\/\/abilica.com\/?s={search_term_string}\"},\"query-input\":{\"@type\":\"PropertyValueSpecification\",\"valueRequired\":true,\"valueName\":\"search_term_string\"}}],\"inLanguage\":\"nb-NO\"}]}<\/script>\n<!-- \/ Yoast SEO Premium plugin. -->","yoast_head_json":{"title":"Abilica YogaMat Life ECO Abilica","robots":{"index":"index","follow":"follow","max-snippet":"max-snippet:-1","max-image-preview":"max-image-preview:large","max-video-preview":"max-video-preview:-1"},"canonical":"https:\/\/abilica.com\/no\/yoga\/yogamatte\/abilica-yogamat-life-eco\/","og_locale":"nb_NO","og_type":"article","og_title":"Abilica YogaMat Life ECO","og_description":"[vc_row][vc_column][vc_column_text] Abilica YogaMat Life ECO er yogamatten som forblir frisk og ren \u2013 livet ut.\u00a0Yogamatten...","og_url":"https:\/\/abilica.com\/no\/yoga\/yogamatte\/abilica-yogamat-life-eco\/","og_site_name":"Abilica","article_publisher":"https:\/\/www.facebook.com\/abilicahometraining\/","article_modified_time":"2026-02-23T14:28:53+00:00","og_image":[{"width":1200,"height":1200,"url":"https:\/\/abilica.com\/wp-content\/uploads\/2023\/10\/yoga.jpg","type":"image\/jpeg"}],"twitter_card":"summary_large_image","twitter_misc":{"Ansl. lesetid":"1 minutt"},"schema":{"@context":"https:\/\/schema.org","@graph":[{"@type":"WebPage","@id":"https:\/\/abilica.com\/no\/yoga\/yogamatte\/abilica-yogamat-life-eco\/","url":"https:\/\/abilica.com\/no\/yoga\/yogamatte\/abilica-yogamat-life-eco\/","name":"Abilica YogaMat Life ECO Abilica","isPartOf":{"@id":"https:\/\/abilica.com\/#website"},"primaryImageOfPage":{"@id":"https:\/\/abilica.com\/no\/yoga\/yogamatte\/abilica-yogamat-life-eco\/#primaryimage"},"image":{"@id":"https:\/\/abilica.com\/no\/yoga\/yogamatte\/abilica-yogamat-life-eco\/#primaryimage"},"thumbnailUrl":"https:\/\/abilica.com\/wp-content\/uploads\/2023\/10\/yoga.jpg","datePublished":"2023-10-24T10:34:14+00:00","dateModified":"2026-02-23T14:28:53+00:00","breadcrumb":{"@id":"https:\/\/abilica.com\/no\/yoga\/yogamatte\/abilica-yogamat-life-eco\/#breadcrumb"},"inLanguage":"nb-NO","potentialAction":[{"@type":"ReadAction","target":["https:\/\/abilica.com\/no\/yoga\/yogamatte\/abilica-yogamat-life-eco\/"]}]},{"@type":"ImageObject","inLanguage":"nb-NO","@id":"https:\/\/abilica.com\/no\/yoga\/yogamatte\/abilica-yogamat-life-eco\/#primaryimage","url":"https:\/\/abilica.com\/wp-content\/uploads\/2023\/10\/yoga.jpg","contentUrl":"https:\/\/abilica.com\/wp-content\/uploads\/2023\/10\/yoga.jpg","width":1200,"height":1200},{"@type":"BreadcrumbList","@id":"https:\/\/abilica.com\/no\/yoga\/yogamatte\/abilica-yogamat-life-eco\/#breadcrumb","itemListElement":[{"@type":"ListItem","position":1,"name":"Hem","item":"https:\/\/abilica.com\/no\/"},{"@type":"ListItem","position":2,"name":"Produkter","item":"https:\/\/abilica.com\/no\/shop-2\/"},{"@type":"ListItem","position":3,"name":"Abilica YogaMat Life ECO"}]},{"@type":"WebSite","@id":"https:\/\/abilica.com\/#website","url":"https:\/\/abilica.com\/","name":"Abilica","description":"Abilica Home Training","potentialAction":[{"@type":"SearchAction","target":{"@type":"EntryPoint","urlTemplate":"https:\/\/abilica.com\/?s={search_term_string}"},"query-input":{"@type":"PropertyValueSpecification","valueRequired":true,"valueName":"search_term_string"}}],"inLanguage":"nb-NO"}]}},"_links":{"self":[{"href":"https:\/\/abilica.com\/no\/wp-json\/wp\/v2\/product\/63530","targetHints":{"allow":["GET"]}}],"collection":[{"href":"https:\/\/abilica.com\/no\/wp-json\/wp\/v2\/product"}],"about":[{"href":"https:\/\/abilica.com\/no\/wp-json\/wp\/v2\/types\/product"}],"wp:featuredmedia":[{"embeddable":true,"href":"https:\/\/abilica.com\/no\/wp-json\/wp\/v2\/media\/62331"}],"wp:attachment":[{"href":"https:\/\/abilica.com\/no\/wp-json\/wp\/v2\/media?parent=63530"}],"wp:term":[{"taxonomy":"product_brand","embeddable":true,"href":"https:\/\/abilica.com\/no\/wp-json\/wp\/v2\/product_brand?post=63530"},{"taxonomy":"product_cat","embeddable":true,"href":"https:\/\/abilica.com\/no\/wp-json\/wp\/v2\/product_cat?post=63530"},{"taxonomy":"product_tag","embeddable":true,"href":"https:\/\/abilica.com\/no\/wp-json\/wp\/v2\/product_tag?post=63530"}],"curies":[{"name":"wp","href":"https:\/\/api.w.org\/{rel}","templated":true}]}}