{"id":63548,"date":"2023-10-24T11:34:14","date_gmt":"2023-10-24T10:34:14","guid":{"rendered":"https:\/\/abilica.com\/uncategorized\/abilica-massagegun-premium\/"},"modified":"2025-10-23T11:09:44","modified_gmt":"2025-10-23T10:09:44","slug":"abilica-massagegun-premium","status":"publish","type":"product","link":"https:\/\/abilica.com\/no\/massasje\/abilica-massagegun-premium\/","title":{"rendered":"Abilica MassageGun Premium"},"content":{"rendered":"<p class=\"lead\">Kraftig motor som gir 6 ulike massasjefrekvenser mellom 1200-3300 repetisjoner per minutt.\u00a0Dette gir deg en god mulighet til \u00e5 tilpasse vibrasjonen best mulig for \u00e5 massere musklene effektivt. Det f\u00f8lger ogs\u00e5 med 6 ulike massasjehoder som er tilpasset de forskjellige muskelgruppene. To h\u00e5ndtak som gj\u00f8r det enkelt \u00e5 komme til muskulatur p\u00e5 skuldre og rygg som gj\u00f8r den egnet b\u00e5de for egenmassasje eller \u00e5 massere andre. Massasjepistolen er oppladbar og batteritiden er 3-5 timer. Ladetiden er ca 3.5 time. Leveres i koffert med st\u00e5lramme for enkel oppbevaring og frakt.<\/p>\n<p>30W motor<br \/>\nBatteri: 2600mah<br \/>\nBatteritid: 3-5 timer<br \/>\nLadetid: 3,5 time<br \/>\nMassasjefrekvens: 1200-3300<br \/>\nMassasjeniv\u00e5er: 6<br \/>\nUtslag: 12mm<\/p>\n<p><strong>Produktet inneholder:<\/strong><br \/>\n1 stk koffert til lagring<br \/>\n1 stk massasjepistol<br \/>\n5 stk massasjehoder<br \/>\n1 stk lader<\/p>\n<p>Vekt: 1.09 kg<br \/>\nMateriale: Stainless steel + ABS + Silica Gel<br \/>\nLydniv\u00e5: 60 db<\/p>\n<p><strong>Styrkene\/intervallene level 1-6:<\/strong><br \/>\nLevel 1: 1200<br \/>\nLevel 2: 1620<br \/>\nLevel 3: 2040<br \/>\nLevel 4: 2460<br \/>\nLevel 5: 2880<br \/>\nLevel 6: 3300<\/p>\n","protected":false},"excerpt":{"rendered":"<p>Kraftig motor som gir 6 ulike massasjefrekvenser mellom 1200-3300 repetisjoner per minutt.\u00a0Dette gir deg en&#8230;<\/p>\n","protected":false},"featured_media":62344,"template":"","meta":{"_acf_changed":false},"product_brand":[],"product_cat":[461,432],"product_tag":[534],"class_list":{"0":"post-63548","1":"product","2":"type-product","3":"status-publish","4":"has-post-thumbnail","6":"product_cat-massasje","7":"product_cat-restitusjon-og-skadeforebyggende","8":"product_tag-oslo-maraton-x-abilica","10":"first","11":"instock","12":"product-type-simple"},"acf":[],"yoast_head":"<!-- This site is optimized with the Yoast SEO Premium plugin v21.1 (Yoast SEO v25.4) - https:\/\/yoast.com\/wordpress\/plugins\/seo\/ -->\n<title>Abilica MassageGun Premium Abilica<\/title>\n<meta name=\"robots\" content=\"index, follow, max-snippet:-1, max-image-preview:large, max-video-preview:-1\" \/>\n<link rel=\"canonical\" href=\"https:\/\/abilica.com\/no\/massasje\/abilica-massagegun-premium\/\" \/>\n<meta property=\"og:locale\" content=\"nb_NO\" \/>\n<meta property=\"og:type\" content=\"article\" \/>\n<meta property=\"og:title\" content=\"Abilica MassageGun Premium\" \/>\n<meta property=\"og:description\" content=\"Kraftig motor som gir 6 ulike massasjefrekvenser mellom 1200-3300 repetisjoner per minutt.\u00a0Dette gir deg en...\" \/>\n<meta property=\"og:url\" content=\"https:\/\/abilica.com\/no\/massasje\/abilica-massagegun-premium\/\" \/>\n<meta property=\"og:site_name\" content=\"Abilica\" \/>\n<meta property=\"article:publisher\" content=\"https:\/\/www.facebook.com\/abilicahometraining\/\" \/>\n<meta property=\"article:modified_time\" content=\"2025-10-23T10:09:44+00:00\" \/>\n<meta property=\"og:image\" content=\"https:\/\/abilica.com\/wp-content\/uploads\/2023\/10\/Untitled-1-3.jpg\" \/>\n\t<meta property=\"og:image:width\" content=\"1200\" \/>\n\t<meta property=\"og:image:height\" content=\"1200\" \/>\n\t<meta property=\"og:image:type\" content=\"image\/jpeg\" \/>\n<meta name=\"twitter:card\" content=\"summary_large_image\" \/>\n<meta name=\"twitter:label1\" content=\"Ansl. lesetid\" \/>\n\t<meta name=\"twitter:data1\" content=\"1 minutt\" \/>\n<script type=\"application\/ld+json\" class=\"yoast-schema-graph\">{\"@context\":\"https:\/\/schema.org\",\"@graph\":[{\"@type\":\"WebPage\",\"@id\":\"https:\/\/abilica.com\/no\/massasje\/abilica-massagegun-premium\/\",\"url\":\"https:\/\/abilica.com\/no\/massasje\/abilica-massagegun-premium\/\",\"name\":\"Abilica MassageGun Premium Abilica\",\"isPartOf\":{\"@id\":\"https:\/\/abilica.com\/#website\"},\"primaryImageOfPage\":{\"@id\":\"https:\/\/abilica.com\/no\/massasje\/abilica-massagegun-premium\/#primaryimage\"},\"image\":{\"@id\":\"https:\/\/abilica.com\/no\/massasje\/abilica-massagegun-premium\/#primaryimage\"},\"thumbnailUrl\":\"https:\/\/abilica.com\/wp-content\/uploads\/2023\/10\/Untitled-1-3.jpg\",\"datePublished\":\"2023-10-24T10:34:14+00:00\",\"dateModified\":\"2025-10-23T10:09:44+00:00\",\"breadcrumb\":{\"@id\":\"https:\/\/abilica.com\/no\/massasje\/abilica-massagegun-premium\/#breadcrumb\"},\"inLanguage\":\"nb-NO\",\"potentialAction\":[{\"@type\":\"ReadAction\",\"target\":[\"https:\/\/abilica.com\/no\/massasje\/abilica-massagegun-premium\/\"]}]},{\"@type\":\"ImageObject\",\"inLanguage\":\"nb-NO\",\"@id\":\"https:\/\/abilica.com\/no\/massasje\/abilica-massagegun-premium\/#primaryimage\",\"url\":\"https:\/\/abilica.com\/wp-content\/uploads\/2023\/10\/Untitled-1-3.jpg\",\"contentUrl\":\"https:\/\/abilica.com\/wp-content\/uploads\/2023\/10\/Untitled-1-3.jpg\",\"width\":1200,\"height\":1200},{\"@type\":\"BreadcrumbList\",\"@id\":\"https:\/\/abilica.com\/no\/massasje\/abilica-massagegun-premium\/#breadcrumb\",\"itemListElement\":[{\"@type\":\"ListItem\",\"position\":1,\"name\":\"Hem\",\"item\":\"https:\/\/abilica.com\/no\/\"},{\"@type\":\"ListItem\",\"position\":2,\"name\":\"Produkter\",\"item\":\"https:\/\/abilica.com\/no\/shop-2\/\"},{\"@type\":\"ListItem\",\"position\":3,\"name\":\"Abilica MassageGun Premium\"}]},{\"@type\":\"WebSite\",\"@id\":\"https:\/\/abilica.com\/#website\",\"url\":\"https:\/\/abilica.com\/\",\"name\":\"Abilica\",\"description\":\"Abilica Home Training\",\"potentialAction\":[{\"@type\":\"SearchAction\",\"target\":{\"@type\":\"EntryPoint\",\"urlTemplate\":\"https:\/\/abilica.com\/?s={search_term_string}\"},\"query-input\":{\"@type\":\"PropertyValueSpecification\",\"valueRequired\":true,\"valueName\":\"search_term_string\"}}],\"inLanguage\":\"nb-NO\"}]}<\/script>\n<!-- \/ Yoast SEO Premium plugin. -->","yoast_head_json":{"title":"Abilica MassageGun Premium Abilica","robots":{"index":"index","follow":"follow","max-snippet":"max-snippet:-1","max-image-preview":"max-image-preview:large","max-video-preview":"max-video-preview:-1"},"canonical":"https:\/\/abilica.com\/no\/massasje\/abilica-massagegun-premium\/","og_locale":"nb_NO","og_type":"article","og_title":"Abilica MassageGun Premium","og_description":"Kraftig motor som gir 6 ulike massasjefrekvenser mellom 1200-3300 repetisjoner per minutt.\u00a0Dette gir deg en...","og_url":"https:\/\/abilica.com\/no\/massasje\/abilica-massagegun-premium\/","og_site_name":"Abilica","article_publisher":"https:\/\/www.facebook.com\/abilicahometraining\/","article_modified_time":"2025-10-23T10:09:44+00:00","og_image":[{"width":1200,"height":1200,"url":"https:\/\/abilica.com\/wp-content\/uploads\/2023\/10\/Untitled-1-3.jpg","type":"image\/jpeg"}],"twitter_card":"summary_large_image","twitter_misc":{"Ansl. lesetid":"1 minutt"},"schema":{"@context":"https:\/\/schema.org","@graph":[{"@type":"WebPage","@id":"https:\/\/abilica.com\/no\/massasje\/abilica-massagegun-premium\/","url":"https:\/\/abilica.com\/no\/massasje\/abilica-massagegun-premium\/","name":"Abilica MassageGun Premium Abilica","isPartOf":{"@id":"https:\/\/abilica.com\/#website"},"primaryImageOfPage":{"@id":"https:\/\/abilica.com\/no\/massasje\/abilica-massagegun-premium\/#primaryimage"},"image":{"@id":"https:\/\/abilica.com\/no\/massasje\/abilica-massagegun-premium\/#primaryimage"},"thumbnailUrl":"https:\/\/abilica.com\/wp-content\/uploads\/2023\/10\/Untitled-1-3.jpg","datePublished":"2023-10-24T10:34:14+00:00","dateModified":"2025-10-23T10:09:44+00:00","breadcrumb":{"@id":"https:\/\/abilica.com\/no\/massasje\/abilica-massagegun-premium\/#breadcrumb"},"inLanguage":"nb-NO","potentialAction":[{"@type":"ReadAction","target":["https:\/\/abilica.com\/no\/massasje\/abilica-massagegun-premium\/"]}]},{"@type":"ImageObject","inLanguage":"nb-NO","@id":"https:\/\/abilica.com\/no\/massasje\/abilica-massagegun-premium\/#primaryimage","url":"https:\/\/abilica.com\/wp-content\/uploads\/2023\/10\/Untitled-1-3.jpg","contentUrl":"https:\/\/abilica.com\/wp-content\/uploads\/2023\/10\/Untitled-1-3.jpg","width":1200,"height":1200},{"@type":"BreadcrumbList","@id":"https:\/\/abilica.com\/no\/massasje\/abilica-massagegun-premium\/#breadcrumb","itemListElement":[{"@type":"ListItem","position":1,"name":"Hem","item":"https:\/\/abilica.com\/no\/"},{"@type":"ListItem","position":2,"name":"Produkter","item":"https:\/\/abilica.com\/no\/shop-2\/"},{"@type":"ListItem","position":3,"name":"Abilica MassageGun Premium"}]},{"@type":"WebSite","@id":"https:\/\/abilica.com\/#website","url":"https:\/\/abilica.com\/","name":"Abilica","description":"Abilica Home Training","potentialAction":[{"@type":"SearchAction","target":{"@type":"EntryPoint","urlTemplate":"https:\/\/abilica.com\/?s={search_term_string}"},"query-input":{"@type":"PropertyValueSpecification","valueRequired":true,"valueName":"search_term_string"}}],"inLanguage":"nb-NO"}]}},"_links":{"self":[{"href":"https:\/\/abilica.com\/no\/wp-json\/wp\/v2\/product\/63548","targetHints":{"allow":["GET"]}}],"collection":[{"href":"https:\/\/abilica.com\/no\/wp-json\/wp\/v2\/product"}],"about":[{"href":"https:\/\/abilica.com\/no\/wp-json\/wp\/v2\/types\/product"}],"wp:featuredmedia":[{"embeddable":true,"href":"https:\/\/abilica.com\/no\/wp-json\/wp\/v2\/media\/62344"}],"wp:attachment":[{"href":"https:\/\/abilica.com\/no\/wp-json\/wp\/v2\/media?parent=63548"}],"wp:term":[{"taxonomy":"product_brand","embeddable":true,"href":"https:\/\/abilica.com\/no\/wp-json\/wp\/v2\/product_brand?post=63548"},{"taxonomy":"product_cat","embeddable":true,"href":"https:\/\/abilica.com\/no\/wp-json\/wp\/v2\/product_cat?post=63548"},{"taxonomy":"product_tag","embeddable":true,"href":"https:\/\/abilica.com\/no\/wp-json\/wp\/v2\/product_tag?post=63548"}],"curies":[{"name":"wp","href":"https:\/\/api.w.org\/{rel}","templated":true}]}}