{"id":63554,"date":"2023-10-24T11:34:14","date_gmt":"2023-10-24T10:34:14","guid":{"rendered":"https:\/\/abilica.com\/uncategorized\/abilica-the-earth-collection\/"},"modified":"2023-10-27T13:52:59","modified_gmt":"2023-10-27T12:52:59","slug":"abilica-the-earth-collection","status":"publish","type":"product","link":"https:\/\/abilica.com\/no\/the-earth-collection\/abilica-the-earth-collection\/","title":{"rendered":"Abilica The Earth Collection"},"content":{"rendered":"<div class=\"wpb-content-wrapper\"><p>[vc_row][vc_column][vc_video link=&raquo;https:\/\/vimeo.com\/700716218&#8243; align=&raquo;center&raquo;][vc_empty_space][vc_btn title=&raquo;Treningsvideoer&raquo; style=&raquo;flat&raquo; color=&raquo;black&raquo; align=&raquo;center&raquo; i_icon_fontawesome=&raquo;fas fa-play&raquo; add_icon=&raquo;true&raquo; link=&raquo;url:https%3A%2F%2Fabilica.com%2Fno%2Fthe-earth-collection-training-videos%2F&raquo;][vc_empty_space][vc_column_text]<\/p>\n<h2><strong><img loading=\"lazy\" decoding=\"async\" class=\"size-thumbnail wp-image-38205 aligncenter\" src=\"https:\/\/abilica.com\/no\/wp-content\/uploads\/2021\/06\/ECO-hvit-150x150.png\" alt=\"\" width=\"150\" height=\"150\" \/><\/strong><\/h2>\n<h2><strong>Abilica The Earth Collection<\/strong><\/h2>\n<p>Earth Collection-pakken inneholder alt du trenger for en sunn livsstil p\u00e5 farten. Denne samlingen er i begrenset opplag. Kj\u00f8p din pakke f\u00f8r det er for sent.<\/p>\n<p><strong><br \/>\nPakken\/settet inkluderer:<\/strong><br \/>\nAbilica ExerTube ECO<br \/>\nAbilica LoopBand Duo<br \/>\nAbilica PilatesBall 20 cm<br \/>\nAbilica PopSocket<br \/>\nAbilica WaterBottle Steel<br \/>\nAbilica YogaMat Earth ECO<\/p>\n<p><strong>Abilica ExerTube ECO<\/strong><br \/>\nDesignet for alle typer motstands- og styrketrening. F\u00e5 en full trenings\u00f8kt uten alt det tunge utstyret, eller legg det til trenings\u00f8kten under din neste styrke\u00f8kt. Den kan ogs\u00e5 brukes til ulike t\u00f8yerutiner, legge til for st\u00f8tte under pull-ups, helkropps\u00f8velser og mer. Vi har solgt denne i 20 \u00e5r!<\/p>\n<div class=\"\" data-block=\"true\" data-editor=\"ae8t8\" data-offset-key=\"96f9n-0-0\">\n<div class=\"public-DraftStyleDefault-block public-DraftStyleDefault-ltr\" data-offset-key=\"96f9n-0-0\"><em>St\u00f8rrelse<\/em><\/div>\n<\/div>\n<div class=\"\" data-block=\"true\" data-editor=\"ae8t8\" data-offset-key=\"8nene-0-0\">\n<div class=\"public-DraftStyleDefault-block public-DraftStyleDefault-ltr\" data-offset-key=\"8nene-0-0\"><span data-offset-key=\"8nene-0-0\">Lengde 130 cm<\/span><\/div>\n<\/div>\n<div class=\"\" data-block=\"true\" data-editor=\"ae8t8\" data-offset-key=\"r352-0-0\">\n<div data-offset-key=\"r352-0-0\"><\/div>\n<div class=\"public-DraftStyleDefault-block public-DraftStyleDefault-ltr\" data-offset-key=\"r352-0-0\"><em>Material<\/em><\/div>\n<\/div>\n<div class=\"\" data-block=\"true\" data-editor=\"ae8t8\" data-offset-key=\"3d6t7-0-0\">\n<div class=\"public-DraftStyleDefault-block public-DraftStyleDefault-ltr\" data-offset-key=\"3d6t7-0-0\"><span data-offset-key=\"3d6t7-0-0\">Naturlig gummi. PE. Loom PE.<\/span><\/div>\n<\/div>\n<p>&nbsp;<\/p>\n<p><strong>Abilica LoopBand Duo<\/strong><br \/>\nEt absolutt must-have og en av v\u00e5re bestselgere \u2013 n\u00e5 justerbar! Dette 2-delte strikksettet inkluderer en lett og middels treningsstrikk som du kan ta med deg hvor som helst for en rask trenings\u00f8kt. Med et tykkere materiale i stoff og et indre silikongrep, vil du ikke ha problemer med at disse strikkene ruller eller glir opp og ned under treningen, enten det er p\u00e5 treningsstudioet, hjemme eller til og med p\u00e5 farten. Et absolutt must og en av v\u00e5re bestselgere. N\u00e5 justerbar!<\/p>\n<div class=\"\" data-block=\"true\" data-editor=\"ae8t8\" data-offset-key=\"dsf4f-0-0\">\n<div class=\"public-DraftStyleDefault-block public-DraftStyleDefault-ltr\" data-offset-key=\"dsf4f-0-0\"><em>St\u00f8rrelse<\/em><\/div>\n<\/div>\n<div class=\"\" data-block=\"true\" data-editor=\"ae8t8\" data-offset-key=\"6virp-0-0\">\n<div class=\"public-DraftStyleDefault-block public-DraftStyleDefault-ltr\" data-offset-key=\"6virp-0-0\"><span data-offset-key=\"6virp-0-0\">Bredde 8 cm \/ Justerbar fra 15 cm til 43.5 cm<\/span><\/div>\n<\/div>\n<div class=\"\" data-block=\"true\" data-editor=\"ae8t8\" data-offset-key=\"4c4dv-0-0\">\n<div data-offset-key=\"4c4dv-0-0\"><\/div>\n<div class=\"public-DraftStyleDefault-block public-DraftStyleDefault-ltr\" data-offset-key=\"4c4dv-0-0\"><em>Material<\/em><\/div>\n<\/div>\n<div class=\"\" data-block=\"true\" data-editor=\"ae8t8\" data-offset-key=\"dt4u9-0-0\">\n<div class=\"public-DraftStyleDefault-block public-DraftStyleDefault-ltr\" data-offset-key=\"dt4u9-0-0\"><span data-offset-key=\"dt4u9-0-0\">Polyester. Latex. POM<\/span><\/div>\n<\/div>\n<p>&nbsp;<\/p>\n<p><strong>Abilica PilatesBall 20 cm<\/strong><br \/>\nBallen er en allsidig og effektiv rekvisitt som du kan bl\u00e5se opp og t\u00f8mme for luft for \u00e5 ta med deg p\u00e5 farten! Du kan trene en rekke muskler som kjernen, indre l\u00e5r og bekken. Ingenting styrker kjernen eller toner de indre l\u00e5rene mer enn denne ballen.<\/p>\n<div class=\"\" data-block=\"true\" data-editor=\"ae8t8\" data-offset-key=\"5ok36-0-0\">\n<div class=\"public-DraftStyleDefault-block public-DraftStyleDefault-ltr\" data-offset-key=\"5ok36-0-0\"><em>St\u00f8rrelse<\/em><\/div>\n<\/div>\n<div class=\"\" data-block=\"true\" data-editor=\"ae8t8\" data-offset-key=\"3cr8l-0-0\">\n<div class=\"public-DraftStyleDefault-block public-DraftStyleDefault-ltr\" data-offset-key=\"3cr8l-0-0\"><span data-offset-key=\"3cr8l-0-0\">Diameter 20 cm<\/span><\/div>\n<\/div>\n<div class=\"\" data-block=\"true\" data-editor=\"ae8t8\" data-offset-key=\"eo6u1-0-0\">\n<div data-offset-key=\"eo6u1-0-0\"><\/div>\n<div class=\"public-DraftStyleDefault-block public-DraftStyleDefault-ltr\" data-offset-key=\"eo6u1-0-0\"><em>Material<\/em><\/div>\n<\/div>\n<div class=\"\" data-block=\"true\" data-editor=\"ae8t8\" data-offset-key=\"dftei-0-0\">\n<div class=\"public-DraftStyleDefault-block public-DraftStyleDefault-ltr\" data-offset-key=\"dftei-0-0\"><span data-offset-key=\"dftei-0-0\">PVC<\/span><\/div>\n<\/div>\n<p>&nbsp;<\/p>\n<p><strong>Abilica PopSocket<\/strong><br \/>\nPerfekt for \u00e5 sende tekstmeldinger med \u00e9n h\u00e5nd eller som et praktisk stativ slik at du kan se treningsvideoer i farten.<\/p>\n<div class=\"\" data-block=\"true\" data-editor=\"ae8t8\" data-offset-key=\"c64a4-0-0\">\n<div class=\"public-DraftStyleDefault-block public-DraftStyleDefault-ltr\" data-offset-key=\"c64a4-0-0\"><em>St\u00f8rrelse<\/em><\/div>\n<\/div>\n<div class=\"\" data-block=\"true\" data-editor=\"ae8t8\" data-offset-key=\"d333c-0-0\">\n<div class=\"public-DraftStyleDefault-block public-DraftStyleDefault-ltr\" data-offset-key=\"d333c-0-0\"><span data-offset-key=\"d333c-0-0\">Diameter 38.8 mm x 7.7 mm \/ H\u00f8yde 24.3 mm (utvidet)<\/span><\/div>\n<\/div>\n<div class=\"\" data-block=\"true\" data-editor=\"ae8t8\" data-offset-key=\"4ktkg-0-0\">\n<div data-offset-key=\"4ktkg-0-0\"><\/div>\n<div class=\"public-DraftStyleDefault-block public-DraftStyleDefault-ltr\" data-offset-key=\"4ktkg-0-0\"><em>Material<\/em><\/div>\n<\/div>\n<div class=\"\" data-block=\"true\" data-editor=\"ae8t8\" data-offset-key=\"4vg9t-0-0\">\n<div class=\"public-DraftStyleDefault-block public-DraftStyleDefault-ltr\" data-offset-key=\"4vg9t-0-0\"><span data-offset-key=\"4vg9t-0-0\">Polykarbonat.\u00a0TPU. Polyuretan.<\/span><\/div>\n<\/div>\n<p>&nbsp;<\/p>\n<p><strong>Abilica WaterBottle Steel<\/strong><br \/>\nDen perfekte drikkeflasken du vil ha med overalt; mens du trener, p\u00e5 jobb eller i vesken. Holder drikke varm i opptil 8 timer, eller kald i opptil 12 timer.<\/p>\n<div class=\"\" data-block=\"true\" data-editor=\"ae8t8\" data-offset-key=\"9l4ge-0-0\">\n<div class=\"public-DraftStyleDefault-block public-DraftStyleDefault-ltr\" data-offset-key=\"9l4ge-0-0\"><em>St\u00f8rrelse<\/em><\/div>\n<\/div>\n<div class=\"\" data-block=\"true\" data-editor=\"ae8t8\" data-offset-key=\"2up2s-0-0\">\n<div class=\"public-DraftStyleDefault-block public-DraftStyleDefault-ltr\" data-offset-key=\"2up2s-0-0\"><span data-offset-key=\"2up2s-0-0\">0.5 l \/ H\u00f8yde 26 cm \/ Diameter 7 cm<\/span><\/div>\n<\/div>\n<div class=\"\" data-block=\"true\" data-editor=\"ae8t8\" data-offset-key=\"er5i4-0-0\">\n<div data-offset-key=\"er5i4-0-0\"><\/div>\n<div class=\"public-DraftStyleDefault-block public-DraftStyleDefault-ltr\" data-offset-key=\"er5i4-0-0\"><em>Material<\/em><\/div>\n<\/div>\n<div class=\"\" data-block=\"true\" data-editor=\"ae8t8\" data-offset-key=\"7j005-0-0\">\n<div class=\"public-DraftStyleDefault-block public-DraftStyleDefault-ltr\" data-offset-key=\"7j005-0-0\"><span data-offset-key=\"7j005-0-0\">Rustfritt st\u00e5l. Fri for BPA. SUS304 &#8211; Rustfritt st\u00e5l for spesiell bruk<\/span><\/div>\n<\/div>\n<p>&nbsp;<\/p>\n<p><strong>Abilica YogaMat Earth ECO<\/strong><br \/>\nDesignet for en komfortabel yoga\u00f8kt eller andre typer trening med en t\u00f8rrtransporterende overflate for \u00e5 forhindre at du sklir. Den forblir trygt p\u00e5 plass gjennom selv de mest intense trenings\u00f8ktene.<\/p>\n<div class=\"\" data-block=\"true\" data-editor=\"ae8t8\" data-offset-key=\"8vuj1-0-0\">\n<div class=\"public-DraftStyleDefault-block public-DraftStyleDefault-ltr\" data-offset-key=\"8vuj1-0-0\"><em>St\u00f8rrelse<\/em><\/div>\n<\/div>\n<div class=\"\" data-block=\"true\" data-editor=\"ae8t8\" data-offset-key=\"ciq2m-0-0\">\n<div class=\"public-DraftStyleDefault-block public-DraftStyleDefault-ltr\" data-offset-key=\"ciq2m-0-0\"><span data-offset-key=\"ciq2m-0-0\">Lengde 175 cm \/ Bredde 61 cm \/ Tykkelse 3 mm<\/span><\/div>\n<\/div>\n<div class=\"\" data-block=\"true\" data-editor=\"ae8t8\" data-offset-key=\"7d95g-0-0\">\n<div data-offset-key=\"7d95g-0-0\"><\/div>\n<div class=\"public-DraftStyleDefault-block public-DraftStyleDefault-ltr\" data-offset-key=\"7d95g-0-0\"><em>Material<\/em><\/div>\n<\/div>\n<div class=\"\" data-block=\"true\" data-editor=\"ae8t8\" data-offset-key=\"17p9h-0-0\">\n<div class=\"public-DraftStyleDefault-block public-DraftStyleDefault-ltr\" data-offset-key=\"17p9h-0-0\">\n<p><span data-offset-key=\"17p9h-0-0\">PER<\/span><\/p>\n<p>&nbsp;<\/p>\n<\/div>\n<\/div>\n<div data-offset-key=\"17p9h-0-0\"><\/div>\n<div data-offset-key=\"17p9h-0-0\"><img loading=\"lazy\" decoding=\"async\" class=\"alignnone size-medium wp-image-39979\" src=\"https:\/\/abilica.com\/no\/wp-content\/uploads\/2022\/04\/Trefadder_logo_liggende_bold-300x64.png\" alt=\"\" width=\"300\" height=\"64\" \/><\/div>\n<div data-offset-key=\"17p9h-0-0\">En studie fra 2019 i Z\u00fcrich fant at planting av tr\u00e6r er det mest effektive og viktige v\u00e5penet vi har mot klimaendringer.<br \/>\nFor hver pakke som selges gir vi 20 NOK til Trefadder.<\/div>\n<p>[\/vc_column_text][\/vc_column][\/vc_row]<\/p>\n<\/div>","protected":false},"excerpt":{"rendered":"<p>[vc_row][vc_column][vc_video link=&raquo;https:\/\/vimeo.com\/700716218&#8243; align=&raquo;center&raquo;][vc_empty_space][vc_btn title=&raquo;Treningsvideoer&raquo; style=&raquo;flat&raquo; color=&raquo;black&raquo; align=&raquo;center&raquo; i_icon_fontawesome=&raquo;fas fa-play&raquo; add_icon=&raquo;true&raquo; link=&raquo;url:https%3A%2F%2Fabilica.com%2Fno%2Fthe-earth-collection-training-videos%2F&raquo;][vc_empty_space][vc_column_text] Abilica The Earth Collection&#8230;<\/p>\n","protected":false},"featured_media":62359,"template":"","meta":{"_acf_changed":false},"product_brand":[],"product_cat":[470],"product_tag":[],"class_list":{"0":"post-63554","1":"product","2":"type-product","3":"status-publish","4":"has-post-thumbnail","6":"product_cat-the-earth-collection","8":"first","9":"instock","10":"product-type-simple"},"acf":[],"yoast_head":"<!-- This site is optimized with the Yoast SEO Premium plugin v21.1 (Yoast SEO v25.4) - https:\/\/yoast.com\/wordpress\/plugins\/seo\/ -->\n<title>Abilica The Earth Collection Abilica<\/title>\n<meta name=\"robots\" content=\"index, follow, max-snippet:-1, max-image-preview:large, max-video-preview:-1\" \/>\n<link rel=\"canonical\" href=\"https:\/\/abilica.com\/no\/the-earth-collection\/abilica-the-earth-collection\/\" \/>\n<meta property=\"og:locale\" content=\"nb_NO\" \/>\n<meta property=\"og:type\" content=\"article\" \/>\n<meta property=\"og:title\" content=\"Abilica The Earth Collection\" \/>\n<meta property=\"og:description\" content=\"[vc_row][vc_column][vc_video link=&raquo;https:\/\/vimeo.com\/700716218&#8243; align=&raquo;center&raquo;][vc_empty_space][vc_btn title=&raquo;Treningsvideoer&raquo; style=&raquo;flat&raquo; color=&raquo;black&raquo; align=&raquo;center&raquo; i_icon_fontawesome=&raquo;fas fa-play&raquo; add_icon=&raquo;true&raquo; link=&raquo;url:https%3A%2F%2Fabilica.com%2Fno%2Fthe-earth-collection-training-videos%2F&raquo;][vc_empty_space][vc_column_text] Abilica The Earth Collection...\" \/>\n<meta property=\"og:url\" content=\"https:\/\/abilica.com\/no\/the-earth-collection\/abilica-the-earth-collection\/\" \/>\n<meta property=\"og:site_name\" content=\"Abilica\" \/>\n<meta property=\"article:publisher\" content=\"https:\/\/www.facebook.com\/abilicahometraining\/\" \/>\n<meta property=\"article:modified_time\" content=\"2023-10-27T12:52:59+00:00\" \/>\n<meta property=\"og:image\" content=\"https:\/\/abilica.com\/wp-content\/uploads\/2023\/10\/Untitled-1-4.jpg\" \/>\n\t<meta property=\"og:image:width\" content=\"1200\" \/>\n\t<meta property=\"og:image:height\" content=\"1200\" \/>\n\t<meta property=\"og:image:type\" content=\"image\/jpeg\" \/>\n<meta name=\"twitter:card\" content=\"summary_large_image\" \/>\n<meta name=\"twitter:label1\" content=\"Ansl. lesetid\" \/>\n\t<meta name=\"twitter:data1\" content=\"3 minutter\" \/>\n<script type=\"application\/ld+json\" class=\"yoast-schema-graph\">{\"@context\":\"https:\/\/schema.org\",\"@graph\":[{\"@type\":\"WebPage\",\"@id\":\"https:\/\/abilica.com\/no\/the-earth-collection\/abilica-the-earth-collection\/\",\"url\":\"https:\/\/abilica.com\/no\/the-earth-collection\/abilica-the-earth-collection\/\",\"name\":\"Abilica The Earth Collection Abilica\",\"isPartOf\":{\"@id\":\"https:\/\/abilica.com\/#website\"},\"primaryImageOfPage\":{\"@id\":\"https:\/\/abilica.com\/no\/the-earth-collection\/abilica-the-earth-collection\/#primaryimage\"},\"image\":{\"@id\":\"https:\/\/abilica.com\/no\/the-earth-collection\/abilica-the-earth-collection\/#primaryimage\"},\"thumbnailUrl\":\"https:\/\/abilica.com\/wp-content\/uploads\/2023\/10\/Untitled-1-4.jpg\",\"datePublished\":\"2023-10-24T10:34:14+00:00\",\"dateModified\":\"2023-10-27T12:52:59+00:00\",\"breadcrumb\":{\"@id\":\"https:\/\/abilica.com\/no\/the-earth-collection\/abilica-the-earth-collection\/#breadcrumb\"},\"inLanguage\":\"nb-NO\",\"potentialAction\":[{\"@type\":\"ReadAction\",\"target\":[\"https:\/\/abilica.com\/no\/the-earth-collection\/abilica-the-earth-collection\/\"]}]},{\"@type\":\"ImageObject\",\"inLanguage\":\"nb-NO\",\"@id\":\"https:\/\/abilica.com\/no\/the-earth-collection\/abilica-the-earth-collection\/#primaryimage\",\"url\":\"https:\/\/abilica.com\/wp-content\/uploads\/2023\/10\/Untitled-1-4.jpg\",\"contentUrl\":\"https:\/\/abilica.com\/wp-content\/uploads\/2023\/10\/Untitled-1-4.jpg\",\"width\":1200,\"height\":1200},{\"@type\":\"BreadcrumbList\",\"@id\":\"https:\/\/abilica.com\/no\/the-earth-collection\/abilica-the-earth-collection\/#breadcrumb\",\"itemListElement\":[{\"@type\":\"ListItem\",\"position\":1,\"name\":\"Hem\",\"item\":\"https:\/\/abilica.com\/no\/\"},{\"@type\":\"ListItem\",\"position\":2,\"name\":\"Produkter\",\"item\":\"https:\/\/abilica.com\/no\/shop-2\/\"},{\"@type\":\"ListItem\",\"position\":3,\"name\":\"Abilica The Earth Collection\"}]},{\"@type\":\"WebSite\",\"@id\":\"https:\/\/abilica.com\/#website\",\"url\":\"https:\/\/abilica.com\/\",\"name\":\"Abilica\",\"description\":\"Abilica Home Training\",\"potentialAction\":[{\"@type\":\"SearchAction\",\"target\":{\"@type\":\"EntryPoint\",\"urlTemplate\":\"https:\/\/abilica.com\/?s={search_term_string}\"},\"query-input\":{\"@type\":\"PropertyValueSpecification\",\"valueRequired\":true,\"valueName\":\"search_term_string\"}}],\"inLanguage\":\"nb-NO\"}]}<\/script>\n<!-- \/ Yoast SEO Premium plugin. -->","yoast_head_json":{"title":"Abilica The Earth Collection Abilica","robots":{"index":"index","follow":"follow","max-snippet":"max-snippet:-1","max-image-preview":"max-image-preview:large","max-video-preview":"max-video-preview:-1"},"canonical":"https:\/\/abilica.com\/no\/the-earth-collection\/abilica-the-earth-collection\/","og_locale":"nb_NO","og_type":"article","og_title":"Abilica The Earth Collection","og_description":"[vc_row][vc_column][vc_video link=&raquo;https:\/\/vimeo.com\/700716218&#8243; align=&raquo;center&raquo;][vc_empty_space][vc_btn title=&raquo;Treningsvideoer&raquo; style=&raquo;flat&raquo; color=&raquo;black&raquo; align=&raquo;center&raquo; i_icon_fontawesome=&raquo;fas fa-play&raquo; add_icon=&raquo;true&raquo; link=&raquo;url:https%3A%2F%2Fabilica.com%2Fno%2Fthe-earth-collection-training-videos%2F&raquo;][vc_empty_space][vc_column_text] Abilica The Earth Collection...","og_url":"https:\/\/abilica.com\/no\/the-earth-collection\/abilica-the-earth-collection\/","og_site_name":"Abilica","article_publisher":"https:\/\/www.facebook.com\/abilicahometraining\/","article_modified_time":"2023-10-27T12:52:59+00:00","og_image":[{"width":1200,"height":1200,"url":"https:\/\/abilica.com\/wp-content\/uploads\/2023\/10\/Untitled-1-4.jpg","type":"image\/jpeg"}],"twitter_card":"summary_large_image","twitter_misc":{"Ansl. lesetid":"3 minutter"},"schema":{"@context":"https:\/\/schema.org","@graph":[{"@type":"WebPage","@id":"https:\/\/abilica.com\/no\/the-earth-collection\/abilica-the-earth-collection\/","url":"https:\/\/abilica.com\/no\/the-earth-collection\/abilica-the-earth-collection\/","name":"Abilica The Earth Collection Abilica","isPartOf":{"@id":"https:\/\/abilica.com\/#website"},"primaryImageOfPage":{"@id":"https:\/\/abilica.com\/no\/the-earth-collection\/abilica-the-earth-collection\/#primaryimage"},"image":{"@id":"https:\/\/abilica.com\/no\/the-earth-collection\/abilica-the-earth-collection\/#primaryimage"},"thumbnailUrl":"https:\/\/abilica.com\/wp-content\/uploads\/2023\/10\/Untitled-1-4.jpg","datePublished":"2023-10-24T10:34:14+00:00","dateModified":"2023-10-27T12:52:59+00:00","breadcrumb":{"@id":"https:\/\/abilica.com\/no\/the-earth-collection\/abilica-the-earth-collection\/#breadcrumb"},"inLanguage":"nb-NO","potentialAction":[{"@type":"ReadAction","target":["https:\/\/abilica.com\/no\/the-earth-collection\/abilica-the-earth-collection\/"]}]},{"@type":"ImageObject","inLanguage":"nb-NO","@id":"https:\/\/abilica.com\/no\/the-earth-collection\/abilica-the-earth-collection\/#primaryimage","url":"https:\/\/abilica.com\/wp-content\/uploads\/2023\/10\/Untitled-1-4.jpg","contentUrl":"https:\/\/abilica.com\/wp-content\/uploads\/2023\/10\/Untitled-1-4.jpg","width":1200,"height":1200},{"@type":"BreadcrumbList","@id":"https:\/\/abilica.com\/no\/the-earth-collection\/abilica-the-earth-collection\/#breadcrumb","itemListElement":[{"@type":"ListItem","position":1,"name":"Hem","item":"https:\/\/abilica.com\/no\/"},{"@type":"ListItem","position":2,"name":"Produkter","item":"https:\/\/abilica.com\/no\/shop-2\/"},{"@type":"ListItem","position":3,"name":"Abilica The Earth Collection"}]},{"@type":"WebSite","@id":"https:\/\/abilica.com\/#website","url":"https:\/\/abilica.com\/","name":"Abilica","description":"Abilica Home Training","potentialAction":[{"@type":"SearchAction","target":{"@type":"EntryPoint","urlTemplate":"https:\/\/abilica.com\/?s={search_term_string}"},"query-input":{"@type":"PropertyValueSpecification","valueRequired":true,"valueName":"search_term_string"}}],"inLanguage":"nb-NO"}]}},"_links":{"self":[{"href":"https:\/\/abilica.com\/no\/wp-json\/wp\/v2\/product\/63554","targetHints":{"allow":["GET"]}}],"collection":[{"href":"https:\/\/abilica.com\/no\/wp-json\/wp\/v2\/product"}],"about":[{"href":"https:\/\/abilica.com\/no\/wp-json\/wp\/v2\/types\/product"}],"wp:featuredmedia":[{"embeddable":true,"href":"https:\/\/abilica.com\/no\/wp-json\/wp\/v2\/media\/62359"}],"wp:attachment":[{"href":"https:\/\/abilica.com\/no\/wp-json\/wp\/v2\/media?parent=63554"}],"wp:term":[{"taxonomy":"product_brand","embeddable":true,"href":"https:\/\/abilica.com\/no\/wp-json\/wp\/v2\/product_brand?post=63554"},{"taxonomy":"product_cat","embeddable":true,"href":"https:\/\/abilica.com\/no\/wp-json\/wp\/v2\/product_cat?post=63554"},{"taxonomy":"product_tag","embeddable":true,"href":"https:\/\/abilica.com\/no\/wp-json\/wp\/v2\/product_tag?post=63554"}],"curies":[{"name":"wp","href":"https:\/\/api.w.org\/{rel}","templated":true}]}}