{"id":63560,"date":"2023-10-24T11:34:14","date_gmt":"2023-10-24T10:34:14","guid":{"rendered":"https:\/\/abilica.com\/uncategorized\/abilica-floorpads-eco-4-pcs-set\/"},"modified":"2026-02-23T09:32:00","modified_gmt":"2026-02-23T08:32:00","slug":"abilica-floorpads-eco-4-pcs-set","status":"publish","type":"product","link":"https:\/\/abilica.com\/no\/styrke\/treningsmatte\/abilica-floorpads-eco-4-pcs-set\/","title":{"rendered":"Abilica FloorPads ECO, 4 pcs set"},"content":{"rendered":"<div class=\"wpb-content-wrapper\"><p>[vc_row][vc_column][vc_column_text el_class=&raquo;product-video&raquo;]<\/p>\n<div class=\"center-text\" data-block=\"true\" data-editor=\"6c7c5\" data-offset-key=\"1kr8j-0-0\">\n<div class=\"public-DraftStyleDefault-block public-DraftStyleDefault-ltr\" data-offset-key=\"1kr8j-0-0\">\n<p><img loading=\"lazy\" decoding=\"async\" class=\"alignnone wp-image-38205\" src=\"https:\/\/abilica.com\/no\/wp-content\/uploads\/2021\/06\/ECO-hvit-150x150.png\" alt=\"\" width=\"91\" height=\"91\" \/><\/p>\n<p>Abilica FloorPads ECO er robuste brikker som beskytter gulv, fliser, laminat og annet underlag samt at det reduserer st\u00f8y og vibrasjon fra treningsapparatene dine.<\/p>\n<p>Abilica FloorPads passer perfekt for deg som \u00f8nsker \u00e5 beskytte underlaget uten \u00e5 legge <strong><a href=\"https:\/\/abilica.com\/no\/abilica-gymfloor\/\">Abilica GymFloor ECO<\/a>\/<a href=\"https:\/\/abilica.com\/no\/abilica-multimat\/\">Abilica MultiMat ECO<\/a>\u00a0<\/strong>eller \u00e5 ha en st\u00f8rre underlagsmatte som <a href=\"https:\/\/abilica.com\/no\/abilica-floormats\/\"><strong>Abilica FloorMats<\/strong><\/a>. De er spesielt egnet under f\u00f8ttene p\u00e5 kondisjonsapparater som <a href=\"https:\/\/abilica.com\/no\/kondisjon\/trimsykkel\/\"><b>sykler<\/b><\/a> og <b><a href=\"https:\/\/abilica.com\/no\/kondisjon\/ellipsemaskin\/\">crosstrainers<\/a>,<\/b> men kan ogs\u00e5 brukes under <b><a href=\"https:\/\/abilica.com\/no\/styrke\/treningsbenk\/\">benker<\/a>, <a href=\"https:\/\/abilica.com\/no\/styrke\/cagerack\/\">racks<\/a><\/b> og annet treningsutstyr med 4 ben. Brikkene har h\u00f8y tetthet, noe som gir de ekstra lang holdbarhet sammenlignet med andre underlagsmatter. De er produsert i milj\u00f8vennlig EVA materiale som ogs\u00e5 er resirkulerbart. Brikkene er luktfrie og t\u00e5ler vann. Settet best\u00e5r av 4 svarte brikker \u00e1 10 x 10 x 1 cm.<\/p>\n<p><b>TEKNISK INFO<span class=\"Apple-converted-space\">\u00a0<\/span><\/b><\/p>\n<p><b>St\u00f8rrelse<br \/>\n<\/b>10 x 10 x 1 cm (L x B x H)<\/p>\n<p><b>Materiale<br \/>\n<\/b>EVA<br \/>\n<b><\/b><\/p>\n<p><b>Antall<\/b><br \/>\n4 stk<\/p>\n<div style=\"width: 640px;\" class=\"wp-video\"><!--[if lt IE 9]><script>document.createElement('video');<\/script><![endif]-->\n<video class=\"wp-video-shortcode\" id=\"video-63560-1\" width=\"640\" height=\"1140\" poster=\"https:\/\/abilica.com\/no\/wp-content\/uploads\/2022\/10\/Screenshot@2x.jpg\" preload=\"metadata\" controls=\"controls\"><source type=\"video\/mp4\" src=\"https:\/\/abilica.com\/no\/wp-content\/uploads\/2022\/05\/Abilica-FloorPads-ECO.mp4?_=1\" \/><a href=\"https:\/\/abilica.com\/no\/wp-content\/uploads\/2022\/05\/Abilica-FloorPads-ECO.mp4\">https:\/\/abilica.com\/no\/wp-content\/uploads\/2022\/05\/Abilica-FloorPads-ECO.mp4<\/a><\/video><\/div>\n<\/div>\n<\/div>\n<p>[\/vc_column_text][\/vc_column][\/vc_row]<\/p>\n<\/div>","protected":false},"excerpt":{"rendered":"<p>[vc_row][vc_column][vc_column_text el_class=&raquo;product-video&raquo;] Abilica FloorPads ECO er robuste brikker som beskytter gulv, fliser, laminat og annet&#8230;<\/p>\n","protected":false},"featured_media":62363,"template":"","meta":{"_acf_changed":false},"product_brand":[],"product_cat":[422,444],"product_tag":[550],"class_list":{"0":"post-63560","1":"product","2":"type-product","3":"status-publish","4":"has-post-thumbnail","6":"product_cat-styrke","7":"product_cat-treningsmatte","8":"product_tag-eco-friendly-no","10":"first","11":"instock","12":"product-type-simple"},"acf":[],"yoast_head":"<!-- This site is optimized with the Yoast SEO Premium plugin v21.1 (Yoast SEO v25.4) - https:\/\/yoast.com\/wordpress\/plugins\/seo\/ -->\n<title>Abilica FloorPads ECO, 4 pcs set Abilica<\/title>\n<meta name=\"robots\" content=\"index, follow, max-snippet:-1, max-image-preview:large, max-video-preview:-1\" \/>\n<link rel=\"canonical\" href=\"https:\/\/abilica.com\/no\/styrke\/treningsmatte\/abilica-floorpads-eco-4-pcs-set\/\" \/>\n<meta property=\"og:locale\" content=\"nb_NO\" \/>\n<meta property=\"og:type\" content=\"article\" \/>\n<meta property=\"og:title\" content=\"Abilica FloorPads ECO, 4 pcs set\" \/>\n<meta property=\"og:description\" content=\"[vc_row][vc_column][vc_column_text el_class=&raquo;product-video&raquo;] Abilica FloorPads ECO er robuste brikker som beskytter gulv, fliser, laminat og annet...\" \/>\n<meta property=\"og:url\" content=\"https:\/\/abilica.com\/no\/styrke\/treningsmatte\/abilica-floorpads-eco-4-pcs-set\/\" \/>\n<meta property=\"og:site_name\" content=\"Abilica\" \/>\n<meta property=\"article:publisher\" content=\"https:\/\/www.facebook.com\/abilicahometraining\/\" \/>\n<meta property=\"article:modified_time\" content=\"2026-02-23T08:32:00+00:00\" \/>\n<meta property=\"og:image\" content=\"https:\/\/abilica.com\/wp-content\/uploads\/2023\/10\/FloorPads_4-pcs-set_2.jpg\" \/>\n\t<meta property=\"og:image:width\" content=\"2000\" \/>\n\t<meta property=\"og:image:height\" content=\"2000\" \/>\n\t<meta property=\"og:image:type\" content=\"image\/jpeg\" \/>\n<meta name=\"twitter:card\" content=\"summary_large_image\" \/>\n<meta name=\"twitter:label1\" content=\"Ansl. lesetid\" \/>\n\t<meta name=\"twitter:data1\" content=\"1 minutt\" \/>\n<script type=\"application\/ld+json\" class=\"yoast-schema-graph\">{\"@context\":\"https:\/\/schema.org\",\"@graph\":[{\"@type\":\"WebPage\",\"@id\":\"https:\/\/abilica.com\/no\/styrke\/treningsmatte\/abilica-floorpads-eco-4-pcs-set\/\",\"url\":\"https:\/\/abilica.com\/no\/styrke\/treningsmatte\/abilica-floorpads-eco-4-pcs-set\/\",\"name\":\"Abilica FloorPads ECO, 4 pcs set Abilica\",\"isPartOf\":{\"@id\":\"https:\/\/abilica.com\/#website\"},\"primaryImageOfPage\":{\"@id\":\"https:\/\/abilica.com\/no\/styrke\/treningsmatte\/abilica-floorpads-eco-4-pcs-set\/#primaryimage\"},\"image\":{\"@id\":\"https:\/\/abilica.com\/no\/styrke\/treningsmatte\/abilica-floorpads-eco-4-pcs-set\/#primaryimage\"},\"thumbnailUrl\":\"https:\/\/abilica.com\/wp-content\/uploads\/2023\/10\/FloorPads_4-pcs-set_2.jpg\",\"datePublished\":\"2023-10-24T10:34:14+00:00\",\"dateModified\":\"2026-02-23T08:32:00+00:00\",\"breadcrumb\":{\"@id\":\"https:\/\/abilica.com\/no\/styrke\/treningsmatte\/abilica-floorpads-eco-4-pcs-set\/#breadcrumb\"},\"inLanguage\":\"nb-NO\",\"potentialAction\":[{\"@type\":\"ReadAction\",\"target\":[\"https:\/\/abilica.com\/no\/styrke\/treningsmatte\/abilica-floorpads-eco-4-pcs-set\/\"]}]},{\"@type\":\"ImageObject\",\"inLanguage\":\"nb-NO\",\"@id\":\"https:\/\/abilica.com\/no\/styrke\/treningsmatte\/abilica-floorpads-eco-4-pcs-set\/#primaryimage\",\"url\":\"https:\/\/abilica.com\/wp-content\/uploads\/2023\/10\/FloorPads_4-pcs-set_2.jpg\",\"contentUrl\":\"https:\/\/abilica.com\/wp-content\/uploads\/2023\/10\/FloorPads_4-pcs-set_2.jpg\",\"width\":2000,\"height\":2000},{\"@type\":\"BreadcrumbList\",\"@id\":\"https:\/\/abilica.com\/no\/styrke\/treningsmatte\/abilica-floorpads-eco-4-pcs-set\/#breadcrumb\",\"itemListElement\":[{\"@type\":\"ListItem\",\"position\":1,\"name\":\"Hem\",\"item\":\"https:\/\/abilica.com\/no\/\"},{\"@type\":\"ListItem\",\"position\":2,\"name\":\"Produkter\",\"item\":\"https:\/\/abilica.com\/no\/shop-2\/\"},{\"@type\":\"ListItem\",\"position\":3,\"name\":\"Abilica FloorPads ECO, 4 pcs set\"}]},{\"@type\":\"WebSite\",\"@id\":\"https:\/\/abilica.com\/#website\",\"url\":\"https:\/\/abilica.com\/\",\"name\":\"Abilica\",\"description\":\"Abilica Home Training\",\"potentialAction\":[{\"@type\":\"SearchAction\",\"target\":{\"@type\":\"EntryPoint\",\"urlTemplate\":\"https:\/\/abilica.com\/?s={search_term_string}\"},\"query-input\":{\"@type\":\"PropertyValueSpecification\",\"valueRequired\":true,\"valueName\":\"search_term_string\"}}],\"inLanguage\":\"nb-NO\"}]}<\/script>\n<!-- \/ Yoast SEO Premium plugin. -->","yoast_head_json":{"title":"Abilica FloorPads ECO, 4 pcs set Abilica","robots":{"index":"index","follow":"follow","max-snippet":"max-snippet:-1","max-image-preview":"max-image-preview:large","max-video-preview":"max-video-preview:-1"},"canonical":"https:\/\/abilica.com\/no\/styrke\/treningsmatte\/abilica-floorpads-eco-4-pcs-set\/","og_locale":"nb_NO","og_type":"article","og_title":"Abilica FloorPads ECO, 4 pcs set","og_description":"[vc_row][vc_column][vc_column_text el_class=&raquo;product-video&raquo;] Abilica FloorPads ECO er robuste brikker som beskytter gulv, fliser, laminat og annet...","og_url":"https:\/\/abilica.com\/no\/styrke\/treningsmatte\/abilica-floorpads-eco-4-pcs-set\/","og_site_name":"Abilica","article_publisher":"https:\/\/www.facebook.com\/abilicahometraining\/","article_modified_time":"2026-02-23T08:32:00+00:00","og_image":[{"width":2000,"height":2000,"url":"https:\/\/abilica.com\/wp-content\/uploads\/2023\/10\/FloorPads_4-pcs-set_2.jpg","type":"image\/jpeg"}],"twitter_card":"summary_large_image","twitter_misc":{"Ansl. lesetid":"1 minutt"},"schema":{"@context":"https:\/\/schema.org","@graph":[{"@type":"WebPage","@id":"https:\/\/abilica.com\/no\/styrke\/treningsmatte\/abilica-floorpads-eco-4-pcs-set\/","url":"https:\/\/abilica.com\/no\/styrke\/treningsmatte\/abilica-floorpads-eco-4-pcs-set\/","name":"Abilica FloorPads ECO, 4 pcs set Abilica","isPartOf":{"@id":"https:\/\/abilica.com\/#website"},"primaryImageOfPage":{"@id":"https:\/\/abilica.com\/no\/styrke\/treningsmatte\/abilica-floorpads-eco-4-pcs-set\/#primaryimage"},"image":{"@id":"https:\/\/abilica.com\/no\/styrke\/treningsmatte\/abilica-floorpads-eco-4-pcs-set\/#primaryimage"},"thumbnailUrl":"https:\/\/abilica.com\/wp-content\/uploads\/2023\/10\/FloorPads_4-pcs-set_2.jpg","datePublished":"2023-10-24T10:34:14+00:00","dateModified":"2026-02-23T08:32:00+00:00","breadcrumb":{"@id":"https:\/\/abilica.com\/no\/styrke\/treningsmatte\/abilica-floorpads-eco-4-pcs-set\/#breadcrumb"},"inLanguage":"nb-NO","potentialAction":[{"@type":"ReadAction","target":["https:\/\/abilica.com\/no\/styrke\/treningsmatte\/abilica-floorpads-eco-4-pcs-set\/"]}]},{"@type":"ImageObject","inLanguage":"nb-NO","@id":"https:\/\/abilica.com\/no\/styrke\/treningsmatte\/abilica-floorpads-eco-4-pcs-set\/#primaryimage","url":"https:\/\/abilica.com\/wp-content\/uploads\/2023\/10\/FloorPads_4-pcs-set_2.jpg","contentUrl":"https:\/\/abilica.com\/wp-content\/uploads\/2023\/10\/FloorPads_4-pcs-set_2.jpg","width":2000,"height":2000},{"@type":"BreadcrumbList","@id":"https:\/\/abilica.com\/no\/styrke\/treningsmatte\/abilica-floorpads-eco-4-pcs-set\/#breadcrumb","itemListElement":[{"@type":"ListItem","position":1,"name":"Hem","item":"https:\/\/abilica.com\/no\/"},{"@type":"ListItem","position":2,"name":"Produkter","item":"https:\/\/abilica.com\/no\/shop-2\/"},{"@type":"ListItem","position":3,"name":"Abilica FloorPads ECO, 4 pcs set"}]},{"@type":"WebSite","@id":"https:\/\/abilica.com\/#website","url":"https:\/\/abilica.com\/","name":"Abilica","description":"Abilica Home Training","potentialAction":[{"@type":"SearchAction","target":{"@type":"EntryPoint","urlTemplate":"https:\/\/abilica.com\/?s={search_term_string}"},"query-input":{"@type":"PropertyValueSpecification","valueRequired":true,"valueName":"search_term_string"}}],"inLanguage":"nb-NO"}]}},"_links":{"self":[{"href":"https:\/\/abilica.com\/no\/wp-json\/wp\/v2\/product\/63560","targetHints":{"allow":["GET"]}}],"collection":[{"href":"https:\/\/abilica.com\/no\/wp-json\/wp\/v2\/product"}],"about":[{"href":"https:\/\/abilica.com\/no\/wp-json\/wp\/v2\/types\/product"}],"wp:featuredmedia":[{"embeddable":true,"href":"https:\/\/abilica.com\/no\/wp-json\/wp\/v2\/media\/62363"}],"wp:attachment":[{"href":"https:\/\/abilica.com\/no\/wp-json\/wp\/v2\/media?parent=63560"}],"wp:term":[{"taxonomy":"product_brand","embeddable":true,"href":"https:\/\/abilica.com\/no\/wp-json\/wp\/v2\/product_brand?post=63560"},{"taxonomy":"product_cat","embeddable":true,"href":"https:\/\/abilica.com\/no\/wp-json\/wp\/v2\/product_cat?post=63560"},{"taxonomy":"product_tag","embeddable":true,"href":"https:\/\/abilica.com\/no\/wp-json\/wp\/v2\/product_tag?post=63560"}],"curies":[{"name":"wp","href":"https:\/\/api.w.org\/{rel}","templated":true}]}}