{"id":63584,"date":"2023-10-24T11:34:14","date_gmt":"2023-10-24T10:34:14","guid":{"rendered":"https:\/\/abilica.com\/uncategorized\/abilica-premium-row-90\/"},"modified":"2026-01-06T09:48:46","modified_gmt":"2026-01-06T08:48:46","slug":"abilica-premium-row-90","status":"publish","type":"product","link":"https:\/\/abilica.com\/no\/kondisjon\/romaskin\/abilica-premium-row-90\/","title":{"rendered":"Abilica Premium Row 90"},"content":{"rendered":"<div class=\"wpb-content-wrapper\"><p>[vc_row][vc_column][vc_column_text css=&raquo;&raquo; el_class=&raquo;product-video&raquo;]Abilica Premium Row 90 er utviklet for bedriftsmarkedet og ut\u00f8vere med h\u00f8ye krav til romaskinens funksjonalitet og design. Solid konstruksjon, med motstand system basert p\u00e5 luft er dette en romaskin utviklet for de som \u00f8nsker det beste. St\u00f8rrelse, motstand og komponentsammensetning er tilpasset det skandinaviske markedet. De 10 motstandsniv\u00e5ene gir f\u00f8lelsen av en solid romaskin som t\u00e5ler t\u00f8ffe trenings\u00f8kter og gir deg kvalitet i hvert tak.<\/p>\n<p>Kan deles i to deler ved lagring. Avansert computer der man kan forh\u00e5nds sette \u00f8nsket m\u00e5loppn\u00e5else for trenings\u00f8kten. Velg mellom nedtelling distanse, kalorier eller tid. Computeren kommer ogs\u00e5 med ulike valg for intervall og et ryddig oppsett som gj\u00f8r det enkelt \u00e5 f\u00f8lge med p\u00e5 alle verdier underveis. <!--StartFragment --><span class=\"cf0\">Over computeren har du ogs\u00e5 en praktisk holder for mobil. <\/span><!--EndFragment -->Maks brukervekt er 135 kg.<\/p>\n<p><b>Spesifikasjoner<br \/>\n<\/b>Motstand: Luft<br \/>\nMotstandsniv\u00e5er: 10\u200b<br \/>\nStr\u00f8mforsyning: Nei<br \/>\nTransporthjul: Ja<br \/>\n<!--StartFragment --><span class=\"cf0\">Holder for mobil: Ja<\/span><!--EndFragment --><span class=\"Apple-converted-space\"><br \/>\n<\/span>M\u00e5l oppsl\u00e5tt: Lengde: 240 x 62 x 106 cm\u200b (L x Bx H)<br \/>\nM\u00e5l sammen sl\u00e5tt: Kan deles i to deler ved lagring<br \/>\nProduktvekt: 39 kg\u200b<br \/>\nMaks brukervekt: 135 kg<\/p>\n<p><b>Spesifikasjoner computer<br \/>\n<\/b>Tid og dato\u200b<br \/>\nTotal meter og estimert total meter\/30 min\u200b<br \/>\nTid, estimert tid p\u00e5 500 meter og gjennomsnittlig tid per 500 meter<br \/>\nRotak per minutt og total rotak<br \/>\nKalorier og estimert kalorier\/60 min\u200b<br \/>\nWatt og gjennomsnittlig watt\u200b<br \/>\nIntervall trening: Tid, distanse, kalorier\u200b<br \/>\nNedtelling: Tid, distanse, kalorier\u200b<br \/>\nKan kobles til apper<br \/>\nPuls\u200b kompatibelt med 5.3k hz belter<br \/>\nMemory mode<\/p>\n<p><em>PS: Filmen vises med en tidligere utgave av computeren.<\/em><\/p>\n<div style=\"width: 640px;\" class=\"wp-video\"><!--[if lt IE 9]><script>document.createElement('video');<\/script><![endif]-->\n<video class=\"wp-video-shortcode\" id=\"video-63584-1\" width=\"640\" height=\"360\" poster=\"https:\/\/abilica.com\/no\/wp-content\/uploads\/2023\/03\/1-1.jpg\" preload=\"metadata\" controls=\"controls\"><source type=\"video\/mp4\" src=\"https:\/\/abilica.com\/no\/wp-content\/uploads\/2023\/03\/Abilica-Premium-Row-90_product.mp4?_=1\" \/><a href=\"https:\/\/abilica.com\/no\/wp-content\/uploads\/2023\/03\/Abilica-Premium-Row-90_product.mp4\">https:\/\/abilica.com\/no\/wp-content\/uploads\/2023\/03\/Abilica-Premium-Row-90_product.mp4<\/a><\/video><\/div>\n<p>[\/vc_column_text][vc_empty_space height=&raquo;52px&raquo;][vc_btn title=&raquo;Brukermanual&raquo; style=&raquo;flat&raquo; color=&raquo;black&raquo; i_icon_fontawesome=&raquo;far fa-file-pdf&raquo; add_icon=&raquo;true&raquo; link=&raquo;url:https%3A%2F%2Fabilica.com%2Fno%2Fwp-content%2Fuploads%2F2023%2F05%2FAB_Premium-Row-90_230306.pdf&raquo;][vc_btn title=&raquo;Treningstips&raquo; style=&raquo;flat&raquo; color=&raquo;black&raquo; i_icon_fontawesome=&raquo;fas fa-align-left&raquo; add_icon=&raquo;true&raquo; link=&raquo;url:https%3A%2F%2Fabilica.com%2Fno%2Ftreningsartikler%2Fkondisjon%2Fintervall-pa-romaskin%2F&raquo;][vc_btn title=&raquo;Vedlikeholdstips&raquo; style=&raquo;flat&raquo; color=&raquo;black&raquo; i_icon_fontawesome=&raquo;fas fa-align-left&raquo; add_icon=&raquo;true&raquo; link=&raquo;url:https%3A%2F%2Fabilica.com%2Fno%2Ftreningsartikler%2Fkondisjon%2Fvedlikehold-av-treningsapparater%2F&raquo;][\/vc_column][\/vc_row]<\/p>\n<\/div>","protected":false},"excerpt":{"rendered":"<p>[vc_row][vc_column][vc_column_text css=&raquo;&raquo; el_class=&raquo;product-video&raquo;]Abilica Premium Row 90 er utviklet for bedriftsmarkedet og ut\u00f8vere med h\u00f8ye krav&#8230;<\/p>\n","protected":false},"featured_media":70677,"template":"","meta":{"_acf_changed":false},"product_brand":[],"product_cat":[426,445],"product_tag":[366],"class_list":{"0":"post-63584","1":"product","2":"type-product","3":"status-publish","4":"has-post-thumbnail","6":"product_cat-kondisjon","7":"product_cat-romaskin","8":"product_tag-premium-no","10":"first","11":"instock","12":"product-type-simple"},"acf":[],"yoast_head":"<!-- This site is optimized with the Yoast SEO Premium plugin v21.1 (Yoast SEO v25.4) - https:\/\/yoast.com\/wordpress\/plugins\/seo\/ -->\n<title>Abilica Premium Row 90 Abilica<\/title>\n<meta name=\"robots\" content=\"index, follow, max-snippet:-1, max-image-preview:large, max-video-preview:-1\" \/>\n<link rel=\"canonical\" href=\"https:\/\/abilica.com\/no\/kondisjon\/romaskin\/abilica-premium-row-90\/\" \/>\n<meta property=\"og:locale\" content=\"nb_NO\" \/>\n<meta property=\"og:type\" content=\"article\" \/>\n<meta property=\"og:title\" content=\"Abilica Premium Row 90\" \/>\n<meta property=\"og:description\" content=\"[vc_row][vc_column][vc_column_text css=&raquo;&raquo; el_class=&raquo;product-video&raquo;]Abilica Premium Row 90 er utviklet for bedriftsmarkedet og ut\u00f8vere med h\u00f8ye krav...\" \/>\n<meta property=\"og:url\" content=\"https:\/\/abilica.com\/no\/kondisjon\/romaskin\/abilica-premium-row-90\/\" \/>\n<meta property=\"og:site_name\" content=\"Abilica\" \/>\n<meta property=\"article:publisher\" content=\"https:\/\/www.facebook.com\/abilicahometraining\/\" \/>\n<meta property=\"article:modified_time\" content=\"2026-01-06T08:48:46+00:00\" \/>\n<meta property=\"og:image\" content=\"https:\/\/abilica.com\/wp-content\/uploads\/2023\/10\/374726_Abilica-Premium-Row-90_03.jpg\" \/>\n\t<meta property=\"og:image:width\" content=\"1200\" \/>\n\t<meta property=\"og:image:height\" content=\"1200\" \/>\n\t<meta property=\"og:image:type\" content=\"image\/jpeg\" \/>\n<meta name=\"twitter:card\" content=\"summary_large_image\" \/>\n<meta name=\"twitter:label1\" content=\"Ansl. lesetid\" \/>\n\t<meta name=\"twitter:data1\" content=\"2 minutter\" \/>\n<script type=\"application\/ld+json\" class=\"yoast-schema-graph\">{\"@context\":\"https:\/\/schema.org\",\"@graph\":[{\"@type\":\"WebPage\",\"@id\":\"https:\/\/abilica.com\/no\/kondisjon\/romaskin\/abilica-premium-row-90\/\",\"url\":\"https:\/\/abilica.com\/no\/kondisjon\/romaskin\/abilica-premium-row-90\/\",\"name\":\"Abilica Premium Row 90 Abilica\",\"isPartOf\":{\"@id\":\"https:\/\/abilica.com\/#website\"},\"primaryImageOfPage\":{\"@id\":\"https:\/\/abilica.com\/no\/kondisjon\/romaskin\/abilica-premium-row-90\/#primaryimage\"},\"image\":{\"@id\":\"https:\/\/abilica.com\/no\/kondisjon\/romaskin\/abilica-premium-row-90\/#primaryimage\"},\"thumbnailUrl\":\"https:\/\/abilica.com\/wp-content\/uploads\/2023\/10\/374726_Abilica-Premium-Row-90_03.jpg\",\"datePublished\":\"2023-10-24T10:34:14+00:00\",\"dateModified\":\"2026-01-06T08:48:46+00:00\",\"breadcrumb\":{\"@id\":\"https:\/\/abilica.com\/no\/kondisjon\/romaskin\/abilica-premium-row-90\/#breadcrumb\"},\"inLanguage\":\"nb-NO\",\"potentialAction\":[{\"@type\":\"ReadAction\",\"target\":[\"https:\/\/abilica.com\/no\/kondisjon\/romaskin\/abilica-premium-row-90\/\"]}]},{\"@type\":\"ImageObject\",\"inLanguage\":\"nb-NO\",\"@id\":\"https:\/\/abilica.com\/no\/kondisjon\/romaskin\/abilica-premium-row-90\/#primaryimage\",\"url\":\"https:\/\/abilica.com\/wp-content\/uploads\/2023\/10\/374726_Abilica-Premium-Row-90_03.jpg\",\"contentUrl\":\"https:\/\/abilica.com\/wp-content\/uploads\/2023\/10\/374726_Abilica-Premium-Row-90_03.jpg\",\"width\":1200,\"height\":1200},{\"@type\":\"BreadcrumbList\",\"@id\":\"https:\/\/abilica.com\/no\/kondisjon\/romaskin\/abilica-premium-row-90\/#breadcrumb\",\"itemListElement\":[{\"@type\":\"ListItem\",\"position\":1,\"name\":\"Hem\",\"item\":\"https:\/\/abilica.com\/no\/\"},{\"@type\":\"ListItem\",\"position\":2,\"name\":\"Produkter\",\"item\":\"https:\/\/abilica.com\/no\/shop-2\/\"},{\"@type\":\"ListItem\",\"position\":3,\"name\":\"Abilica Premium Row 90\"}]},{\"@type\":\"WebSite\",\"@id\":\"https:\/\/abilica.com\/#website\",\"url\":\"https:\/\/abilica.com\/\",\"name\":\"Abilica\",\"description\":\"Abilica Home Training\",\"potentialAction\":[{\"@type\":\"SearchAction\",\"target\":{\"@type\":\"EntryPoint\",\"urlTemplate\":\"https:\/\/abilica.com\/?s={search_term_string}\"},\"query-input\":{\"@type\":\"PropertyValueSpecification\",\"valueRequired\":true,\"valueName\":\"search_term_string\"}}],\"inLanguage\":\"nb-NO\"}]}<\/script>\n<!-- \/ Yoast SEO Premium plugin. -->","yoast_head_json":{"title":"Abilica Premium Row 90 Abilica","robots":{"index":"index","follow":"follow","max-snippet":"max-snippet:-1","max-image-preview":"max-image-preview:large","max-video-preview":"max-video-preview:-1"},"canonical":"https:\/\/abilica.com\/no\/kondisjon\/romaskin\/abilica-premium-row-90\/","og_locale":"nb_NO","og_type":"article","og_title":"Abilica Premium Row 90","og_description":"[vc_row][vc_column][vc_column_text css=&raquo;&raquo; el_class=&raquo;product-video&raquo;]Abilica Premium Row 90 er utviklet for bedriftsmarkedet og ut\u00f8vere med h\u00f8ye krav...","og_url":"https:\/\/abilica.com\/no\/kondisjon\/romaskin\/abilica-premium-row-90\/","og_site_name":"Abilica","article_publisher":"https:\/\/www.facebook.com\/abilicahometraining\/","article_modified_time":"2026-01-06T08:48:46+00:00","og_image":[{"width":1200,"height":1200,"url":"https:\/\/abilica.com\/wp-content\/uploads\/2023\/10\/374726_Abilica-Premium-Row-90_03.jpg","type":"image\/jpeg"}],"twitter_card":"summary_large_image","twitter_misc":{"Ansl. lesetid":"2 minutter"},"schema":{"@context":"https:\/\/schema.org","@graph":[{"@type":"WebPage","@id":"https:\/\/abilica.com\/no\/kondisjon\/romaskin\/abilica-premium-row-90\/","url":"https:\/\/abilica.com\/no\/kondisjon\/romaskin\/abilica-premium-row-90\/","name":"Abilica Premium Row 90 Abilica","isPartOf":{"@id":"https:\/\/abilica.com\/#website"},"primaryImageOfPage":{"@id":"https:\/\/abilica.com\/no\/kondisjon\/romaskin\/abilica-premium-row-90\/#primaryimage"},"image":{"@id":"https:\/\/abilica.com\/no\/kondisjon\/romaskin\/abilica-premium-row-90\/#primaryimage"},"thumbnailUrl":"https:\/\/abilica.com\/wp-content\/uploads\/2023\/10\/374726_Abilica-Premium-Row-90_03.jpg","datePublished":"2023-10-24T10:34:14+00:00","dateModified":"2026-01-06T08:48:46+00:00","breadcrumb":{"@id":"https:\/\/abilica.com\/no\/kondisjon\/romaskin\/abilica-premium-row-90\/#breadcrumb"},"inLanguage":"nb-NO","potentialAction":[{"@type":"ReadAction","target":["https:\/\/abilica.com\/no\/kondisjon\/romaskin\/abilica-premium-row-90\/"]}]},{"@type":"ImageObject","inLanguage":"nb-NO","@id":"https:\/\/abilica.com\/no\/kondisjon\/romaskin\/abilica-premium-row-90\/#primaryimage","url":"https:\/\/abilica.com\/wp-content\/uploads\/2023\/10\/374726_Abilica-Premium-Row-90_03.jpg","contentUrl":"https:\/\/abilica.com\/wp-content\/uploads\/2023\/10\/374726_Abilica-Premium-Row-90_03.jpg","width":1200,"height":1200},{"@type":"BreadcrumbList","@id":"https:\/\/abilica.com\/no\/kondisjon\/romaskin\/abilica-premium-row-90\/#breadcrumb","itemListElement":[{"@type":"ListItem","position":1,"name":"Hem","item":"https:\/\/abilica.com\/no\/"},{"@type":"ListItem","position":2,"name":"Produkter","item":"https:\/\/abilica.com\/no\/shop-2\/"},{"@type":"ListItem","position":3,"name":"Abilica Premium Row 90"}]},{"@type":"WebSite","@id":"https:\/\/abilica.com\/#website","url":"https:\/\/abilica.com\/","name":"Abilica","description":"Abilica Home Training","potentialAction":[{"@type":"SearchAction","target":{"@type":"EntryPoint","urlTemplate":"https:\/\/abilica.com\/?s={search_term_string}"},"query-input":{"@type":"PropertyValueSpecification","valueRequired":true,"valueName":"search_term_string"}}],"inLanguage":"nb-NO"}]}},"_links":{"self":[{"href":"https:\/\/abilica.com\/no\/wp-json\/wp\/v2\/product\/63584","targetHints":{"allow":["GET"]}}],"collection":[{"href":"https:\/\/abilica.com\/no\/wp-json\/wp\/v2\/product"}],"about":[{"href":"https:\/\/abilica.com\/no\/wp-json\/wp\/v2\/types\/product"}],"wp:featuredmedia":[{"embeddable":true,"href":"https:\/\/abilica.com\/no\/wp-json\/wp\/v2\/media\/70677"}],"wp:attachment":[{"href":"https:\/\/abilica.com\/no\/wp-json\/wp\/v2\/media?parent=63584"}],"wp:term":[{"taxonomy":"product_brand","embeddable":true,"href":"https:\/\/abilica.com\/no\/wp-json\/wp\/v2\/product_brand?post=63584"},{"taxonomy":"product_cat","embeddable":true,"href":"https:\/\/abilica.com\/no\/wp-json\/wp\/v2\/product_cat?post=63584"},{"taxonomy":"product_tag","embeddable":true,"href":"https:\/\/abilica.com\/no\/wp-json\/wp\/v2\/product_tag?post=63584"}],"curies":[{"name":"wp","href":"https:\/\/api.w.org\/{rel}","templated":true}]}}