{"id":63590,"date":"2023-10-24T11:34:26","date_gmt":"2023-10-24T10:34:26","guid":{"rendered":"https:\/\/abilica.com\/uncategorized\/abilica-powerrack-40\/"},"modified":"2023-12-04T13:44:43","modified_gmt":"2023-12-04T12:44:43","slug":"abilica-powerrack-40","status":"publish","type":"product","link":"https:\/\/abilica.com\/no\/styrke\/cage-rack\/abilica-powerrack-40\/","title":{"rendered":"Abilica PowerRack 40"},"content":{"rendered":"<div class=\"wpb-content-wrapper\"><p>[vc_row][vc_column][vc_column_text el_class=&raquo;product-video&raquo;]Abilica PowerRack 40 er et supersolid treningsrack som passer for deg som \u00f8nsker \u00e5 trene med tunge vekter med fokus p\u00e5 h\u00f8y sikkerhet. Dette er et rack som passer like godt hjemme som p\u00e5 et bedriftstreningsrom.<\/p>\n<p>Abilica PowerRack 40 passer utmerket for deg som fokuserer p\u00e5 tung styrketrening eller \u00f8nsker den ekstra sikkerheten under trening. Med sikkerhetsstolper p\u00e5 innsiden av racket gir en god trygghet slik at du kan fokusere p\u00e5 \u00e5 yte best mulig. Vektstangholder og sikkerhetsstolper har \u00abslide-and-twist\u00bb fester som gj\u00f8r det enkelt \u00e5 endre h\u00f8yde underveis i trenings\u00f8kten. Om en \u00f8nsker et enklere alternativ kan du ogs\u00e5 kj\u00f8pe ekstra <a href=\"https:\/\/abilica.com\/no\/abilica-jhooks-40\/\"><strong>vektstangholdere<\/strong><\/a> slik at du har ferdiginnstilt holderne for ulike \u00f8velser. Abilica PowerRack 40 er utstyrt med pullups h\u00e5ndtak med en rekke ulike grep og 2 h\u00e5ndtak for feste av strikk. Med et fotavtrykk p\u00e5 124 x140 cm har du god plass inne i racket til \u00e5 gj\u00f8re alle \u00f8velser som enten gj\u00f8res st\u00e5ende eller som krever benk.<\/p>\n<p>Ved kj\u00f8p av <a href=\"https:\/\/abilica.com\/no\/abilica-lat-attachment-40\/\"><strong>Abilica Lat-attachment 40<\/strong><\/a> og <strong><a href=\"https:\/\/abilica.com\/no\/abilica-dip-attachment-40\/\">Abilica Dip-attachment 40<\/a><\/strong> utvides \u00f8velseskatalogen ytterligere med \u00f8velser som sittende kabelroing, kabel nedtrekk og dips for \u00e5 nevne noen.<span class=\"Apple-converted-space\">\u00a0<\/span>Dette produktet er ikke egnet for \u00e5 lagres ute og b\u00f8r ikke plasseres p\u00e5 fuktig\/v\u00e5tt underlag.<\/p>\n<p><b>SPESIFIKASJONER <\/b><br \/>\nM\u00e5l oppmontert: 124 x 140 x 216 (L x B x H)<br \/>\nRammest\u00f8rrelse: 60 x 60 cm<br \/>\nSt\u00e5ltykkelse: 2,5 mm<br \/>\nHull diameter: 16 mm<br \/>\nAntall justeringshull: 29<br \/>\nProduktvekt: 80 kg<br \/>\nAbilica Premium: Ja<\/p>\n<p><strong>Maks belastning<br \/>\n<\/strong>J-hooks: 350 kg<br \/>\nSikkerhetsstolper: 350 kg<br \/>\nPullups h\u00e5ndtak: 250 kg<\/p>\n<div style=\"width: 640px;\" class=\"wp-video\"><!--[if lt IE 9]><script>document.createElement('video');<\/script><![endif]-->\n<video class=\"wp-video-shortcode\" id=\"video-63590-1\" width=\"640\" height=\"360\" poster=\"https:\/\/abilica.com\/no\/wp-content\/uploads\/2023\/05\/lat40-1.jpg\" preload=\"metadata\" controls=\"controls\"><source type=\"video\/mp4\" src=\"https:\/\/abilica.com\/no\/wp-content\/uploads\/2023\/03\/Abilica-PowerRack-40-bredde.mp4?_=1\" \/><a href=\"https:\/\/abilica.com\/no\/wp-content\/uploads\/2023\/03\/Abilica-PowerRack-40-bredde.mp4\">https:\/\/abilica.com\/no\/wp-content\/uploads\/2023\/03\/Abilica-PowerRack-40-bredde.mp4<\/a><\/video><\/div>\n<p>[\/vc_column_text][vc_empty_space height=&raquo;52px&raquo;][vc_btn title=&raquo;Brukermanual&raquo; style=&raquo;flat&raquo; color=&raquo;black&raquo; i_icon_fontawesome=&raquo;far fa-file-pdf&raquo; add_icon=&raquo;true&raquo; link=&raquo;url:https%3A%2F%2Fabilica.com%2Fno%2Fwp-content%2Fuploads%2F2023%2F06%2FAB_PowerRack_40_Rev1_230424.pdf&raquo;][vc_btn title=&raquo;Treningstips&raquo; style=&raquo;flat&raquo; color=&raquo;black&raquo; i_icon_fontawesome=&raquo;fas fa-align-right&raquo; add_icon=&raquo;true&raquo; link=&raquo;url:https%3A%2F%2Fabilica.com%2Fno%2Ftreningsartikler%2Fstyrke%2Fmange-treningsmuligheter-med-rack%2F|title:Abilica%20FoldableRack&raquo;][vc_btn title=&raquo;Vedlikeholdstips&raquo; style=&raquo;flat&raquo; color=&raquo;black&raquo; i_icon_fontawesome=&raquo;fas fa-align-right&raquo; add_icon=&raquo;true&raquo; link=&raquo;url:https%3A%2F%2Fabilica.com%2Fno%2Ftreningsartikler%2Fkondisjon%2Fvedlikehold-av-treningsapparater%2F|title:Abilica%20FoldableRack&raquo;][\/vc_column][\/vc_row]<\/p>\n<\/div>","protected":false},"excerpt":{"rendered":"<p>[vc_row][vc_column][vc_column_text el_class=&raquo;product-video&raquo;]Abilica PowerRack 40 er et supersolid treningsrack som passer for deg som \u00f8nsker \u00e5&#8230;<\/p>\n","protected":false},"featured_media":62393,"template":"","meta":{"_acf_changed":false},"product_brand":[],"product_cat":[464,422],"product_tag":[],"class_list":{"0":"post-63590","1":"product","2":"type-product","3":"status-publish","4":"has-post-thumbnail","6":"product_cat-cage-rack","7":"product_cat-styrke","9":"first","10":"instock","11":"product-type-simple"},"acf":[],"yoast_head":"<!-- This site is optimized with the Yoast SEO Premium plugin v21.1 (Yoast SEO v25.4) - https:\/\/yoast.com\/wordpress\/plugins\/seo\/ -->\n<title>Abilica PowerRack 40 Abilica<\/title>\n<meta name=\"robots\" content=\"index, follow, max-snippet:-1, max-image-preview:large, max-video-preview:-1\" \/>\n<link rel=\"canonical\" href=\"https:\/\/abilica.com\/no\/styrke\/cage-rack\/abilica-powerrack-40\/\" \/>\n<meta property=\"og:locale\" content=\"nb_NO\" \/>\n<meta property=\"og:type\" content=\"article\" \/>\n<meta property=\"og:title\" content=\"Abilica PowerRack 40\" \/>\n<meta property=\"og:description\" content=\"[vc_row][vc_column][vc_column_text el_class=&raquo;product-video&raquo;]Abilica PowerRack 40 er et supersolid treningsrack som passer for deg som \u00f8nsker \u00e5...\" \/>\n<meta property=\"og:url\" content=\"https:\/\/abilica.com\/no\/styrke\/cage-rack\/abilica-powerrack-40\/\" \/>\n<meta property=\"og:site_name\" content=\"Abilica\" \/>\n<meta property=\"article:publisher\" content=\"https:\/\/www.facebook.com\/abilicahometraining\/\" \/>\n<meta property=\"article:modified_time\" content=\"2023-12-04T12:44:43+00:00\" \/>\n<meta property=\"og:image\" content=\"https:\/\/abilica.com\/wp-content\/uploads\/2023\/10\/power8.jpg\" \/>\n\t<meta property=\"og:image:width\" content=\"1200\" \/>\n\t<meta property=\"og:image:height\" content=\"1200\" \/>\n\t<meta property=\"og:image:type\" content=\"image\/jpeg\" \/>\n<meta name=\"twitter:card\" content=\"summary_large_image\" \/>\n<meta name=\"twitter:label1\" content=\"Ansl. lesetid\" \/>\n\t<meta name=\"twitter:data1\" content=\"2 minutter\" \/>\n<script type=\"application\/ld+json\" class=\"yoast-schema-graph\">{\"@context\":\"https:\/\/schema.org\",\"@graph\":[{\"@type\":\"WebPage\",\"@id\":\"https:\/\/abilica.com\/no\/styrke\/cage-rack\/abilica-powerrack-40\/\",\"url\":\"https:\/\/abilica.com\/no\/styrke\/cage-rack\/abilica-powerrack-40\/\",\"name\":\"Abilica PowerRack 40 Abilica\",\"isPartOf\":{\"@id\":\"https:\/\/abilica.com\/#website\"},\"primaryImageOfPage\":{\"@id\":\"https:\/\/abilica.com\/no\/styrke\/cage-rack\/abilica-powerrack-40\/#primaryimage\"},\"image\":{\"@id\":\"https:\/\/abilica.com\/no\/styrke\/cage-rack\/abilica-powerrack-40\/#primaryimage\"},\"thumbnailUrl\":\"https:\/\/abilica.com\/wp-content\/uploads\/2023\/10\/power8.jpg\",\"datePublished\":\"2023-10-24T10:34:26+00:00\",\"dateModified\":\"2023-12-04T12:44:43+00:00\",\"breadcrumb\":{\"@id\":\"https:\/\/abilica.com\/no\/styrke\/cage-rack\/abilica-powerrack-40\/#breadcrumb\"},\"inLanguage\":\"nb-NO\",\"potentialAction\":[{\"@type\":\"ReadAction\",\"target\":[\"https:\/\/abilica.com\/no\/styrke\/cage-rack\/abilica-powerrack-40\/\"]}]},{\"@type\":\"ImageObject\",\"inLanguage\":\"nb-NO\",\"@id\":\"https:\/\/abilica.com\/no\/styrke\/cage-rack\/abilica-powerrack-40\/#primaryimage\",\"url\":\"https:\/\/abilica.com\/wp-content\/uploads\/2023\/10\/power8.jpg\",\"contentUrl\":\"https:\/\/abilica.com\/wp-content\/uploads\/2023\/10\/power8.jpg\",\"width\":1200,\"height\":1200},{\"@type\":\"BreadcrumbList\",\"@id\":\"https:\/\/abilica.com\/no\/styrke\/cage-rack\/abilica-powerrack-40\/#breadcrumb\",\"itemListElement\":[{\"@type\":\"ListItem\",\"position\":1,\"name\":\"Hem\",\"item\":\"https:\/\/abilica.com\/no\/\"},{\"@type\":\"ListItem\",\"position\":2,\"name\":\"Produkter\",\"item\":\"https:\/\/abilica.com\/no\/shop-2\/\"},{\"@type\":\"ListItem\",\"position\":3,\"name\":\"Abilica PowerRack 40\"}]},{\"@type\":\"WebSite\",\"@id\":\"https:\/\/abilica.com\/#website\",\"url\":\"https:\/\/abilica.com\/\",\"name\":\"Abilica\",\"description\":\"Abilica Home Training\",\"potentialAction\":[{\"@type\":\"SearchAction\",\"target\":{\"@type\":\"EntryPoint\",\"urlTemplate\":\"https:\/\/abilica.com\/?s={search_term_string}\"},\"query-input\":{\"@type\":\"PropertyValueSpecification\",\"valueRequired\":true,\"valueName\":\"search_term_string\"}}],\"inLanguage\":\"nb-NO\"}]}<\/script>\n<!-- \/ Yoast SEO Premium plugin. -->","yoast_head_json":{"title":"Abilica PowerRack 40 Abilica","robots":{"index":"index","follow":"follow","max-snippet":"max-snippet:-1","max-image-preview":"max-image-preview:large","max-video-preview":"max-video-preview:-1"},"canonical":"https:\/\/abilica.com\/no\/styrke\/cage-rack\/abilica-powerrack-40\/","og_locale":"nb_NO","og_type":"article","og_title":"Abilica PowerRack 40","og_description":"[vc_row][vc_column][vc_column_text el_class=&raquo;product-video&raquo;]Abilica PowerRack 40 er et supersolid treningsrack som passer for deg som \u00f8nsker \u00e5...","og_url":"https:\/\/abilica.com\/no\/styrke\/cage-rack\/abilica-powerrack-40\/","og_site_name":"Abilica","article_publisher":"https:\/\/www.facebook.com\/abilicahometraining\/","article_modified_time":"2023-12-04T12:44:43+00:00","og_image":[{"width":1200,"height":1200,"url":"https:\/\/abilica.com\/wp-content\/uploads\/2023\/10\/power8.jpg","type":"image\/jpeg"}],"twitter_card":"summary_large_image","twitter_misc":{"Ansl. lesetid":"2 minutter"},"schema":{"@context":"https:\/\/schema.org","@graph":[{"@type":"WebPage","@id":"https:\/\/abilica.com\/no\/styrke\/cage-rack\/abilica-powerrack-40\/","url":"https:\/\/abilica.com\/no\/styrke\/cage-rack\/abilica-powerrack-40\/","name":"Abilica PowerRack 40 Abilica","isPartOf":{"@id":"https:\/\/abilica.com\/#website"},"primaryImageOfPage":{"@id":"https:\/\/abilica.com\/no\/styrke\/cage-rack\/abilica-powerrack-40\/#primaryimage"},"image":{"@id":"https:\/\/abilica.com\/no\/styrke\/cage-rack\/abilica-powerrack-40\/#primaryimage"},"thumbnailUrl":"https:\/\/abilica.com\/wp-content\/uploads\/2023\/10\/power8.jpg","datePublished":"2023-10-24T10:34:26+00:00","dateModified":"2023-12-04T12:44:43+00:00","breadcrumb":{"@id":"https:\/\/abilica.com\/no\/styrke\/cage-rack\/abilica-powerrack-40\/#breadcrumb"},"inLanguage":"nb-NO","potentialAction":[{"@type":"ReadAction","target":["https:\/\/abilica.com\/no\/styrke\/cage-rack\/abilica-powerrack-40\/"]}]},{"@type":"ImageObject","inLanguage":"nb-NO","@id":"https:\/\/abilica.com\/no\/styrke\/cage-rack\/abilica-powerrack-40\/#primaryimage","url":"https:\/\/abilica.com\/wp-content\/uploads\/2023\/10\/power8.jpg","contentUrl":"https:\/\/abilica.com\/wp-content\/uploads\/2023\/10\/power8.jpg","width":1200,"height":1200},{"@type":"BreadcrumbList","@id":"https:\/\/abilica.com\/no\/styrke\/cage-rack\/abilica-powerrack-40\/#breadcrumb","itemListElement":[{"@type":"ListItem","position":1,"name":"Hem","item":"https:\/\/abilica.com\/no\/"},{"@type":"ListItem","position":2,"name":"Produkter","item":"https:\/\/abilica.com\/no\/shop-2\/"},{"@type":"ListItem","position":3,"name":"Abilica PowerRack 40"}]},{"@type":"WebSite","@id":"https:\/\/abilica.com\/#website","url":"https:\/\/abilica.com\/","name":"Abilica","description":"Abilica Home Training","potentialAction":[{"@type":"SearchAction","target":{"@type":"EntryPoint","urlTemplate":"https:\/\/abilica.com\/?s={search_term_string}"},"query-input":{"@type":"PropertyValueSpecification","valueRequired":true,"valueName":"search_term_string"}}],"inLanguage":"nb-NO"}]}},"_links":{"self":[{"href":"https:\/\/abilica.com\/no\/wp-json\/wp\/v2\/product\/63590","targetHints":{"allow":["GET"]}}],"collection":[{"href":"https:\/\/abilica.com\/no\/wp-json\/wp\/v2\/product"}],"about":[{"href":"https:\/\/abilica.com\/no\/wp-json\/wp\/v2\/types\/product"}],"wp:featuredmedia":[{"embeddable":true,"href":"https:\/\/abilica.com\/no\/wp-json\/wp\/v2\/media\/62393"}],"wp:attachment":[{"href":"https:\/\/abilica.com\/no\/wp-json\/wp\/v2\/media?parent=63590"}],"wp:term":[{"taxonomy":"product_brand","embeddable":true,"href":"https:\/\/abilica.com\/no\/wp-json\/wp\/v2\/product_brand?post=63590"},{"taxonomy":"product_cat","embeddable":true,"href":"https:\/\/abilica.com\/no\/wp-json\/wp\/v2\/product_cat?post=63590"},{"taxonomy":"product_tag","embeddable":true,"href":"https:\/\/abilica.com\/no\/wp-json\/wp\/v2\/product_tag?post=63590"}],"curies":[{"name":"wp","href":"https:\/\/api.w.org\/{rel}","templated":true}]}}