{"id":63596,"date":"2023-10-24T11:34:26","date_gmt":"2023-10-24T10:34:26","guid":{"rendered":"https:\/\/abilica.com\/uncategorized\/abilica-winmag-cruise-bt\/"},"modified":"2024-11-07T15:46:55","modified_gmt":"2024-11-07T14:46:55","slug":"abilica-winmag-cruise-bt","status":"publish","type":"product","link":"https:\/\/abilica.com\/no\/kondisjon\/trimsykkel\/abilica-winmag-cruise-bt\/","title":{"rendered":"Abilica WinMag Cruise BT"},"content":{"rendered":"<div class=\"wpb-content-wrapper\"><p>[vc_row][vc_column][vc_column_text]Abilica WinMag Cruise BT er en solid treningssykkel perfekt til b\u00e5de oppvarming og kondisjonstrening. Leveres n\u00e5 ogs\u00e5 med mulighet for variert og motiverende trening gjennom interaktive apper. Helt nye Abilica WinMag Cruise BT har elektronisk justerbar motstand i 32 niv\u00e5er, og computer med 12 forh\u00e5ndsinnstilte programmer. I tillegg kan du sykle etter pulsstyrt eller wattstyrt program. Elegant design og innstillingsmuligheter tilpasset det nordiske markedet gj\u00f8r at sykkelen passer personer opptil 190 cm h\u00f8yde.<span class=\"Apple-converted-space\">\u00a0<\/span><\/p>\n<p>De forh\u00e5ndsinnstilte programmene gj\u00f8r det enkelt \u00e5 komme i gang med treningen.<span class=\"Apple-converted-space\">\u00a0<\/span>Hvis du \u00f8nsker en mer interaktiv trening kan du koble til appene Iconsole + eller Kinomap.<span class=\"Apple-converted-space\">\u00a0 <\/span>Du kan ogs\u00e5 sette nettbrettet\/telefonen i holderen p\u00e5 computeren og se din favoritt serie mens du sykler. Sammen med god variasjon fra de ulike motstandsniv\u00e5ene kan du enkelt forbedre kondisjonen din gjennom varierte trenings\u00f8kter. Leveres med hjul i front for enkel flytting. Maks brukervekt 130 kg.<\/p>\n<p><b>SPESIFIKASJONER<br \/>\n<\/b>Motstand: Motorisert magnetisk motstand<br \/>\nMotstandsniv\u00e5er: 32<span class=\"Apple-converted-space\"><br \/>\n<\/span>Programmer: 14 (12 forh\u00e5ndsinnstilte, pulsstyrt og watt styrt program) <span class=\"Apple-converted-space\"><br \/>\n<\/span>Computer med: tid, distanse, hastighet, RPM, kaloriforbruk (indikasjon), puls, og watt (kalkulert)<br \/>\nBluetooth<span class=\"Apple-converted-space\"><br \/>\n<\/span>Apper: Iconsole + , Kinomap<br \/>\nH\u00e5ndpuls<br \/>\nSvinghjul: 7 kg<span class=\"Apple-converted-space\"><br \/>\n<\/span>Horisontal og vertikal setejustering<br \/>\nHorisontal styrejustering<br \/>\nStr\u00f8mforsyning: Adapter 220v<br \/>\nTransporthjul<br \/>\nM\u00e5l oppmontert: 95 x 58 x 142 cm (L x B x H)<span class=\"Apple-converted-space\"><br \/>\n<\/span>Produktvekt: 27,5 kg<span class=\"Apple-converted-space\"><br \/>\n<\/span>Maks personvekt: 130 kg<\/p>\n<p><iframe loading=\"lazy\" title=\"Abilica WinMag Cruise BT\" width=\"640\" height=\"360\" src=\"https:\/\/www.youtube.com\/embed\/PUA1ehYrWDY?wmode=transparent&amp;rel=0&amp;feature=oembed\" frameborder=\"0\" allow=\"accelerometer; autoplay; clipboard-write; encrypted-media; gyroscope; picture-in-picture; web-share\" referrerpolicy=\"strict-origin-when-cross-origin\" allowfullscreen><\/iframe><\/p>\n<p>[\/vc_column_text][vc_empty_space height=&raquo;52px&raquo;][vc_btn title=&raquo;Brukermanual&raquo; style=&raquo;flat&raquo; color=&raquo;black&raquo; i_icon_fontawesome=&raquo;far fa-file-pdf&raquo; add_icon=&raquo;true&raquo; link=&raquo;url:https%3A%2F%2Fabilica.com%2Fno%2Fwp-content%2Fuploads%2F2023%2F08%2FAB_WinMag-Cruise_BT-_Rev1_230620.pdf|title:Velg%20riktig%20trimsykkel&raquo;][vc_btn title=&raquo;Treningstips&raquo; style=&raquo;flat&raquo; color=&raquo;black&raquo; i_icon_fontawesome=&raquo;fas fa-align-left&raquo; add_icon=&raquo;true&raquo; link=&raquo;url:https%3A%2F%2Fabilica.com%2Fno%2Ftreningsartikler%2Fkondisjon%2Fvelg-riktig-trimsykkel%2F|title:Velg%20riktig%20trimsykkel&raquo;][vc_btn title=&raquo;Vedlikeholdstips&raquo; style=&raquo;flat&raquo; color=&raquo;black&raquo; i_icon_fontawesome=&raquo;fas fa-align-left&raquo; add_icon=&raquo;true&raquo; link=&raquo;url:https%3A%2F%2Fabilica.com%2Fno%2Ftreningsartikler%2Fkondisjon%2Fvedlikehold-av-treningsapparater%2F|title:Velg%20riktig%20trimsykkel&raquo;][\/vc_column][\/vc_row]<\/p>\n<\/div>","protected":false},"excerpt":{"rendered":"<p>[vc_row][vc_column][vc_column_text]Abilica WinMag Cruise BT er en solid treningssykkel perfekt til b\u00e5de oppvarming og kondisjonstrening. Leveres&#8230;<\/p>\n","protected":false},"featured_media":62397,"template":"","meta":{"_acf_changed":false},"product_brand":[],"product_cat":[426,441],"product_tag":[],"class_list":{"0":"post-63596","1":"product","2":"type-product","3":"status-publish","4":"has-post-thumbnail","6":"product_cat-kondisjon","7":"product_cat-trimsykkel","9":"first","10":"instock","11":"product-type-simple"},"acf":[],"yoast_head":"<!-- This site is optimized with the Yoast SEO Premium plugin v21.1 (Yoast SEO v25.4) - https:\/\/yoast.com\/wordpress\/plugins\/seo\/ -->\n<title>Abilica WinMag Cruise BT Abilica<\/title>\n<meta name=\"robots\" content=\"index, follow, max-snippet:-1, max-image-preview:large, max-video-preview:-1\" \/>\n<link rel=\"canonical\" href=\"https:\/\/abilica.com\/no\/kondisjon\/trimsykkel\/abilica-winmag-cruise-bt\/\" \/>\n<meta property=\"og:locale\" content=\"nb_NO\" \/>\n<meta property=\"og:type\" content=\"article\" \/>\n<meta property=\"og:title\" content=\"Abilica WinMag Cruise BT\" \/>\n<meta property=\"og:description\" content=\"[vc_row][vc_column][vc_column_text]Abilica WinMag Cruise BT er en solid treningssykkel perfekt til b\u00e5de oppvarming og kondisjonstrening. Leveres...\" \/>\n<meta property=\"og:url\" content=\"https:\/\/abilica.com\/no\/kondisjon\/trimsykkel\/abilica-winmag-cruise-bt\/\" \/>\n<meta property=\"og:site_name\" content=\"Abilica\" \/>\n<meta property=\"article:publisher\" content=\"https:\/\/www.facebook.com\/abilicahometraining\/\" \/>\n<meta property=\"article:modified_time\" content=\"2024-11-07T14:46:55+00:00\" \/>\n<meta property=\"og:image\" content=\"https:\/\/abilica.com\/wp-content\/uploads\/2023\/10\/2-2.jpg\" \/>\n\t<meta property=\"og:image:width\" content=\"1200\" \/>\n\t<meta property=\"og:image:height\" content=\"1200\" \/>\n\t<meta property=\"og:image:type\" content=\"image\/jpeg\" \/>\n<meta name=\"twitter:card\" content=\"summary_large_image\" \/>\n<meta name=\"twitter:label1\" content=\"Ansl. lesetid\" \/>\n\t<meta name=\"twitter:data1\" content=\"2 minutter\" \/>\n<script type=\"application\/ld+json\" class=\"yoast-schema-graph\">{\"@context\":\"https:\/\/schema.org\",\"@graph\":[{\"@type\":\"WebPage\",\"@id\":\"https:\/\/abilica.com\/no\/kondisjon\/trimsykkel\/abilica-winmag-cruise-bt\/\",\"url\":\"https:\/\/abilica.com\/no\/kondisjon\/trimsykkel\/abilica-winmag-cruise-bt\/\",\"name\":\"Abilica WinMag Cruise BT Abilica\",\"isPartOf\":{\"@id\":\"https:\/\/abilica.com\/#website\"},\"primaryImageOfPage\":{\"@id\":\"https:\/\/abilica.com\/no\/kondisjon\/trimsykkel\/abilica-winmag-cruise-bt\/#primaryimage\"},\"image\":{\"@id\":\"https:\/\/abilica.com\/no\/kondisjon\/trimsykkel\/abilica-winmag-cruise-bt\/#primaryimage\"},\"thumbnailUrl\":\"https:\/\/abilica.com\/wp-content\/uploads\/2023\/10\/2-2.jpg\",\"datePublished\":\"2023-10-24T10:34:26+00:00\",\"dateModified\":\"2024-11-07T14:46:55+00:00\",\"breadcrumb\":{\"@id\":\"https:\/\/abilica.com\/no\/kondisjon\/trimsykkel\/abilica-winmag-cruise-bt\/#breadcrumb\"},\"inLanguage\":\"nb-NO\",\"potentialAction\":[{\"@type\":\"ReadAction\",\"target\":[\"https:\/\/abilica.com\/no\/kondisjon\/trimsykkel\/abilica-winmag-cruise-bt\/\"]}]},{\"@type\":\"ImageObject\",\"inLanguage\":\"nb-NO\",\"@id\":\"https:\/\/abilica.com\/no\/kondisjon\/trimsykkel\/abilica-winmag-cruise-bt\/#primaryimage\",\"url\":\"https:\/\/abilica.com\/wp-content\/uploads\/2023\/10\/2-2.jpg\",\"contentUrl\":\"https:\/\/abilica.com\/wp-content\/uploads\/2023\/10\/2-2.jpg\",\"width\":1200,\"height\":1200},{\"@type\":\"BreadcrumbList\",\"@id\":\"https:\/\/abilica.com\/no\/kondisjon\/trimsykkel\/abilica-winmag-cruise-bt\/#breadcrumb\",\"itemListElement\":[{\"@type\":\"ListItem\",\"position\":1,\"name\":\"Hem\",\"item\":\"https:\/\/abilica.com\/no\/\"},{\"@type\":\"ListItem\",\"position\":2,\"name\":\"Produkter\",\"item\":\"https:\/\/abilica.com\/no\/shop-2\/\"},{\"@type\":\"ListItem\",\"position\":3,\"name\":\"Abilica WinMag Cruise BT\"}]},{\"@type\":\"WebSite\",\"@id\":\"https:\/\/abilica.com\/#website\",\"url\":\"https:\/\/abilica.com\/\",\"name\":\"Abilica\",\"description\":\"Abilica Home Training\",\"potentialAction\":[{\"@type\":\"SearchAction\",\"target\":{\"@type\":\"EntryPoint\",\"urlTemplate\":\"https:\/\/abilica.com\/?s={search_term_string}\"},\"query-input\":{\"@type\":\"PropertyValueSpecification\",\"valueRequired\":true,\"valueName\":\"search_term_string\"}}],\"inLanguage\":\"nb-NO\"}]}<\/script>\n<!-- \/ Yoast SEO Premium plugin. -->","yoast_head_json":{"title":"Abilica WinMag Cruise BT Abilica","robots":{"index":"index","follow":"follow","max-snippet":"max-snippet:-1","max-image-preview":"max-image-preview:large","max-video-preview":"max-video-preview:-1"},"canonical":"https:\/\/abilica.com\/no\/kondisjon\/trimsykkel\/abilica-winmag-cruise-bt\/","og_locale":"nb_NO","og_type":"article","og_title":"Abilica WinMag Cruise BT","og_description":"[vc_row][vc_column][vc_column_text]Abilica WinMag Cruise BT er en solid treningssykkel perfekt til b\u00e5de oppvarming og kondisjonstrening. Leveres...","og_url":"https:\/\/abilica.com\/no\/kondisjon\/trimsykkel\/abilica-winmag-cruise-bt\/","og_site_name":"Abilica","article_publisher":"https:\/\/www.facebook.com\/abilicahometraining\/","article_modified_time":"2024-11-07T14:46:55+00:00","og_image":[{"width":1200,"height":1200,"url":"https:\/\/abilica.com\/wp-content\/uploads\/2023\/10\/2-2.jpg","type":"image\/jpeg"}],"twitter_card":"summary_large_image","twitter_misc":{"Ansl. lesetid":"2 minutter"},"schema":{"@context":"https:\/\/schema.org","@graph":[{"@type":"WebPage","@id":"https:\/\/abilica.com\/no\/kondisjon\/trimsykkel\/abilica-winmag-cruise-bt\/","url":"https:\/\/abilica.com\/no\/kondisjon\/trimsykkel\/abilica-winmag-cruise-bt\/","name":"Abilica WinMag Cruise BT Abilica","isPartOf":{"@id":"https:\/\/abilica.com\/#website"},"primaryImageOfPage":{"@id":"https:\/\/abilica.com\/no\/kondisjon\/trimsykkel\/abilica-winmag-cruise-bt\/#primaryimage"},"image":{"@id":"https:\/\/abilica.com\/no\/kondisjon\/trimsykkel\/abilica-winmag-cruise-bt\/#primaryimage"},"thumbnailUrl":"https:\/\/abilica.com\/wp-content\/uploads\/2023\/10\/2-2.jpg","datePublished":"2023-10-24T10:34:26+00:00","dateModified":"2024-11-07T14:46:55+00:00","breadcrumb":{"@id":"https:\/\/abilica.com\/no\/kondisjon\/trimsykkel\/abilica-winmag-cruise-bt\/#breadcrumb"},"inLanguage":"nb-NO","potentialAction":[{"@type":"ReadAction","target":["https:\/\/abilica.com\/no\/kondisjon\/trimsykkel\/abilica-winmag-cruise-bt\/"]}]},{"@type":"ImageObject","inLanguage":"nb-NO","@id":"https:\/\/abilica.com\/no\/kondisjon\/trimsykkel\/abilica-winmag-cruise-bt\/#primaryimage","url":"https:\/\/abilica.com\/wp-content\/uploads\/2023\/10\/2-2.jpg","contentUrl":"https:\/\/abilica.com\/wp-content\/uploads\/2023\/10\/2-2.jpg","width":1200,"height":1200},{"@type":"BreadcrumbList","@id":"https:\/\/abilica.com\/no\/kondisjon\/trimsykkel\/abilica-winmag-cruise-bt\/#breadcrumb","itemListElement":[{"@type":"ListItem","position":1,"name":"Hem","item":"https:\/\/abilica.com\/no\/"},{"@type":"ListItem","position":2,"name":"Produkter","item":"https:\/\/abilica.com\/no\/shop-2\/"},{"@type":"ListItem","position":3,"name":"Abilica WinMag Cruise BT"}]},{"@type":"WebSite","@id":"https:\/\/abilica.com\/#website","url":"https:\/\/abilica.com\/","name":"Abilica","description":"Abilica Home Training","potentialAction":[{"@type":"SearchAction","target":{"@type":"EntryPoint","urlTemplate":"https:\/\/abilica.com\/?s={search_term_string}"},"query-input":{"@type":"PropertyValueSpecification","valueRequired":true,"valueName":"search_term_string"}}],"inLanguage":"nb-NO"}]}},"_links":{"self":[{"href":"https:\/\/abilica.com\/no\/wp-json\/wp\/v2\/product\/63596","targetHints":{"allow":["GET"]}}],"collection":[{"href":"https:\/\/abilica.com\/no\/wp-json\/wp\/v2\/product"}],"about":[{"href":"https:\/\/abilica.com\/no\/wp-json\/wp\/v2\/types\/product"}],"wp:featuredmedia":[{"embeddable":true,"href":"https:\/\/abilica.com\/no\/wp-json\/wp\/v2\/media\/62397"}],"wp:attachment":[{"href":"https:\/\/abilica.com\/no\/wp-json\/wp\/v2\/media?parent=63596"}],"wp:term":[{"taxonomy":"product_brand","embeddable":true,"href":"https:\/\/abilica.com\/no\/wp-json\/wp\/v2\/product_brand?post=63596"},{"taxonomy":"product_cat","embeddable":true,"href":"https:\/\/abilica.com\/no\/wp-json\/wp\/v2\/product_cat?post=63596"},{"taxonomy":"product_tag","embeddable":true,"href":"https:\/\/abilica.com\/no\/wp-json\/wp\/v2\/product_tag?post=63596"}],"curies":[{"name":"wp","href":"https:\/\/api.w.org\/{rel}","templated":true}]}}