{"id":63599,"date":"2023-10-24T11:34:26","date_gmt":"2023-10-24T10:34:26","guid":{"rendered":"https:\/\/abilica.com\/uncategorized\/abilica-rower-40\/"},"modified":"2024-10-20T09:21:50","modified_gmt":"2024-10-20T08:21:50","slug":"abilica-rower-40","status":"publish","type":"product","link":"https:\/\/abilica.com\/no\/kondisjon\/romaskin\/abilica-rower-40\/","title":{"rendered":"Abilica Rower 40"},"content":{"rendered":"<div class=\"wpb-content-wrapper\"><p>[vc_row][vc_column][vc_column_text]<img loading=\"lazy\" decoding=\"async\" class=\"alignnone wp-image-66544\" src=\"https:\/\/abilica.com\/wp-content\/uploads\/2023\/10\/Som-vist-pa-TV-150x150.png\" alt=\"\" width=\"83\" height=\"83\" srcset=\"https:\/\/abilica.com\/wp-content\/uploads\/2023\/10\/Som-vist-pa-TV-150x150.png 150w, https:\/\/abilica.com\/wp-content\/uploads\/2023\/10\/Som-vist-pa-TV-300x300.png 300w, https:\/\/abilica.com\/wp-content\/uploads\/2023\/10\/Som-vist-pa-TV-768x768.png 768w, https:\/\/abilica.com\/wp-content\/uploads\/2023\/10\/Som-vist-pa-TV-500x500.png 500w, https:\/\/abilica.com\/wp-content\/uploads\/2023\/10\/Som-vist-pa-TV-960x960.png 960w, https:\/\/abilica.com\/wp-content\/uploads\/2023\/10\/Som-vist-pa-TV-320x320.png 320w, https:\/\/abilica.com\/wp-content\/uploads\/2023\/10\/Som-vist-pa-TV.png 1304w\" sizes=\"auto, (max-width: 83px) 100vw, 83px\" \/><\/p>\n<p>Abilica Rower 40 er en plassbesparende og solid romaskin til trening av hele kroppen hjemme. Romaskinen har luft og magnetmotstand, noe som gir en god rof\u00f8lelse og gj\u00f8r det enkelt \u00e5 tilpasse intensiteten etter \u00f8nsket niv\u00e5. I tillegg til luftmotstand gir de 8 ulike magnetmotstandsniv\u00e5ene deg mulighet til h\u00f8y motstand ved lav frekvens. Du kan enkelt justere intensiteten og gradvis \u00f8ke utfordringene etter hvert som du blir sterkere og mer utholdende.<\/p>\n<p>Abilica Rower 40 har computer med 8 funksjoner, som viser bla. tid, distanse, ro-tak, kaloriforbruk og puls. For de som \u00f8nsker \u00e5 trene etter pulssone, har Abilica Rower 40 en innebygd pulsmottaker som gir mulighet for tr\u00e5dl\u00f8s overf\u00f8ring av pulsdata til computeren. Pulsbelte selges separat. Dette gir deg en god tilbakemelding p\u00e5 trenings\u00f8kten og kan hjelpe deg med \u00e5 n\u00e5 treningsm\u00e5lene dine raskere.<\/p>\n<p>Abilica Rower 40 romaskin er utstyrt med transporthjul som gj\u00f8r den enkelt \u00e5 flytte rundt i hjemmet. I tillegg er det sammenleggbar, noe som gj\u00f8r at den tar liten plass n\u00e5r den ikke er i bruk. Med en produktvekt p\u00e5 27 kg og en maks brukervekt p\u00e5 130 kg, er Abilica Rower 40 en solid og stabil romaskin som passer for de fleste.<\/p>\n<p><b>Spesifikasjoner<br \/>\n<\/b>Motstand: Luft og magnet<br \/>\nMotstandsniv\u00e5er: 8\u200b<br \/>\nStr\u00f8mforsyning: Nei<br \/>\nTransporthjul: Ja<br \/>\nSammenleggbar: Ja<br \/>\nM\u00e5l oppsl\u00e5tt: 189 x 50 x 66 cm\u200b (L x B x H)<br \/>\nM\u00e5l sammen sl\u00e5tt: 95 x 50 x 125 cm (L x B x H)<br \/>\nProduktvekt: 27 kg\u200b<br \/>\nMaks brukervekt: 130 kg<br \/>\nMottaker for pulsbelte: Ja<br \/>\nPulskompatibelt med 5.3k hz belter<\/p>\n<p><b>Spesifikasjoner computer<br \/>\n<\/b>Mottaker for pulsbelte: Ja<br \/>\nAntall funksjoner: 8<br \/>\nTid<br \/>\nDistanse<span class=\"Apple-converted-space\"><br \/>\n<\/span>Estimert tid p\u00e5 500 meter<span class=\"Apple-converted-space\"><br \/>\n<\/span>Rotak pr. min.<span class=\"Apple-converted-space\"><br \/>\n<\/span>Totalt antall rotak<br \/>\nKaloriforbruk (indikasjon)<span class=\"Apple-converted-space\"><br \/>\n<\/span>Nedtelling: Tid, distanse, kalorier<\/p>\n<p><iframe loading=\"lazy\" title=\"Abilica Rower 40\" width=\"640\" height=\"360\" src=\"https:\/\/www.youtube.com\/embed\/3HC9Y6JYKt8?wmode=transparent&amp;rel=0&amp;feature=oembed\" frameborder=\"0\" allow=\"accelerometer; autoplay; clipboard-write; encrypted-media; gyroscope; picture-in-picture; web-share\" referrerpolicy=\"strict-origin-when-cross-origin\" allowfullscreen><\/iframe><\/p>\n<p>[\/vc_column_text][vc_empty_space height=&raquo;52px&raquo;][vc_btn title=&raquo;Treningstips&raquo; style=&raquo;flat&raquo; color=&raquo;black&raquo; i_icon_fontawesome=&raquo;fas fa-align-right&raquo; add_icon=&raquo;true&raquo; link=&raquo;url:https%3A%2F%2Fabilica.com%2Fno%2Ftreningsartikler%2Fkondisjon%2Ftren-hjemme-pa-romaskin%2F|title:Tren%20hjemme%20p%C3%A5%20romaskin&raquo;][vc_btn title=&raquo;Vedlikeholdstips&raquo; style=&raquo;flat&raquo; color=&raquo;black&raquo; i_icon_fontawesome=&raquo;fas fa-align-right&raquo; add_icon=&raquo;true&raquo; link=&raquo;url:https%3A%2F%2Fabilica.com%2Fno%2Ftreningsartikler%2Fkondisjon%2Fvedlikehold-av-treningsapparater%2F|title:Vedlikehold%20av%20treningsapparater&raquo;][\/vc_column][\/vc_row]<\/p>\n<\/div>","protected":false},"excerpt":{"rendered":"<p>[vc_row][vc_column][vc_column_text] Abilica Rower 40 er en plassbesparende og solid romaskin til trening av hele kroppen&#8230;<\/p>\n","protected":false},"featured_media":62399,"template":"","meta":{"_acf_changed":false},"product_brand":[],"product_cat":[426,445],"product_tag":[],"class_list":{"0":"post-63599","1":"product","2":"type-product","3":"status-publish","4":"has-post-thumbnail","6":"product_cat-kondisjon","7":"product_cat-romaskin","9":"first","10":"instock","11":"product-type-simple"},"acf":[],"yoast_head":"<!-- This site is optimized with the Yoast SEO Premium plugin v21.1 (Yoast SEO v25.4) - https:\/\/yoast.com\/wordpress\/plugins\/seo\/ -->\n<title>Abilica Rower 40 Abilica<\/title>\n<meta name=\"robots\" content=\"index, follow, max-snippet:-1, max-image-preview:large, max-video-preview:-1\" \/>\n<link rel=\"canonical\" href=\"https:\/\/abilica.com\/no\/kondisjon\/romaskin\/abilica-rower-40\/\" \/>\n<meta property=\"og:locale\" content=\"nb_NO\" \/>\n<meta property=\"og:type\" content=\"article\" \/>\n<meta property=\"og:title\" content=\"Abilica Rower 40\" \/>\n<meta property=\"og:description\" content=\"[vc_row][vc_column][vc_column_text] Abilica Rower 40 er en plassbesparende og solid romaskin til trening av hele kroppen...\" \/>\n<meta property=\"og:url\" content=\"https:\/\/abilica.com\/no\/kondisjon\/romaskin\/abilica-rower-40\/\" \/>\n<meta property=\"og:site_name\" content=\"Abilica\" \/>\n<meta property=\"article:publisher\" content=\"https:\/\/www.facebook.com\/abilicahometraining\/\" \/>\n<meta property=\"article:modified_time\" content=\"2024-10-20T08:21:50+00:00\" \/>\n<meta property=\"og:image\" content=\"https:\/\/abilica.com\/wp-content\/uploads\/2023\/10\/rower406.jpg\" \/>\n\t<meta property=\"og:image:width\" content=\"1200\" \/>\n\t<meta property=\"og:image:height\" content=\"1200\" \/>\n\t<meta property=\"og:image:type\" content=\"image\/jpeg\" \/>\n<meta name=\"twitter:card\" content=\"summary_large_image\" \/>\n<meta name=\"twitter:label1\" content=\"Ansl. lesetid\" \/>\n\t<meta name=\"twitter:data1\" content=\"2 minutter\" \/>\n<script type=\"application\/ld+json\" class=\"yoast-schema-graph\">{\"@context\":\"https:\/\/schema.org\",\"@graph\":[{\"@type\":\"WebPage\",\"@id\":\"https:\/\/abilica.com\/no\/kondisjon\/romaskin\/abilica-rower-40\/\",\"url\":\"https:\/\/abilica.com\/no\/kondisjon\/romaskin\/abilica-rower-40\/\",\"name\":\"Abilica Rower 40 Abilica\",\"isPartOf\":{\"@id\":\"https:\/\/abilica.com\/#website\"},\"primaryImageOfPage\":{\"@id\":\"https:\/\/abilica.com\/no\/kondisjon\/romaskin\/abilica-rower-40\/#primaryimage\"},\"image\":{\"@id\":\"https:\/\/abilica.com\/no\/kondisjon\/romaskin\/abilica-rower-40\/#primaryimage\"},\"thumbnailUrl\":\"https:\/\/abilica.com\/wp-content\/uploads\/2023\/10\/rower406.jpg\",\"datePublished\":\"2023-10-24T10:34:26+00:00\",\"dateModified\":\"2024-10-20T08:21:50+00:00\",\"breadcrumb\":{\"@id\":\"https:\/\/abilica.com\/no\/kondisjon\/romaskin\/abilica-rower-40\/#breadcrumb\"},\"inLanguage\":\"nb-NO\",\"potentialAction\":[{\"@type\":\"ReadAction\",\"target\":[\"https:\/\/abilica.com\/no\/kondisjon\/romaskin\/abilica-rower-40\/\"]}]},{\"@type\":\"ImageObject\",\"inLanguage\":\"nb-NO\",\"@id\":\"https:\/\/abilica.com\/no\/kondisjon\/romaskin\/abilica-rower-40\/#primaryimage\",\"url\":\"https:\/\/abilica.com\/wp-content\/uploads\/2023\/10\/rower406.jpg\",\"contentUrl\":\"https:\/\/abilica.com\/wp-content\/uploads\/2023\/10\/rower406.jpg\",\"width\":1200,\"height\":1200},{\"@type\":\"BreadcrumbList\",\"@id\":\"https:\/\/abilica.com\/no\/kondisjon\/romaskin\/abilica-rower-40\/#breadcrumb\",\"itemListElement\":[{\"@type\":\"ListItem\",\"position\":1,\"name\":\"Hem\",\"item\":\"https:\/\/abilica.com\/no\/\"},{\"@type\":\"ListItem\",\"position\":2,\"name\":\"Produkter\",\"item\":\"https:\/\/abilica.com\/no\/shop-2\/\"},{\"@type\":\"ListItem\",\"position\":3,\"name\":\"Abilica Rower 40\"}]},{\"@type\":\"WebSite\",\"@id\":\"https:\/\/abilica.com\/#website\",\"url\":\"https:\/\/abilica.com\/\",\"name\":\"Abilica\",\"description\":\"Abilica Home Training\",\"potentialAction\":[{\"@type\":\"SearchAction\",\"target\":{\"@type\":\"EntryPoint\",\"urlTemplate\":\"https:\/\/abilica.com\/?s={search_term_string}\"},\"query-input\":{\"@type\":\"PropertyValueSpecification\",\"valueRequired\":true,\"valueName\":\"search_term_string\"}}],\"inLanguage\":\"nb-NO\"}]}<\/script>\n<!-- \/ Yoast SEO Premium plugin. -->","yoast_head_json":{"title":"Abilica Rower 40 Abilica","robots":{"index":"index","follow":"follow","max-snippet":"max-snippet:-1","max-image-preview":"max-image-preview:large","max-video-preview":"max-video-preview:-1"},"canonical":"https:\/\/abilica.com\/no\/kondisjon\/romaskin\/abilica-rower-40\/","og_locale":"nb_NO","og_type":"article","og_title":"Abilica Rower 40","og_description":"[vc_row][vc_column][vc_column_text] Abilica Rower 40 er en plassbesparende og solid romaskin til trening av hele kroppen...","og_url":"https:\/\/abilica.com\/no\/kondisjon\/romaskin\/abilica-rower-40\/","og_site_name":"Abilica","article_publisher":"https:\/\/www.facebook.com\/abilicahometraining\/","article_modified_time":"2024-10-20T08:21:50+00:00","og_image":[{"width":1200,"height":1200,"url":"https:\/\/abilica.com\/wp-content\/uploads\/2023\/10\/rower406.jpg","type":"image\/jpeg"}],"twitter_card":"summary_large_image","twitter_misc":{"Ansl. lesetid":"2 minutter"},"schema":{"@context":"https:\/\/schema.org","@graph":[{"@type":"WebPage","@id":"https:\/\/abilica.com\/no\/kondisjon\/romaskin\/abilica-rower-40\/","url":"https:\/\/abilica.com\/no\/kondisjon\/romaskin\/abilica-rower-40\/","name":"Abilica Rower 40 Abilica","isPartOf":{"@id":"https:\/\/abilica.com\/#website"},"primaryImageOfPage":{"@id":"https:\/\/abilica.com\/no\/kondisjon\/romaskin\/abilica-rower-40\/#primaryimage"},"image":{"@id":"https:\/\/abilica.com\/no\/kondisjon\/romaskin\/abilica-rower-40\/#primaryimage"},"thumbnailUrl":"https:\/\/abilica.com\/wp-content\/uploads\/2023\/10\/rower406.jpg","datePublished":"2023-10-24T10:34:26+00:00","dateModified":"2024-10-20T08:21:50+00:00","breadcrumb":{"@id":"https:\/\/abilica.com\/no\/kondisjon\/romaskin\/abilica-rower-40\/#breadcrumb"},"inLanguage":"nb-NO","potentialAction":[{"@type":"ReadAction","target":["https:\/\/abilica.com\/no\/kondisjon\/romaskin\/abilica-rower-40\/"]}]},{"@type":"ImageObject","inLanguage":"nb-NO","@id":"https:\/\/abilica.com\/no\/kondisjon\/romaskin\/abilica-rower-40\/#primaryimage","url":"https:\/\/abilica.com\/wp-content\/uploads\/2023\/10\/rower406.jpg","contentUrl":"https:\/\/abilica.com\/wp-content\/uploads\/2023\/10\/rower406.jpg","width":1200,"height":1200},{"@type":"BreadcrumbList","@id":"https:\/\/abilica.com\/no\/kondisjon\/romaskin\/abilica-rower-40\/#breadcrumb","itemListElement":[{"@type":"ListItem","position":1,"name":"Hem","item":"https:\/\/abilica.com\/no\/"},{"@type":"ListItem","position":2,"name":"Produkter","item":"https:\/\/abilica.com\/no\/shop-2\/"},{"@type":"ListItem","position":3,"name":"Abilica Rower 40"}]},{"@type":"WebSite","@id":"https:\/\/abilica.com\/#website","url":"https:\/\/abilica.com\/","name":"Abilica","description":"Abilica Home Training","potentialAction":[{"@type":"SearchAction","target":{"@type":"EntryPoint","urlTemplate":"https:\/\/abilica.com\/?s={search_term_string}"},"query-input":{"@type":"PropertyValueSpecification","valueRequired":true,"valueName":"search_term_string"}}],"inLanguage":"nb-NO"}]}},"_links":{"self":[{"href":"https:\/\/abilica.com\/no\/wp-json\/wp\/v2\/product\/63599","targetHints":{"allow":["GET"]}}],"collection":[{"href":"https:\/\/abilica.com\/no\/wp-json\/wp\/v2\/product"}],"about":[{"href":"https:\/\/abilica.com\/no\/wp-json\/wp\/v2\/types\/product"}],"wp:featuredmedia":[{"embeddable":true,"href":"https:\/\/abilica.com\/no\/wp-json\/wp\/v2\/media\/62399"}],"wp:attachment":[{"href":"https:\/\/abilica.com\/no\/wp-json\/wp\/v2\/media?parent=63599"}],"wp:term":[{"taxonomy":"product_brand","embeddable":true,"href":"https:\/\/abilica.com\/no\/wp-json\/wp\/v2\/product_brand?post=63599"},{"taxonomy":"product_cat","embeddable":true,"href":"https:\/\/abilica.com\/no\/wp-json\/wp\/v2\/product_cat?post=63599"},{"taxonomy":"product_tag","embeddable":true,"href":"https:\/\/abilica.com\/no\/wp-json\/wp\/v2\/product_tag?post=63599"}],"curies":[{"name":"wp","href":"https:\/\/api.w.org\/{rel}","templated":true}]}}