{"id":63602,"date":"2023-10-24T11:34:26","date_gmt":"2023-10-24T10:34:26","guid":{"rendered":"https:\/\/abilica.com\/uncategorized\/abilica-dumbbell-rack-2-0\/"},"modified":"2024-09-02T11:22:53","modified_gmt":"2024-09-02T10:22:53","slug":"abilica-dumbbell-rack-2-0","status":"publish","type":"product","link":"https:\/\/abilica.com\/no\/styrke\/oppbevaring\/abilica-dumbbell-rack-2-0\/","title":{"rendered":"Abilica DumbBell Rack 2.0"},"content":{"rendered":"<p>Perfekt stativ for \u00e5 stille ut eller oppbevare Abilica DumbBells 1 kg til 10 kg. Med dette stativet slipper du rot i manualene, samt gj\u00f8r det lett for kunden og se hvilke manualer de skal plukke ut. St\u00f8rrelse: 124 x 45 x 70 cm (L x B x H). Stativet veier 22 kg.<span class=\"Apple-converted-space\">\u00a0<\/span><\/p>\n","protected":false},"excerpt":{"rendered":"<p>Perfekt stativ for \u00e5 stille ut eller oppbevare Abilica DumbBells 1 kg til 10 kg&#8230;.<\/p>\n","protected":false},"featured_media":62404,"template":"","meta":{"_acf_changed":false},"product_brand":[],"product_cat":[572,422],"product_tag":[],"class_list":{"0":"post-63602","1":"product","2":"type-product","3":"status-publish","4":"has-post-thumbnail","6":"product_cat-oppbevaring","7":"product_cat-styrke","9":"first","10":"instock","11":"product-type-simple"},"acf":[],"yoast_head":"<!-- This site is optimized with the Yoast SEO Premium plugin v21.1 (Yoast SEO v25.4) - https:\/\/yoast.com\/wordpress\/plugins\/seo\/ -->\n<title>Abilica DumbBell Rack 2.0 Abilica<\/title>\n<meta name=\"robots\" content=\"index, follow, max-snippet:-1, max-image-preview:large, max-video-preview:-1\" \/>\n<link rel=\"canonical\" href=\"https:\/\/abilica.com\/no\/styrke\/oppbevaring\/abilica-dumbbell-rack-2-0\/\" \/>\n<meta property=\"og:locale\" content=\"nb_NO\" \/>\n<meta property=\"og:type\" content=\"article\" \/>\n<meta property=\"og:title\" content=\"Abilica DumbBell Rack 2.0\" \/>\n<meta property=\"og:description\" content=\"Perfekt stativ for \u00e5 stille ut eller oppbevare Abilica DumbBells 1 kg til 10 kg....\" \/>\n<meta property=\"og:url\" content=\"https:\/\/abilica.com\/no\/styrke\/oppbevaring\/abilica-dumbbell-rack-2-0\/\" \/>\n<meta property=\"og:site_name\" content=\"Abilica\" \/>\n<meta property=\"article:publisher\" content=\"https:\/\/www.facebook.com\/abilicahometraining\/\" \/>\n<meta property=\"article:modified_time\" content=\"2024-09-02T10:22:53+00:00\" \/>\n<meta property=\"og:image\" content=\"https:\/\/abilica.com\/wp-content\/uploads\/2023\/10\/373321.jpg\" \/>\n\t<meta property=\"og:image:width\" content=\"1200\" \/>\n\t<meta property=\"og:image:height\" content=\"1200\" \/>\n\t<meta property=\"og:image:type\" content=\"image\/jpeg\" \/>\n<meta name=\"twitter:card\" content=\"summary_large_image\" \/>\n<script type=\"application\/ld+json\" class=\"yoast-schema-graph\">{\"@context\":\"https:\/\/schema.org\",\"@graph\":[{\"@type\":\"WebPage\",\"@id\":\"https:\/\/abilica.com\/no\/styrke\/oppbevaring\/abilica-dumbbell-rack-2-0\/\",\"url\":\"https:\/\/abilica.com\/no\/styrke\/oppbevaring\/abilica-dumbbell-rack-2-0\/\",\"name\":\"Abilica DumbBell Rack 2.0 Abilica\",\"isPartOf\":{\"@id\":\"https:\/\/abilica.com\/#website\"},\"primaryImageOfPage\":{\"@id\":\"https:\/\/abilica.com\/no\/styrke\/oppbevaring\/abilica-dumbbell-rack-2-0\/#primaryimage\"},\"image\":{\"@id\":\"https:\/\/abilica.com\/no\/styrke\/oppbevaring\/abilica-dumbbell-rack-2-0\/#primaryimage\"},\"thumbnailUrl\":\"https:\/\/abilica.com\/wp-content\/uploads\/2023\/10\/373321.jpg\",\"datePublished\":\"2023-10-24T10:34:26+00:00\",\"dateModified\":\"2024-09-02T10:22:53+00:00\",\"breadcrumb\":{\"@id\":\"https:\/\/abilica.com\/no\/styrke\/oppbevaring\/abilica-dumbbell-rack-2-0\/#breadcrumb\"},\"inLanguage\":\"nb-NO\",\"potentialAction\":[{\"@type\":\"ReadAction\",\"target\":[\"https:\/\/abilica.com\/no\/styrke\/oppbevaring\/abilica-dumbbell-rack-2-0\/\"]}]},{\"@type\":\"ImageObject\",\"inLanguage\":\"nb-NO\",\"@id\":\"https:\/\/abilica.com\/no\/styrke\/oppbevaring\/abilica-dumbbell-rack-2-0\/#primaryimage\",\"url\":\"https:\/\/abilica.com\/wp-content\/uploads\/2023\/10\/373321.jpg\",\"contentUrl\":\"https:\/\/abilica.com\/wp-content\/uploads\/2023\/10\/373321.jpg\",\"width\":1200,\"height\":1200},{\"@type\":\"BreadcrumbList\",\"@id\":\"https:\/\/abilica.com\/no\/styrke\/oppbevaring\/abilica-dumbbell-rack-2-0\/#breadcrumb\",\"itemListElement\":[{\"@type\":\"ListItem\",\"position\":1,\"name\":\"Hem\",\"item\":\"https:\/\/abilica.com\/no\/\"},{\"@type\":\"ListItem\",\"position\":2,\"name\":\"Produkter\",\"item\":\"https:\/\/abilica.com\/no\/shop-2\/\"},{\"@type\":\"ListItem\",\"position\":3,\"name\":\"Abilica DumbBell Rack 2.0\"}]},{\"@type\":\"WebSite\",\"@id\":\"https:\/\/abilica.com\/#website\",\"url\":\"https:\/\/abilica.com\/\",\"name\":\"Abilica\",\"description\":\"Abilica Home Training\",\"potentialAction\":[{\"@type\":\"SearchAction\",\"target\":{\"@type\":\"EntryPoint\",\"urlTemplate\":\"https:\/\/abilica.com\/?s={search_term_string}\"},\"query-input\":{\"@type\":\"PropertyValueSpecification\",\"valueRequired\":true,\"valueName\":\"search_term_string\"}}],\"inLanguage\":\"nb-NO\"}]}<\/script>\n<!-- \/ Yoast SEO Premium plugin. -->","yoast_head_json":{"title":"Abilica DumbBell Rack 2.0 Abilica","robots":{"index":"index","follow":"follow","max-snippet":"max-snippet:-1","max-image-preview":"max-image-preview:large","max-video-preview":"max-video-preview:-1"},"canonical":"https:\/\/abilica.com\/no\/styrke\/oppbevaring\/abilica-dumbbell-rack-2-0\/","og_locale":"nb_NO","og_type":"article","og_title":"Abilica DumbBell Rack 2.0","og_description":"Perfekt stativ for \u00e5 stille ut eller oppbevare Abilica DumbBells 1 kg til 10 kg....","og_url":"https:\/\/abilica.com\/no\/styrke\/oppbevaring\/abilica-dumbbell-rack-2-0\/","og_site_name":"Abilica","article_publisher":"https:\/\/www.facebook.com\/abilicahometraining\/","article_modified_time":"2024-09-02T10:22:53+00:00","og_image":[{"width":1200,"height":1200,"url":"https:\/\/abilica.com\/wp-content\/uploads\/2023\/10\/373321.jpg","type":"image\/jpeg"}],"twitter_card":"summary_large_image","schema":{"@context":"https:\/\/schema.org","@graph":[{"@type":"WebPage","@id":"https:\/\/abilica.com\/no\/styrke\/oppbevaring\/abilica-dumbbell-rack-2-0\/","url":"https:\/\/abilica.com\/no\/styrke\/oppbevaring\/abilica-dumbbell-rack-2-0\/","name":"Abilica DumbBell Rack 2.0 Abilica","isPartOf":{"@id":"https:\/\/abilica.com\/#website"},"primaryImageOfPage":{"@id":"https:\/\/abilica.com\/no\/styrke\/oppbevaring\/abilica-dumbbell-rack-2-0\/#primaryimage"},"image":{"@id":"https:\/\/abilica.com\/no\/styrke\/oppbevaring\/abilica-dumbbell-rack-2-0\/#primaryimage"},"thumbnailUrl":"https:\/\/abilica.com\/wp-content\/uploads\/2023\/10\/373321.jpg","datePublished":"2023-10-24T10:34:26+00:00","dateModified":"2024-09-02T10:22:53+00:00","breadcrumb":{"@id":"https:\/\/abilica.com\/no\/styrke\/oppbevaring\/abilica-dumbbell-rack-2-0\/#breadcrumb"},"inLanguage":"nb-NO","potentialAction":[{"@type":"ReadAction","target":["https:\/\/abilica.com\/no\/styrke\/oppbevaring\/abilica-dumbbell-rack-2-0\/"]}]},{"@type":"ImageObject","inLanguage":"nb-NO","@id":"https:\/\/abilica.com\/no\/styrke\/oppbevaring\/abilica-dumbbell-rack-2-0\/#primaryimage","url":"https:\/\/abilica.com\/wp-content\/uploads\/2023\/10\/373321.jpg","contentUrl":"https:\/\/abilica.com\/wp-content\/uploads\/2023\/10\/373321.jpg","width":1200,"height":1200},{"@type":"BreadcrumbList","@id":"https:\/\/abilica.com\/no\/styrke\/oppbevaring\/abilica-dumbbell-rack-2-0\/#breadcrumb","itemListElement":[{"@type":"ListItem","position":1,"name":"Hem","item":"https:\/\/abilica.com\/no\/"},{"@type":"ListItem","position":2,"name":"Produkter","item":"https:\/\/abilica.com\/no\/shop-2\/"},{"@type":"ListItem","position":3,"name":"Abilica DumbBell Rack 2.0"}]},{"@type":"WebSite","@id":"https:\/\/abilica.com\/#website","url":"https:\/\/abilica.com\/","name":"Abilica","description":"Abilica Home Training","potentialAction":[{"@type":"SearchAction","target":{"@type":"EntryPoint","urlTemplate":"https:\/\/abilica.com\/?s={search_term_string}"},"query-input":{"@type":"PropertyValueSpecification","valueRequired":true,"valueName":"search_term_string"}}],"inLanguage":"nb-NO"}]}},"_links":{"self":[{"href":"https:\/\/abilica.com\/no\/wp-json\/wp\/v2\/product\/63602","targetHints":{"allow":["GET"]}}],"collection":[{"href":"https:\/\/abilica.com\/no\/wp-json\/wp\/v2\/product"}],"about":[{"href":"https:\/\/abilica.com\/no\/wp-json\/wp\/v2\/types\/product"}],"wp:featuredmedia":[{"embeddable":true,"href":"https:\/\/abilica.com\/no\/wp-json\/wp\/v2\/media\/62404"}],"wp:attachment":[{"href":"https:\/\/abilica.com\/no\/wp-json\/wp\/v2\/media?parent=63602"}],"wp:term":[{"taxonomy":"product_brand","embeddable":true,"href":"https:\/\/abilica.com\/no\/wp-json\/wp\/v2\/product_brand?post=63602"},{"taxonomy":"product_cat","embeddable":true,"href":"https:\/\/abilica.com\/no\/wp-json\/wp\/v2\/product_cat?post=63602"},{"taxonomy":"product_tag","embeddable":true,"href":"https:\/\/abilica.com\/no\/wp-json\/wp\/v2\/product_tag?post=63602"}],"curies":[{"name":"wp","href":"https:\/\/api.w.org\/{rel}","templated":true}]}}